{"id":5752,"date":"2022-06-18T02:41:24","date_gmt":"2022-06-18T02:41:24","guid":{"rendered":"https:\/\/hhassoc-dev.sbx.world\/group-tax-strategy\/"},"modified":"2023-01-14T20:12:37","modified_gmt":"2023-01-14T20:12:37","slug":"group-tax-strategy","status":"publish","type":"page","link":"https:\/\/www.hhglobal.com\/es\/group-tax-strategy\/","title":{"rendered":"Estrategia fiscal de Groupo"},"content":{"rendered":"","protected":false},"excerpt":{"rendered":"","protected":false},"author":10,"featured_media":0,"parent":0,"menu_order":0,"comment_status":"closed","ping_status":"closed","template":"","meta":{"_acf_changed":"","_yoast_wpseo_focuskw":"","_yoast_wpseo_metadesc":"","_yoast_wpseo_linkdex":"","_yoast_wpseo_content_score":"","_yoast_wpseo_meta-robots-noindex":"","_yoast_wpseo_meta-robots-nofollow":"","inline_featured_image":[],"_genesis_block_theme_hide_title":false,"_cms_nav_minihome":"","_icl_lang_duplicate_of":"","_menu_item_classes":[],"_menu_item_menu_item_parent":"","_menu_item_object":"","_menu_item_object_id":"","_menu_item_orphaned":"","_menu_item_target":"","_menu_item_type":"","_menu_item_url":"","_menu_item_xfn":"","_seedprod_page":"","_seedprod_page_template_type":"","_seedprod_page_uuid":"","_top_nav_excluded":"","_wp_attachment_backup_sizes":[],"_wp_attachment_context":"","_wp_attachment_image_alt":"","_wp_old_date":"","_wpcode_auto_insert":"","_wpcode_auto_insert_number":"","_wpcode_library_id":"","_wpml_media_duplicate":"1","_wpml_media_featured":"1","_wpml_post_translation_editor_native":"","_wpml_word_count":"{\"total\":904,\"to_translate\":{\"zh-hans\":904,\"cs\":904,\"de\":904,\"ja\":904,\"pt-br\":904,\"es\":904}}","_yoast_wpseo_estimated-reading-time-minutes":[],"_yoast_wpseo_primary_category":"","_yoast_wpseo_primary_industry":"","_yoast_wpseo_primary_solution":"","_yoast_wpseo_primary_the_author":"","_yoast_wpseo_wordproof_timestamp":"","acfml_non_translatable_locations":[],"career_externalLink":"","career_featuredImage":"","career_title":"","casestudy_featuredImage":"","casestudy_title":"","infocallout_excerpt":"","infocallout_featuredImage":"","infocallout_title":"","jobTitle":"","language":"","name":"","profilePicture":"","wp-smpro-smush-data":[],"wp-smush-animated":"","wp-smush-ignore-bulk":"","wp-smush-lossy":"","wpml_media_processed":"","_wpcode_conditional_logic_enabled":"","_wpcode_location_extra":"","_wpcode_note":"","_wpcode_priority":"","_wpcode_shortcode_attributes":[],"footnotes":""},"class_list":["post-5752","page","type-page","status-publish","hentry","post","without-featured-image"],"acf":{"page_title":"Estrategia fiscal de HH Global Group","page_description":"","social_title":"","social_description":"","social_share_image":null,"modules":[{"acf_fc_layout":"simple_content_block","scroll_to_link":"","container_background_color":"bg-white","columns":"1","title_one":"Estrategia fiscal de HH Global Group","content_one":"<strong>\u00c1mbito de aplicaci\u00f3n <\/strong>\r\n\r\nEsta estrategia fiscal se aplica a HH Global Enterprise Network Limited y a todas las empresas del Reino Unido y no brit\u00e1nicas dentro del Grupo HH Global, para el per\u00edodo comprendido entre el 1 de abril de 2022 y el 31 de marzo de 2023.Se considera que la publicaci\u00f3n de nuestra estrategia fiscal cumple con nuestro deber en virtud del p\u00e1rrafo 16 del Anexo 19 de la Ley de Finanzas de 2016.\r\n\r\n<strong>Introducci\u00f3n<\/strong>\r\nHH Global es un socio creativo y de producci\u00f3n y adquisici\u00f3n habilitado por la tecnolog\u00eda que ofrece un gran impacto para grandes ideas en todo el mundo. Con m\u00e1s de 4,500 expertos en todos los mercados y con una trayectoria de \u00e9xito de treinta a\u00f1os, ayudamos a las marcas m\u00e1s grandes del planeta a lograr un crecimiento m\u00e1s fuerte y sostenible. En todos los canales. A la velocidad de los negocios modernos. Con una cadena de suministro inigualable, un creciente conjunto de herramientas tecnol\u00f3gicas y conocimientos de datos, hacemos que las brillantes ideas de nuestros clientes nunca dejen de brillar.\r\n\r\n<strong>Acuerdos de gobierno corporativo y gesti\u00f3n de riesgos<\/strong>\r\nLa responsabilidad final de determinar e implementar nuestro enfoque de la gesti\u00f3n de riesgos y los acuerdos de gobernanza en relaci\u00f3n con los impuestos del Reino Unido reside en la Junta Directiva de HH Global. La responsabilidad de implementarlo recae en nuestro Director de Impuestos del Grupo, quien reporta al Director Financiero del Grupo. El Director Financiero del Grupo informa regularmente, o de forma ad hoc si es necesario, al Consejo y al Comit\u00e9 de Auditor\u00eda sobre estos asuntos. La estrategia fiscal del grupo se aplica de manera consistente a todas las empresas del grupo HH Global.\r\n\r\nHH Global mantiene s\u00f3lidas pol\u00edticas internas, procedimientos, capacitaci\u00f3n y cumplimiento para respaldar su marco de control fiscal y gestionar el riesgo, supervisado por nuestro Director de Auditor\u00eda Interna. Nuestra estructura de gobierno garantiza que las decisiones fiscales sean tomadas por nuestro equipo interno de impuestos grupales para garantizar un est\u00e1ndar profesional consistente en todo nuestro negocio.\r\n\r\nEl equipo interno de impuestos es responsable de monitorear y administrar los procedimientos de control apropiados para garantizar que los procesos de cumplimiento sean s\u00f3lidos y cumplan con los requisitos internos y externos. Utilizamos asesores externos para apoyar nuestros procesos de cumplimiento tributario, incluida la preparaci\u00f3n de c\u00e1lculos y declaraciones de impuestos. Las decisiones sensibles a los impuestos se basar\u00e1n en una interpretaci\u00f3n razonable de la informaci\u00f3n pertinente, con pleno conocimiento de la legislaci\u00f3n fiscal pertinente y, en su caso, tendr\u00e1n en cuenta el asesoramiento fiscal externo.\r\n\r\n&nbsp;\r\n\r\n<strong>Actitud hacia la planificaci\u00f3n fiscal <\/strong>\r\n\r\nHH Global se compromete con altos est\u00e1ndares de conducta personal e integridad empresarial en todo el mundo, gobern\u00e1ndose a s\u00ed misma con est\u00e1ndares igualmente altos, aplicando el C\u00f3digo de \u00c9tica Empresarial de HH Global y las pol\u00edticas de responsabilidad corporativa que mejoran nuestro valor corporativo.\r\n\r\nCreemos que pagar la cantidad correcta de impuestos es parte de la construcci\u00f3n de un crecimiento sostenible para nosotros y para la sociedad en general. Estamos totalmente comprometidos a cumplir con los requisitos legales y reglamentarios aplicables en las \u00e1reas en las que operamos.\r\n\r\nRealizamos transacciones entre empresas del grupo en condiciones de plena competencia de acuerdo con los principios de la OCDE. En el contexto de un entorno fiscal internacional cada vez m\u00e1s complejo, nuestra planificaci\u00f3n fiscal se centra en eliminar el doble gravamen y garantizar que las consecuencias fiscales de cualquier estructuraci\u00f3n o acuerdo empresarial se comuniquen adecuadamente a la administraci\u00f3n antes de tomar decisiones.\r\n\r\nSi bien podemos solicitar desgravaciones fiscales de acuerdo con la legislaci\u00f3n fiscal aplicable, nuestros asuntos fiscales est\u00e1n estructurados de una manera que garantiza que nunca participemos en transacciones artificiales o transacciones que carezcan de sustancia comercial. Siempre consideramos completamente el impacto que nuestras acciones pueden tener en nuestra marca, nuestras relaciones con las partes interesadas clave, como las autoridades fiscales y la comunidad en general.\r\n\r\n&nbsp;\r\n\r\n<strong>Nivel de riesgo en relaci\u00f3n con los impuestos que el grupo est\u00e1 dispuesto a aceptar<\/strong>\r\nHH Global tiene como objetivo minimizar siempre el nivel de riesgo en relaci\u00f3n con la tributaci\u00f3n del Reino Unido y fuera del Reino Unido. No estamos preparados para aceptar un nivel de riesgo que nos exponga a da\u00f1os a la reputaci\u00f3n, o que pueda afectar negativamente nuestra relaci\u00f3n con el HMRC (entidad fiscal del Reino Unido) u otras autoridades fiscales. Sin embargo, dada la escala de nuestro negocio y la complejidad de la legislaci\u00f3n fiscal, es inevitable que surjan riesgos fiscales. Para garantizar que el nivel de riesgo se mantenga lo m\u00e1s bajo posible, existen pol\u00edticas de gesti\u00f3n de riesgos y acuerdos de gobernanza, incluidas pol\u00edticas espec\u00edficamente relacionadas con los impuestos que deben cumplirse para todos los tipos de impuestos.\r\n\r\n&nbsp;\r\n\r\n<strong>Relaci\u00f3n con HM Revenue <\/strong><strong>&amp;<\/strong><strong> Customs<\/strong>\r\nHH Global cree en tener una relaci\u00f3n de trabajo abierta, profesional y constructiva con el HMRC y otras autoridades fiscales y trabajar\u00e1 en colaboraci\u00f3n para construir una posici\u00f3n de confianza mutua.\r\n\r\nBuscamos cooperar con el HMRC en todo momento y tratar los problemas de manera oportuna y colaborativa. En caso de que surjan conflictos de opini\u00f3n con el HMRC con respecto a la aplicaci\u00f3n de la ley, el objetivo principal de HH Global es resolver estos problemas de manera eficiente, a trav\u00e9s de un di\u00e1logo profesional abierto y honesto basado en hechos, con referencia a la legislaci\u00f3n y la jurisprudencia pertinentes.\r\n\r\nEste es nuestro mismo enfoque para todas las autoridades fiscales en las jurisdicciones en las que operamos.\r\n\r\n<strong>Ley de Finanzas Penales de 2017 \u2013 No prevenir la facilitaci\u00f3n de la evasi\u00f3n fiscal HH Global<\/strong>\r\nse asegurar\u00e1 de que existan procedimientos adecuados para prevenir o minimizar el riesgo de que sus empleados, agentes, proveedores u otros terceros asociados con HH Global faciliten la evasi\u00f3n fiscal como se refleja en la Ley de Finanzas Penales de 2017. HH Global llevar\u00e1 a cabo, y actualizar\u00e1 peri\u00f3dicamente, una evaluaci\u00f3n basada en el riesgo de sus actividades comerciales para identificar dichos riesgos y garantizar que los procedimientos establecidos son, y siguen siendo, suficientes.\r\n\r\nAprobado por la Junta Directiva: 24 de mayo de 2022","title_two":"","content_two":""}]},"yoast_head":"<!-- This site is optimized with the Yoast SEO plugin v27.3 - https:\/\/yoast.com\/product\/yoast-seo-wordpress\/ -->\n<title>Estrategia fiscal de Groupo - HH Global<\/title>\n<meta name=\"robots\" content=\"index, follow, max-snippet:-1, max-image-preview:large, max-video-preview:-1\" \/>\n<link rel=\"canonical\" href=\"https:\/\/www.hhglobal.com\/es\/group-tax-strategy\/\" \/>\n<meta property=\"og:locale\" content=\"es_ES\" \/>\n<meta property=\"og:type\" content=\"article\" \/>\n<meta property=\"og:title\" content=\"Estrategia fiscal de Groupo - HH Global\" \/>\n<meta property=\"og:url\" content=\"https:\/\/www.hhglobal.com\/es\/group-tax-strategy\/\" \/>\n<meta property=\"og:site_name\" content=\"HH Global\" \/>\n<meta property=\"article:modified_time\" content=\"2023-01-14T20:12:37+00:00\" \/>\n<meta name=\"twitter:card\" content=\"summary_large_image\" \/>\n<script type=\"application\/ld+json\" class=\"yoast-schema-graph\">{\"@context\":\"https:\\\/\\\/schema.org\",\"@graph\":[{\"@type\":\"WebPage\",\"@id\":\"https:\\\/\\\/www.hhglobal.com\\\/es\\\/group-tax-strategy\\\/\",\"url\":\"https:\\\/\\\/www.hhglobal.com\\\/es\\\/group-tax-strategy\\\/\",\"name\":\"Estrategia fiscal de Groupo - HH Global\",\"isPartOf\":{\"@id\":\"https:\\\/\\\/www.hhglobal.com\\\/es\\\/#website\"},\"datePublished\":\"2022-06-18T02:41:24+00:00\",\"dateModified\":\"2023-01-14T20:12:37+00:00\",\"breadcrumb\":{\"@id\":\"https:\\\/\\\/www.hhglobal.com\\\/es\\\/group-tax-strategy\\\/#breadcrumb\"},\"inLanguage\":\"es\",\"potentialAction\":[{\"@type\":\"ReadAction\",\"target\":[\"https:\\\/\\\/www.hhglobal.com\\\/es\\\/group-tax-strategy\\\/\"]}]},{\"@type\":\"BreadcrumbList\",\"@id\":\"https:\\\/\\\/www.hhglobal.com\\\/es\\\/group-tax-strategy\\\/#breadcrumb\",\"itemListElement\":[{\"@type\":\"ListItem\",\"position\":1,\"name\":\"Home\",\"item\":\"https:\\\/\\\/www.hhglobal.com\\\/es\\\/\"},{\"@type\":\"ListItem\",\"position\":2,\"name\":\"Estrategia fiscal de Groupo\"}]},{\"@type\":\"WebSite\",\"@id\":\"https:\\\/\\\/www.hhglobal.com\\\/es\\\/#website\",\"url\":\"https:\\\/\\\/www.hhglobal.com\\\/es\\\/\",\"name\":\"HH Global\",\"description\":\"The global, tech-enabled creative production and procurement partner.\",\"publisher\":{\"@id\":\"https:\\\/\\\/www.hhglobal.com\\\/es\\\/#organization\"},\"potentialAction\":[{\"@type\":\"SearchAction\",\"target\":{\"@type\":\"EntryPoint\",\"urlTemplate\":\"https:\\\/\\\/www.hhglobal.com\\\/es\\\/?s={search_term_string}\"},\"query-input\":{\"@type\":\"PropertyValueSpecification\",\"valueRequired\":true,\"valueName\":\"search_term_string\"}}],\"inLanguage\":\"es\"},{\"@type\":\"Organization\",\"@id\":\"https:\\\/\\\/www.hhglobal.com\\\/es\\\/#organization\",\"name\":\"HH Global\",\"url\":\"https:\\\/\\\/www.hhglobal.com\\\/es\\\/\",\"logo\":{\"@type\":\"ImageObject\",\"inLanguage\":\"es\",\"@id\":\"https:\\\/\\\/www.hhglobal.com\\\/es\\\/#\\\/schema\\\/logo\\\/image\\\/\",\"url\":\"https:\\\/\\\/www.hhglobal.com\\\/wp-content\\\/uploads\\\/2023\\\/12\\\/logo-white.svg\",\"contentUrl\":\"https:\\\/\\\/www.hhglobal.com\\\/wp-content\\\/uploads\\\/2023\\\/12\\\/logo-white.svg\",\"width\":77,\"height\":18,\"caption\":\"HH Global\"},\"image\":{\"@id\":\"https:\\\/\\\/www.hhglobal.com\\\/es\\\/#\\\/schema\\\/logo\\\/image\\\/\"}}]}<\/script>\n<!-- \/ Yoast SEO plugin. -->","yoast_head_json":{"title":"Estrategia fiscal de Groupo - HH Global","robots":{"index":"index","follow":"follow","max-snippet":"max-snippet:-1","max-image-preview":"max-image-preview:large","max-video-preview":"max-video-preview:-1"},"canonical":"https:\/\/www.hhglobal.com\/es\/group-tax-strategy\/","og_locale":"es_ES","og_type":"article","og_title":"Estrategia fiscal de Groupo - HH Global","og_url":"https:\/\/www.hhglobal.com\/es\/group-tax-strategy\/","og_site_name":"HH Global","article_modified_time":"2023-01-14T20:12:37+00:00","twitter_card":"summary_large_image","schema":{"@context":"https:\/\/schema.org","@graph":[{"@type":"WebPage","@id":"https:\/\/www.hhglobal.com\/es\/group-tax-strategy\/","url":"https:\/\/www.hhglobal.com\/es\/group-tax-strategy\/","name":"Estrategia fiscal de Groupo - HH Global","isPartOf":{"@id":"https:\/\/www.hhglobal.com\/es\/#website"},"datePublished":"2022-06-18T02:41:24+00:00","dateModified":"2023-01-14T20:12:37+00:00","breadcrumb":{"@id":"https:\/\/www.hhglobal.com\/es\/group-tax-strategy\/#breadcrumb"},"inLanguage":"es","potentialAction":[{"@type":"ReadAction","target":["https:\/\/www.hhglobal.com\/es\/group-tax-strategy\/"]}]},{"@type":"BreadcrumbList","@id":"https:\/\/www.hhglobal.com\/es\/group-tax-strategy\/#breadcrumb","itemListElement":[{"@type":"ListItem","position":1,"name":"Home","item":"https:\/\/www.hhglobal.com\/es\/"},{"@type":"ListItem","position":2,"name":"Estrategia fiscal de Groupo"}]},{"@type":"WebSite","@id":"https:\/\/www.hhglobal.com\/es\/#website","url":"https:\/\/www.hhglobal.com\/es\/","name":"HH Global","description":"The global, tech-enabled creative production and procurement partner.","publisher":{"@id":"https:\/\/www.hhglobal.com\/es\/#organization"},"potentialAction":[{"@type":"SearchAction","target":{"@type":"EntryPoint","urlTemplate":"https:\/\/www.hhglobal.com\/es\/?s={search_term_string}"},"query-input":{"@type":"PropertyValueSpecification","valueRequired":true,"valueName":"search_term_string"}}],"inLanguage":"es"},{"@type":"Organization","@id":"https:\/\/www.hhglobal.com\/es\/#organization","name":"HH Global","url":"https:\/\/www.hhglobal.com\/es\/","logo":{"@type":"ImageObject","inLanguage":"es","@id":"https:\/\/www.hhglobal.com\/es\/#\/schema\/logo\/image\/","url":"https:\/\/www.hhglobal.com\/wp-content\/uploads\/2023\/12\/logo-white.svg","contentUrl":"https:\/\/www.hhglobal.com\/wp-content\/uploads\/2023\/12\/logo-white.svg","width":77,"height":18,"caption":"HH Global"},"image":{"@id":"https:\/\/www.hhglobal.com\/es\/#\/schema\/logo\/image\/"}}]}},"_links":{"self":[{"href":"https:\/\/www.hhglobal.com\/es\/wp-json\/wp\/v2\/pages\/5752","targetHints":{"allow":["GET"]}}],"collection":[{"href":"https:\/\/www.hhglobal.com\/es\/wp-json\/wp\/v2\/pages"}],"about":[{"href":"https:\/\/www.hhglobal.com\/es\/wp-json\/wp\/v2\/types\/page"}],"author":[{"embeddable":true,"href":"https:\/\/www.hhglobal.com\/es\/wp-json\/wp\/v2\/users\/10"}],"replies":[{"embeddable":true,"href":"https:\/\/www.hhglobal.com\/es\/wp-json\/wp\/v2\/comments?post=5752"}],"version-history":[{"count":0,"href":"https:\/\/www.hhglobal.com\/es\/wp-json\/wp\/v2\/pages\/5752\/revisions"}],"wp:attachment":[{"href":"https:\/\/www.hhglobal.com\/es\/wp-json\/wp\/v2\/media?parent=5752"}],"curies":[{"name":"wp","href":"https:\/\/api.w.org\/{rel}","templated":true}]}}