{"id":18990,"date":"2022-05-18T22:12:21","date_gmt":"2022-05-18T22:12:21","guid":{"rendered":"https:\/\/www.hhglobal.com\/careers-3\/"},"modified":"2025-07-16T19:38:17","modified_gmt":"2025-07-16T19:38:17","slug":"careers","status":"publish","type":"page","link":"https:\/\/www.hhglobal.com\/es\/careers\/","title":{"rendered":"Estamos contratando"},"content":{"rendered":"","protected":false},"excerpt":{"rendered":"","protected":false},"author":41,"featured_media":0,"parent":0,"menu_order":0,"comment_status":"closed","ping_status":"closed","template":"","meta":{"_acf_changed":"","_yoast_wpseo_focuskw":"","_yoast_wpseo_metadesc":"","_yoast_wpseo_linkdex":"","_yoast_wpseo_content_score":"","_yoast_wpseo_meta-robots-noindex":"","_yoast_wpseo_meta-robots-nofollow":"","inline_featured_image":[],"_genesis_block_theme_hide_title":false,"_cms_nav_minihome":"","_icl_lang_duplicate_of":"","_menu_item_classes":[],"_menu_item_menu_item_parent":"","_menu_item_object":"","_menu_item_object_id":"","_menu_item_orphaned":"","_menu_item_target":"","_menu_item_type":"","_menu_item_url":"","_menu_item_xfn":"","_seedprod_page":"","_seedprod_page_template_type":"","_seedprod_page_uuid":"","_top_nav_excluded":"","_wp_attachment_backup_sizes":[],"_wp_attachment_context":"","_wp_attachment_image_alt":"","_wp_old_date":"","_wpcode_auto_insert":"","_wpcode_auto_insert_number":"","_wpcode_library_id":"","_wpml_media_duplicate":"1","_wpml_media_featured":"1","_wpml_post_translation_editor_native":"","_wpml_word_count":"{\"total\":520,\"to_translate\":{\"zh-hans\":520,\"cs\":520,\"de\":520,\"ja\":520,\"pt-br\":520,\"es\":520}}","_yoast_wpseo_estimated-reading-time-minutes":["0"],"_yoast_wpseo_primary_category":"","_yoast_wpseo_primary_industry":"","_yoast_wpseo_primary_solution":"","_yoast_wpseo_primary_the_author":"","_yoast_wpseo_wordproof_timestamp":"","acfml_non_translatable_locations":[],"career_externalLink":"","career_featuredImage":"","career_title":"","casestudy_featuredImage":"","casestudy_title":"","infocallout_excerpt":"","infocallout_featuredImage":"","infocallout_title":"","jobTitle":"","language":"","name":"","profilePicture":"","wp-smpro-smush-data":[],"wp-smush-animated":"","wp-smush-ignore-bulk":"","wp-smush-lossy":"","wpml_media_processed":"","_wpcode_conditional_logic_enabled":"","_wpcode_location_extra":"","_wpcode_note":"","_wpcode_priority":"","_wpcode_shortcode_attributes":[],"footnotes":""},"class_list":["post-18990","page","type-page","status-publish","hentry","post","without-featured-image"],"acf":{"page_title":"Cultura de la empresa, diversidad y oportunidades profesionales | HH Global ","page_description":"\u00danase a HH Global para obtener oportunidades internacionales y una cultura global de apoyo que empodere a las personas, celebre la diversidad y promueva el crecimiento profesional","social_title":"","social_description":"","social_share_image":null,"modules":[{"acf_fc_layout":"hero","size":"medium2","theme":"dark","choose_images":[{"image":18879},{"image":18890},{"image":18901},{"image":18912}],"show_eyebrow":true,"eyebrow":"","title":"Cultura y carreras","show_cta":false,"cta_url":"","cta_title":""},{"acf_fc_layout":"intro_content_block","container_background_color":"bg-white","type":"standard","show_image":false,"intro_image":null,"show_background":false,"background":null,"show_eyebrow":false,"eyebrow":"Open Roles By Region","show_designations":false,"designations":null,"show_title":true,"size":"small","title":"Haz un impacto global","show_intro":true,"intro":"En HH Global, ayudamos a las marcas m\u00e1s grandes a convertir grandes ideas en grandes impactos, ofreciendo producci\u00f3n y adquisici\u00f3n creativas habilitadas por la tecnolog\u00eda que se ven, escuchan y sienten en todo el mundo. Tambi\u00e9n somos el l\u00edder mundial en hacer que el mercadeo sea m\u00e1s sostenible.","show_body":true,"body":"Cuando te unes a nosotros, te unes a los mejores expertos de su clase, apasionados por asociarse con nuestros clientes para ayudarlos a crecer. Y trabajar\u00e1s con tecnolog\u00eda de avanzada que no tiene comparaci\u00f3n en nuestra industria.\r\n\r\nEstamos profundamente comprometidos con la responsabilidad ambiental y social, desarrollando soluciones innovadoras para impulsar la sostenibilidad y agilizar la cadena de suministro. Nuestras capacidades y escala \u00fanicas nos permiten trabajar juntos en todo el mundo para apoyar el crecimiento sostenible.","show_labels":true,"labels":{"show_social":false,"custom_categories":[{"category_label":"Posiciones abiertas por regi\u00f3n","labels":[{"link_label":"Posiciones en Norteam\u00e9rica","link_href":"https:\/\/globaleur251.dayforcehcm.com\/CandidatePortal\/en-US\/hhglobal","link_internal_pages":[],"link_file":null,"link_type":"external"},{"link_label":"Posiciones en LATAM","link_href":"https:\/\/globaleur251.dayforcehcm.com\/CandidatePortal\/en-US\/hhglobal","link_internal_pages":[],"link_file":null,"link_type":"external"},{"link_label":"Posiciones en Asia-Pac\u00edfico ","link_href":"https:\/\/globaleur251.dayforcehcm.com\/CandidatePortal\/en-GB\/hhglobal","link_internal_pages":5953,"link_file":null,"link_type":"external"},{"link_label":"Posiciones en EMEA ","link_href":"https:\/\/globaleur251.dayforcehcm.com\/CandidatePortal\/en-GB\/hhglobal","link_internal_pages":[],"link_file":null,"link_type":"external"}]}]}},{"acf_fc_layout":"text_with_media","scroll_to_link":"","theme":"light","container_background_color":"bg-grey","show_eyebrow":false,"eyebrow":"","show_title":false,"title":"","show_sub_title":true,"sub_title":"Estamos comprometidos a ser un gran lugar para trabajar. Para todos.","content":"En HH Global entendemos que nuestra gente es nuestra mayor fortaleza. Y sus variadas perspectivas y experiencias enriquecen nuestra capacidad de construir asociaciones superiores con nuestros clientes. Es por eso que estamos comprometidos con la diversidad y la inclusi\u00f3n a lo largo de nuestros negocios.\r\n\r\nCon una cultura global de apoyo que empodera a las personas, nos aseguramos de que todos tengan derechos equitativos y la oportunidad de crecer y desarrollarse libremente.\r\n\r\nA medida que crecemos, buscamos el mejor talento para unirse a nuestro equipo. Con oportunidades internacionales y trayectorias profesionales gratificantes, HH Global tiene un lugar para todos.\r\n\r\nDescubre nuestras posiciones vacantes por regi\u00f3n.","cta_url":"","cta_text":"","open_in_new_window":false,"choose_media":[{"image":18923},{"image":18934},{"image":18945}],"image_alignment":"left","image_fit":"cover","image_size":"half-width","vimeoid":"","ytid":""},{"acf_fc_layout":"content_block","container_background_color":"bg-white","show_header":false,"header":"","contents":[{"show_header_icon":true,"header_icon":18956,"show_header":false,"header":"","header_color":"primary-green-2","show_subheader":true,"subheader":"Oportunidades globales","description":"Con una presencia global establecida, ofrecemos oportunidades de desarrollo profesional en todo el mundo. Cada d\u00eda continuamos expandiendo nuestro equipo, a medida que nos asociamos con nuevos clientes que buscan un crecimiento m\u00e1s fuerte y sostenible, y brindamos los beneficios que conlleva ser el l\u00edder de la industria."},{"show_header_icon":true,"header_icon":18967,"show_header":false,"header":"","header_color":"primary-green-2","show_subheader":true,"subheader":"Iversi\u00f3n en nuestra gente","description":"Nuestra capacitaci\u00f3n inclusiva y culturalmente alineada, est\u00e1 traducida a m\u00faltiples idiomas y utiliza tecnolog\u00eda inteligente para guiar a los usuarios a trav\u00e9s de su desarrollo. Estamos comprometidos a construir principios de diversidad, equidad e inclusi\u00f3n en todos nuestros programas de desarrollo y capacitaci\u00f3n para 2025."},{"show_header_icon":true,"header_icon":18978,"show_header":false,"header":"","header_color":"primary-green-2","show_subheader":true,"subheader":"Nuestra comunidad","description":"Tenemos una comunidad de empleados diversa y vibrante, de personas apasionadas que se unen para apoyarse y celebrarse mutuamente. Nuestro prop\u00f3sito es hacer una diferencia dentro de nuestra empresa, para nuestros clientes y el mundo. Nuestra ambici\u00f3n es proporcionar una plataforma para el crecimiento personal y profesional para todos, y aprender como parte de un equipo."}]},{"acf_fc_layout":"text_with_media","scroll_to_link":"","theme":"light","container_background_color":"bg-grey","show_eyebrow":false,"eyebrow":"","show_title":false,"title":"Una fuerte cultura de sostenibilidad","show_sub_title":true,"sub_title":"Una fuerte cultura de sostenibilidad","content":"Estamos comprometidos con la sostenibilidad dentro de nuestro negocio, as\u00ed como con el crecimiento sostenible para nuestros socios. A nuestros empleados se les paga un salario digno, y requerimos la confirmaci\u00f3n de una pol\u00edtica de salario digno del 100% de nuestros socios proveedores estrat\u00e9gicos para 2025. Adem\u00e1s, el 100% de nuestros proveedores estrat\u00e9gicos se alinear\u00e1n con nuestros est\u00e1ndares ambientales y sociales claramente definidos, o tendr\u00e1n planes de acci\u00f3n correctivos apropiados, para 2025.","cta_url":"https:\/\/ebooks.decoupledhhstg.wpengine.com\/view\/465383337\/","cta_text":"Descargue nuestro informe de sostenibilidad","open_in_new_window":false,"choose_media":[{"image":18989}],"image_alignment":"right","image_fit":"cover","image_size":"half-width","vimeoid":"","ytid":""},{"acf_fc_layout":"cards","container_background_color":"bg-pure-black","show_heading":true,"heading":"Explore las posiciones por regi\u00f3n","content":"","cards":{"layout":"careers-layout","sub_layout":"simple","cards_display_mode":"bg-white","solution_term":null,"industry_term":null,"author_term":null,"region_term":null,"choose_cards":0,"choose_case_studies":0,"choose_featured_case_studies":0,"choose_staff_members":0,"choose_careers":[19346,5953,5955],"choose_info_callouts":0,"show_titles":true,"show_description":true,"show_date":true,"show_sector":true}}]},"yoast_head":"<!-- This site is optimized with the Yoast SEO plugin v27.4 - https:\/\/yoast.com\/product\/yoast-seo-wordpress\/ -->\n<title>Estamos contratando - HH Global<\/title>\n<meta name=\"robots\" content=\"index, follow, max-snippet:-1, max-image-preview:large, max-video-preview:-1\" \/>\n<link rel=\"canonical\" href=\"https:\/\/www.hhglobal.com\/es\/careers\/\" \/>\n<meta property=\"og:locale\" content=\"es_ES\" \/>\n<meta property=\"og:type\" content=\"article\" \/>\n<meta property=\"og:title\" content=\"Estamos contratando - HH Global\" \/>\n<meta property=\"og:url\" content=\"https:\/\/www.hhglobal.com\/es\/careers\/\" \/>\n<meta property=\"og:site_name\" content=\"HH Global\" \/>\n<meta property=\"article:modified_time\" content=\"2025-07-16T19:38:17+00:00\" \/>\n<meta name=\"twitter:card\" content=\"summary_large_image\" \/>\n<script type=\"application\/ld+json\" class=\"yoast-schema-graph\">{\"@context\":\"https:\\\/\\\/schema.org\",\"@graph\":[{\"@type\":\"WebPage\",\"@id\":\"https:\\\/\\\/www.hhglobal.com\\\/es\\\/careers\\\/\",\"url\":\"https:\\\/\\\/www.hhglobal.com\\\/es\\\/careers\\\/\",\"name\":\"Estamos contratando - HH Global\",\"isPartOf\":{\"@id\":\"https:\\\/\\\/www.hhglobal.com\\\/es\\\/#website\"},\"datePublished\":\"2022-05-18T22:12:21+00:00\",\"dateModified\":\"2025-07-16T19:38:17+00:00\",\"breadcrumb\":{\"@id\":\"https:\\\/\\\/www.hhglobal.com\\\/es\\\/careers\\\/#breadcrumb\"},\"inLanguage\":\"es\",\"potentialAction\":[{\"@type\":\"ReadAction\",\"target\":[\"https:\\\/\\\/www.hhglobal.com\\\/es\\\/careers\\\/\"]}]},{\"@type\":\"BreadcrumbList\",\"@id\":\"https:\\\/\\\/www.hhglobal.com\\\/es\\\/careers\\\/#breadcrumb\",\"itemListElement\":[{\"@type\":\"ListItem\",\"position\":1,\"name\":\"Home\",\"item\":\"https:\\\/\\\/www.hhglobal.com\\\/es\\\/\"},{\"@type\":\"ListItem\",\"position\":2,\"name\":\"Estamos contratando\"}]},{\"@type\":\"WebSite\",\"@id\":\"https:\\\/\\\/www.hhglobal.com\\\/es\\\/#website\",\"url\":\"https:\\\/\\\/www.hhglobal.com\\\/es\\\/\",\"name\":\"HH Global\",\"description\":\"The global, tech-enabled creative production and procurement partner.\",\"publisher\":{\"@id\":\"https:\\\/\\\/www.hhglobal.com\\\/es\\\/#organization\"},\"potentialAction\":[{\"@type\":\"SearchAction\",\"target\":{\"@type\":\"EntryPoint\",\"urlTemplate\":\"https:\\\/\\\/www.hhglobal.com\\\/es\\\/?s={search_term_string}\"},\"query-input\":{\"@type\":\"PropertyValueSpecification\",\"valueRequired\":true,\"valueName\":\"search_term_string\"}}],\"inLanguage\":\"es\"},{\"@type\":\"Organization\",\"@id\":\"https:\\\/\\\/www.hhglobal.com\\\/es\\\/#organization\",\"name\":\"HH Global\",\"url\":\"https:\\\/\\\/www.hhglobal.com\\\/es\\\/\",\"logo\":{\"@type\":\"ImageObject\",\"inLanguage\":\"es\",\"@id\":\"https:\\\/\\\/www.hhglobal.com\\\/es\\\/#\\\/schema\\\/logo\\\/image\\\/\",\"url\":\"https:\\\/\\\/www.hhglobal.com\\\/wp-content\\\/uploads\\\/2023\\\/12\\\/logo-white.svg\",\"contentUrl\":\"https:\\\/\\\/www.hhglobal.com\\\/wp-content\\\/uploads\\\/2023\\\/12\\\/logo-white.svg\",\"width\":77,\"height\":18,\"caption\":\"HH Global\"},\"image\":{\"@id\":\"https:\\\/\\\/www.hhglobal.com\\\/es\\\/#\\\/schema\\\/logo\\\/image\\\/\"}}]}<\/script>\n<!-- \/ Yoast SEO plugin. -->","yoast_head_json":{"title":"Estamos contratando - HH Global","robots":{"index":"index","follow":"follow","max-snippet":"max-snippet:-1","max-image-preview":"max-image-preview:large","max-video-preview":"max-video-preview:-1"},"canonical":"https:\/\/www.hhglobal.com\/es\/careers\/","og_locale":"es_ES","og_type":"article","og_title":"Estamos contratando - HH Global","og_url":"https:\/\/www.hhglobal.com\/es\/careers\/","og_site_name":"HH Global","article_modified_time":"2025-07-16T19:38:17+00:00","twitter_card":"summary_large_image","schema":{"@context":"https:\/\/schema.org","@graph":[{"@type":"WebPage","@id":"https:\/\/www.hhglobal.com\/es\/careers\/","url":"https:\/\/www.hhglobal.com\/es\/careers\/","name":"Estamos contratando - HH Global","isPartOf":{"@id":"https:\/\/www.hhglobal.com\/es\/#website"},"datePublished":"2022-05-18T22:12:21+00:00","dateModified":"2025-07-16T19:38:17+00:00","breadcrumb":{"@id":"https:\/\/www.hhglobal.com\/es\/careers\/#breadcrumb"},"inLanguage":"es","potentialAction":[{"@type":"ReadAction","target":["https:\/\/www.hhglobal.com\/es\/careers\/"]}]},{"@type":"BreadcrumbList","@id":"https:\/\/www.hhglobal.com\/es\/careers\/#breadcrumb","itemListElement":[{"@type":"ListItem","position":1,"name":"Home","item":"https:\/\/www.hhglobal.com\/es\/"},{"@type":"ListItem","position":2,"name":"Estamos contratando"}]},{"@type":"WebSite","@id":"https:\/\/www.hhglobal.com\/es\/#website","url":"https:\/\/www.hhglobal.com\/es\/","name":"HH Global","description":"The global, tech-enabled creative production and procurement partner.","publisher":{"@id":"https:\/\/www.hhglobal.com\/es\/#organization"},"potentialAction":[{"@type":"SearchAction","target":{"@type":"EntryPoint","urlTemplate":"https:\/\/www.hhglobal.com\/es\/?s={search_term_string}"},"query-input":{"@type":"PropertyValueSpecification","valueRequired":true,"valueName":"search_term_string"}}],"inLanguage":"es"},{"@type":"Organization","@id":"https:\/\/www.hhglobal.com\/es\/#organization","name":"HH Global","url":"https:\/\/www.hhglobal.com\/es\/","logo":{"@type":"ImageObject","inLanguage":"es","@id":"https:\/\/www.hhglobal.com\/es\/#\/schema\/logo\/image\/","url":"https:\/\/www.hhglobal.com\/wp-content\/uploads\/2023\/12\/logo-white.svg","contentUrl":"https:\/\/www.hhglobal.com\/wp-content\/uploads\/2023\/12\/logo-white.svg","width":77,"height":18,"caption":"HH Global"},"image":{"@id":"https:\/\/www.hhglobal.com\/es\/#\/schema\/logo\/image\/"}}]}},"_links":{"self":[{"href":"https:\/\/www.hhglobal.com\/es\/wp-json\/wp\/v2\/pages\/18990","targetHints":{"allow":["GET"]}}],"collection":[{"href":"https:\/\/www.hhglobal.com\/es\/wp-json\/wp\/v2\/pages"}],"about":[{"href":"https:\/\/www.hhglobal.com\/es\/wp-json\/wp\/v2\/types\/page"}],"author":[{"embeddable":true,"href":"https:\/\/www.hhglobal.com\/es\/wp-json\/wp\/v2\/users\/41"}],"replies":[{"embeddable":true,"href":"https:\/\/www.hhglobal.com\/es\/wp-json\/wp\/v2\/comments?post=18990"}],"version-history":[{"count":0,"href":"https:\/\/www.hhglobal.com\/es\/wp-json\/wp\/v2\/pages\/18990\/revisions"}],"wp:attachment":[{"href":"https:\/\/www.hhglobal.com\/es\/wp-json\/wp\/v2\/media?parent=18990"}],"curies":[{"name":"wp","href":"https:\/\/api.w.org\/{rel}","templated":true}]}}