{"id":12123,"date":"2023-10-04T15:26:13","date_gmt":"2023-10-04T15:26:13","guid":{"rendered":"https:\/\/decoupledhhg.wpengine.com\/sustainable-growth\/"},"modified":"2023-12-04T17:23:02","modified_gmt":"2023-12-04T17:23:02","slug":"sustainable-growth","status":"publish","type":"page","link":"https:\/\/www.hhglobal.com\/es\/who-we-are\/sustainable-growth\/","title":{"rendered":"Crecimiento sostenible"},"content":{"rendered":"","protected":false},"excerpt":{"rendered":"","protected":false},"author":31,"featured_media":23137,"parent":0,"menu_order":0,"comment_status":"closed","ping_status":"closed","template":"","meta":{"_acf_changed":"","_yoast_wpseo_focuskw":"","_yoast_wpseo_metadesc":"","_yoast_wpseo_linkdex":"","_yoast_wpseo_content_score":"","_yoast_wpseo_meta-robots-noindex":"","_yoast_wpseo_meta-robots-nofollow":"","inline_featured_image":[],"_genesis_block_theme_hide_title":false,"_cms_nav_minihome":"","_icl_lang_duplicate_of":"","_menu_item_classes":[],"_menu_item_menu_item_parent":"","_menu_item_object":"","_menu_item_object_id":"","_menu_item_orphaned":"","_menu_item_target":"","_menu_item_type":"","_menu_item_url":"","_menu_item_xfn":"","_seedprod_page":"","_seedprod_page_template_type":"","_seedprod_page_uuid":"","_top_nav_excluded":"","_wp_attachment_backup_sizes":[],"_wp_attachment_context":"","_wp_attachment_image_alt":"","_wp_old_date":"","_wpcode_auto_insert":"","_wpcode_auto_insert_number":"","_wpcode_library_id":"","_wpml_media_duplicate":"1","_wpml_media_featured":"1","_wpml_post_translation_editor_native":"","_wpml_word_count":"{\"total\":595,\"to_translate\":{\"zh\":595,\"zh-hans\":595,\"cs\":595,\"nl\":595,\"fr\":595,\"de\":595,\"it\":595,\"ja\":595,\"ko\":595,\"pt\":595,\"pt-br\":595,\"es\":595}}","_yoast_wpseo_estimated-reading-time-minutes":[],"_yoast_wpseo_primary_category":"","_yoast_wpseo_primary_industry":"","_yoast_wpseo_primary_solution":"","_yoast_wpseo_primary_the_author":"","_yoast_wpseo_wordproof_timestamp":"","acfml_non_translatable_locations":[],"career_externalLink":"","career_featuredImage":"","career_title":"","casestudy_featuredImage":"","casestudy_title":"","infocallout_excerpt":"","infocallout_featuredImage":"","infocallout_title":"","jobTitle":"","language":"","name":"","profilePicture":"","wp-smpro-smush-data":[],"wp-smush-animated":"","wp-smush-ignore-bulk":"","wp-smush-lossy":"","wpml_media_processed":"","_wpcode_conditional_logic_enabled":"","_wpcode_location_extra":"","_wpcode_note":"","_wpcode_priority":"","_wpcode_shortcode_attributes":[],"footnotes":""},"class_list":["post-12123","page","type-page","status-publish","has-post-thumbnail","hentry","post","with-featured-image"],"acf":{"page_title":"Sustainable Growth | HH Global","page_description":"","social_title":"","social_description":"","social_share_image":null,"modules":[{"acf_fc_layout":"hero","size":"medium2","theme":"dark","choose_images":[{"image":9876}],"show_eyebrow":false,"eyebrow":"","title":"Crecimiento sostenible","show_cta":false,"cta_url":"","cta_title":""},{"acf_fc_layout":"text_with_media_carousel","scroll_to_link":"","theme":"light","container_background_color":"bg-white","highlight_color":"purple","title":"Potenciar las marcas con el marketing sostenible","content":"Con una crisis clim\u00e1tica que nos afecta a todos, es necesario que la sostenibilidad impulse un cambio significativo.\r\n\r\nHH Global est\u00e1 a la vanguardia del marketing sostenible y potencia las marcas para que generen un gran impacto con la menor huella medioambiental posible.","additional_spacing":true,"features_title":"","features":[{"navigation_label":"Dise\u00f1ar un futuro sostenible","show_title":true,"title":"Dise\u00f1ar un futuro sostenible","show_subtitle":false,"subtitle":"","content":"Colaboramos con las marcas para cambiar la mentalidad del dise\u00f1o y la ejecuci\u00f3n del marketing f\u00edsico. Nuestros servicios, que tienden puentes entre dise\u00f1adores y fabricantes, permiten tomar decisiones informadas al dotar a las empresas de los conocimientos y herramientas que necesitan para explorar las oportunidades interesantes que pueden aportar unas pr\u00e1cticas m\u00e1s sostenibles.\r\n\r\nGracias a Conscious Creative, mejoramos la sostenibilidad del marketing en el proceso de dise\u00f1o, desde su origen hasta su finalizaci\u00f3n.\r\n\r\n<a style=\"margin-top: 15px; display: inline-flex; align-items: center; height: 54px; padding-left: 18px; padding-right: 18px; border-radius: 4px; font-size: 16px; line-height: 16px; color: #000000; background-color: #aeff24; text-decoration: none; font-weight: 400;\" href=\"\/es\/who-we-are\/conscious-creative\/\">M\u00e1s informaci\u00f3n<\/a>","choose_media":[{"image":9887}],"vimeoid":"","ytid":""},{"navigation_label":"Herramientas potentes para el cambio","show_title":true,"title":"Herramientas potentes para el cambio","show_subtitle":false,"subtitle":"","content":"Mediante el uso de tecnolog\u00eda avanzada y perspectivas basadas en datos, capacitamos a los clientes y los socios estrat\u00e9gicos. Nuestras herramientas patentadas de vanguardia impulsan la eficacia operativa y los resultados.\r\n\r\nNos centramos en las necesidades del cliente, realizamos un seguimiento del gasto y el CO<sub>2<\/sub>, y medimos el rendimiento con fines de mejora continua; a continuaci\u00f3n, utilizamos perspectivas avanzadas para unir a las personas y lograr una escalabilidad r\u00e1pida, una funcionalidad optimizada y un crecimiento transformador, al tiempo que reducimos los residuos.","choose_media":[{"image":9898}],"vimeoid":"","ytid":""},{"navigation_label":"Adquisiciones \u00e9ticas","show_title":true,"title":"Adquisiciones \u00e9ticas","show_subtitle":false,"subtitle":"","content":"Nuestros programas de adquisiciones a medida reducen el riesgo y optimizan las cadenas de suministro. Somos l\u00edderes en la obtenci\u00f3n de materiales y la fabricaci\u00f3n sostenibles, adem\u00e1s de auditar las cadenas de suministro.\r\n\r\nAl reducir el impacto medioambiental y social, la experiencia de HH Global ayuda a los clientes a identificar sus valores con las pr\u00e1cticas recomendadas de adquisiciones.\r\n\r\n<a style=\"margin-top: 15px; display: inline-flex; align-items: center; height: 54px; padding-left: 18px; padding-right: 18px; border-radius: 4px; font-size: 16px; line-height: 16px; color: #000000; background-color: #aeff24; text-decoration: none; font-weight: 400;\" href=\"\/es\/who-we-are\/inspiring-solutions\/\">M\u00e1s informaci\u00f3n<\/a>","choose_media":[{"image":9909}],"vimeoid":"","ytid":""},{"navigation_label":"Gestionar la huella de carbono","show_title":true,"title":"Gestionar la huella de carbono","show_subtitle":false,"subtitle":"","content":"Ofrecemos m\u00e9todos innovadores de medir y certificar las emisiones de CO<sub>2<\/sub>.\r\n\r\n<strong>Soluciones de cero residuos<\/strong>\r\n\r\nLas estrategias de HH Global ayudan a las marcas a reducir su huella ecol\u00f3gica. Al centrarnos en soluciones de cero residuos y fomentar el consumo circular, ayudamos a las marcas a incorporar de manera integral la sostenibilidad a sus negocios.","choose_media":[{"image":9920}],"vimeoid":"","ytid":""}]},{"acf_fc_layout":"text_with_media_carousel","scroll_to_link":"","theme":"light","container_background_color":"bg-grey","highlight_color":"purple","title":"Normas de sostenibilidad","content":"Cumplimos de manera constante las normas m\u00e1s estrictas en material medioambiental, social y de gobernanza.","additional_spacing":true,"features_title":"","features":[{"navigation_label":"MSG","show_title":true,"title":"MSG","show_subtitle":false,"subtitle":"","content":"Para las grandes empresas, la notificaci\u00f3n de informaci\u00f3n medioambiental, social y de gobernanza (MSG) ya no es un requisito opcional. Las m\u00e9tricas de sostenibilidad ahora son una parte integral de los informes anuales para ofrecer transparencia y responsabilidad a los consumidores e inversores. Medir la responsabilidad de las empresas es la nueva normalidad.","choose_media":[{"image":9931}],"vimeoid":"","ytid":""},{"navigation_label":"CSRD","show_title":true,"title":"CSRD","show_subtitle":false,"subtitle":"","content":"La Uni\u00f3n Europea ha introducido la Directiva sobre informaci\u00f3n corporativa en materia de sostenibilidad (CSRD), que exige informaci\u00f3n detallada a las empresas de la UE y a las empresas que no pertenecen a la UE que cumplan determinados umbrales de facturaci\u00f3n neta en la UE, as\u00ed como a las empresas cuyos valores cotizan en mercados regulados de la UE.","choose_media":[{"image":9942}],"vimeoid":"","ytid":""},{"navigation_label":"Norma de cero emisiones netas","show_title":true,"title":"Norma de cero emisiones netas","show_subtitle":false,"subtitle":"","content":"Somos la primera empresa de nuestro sector, y una de las primeras de todo el mundo, en obtener la aprobaci\u00f3n SBTi (iniciativa Objetivos Basados en la Ciencia) para nuestros objetivos de norma de cero emisiones netas. En colaboraci\u00f3n con socios internacionales, nos hemos comprometido a reducir las emisiones de gases de efecto invernadero un 50 % para el a\u00f1o fiscal 2030 y un 90 % para el a\u00f1o fiscal 2040.","choose_media":[{"image":9953}],"vimeoid":"","ytid":""},{"navigation_label":"TCFD","show_title":true,"title":"TCFD","show_subtitle":false,"subtitle":"","content":"El Task Force on Climate-related Financial Disclosures (TCFD) ha elaborado una serie de recomendaciones que est\u00e1n cambiando la forma en que las organizaciones gestionan los riesgos y oportunidades clim\u00e1ticos. El gobierno del Reino Unido es el primer pa\u00eds del G20 en aplicar la obligaci\u00f3n de divulgaci\u00f3n seg\u00fan el TCFD a m\u00e1s de 1300 de las mayores empresas e instituciones financieras registradas en el Reino Unido.\r\n\r\nPara obtener m\u00e1s informaci\u00f3n, visite: <a href=\"https:\/\/www.fsb-tcfd.org\/\" target=\"_blank\" rel=\"noopener\">https:\/\/www.fsb-tcfd.org\/<\/a>","choose_media":[{"image":9964}],"vimeoid":"","ytid":""},{"navigation_label":"ODS de la ONU","show_title":true,"title":"ODS de la ONU","show_subtitle":false,"subtitle":"","content":"Los Objetivos de Desarrollo Sostenible (ODS) de las Naciones Unidas han fijado metas para promover la acci\u00f3n por el clima, el desarrollo sostenible, la energ\u00eda limpia y el consumo responsable, al tiempo que se pone fin a la desigualdad, la pobreza y el hambre, con el fin de crear un mundo medioambientalmente sostenible y justo para todos.","choose_media":[{"image":9975}],"vimeoid":"","ytid":""},{"navigation_label":"ISO 14001","show_title":true,"title":"ISO 14001","show_subtitle":false,"subtitle":"","content":"La ISO 14001 es una norma internacional que proporciona directrices sobre c\u00f3mo tener en cuenta diversos aspectos de la actividad empresarial para reducir el impacto medioambiental. Ayuda a evaluar la adquisici\u00f3n, la distribuci\u00f3n, el desarrollo de productos, la respuesta ante emergencias, las expectativas de los clientes, las partes interesadas y las relaciones con la comunidad local.\r\n\r\nPara obtener m\u00e1s informaci\u00f3n, haga <a href=\"https:\/\/www.bsigroup.com\/en-gb\/iso-14001-environmental-management\/\" target=\"_blank\" rel=\"noopener\">clic aqu\u00ed<\/a>.","choose_media":[{"image":9986}],"vimeoid":"","ytid":""},{"navigation_label":"EcoVadis","show_title":true,"title":"EcoVadis","show_subtitle":false,"subtitle":"","content":"EcoVadis es una plataforma de calificaciones de sostenibilidad empresarial ampliamente reconocida en todo el mundo.\r\n\r\nFacilita la gesti\u00f3n de los riesgos y el cumplimiento normativo de MSG para mejorar los resultados de sostenibilidad corporativa. HH Global ostenta la calificaci\u00f3n de medalla Gold desde hace m\u00e1s de cinco a\u00f1os.\r\n\r\nPara obtener m\u00e1s informaci\u00f3n, haga <a href=\"https:\/\/ecovadis.com\/\" target=\"_blank\" rel=\"noopener\">clic aqu\u00ed<\/a>.","choose_media":[{"image":9997}],"vimeoid":"","ytid":""}]},{"acf_fc_layout":"intro_content_block","scroll_to_link":"","container_background_color":"bg-white","type":false,"show_image":false,"intro_image":null,"show_background":false,"background":null,"show_eyebrow":false,"eyebrow":"","show_designations":false,"designations":null,"show_title":true,"size":"large","title":"","show_intro":false,"intro":"","show_body":false,"body":"","show_labels":false,"labels":{"show_social":false,"custom_categories":null}},{"acf_fc_layout":"simple_content_block","scroll_to_link":"","container_background_color":"bg-white","columns":1,"title_one":"","content_one":"","title_two":"","content_two":""},{"acf_fc_layout":"simple_content_block","scroll_to_link":"","container_background_color":"bg-white","columns":"2","title_one":"","content_one":"<img class=\"alignnone size-medium wp-image-12376\" src=\"https:\/\/decoupledhhg.wpengine.com\/wp-content\/uploads\/2023\/11\/1644910-Spanish-300x90.png\" alt=\"\" width=\"300\" height=\"90\" \/>\r\n\r\n<strong>Trabajo decente y crecimiento econ\u00f3mico<\/strong>\r\n\r\nUnas condiciones dignas, salarios justos, equidad y derechos de los trabajadores en el lugar de trabajo para 2025 garantizar\u00e1n lo siguiente:\r\n<ul>\r\n \t<li>Que los empleados cobren un salario digno, y tenemos confirmaci\u00f3n de una pol\u00edtica de salario digno del 100 % de nuestros proveedores de Nivel 1 (directos).*<\/li>\r\n \t<li>El 100 % de nuestros proveedores de Nivel 1 (directos)* cumplen (o tienen un plan para cumplir) nuestras normas medioambientales y sociales claramente definidas.<\/li>\r\n \t<li>Todos nuestros proveedores de Nivel 1 (directos)* han recibido informaci\u00f3n y orientaci\u00f3n sobre los Objetivos de Desarrollo Sostenible y el 30 % ha manifestado su apoyo.<\/li>\r\n<\/ul>\r\n<em>*Proveedores que representan el 95 % del gasto de HH Global.<\/em>","title_two":"","content_two":"<img class=\"alignnone size-medium wp-image-12497\" src=\"https:\/\/decoupledhhg.wpengine.com\/wp-content\/uploads\/2023\/11\/1644910-Spanish-1-300x90.png\" alt=\"\" width=\"300\" height=\"90\" \/>\r\n\r\n<strong>Reducci\u00f3n de las desigualdades<\/strong>\r\n\r\nUna organizaci\u00f3n diversa e inclusiva refleja las comunidades en las que desarrollamos actividades. Respetamos los derechos y oportunidades de todas las personas, independientemente de su sexo, etnia, creencias religiosas, orientaci\u00f3n sexual o situaci\u00f3n socioecon\u00f3mica. Para 2025:\r\n<ul>\r\n \t<li>Contaremos con un 30 % de representaci\u00f3n diversa en el nivel directivo* de HH Global (basada en el sexo, la raza, la etnia, la edad y la generaci\u00f3n).<\/li>\r\n \t<li>Realizaremos el 15 % de nuestro gasto anual con proveedores de empresas peque\u00f1as y diversas.<\/li>\r\n \t<li>Garantizaremos que todos los programas de formaci\u00f3n y desarrollo de nuestro personal incluyan los principios de DE&amp;I y que el 100 % de los empleados los han realizado.<\/li>\r\n<\/ul>\r\n<em>*Consejo de administraci\u00f3n del grupo y equipo directivo regional.<\/em>"},{"acf_fc_layout":"simple_content_block","scroll_to_link":"","container_background_color":"bg-white","columns":"2","title_one":"","content_one":"<img class=\"alignnone size-medium wp-image-12618\" src=\"https:\/\/decoupledhhg.wpengine.com\/wp-content\/uploads\/2023\/11\/1644910-Spanish-2-300x90.png\" alt=\"\" width=\"300\" height=\"90\" \/>\r\n\r\n<strong>Producci\u00f3n y consumo responsables<\/strong>\r\n\r\nGarantiza que los productos tengan un origen y una producci\u00f3n responsables, al tiempo que presenta a los clientes las alternativas m\u00e1s sostenibles. Para 2025:\r\n<ul>\r\n \t<li>Aumentaremos el uso de contenido reciclado en la producci\u00f3n un 20 % (frente a la referencia de 2021) mediante la formaci\u00f3n de nuestros clientes sobre la disponibilidad de soluciones alternativas al pl\u00e1stico, como los materiales fabricados con fibras de celulosa.<\/li>\r\n \t<li>Facilitaremos a todos los clientes c\u00e1lculos del impacto ambiental en la etapa de presupuestaci\u00f3n.<\/li>\r\n \t<li>Eliminaremos los pl\u00e1sticos de un solo uso en nuestras propias oficinas.<\/li>\r\n<\/ul>","title_two":"","content_two":"<img class=\"alignnone size-medium wp-image-12728\" src=\"https:\/\/decoupledhhg.wpengine.com\/wp-content\/uploads\/2023\/11\/1644910-Spanish-3-300x90.png\" alt=\"\" width=\"300\" height=\"90\" \/>\r\n\r\n<strong>Acci\u00f3n por el clima<\/strong>\r\n\r\nAyudaremos a mantener el calentamiento global por debajo de 1,5 \u00b0C reduciendo nuestra huella de carbono y cumpliendo hitos clave para alcanzar las cero emisiones netas.\r\n<ul>\r\n \t<li>100 % de energ\u00eda renovable en nuestras operaciones para 2025.<\/li>\r\n \t<li>50 % de reducci\u00f3n de emisiones para 2030.*<\/li>\r\n \t<li>90 % de reducci\u00f3n de emisiones para 2040.*<\/li>\r\n \t<li>Inversi\u00f3n continua en soluciones naturales.<\/li>\r\n \t<li>Neutralizaci\u00f3n del 10 % de emisiones para 2040.<\/li>\r\n<\/ul>\r\n<em>* En comparaci\u00f3n con la referencia del a\u00f1o fiscal 2022.<\/em>"},{"acf_fc_layout":"contact_form","scroll_to_link":"","title":"Get in touch"}]},"yoast_head":"<!-- This site is optimized with the Yoast SEO plugin v27.5 - https:\/\/yoast.com\/product\/yoast-seo-wordpress\/ -->\n<title>Crecimiento sostenible - HH Global<\/title>\n<meta name=\"robots\" content=\"index, follow, max-snippet:-1, max-image-preview:large, max-video-preview:-1\" \/>\n<link rel=\"canonical\" href=\"https:\/\/www.hhglobal.com\/es\/who-we-are\/sustainable-growth\/\" \/>\n<meta property=\"og:locale\" content=\"es_ES\" \/>\n<meta property=\"og:type\" content=\"article\" \/>\n<meta property=\"og:title\" content=\"Crecimiento sostenible - HH Global\" \/>\n<meta property=\"og:url\" content=\"https:\/\/www.hhglobal.com\/es\/who-we-are\/sustainable-growth\/\" \/>\n<meta property=\"og:site_name\" content=\"HH Global\" \/>\n<meta property=\"article:modified_time\" content=\"2023-12-04T17:23:02+00:00\" \/>\n<meta name=\"twitter:card\" content=\"summary_large_image\" \/>\n<script type=\"application\/ld+json\" class=\"yoast-schema-graph\">{\"@context\":\"https:\\\/\\\/schema.org\",\"@graph\":[{\"@type\":\"WebPage\",\"@id\":\"https:\\\/\\\/www.hhglobal.com\\\/es\\\/who-we-are\\\/sustainable-growth\\\/\",\"url\":\"https:\\\/\\\/www.hhglobal.com\\\/es\\\/who-we-are\\\/sustainable-growth\\\/\",\"name\":\"Crecimiento sostenible - HH Global\",\"isPartOf\":{\"@id\":\"https:\\\/\\\/www.hhglobal.com\\\/es\\\/#website\"},\"primaryImageOfPage\":{\"@id\":\"https:\\\/\\\/www.hhglobal.com\\\/es\\\/who-we-are\\\/sustainable-growth\\\/#primaryimage\"},\"image\":{\"@id\":\"https:\\\/\\\/www.hhglobal.com\\\/es\\\/who-we-are\\\/sustainable-growth\\\/#primaryimage\"},\"thumbnailUrl\":\"https:\\\/\\\/www.hhglobal.com\\\/wp-content\\\/uploads\\\/2024\\\/09\\\/Sustainable-growth-social-image.png\",\"datePublished\":\"2023-10-04T15:26:13+00:00\",\"dateModified\":\"2023-12-04T17:23:02+00:00\",\"breadcrumb\":{\"@id\":\"https:\\\/\\\/www.hhglobal.com\\\/es\\\/who-we-are\\\/sustainable-growth\\\/#breadcrumb\"},\"inLanguage\":\"es\",\"potentialAction\":[{\"@type\":\"ReadAction\",\"target\":[\"https:\\\/\\\/www.hhglobal.com\\\/es\\\/who-we-are\\\/sustainable-growth\\\/\"]}]},{\"@type\":\"ImageObject\",\"inLanguage\":\"es\",\"@id\":\"https:\\\/\\\/www.hhglobal.com\\\/es\\\/who-we-are\\\/sustainable-growth\\\/#primaryimage\",\"url\":\"https:\\\/\\\/www.hhglobal.com\\\/wp-content\\\/uploads\\\/2024\\\/09\\\/Sustainable-growth-social-image.png\",\"contentUrl\":\"https:\\\/\\\/www.hhglobal.com\\\/wp-content\\\/uploads\\\/2024\\\/09\\\/Sustainable-growth-social-image.png\",\"width\":10667,\"height\":7113},{\"@type\":\"BreadcrumbList\",\"@id\":\"https:\\\/\\\/www.hhglobal.com\\\/es\\\/who-we-are\\\/sustainable-growth\\\/#breadcrumb\",\"itemListElement\":[{\"@type\":\"ListItem\",\"position\":1,\"name\":\"Home\",\"item\":\"https:\\\/\\\/www.hhglobal.com\\\/es\\\/\"},{\"@type\":\"ListItem\",\"position\":2,\"name\":\"Crecimiento sostenible\"}]},{\"@type\":\"WebSite\",\"@id\":\"https:\\\/\\\/www.hhglobal.com\\\/es\\\/#website\",\"url\":\"https:\\\/\\\/www.hhglobal.com\\\/es\\\/\",\"name\":\"HH Global\",\"description\":\"The global, tech-enabled creative production and procurement partner.\",\"publisher\":{\"@id\":\"https:\\\/\\\/www.hhglobal.com\\\/es\\\/#organization\"},\"potentialAction\":[{\"@type\":\"SearchAction\",\"target\":{\"@type\":\"EntryPoint\",\"urlTemplate\":\"https:\\\/\\\/www.hhglobal.com\\\/es\\\/?s={search_term_string}\"},\"query-input\":{\"@type\":\"PropertyValueSpecification\",\"valueRequired\":true,\"valueName\":\"search_term_string\"}}],\"inLanguage\":\"es\"},{\"@type\":\"Organization\",\"@id\":\"https:\\\/\\\/www.hhglobal.com\\\/es\\\/#organization\",\"name\":\"HH Global\",\"url\":\"https:\\\/\\\/www.hhglobal.com\\\/es\\\/\",\"logo\":{\"@type\":\"ImageObject\",\"inLanguage\":\"es\",\"@id\":\"https:\\\/\\\/www.hhglobal.com\\\/es\\\/#\\\/schema\\\/logo\\\/image\\\/\",\"url\":\"https:\\\/\\\/www.hhglobal.com\\\/wp-content\\\/uploads\\\/2023\\\/12\\\/logo-white.svg\",\"contentUrl\":\"https:\\\/\\\/www.hhglobal.com\\\/wp-content\\\/uploads\\\/2023\\\/12\\\/logo-white.svg\",\"width\":77,\"height\":18,\"caption\":\"HH Global\"},\"image\":{\"@id\":\"https:\\\/\\\/www.hhglobal.com\\\/es\\\/#\\\/schema\\\/logo\\\/image\\\/\"}}]}<\/script>\n<!-- \/ Yoast SEO plugin. -->","yoast_head_json":{"title":"Crecimiento sostenible - HH Global","robots":{"index":"index","follow":"follow","max-snippet":"max-snippet:-1","max-image-preview":"max-image-preview:large","max-video-preview":"max-video-preview:-1"},"canonical":"https:\/\/www.hhglobal.com\/es\/who-we-are\/sustainable-growth\/","og_locale":"es_ES","og_type":"article","og_title":"Crecimiento sostenible - HH Global","og_url":"https:\/\/www.hhglobal.com\/es\/who-we-are\/sustainable-growth\/","og_site_name":"HH Global","article_modified_time":"2023-12-04T17:23:02+00:00","twitter_card":"summary_large_image","schema":{"@context":"https:\/\/schema.org","@graph":[{"@type":"WebPage","@id":"https:\/\/www.hhglobal.com\/es\/who-we-are\/sustainable-growth\/","url":"https:\/\/www.hhglobal.com\/es\/who-we-are\/sustainable-growth\/","name":"Crecimiento sostenible - HH Global","isPartOf":{"@id":"https:\/\/www.hhglobal.com\/es\/#website"},"primaryImageOfPage":{"@id":"https:\/\/www.hhglobal.com\/es\/who-we-are\/sustainable-growth\/#primaryimage"},"image":{"@id":"https:\/\/www.hhglobal.com\/es\/who-we-are\/sustainable-growth\/#primaryimage"},"thumbnailUrl":"https:\/\/www.hhglobal.com\/wp-content\/uploads\/2024\/09\/Sustainable-growth-social-image.png","datePublished":"2023-10-04T15:26:13+00:00","dateModified":"2023-12-04T17:23:02+00:00","breadcrumb":{"@id":"https:\/\/www.hhglobal.com\/es\/who-we-are\/sustainable-growth\/#breadcrumb"},"inLanguage":"es","potentialAction":[{"@type":"ReadAction","target":["https:\/\/www.hhglobal.com\/es\/who-we-are\/sustainable-growth\/"]}]},{"@type":"ImageObject","inLanguage":"es","@id":"https:\/\/www.hhglobal.com\/es\/who-we-are\/sustainable-growth\/#primaryimage","url":"https:\/\/www.hhglobal.com\/wp-content\/uploads\/2024\/09\/Sustainable-growth-social-image.png","contentUrl":"https:\/\/www.hhglobal.com\/wp-content\/uploads\/2024\/09\/Sustainable-growth-social-image.png","width":10667,"height":7113},{"@type":"BreadcrumbList","@id":"https:\/\/www.hhglobal.com\/es\/who-we-are\/sustainable-growth\/#breadcrumb","itemListElement":[{"@type":"ListItem","position":1,"name":"Home","item":"https:\/\/www.hhglobal.com\/es\/"},{"@type":"ListItem","position":2,"name":"Crecimiento sostenible"}]},{"@type":"WebSite","@id":"https:\/\/www.hhglobal.com\/es\/#website","url":"https:\/\/www.hhglobal.com\/es\/","name":"HH Global","description":"The global, tech-enabled creative production and procurement partner.","publisher":{"@id":"https:\/\/www.hhglobal.com\/es\/#organization"},"potentialAction":[{"@type":"SearchAction","target":{"@type":"EntryPoint","urlTemplate":"https:\/\/www.hhglobal.com\/es\/?s={search_term_string}"},"query-input":{"@type":"PropertyValueSpecification","valueRequired":true,"valueName":"search_term_string"}}],"inLanguage":"es"},{"@type":"Organization","@id":"https:\/\/www.hhglobal.com\/es\/#organization","name":"HH Global","url":"https:\/\/www.hhglobal.com\/es\/","logo":{"@type":"ImageObject","inLanguage":"es","@id":"https:\/\/www.hhglobal.com\/es\/#\/schema\/logo\/image\/","url":"https:\/\/www.hhglobal.com\/wp-content\/uploads\/2023\/12\/logo-white.svg","contentUrl":"https:\/\/www.hhglobal.com\/wp-content\/uploads\/2023\/12\/logo-white.svg","width":77,"height":18,"caption":"HH Global"},"image":{"@id":"https:\/\/www.hhglobal.com\/es\/#\/schema\/logo\/image\/"}}]}},"_links":{"self":[{"href":"https:\/\/www.hhglobal.com\/es\/wp-json\/wp\/v2\/pages\/12123","targetHints":{"allow":["GET"]}}],"collection":[{"href":"https:\/\/www.hhglobal.com\/es\/wp-json\/wp\/v2\/pages"}],"about":[{"href":"https:\/\/www.hhglobal.com\/es\/wp-json\/wp\/v2\/types\/page"}],"author":[{"embeddable":true,"href":"https:\/\/www.hhglobal.com\/es\/wp-json\/wp\/v2\/users\/31"}],"replies":[{"embeddable":true,"href":"https:\/\/www.hhglobal.com\/es\/wp-json\/wp\/v2\/comments?post=12123"}],"version-history":[{"count":0,"href":"https:\/\/www.hhglobal.com\/es\/wp-json\/wp\/v2\/pages\/12123\/revisions"}],"wp:featuredmedia":[{"embeddable":true,"href":"https:\/\/www.hhglobal.com\/es\/wp-json\/wp\/v2\/media\/23137"}],"wp:attachment":[{"href":"https:\/\/www.hhglobal.com\/es\/wp-json\/wp\/v2\/media?parent=12123"}],"curies":[{"name":"wp","href":"https:\/\/api.w.org\/{rel}","templated":true}]}}