{"id":12112,"date":"2023-10-04T15:12:24","date_gmt":"2023-10-04T15:12:24","guid":{"rendered":"https:\/\/decoupledhhg.wpengine.com\/inspiring-solutions\/"},"modified":"2023-12-04T17:23:53","modified_gmt":"2023-12-04T17:23:53","slug":"inspiring-solutions","status":"publish","type":"page","link":"https:\/\/www.hhglobal.com\/es\/who-we-are\/inspiring-solutions\/","title":{"rendered":"Soluciones inspiradoras"},"content":{"rendered":"","protected":false},"excerpt":{"rendered":"","protected":false},"author":31,"featured_media":23148,"parent":0,"menu_order":0,"comment_status":"closed","ping_status":"closed","template":"","meta":{"_acf_changed":"","_yoast_wpseo_focuskw":"","_yoast_wpseo_metadesc":"","_yoast_wpseo_linkdex":"","_yoast_wpseo_content_score":"","_yoast_wpseo_meta-robots-noindex":"","_yoast_wpseo_meta-robots-nofollow":"","inline_featured_image":[],"_genesis_block_theme_hide_title":false,"_cms_nav_minihome":"","_icl_lang_duplicate_of":"","_menu_item_classes":[],"_menu_item_menu_item_parent":"","_menu_item_object":"","_menu_item_object_id":"","_menu_item_orphaned":"","_menu_item_target":"","_menu_item_type":"","_menu_item_url":"","_menu_item_xfn":"","_seedprod_page":"","_seedprod_page_template_type":"","_seedprod_page_uuid":"","_top_nav_excluded":"","_wp_attachment_backup_sizes":[],"_wp_attachment_context":"","_wp_attachment_image_alt":"","_wp_old_date":"","_wpcode_auto_insert":"","_wpcode_auto_insert_number":"","_wpcode_library_id":"","_wpml_media_duplicate":"1","_wpml_media_featured":"1","_wpml_post_translation_editor_native":"","_wpml_word_count":"{\"total\":358,\"to_translate\":{\"zh\":358,\"cs\":358,\"nl\":358,\"fr\":358,\"de\":358,\"it\":358,\"ja\":358,\"ko\":358,\"pt\":358,\"es\":358}}","_yoast_wpseo_estimated-reading-time-minutes":[],"_yoast_wpseo_primary_category":"","_yoast_wpseo_primary_industry":"","_yoast_wpseo_primary_solution":"","_yoast_wpseo_primary_the_author":"","_yoast_wpseo_wordproof_timestamp":"","acfml_non_translatable_locations":[],"career_externalLink":"","career_featuredImage":"","career_title":"","casestudy_featuredImage":"","casestudy_title":"","infocallout_excerpt":"","infocallout_featuredImage":"","infocallout_title":"","jobTitle":"","language":"","name":"","profilePicture":"","wp-smpro-smush-data":[],"wp-smush-animated":"","wp-smush-ignore-bulk":"","wp-smush-lossy":"","wpml_media_processed":"","_wpcode_conditional_logic_enabled":"","_wpcode_location_extra":"","_wpcode_note":"","_wpcode_priority":"","_wpcode_shortcode_attributes":[],"footnotes":""},"class_list":["post-12112","page","type-page","status-publish","has-post-thumbnail","hentry","post","with-featured-image"],"acf":{"page_title":"Inspiring Solutions | HH Global","page_description":"","social_title":"","social_description":"","social_share_image":null,"modules":[{"acf_fc_layout":"hero","size":"medium2","theme":"dark","choose_images":[{"image":9753}],"show_eyebrow":false,"eyebrow":"","title":"Soluciones inspiradoras","show_cta":false,"cta_url":"","cta_title":""},{"acf_fc_layout":"intro_content_block","container_background_color":"bg-white","type":false,"show_image":false,"intro_image":null,"show_background":false,"background":null,"show_eyebrow":false,"eyebrow":"","show_designations":false,"designations":null,"show_title":true,"size":"large","title":"Impulsar el cambio en el marketing sostenible","show_intro":true,"intro":"HH Global capacita a algunas de las marcas m\u00e1s influyentes del mundo mediante servicios y capacidades que cambian el comportamiento hacia un futuro m\u00e1s sostenible.\r\n\r\nAl colocar el marketing sostenible en el centro del proceso de dise\u00f1o creativo, lideramos ese cambio.","show_body":false,"body":"","show_labels":false,"labels":{"show_social":false,"custom_categories":null}},{"acf_fc_layout":"text_with_media","scroll_to_link":"","theme":"light","container_background_color":"bg-white","show_eyebrow":false,"eyebrow":"","show_title":false,"title":"","show_sub_title":true,"sub_title":"Una nueva era para el marketing sostenible","content":"Nuestra visi\u00f3n es convertirnos en el socio con mayor impacto del mundo para las empresas que buscan un crecimiento m\u00e1s intenso y sostenible.\r\n\r\nDebido a nuestro compromiso irrenunciable con la sostenibilidad, cada d\u00eda integramos soluciones a medida progresivas que contribuyen a la consecuci\u00f3n de los objetivos medioambientales y sociales.","cta_url":"","cta_text":"","open_in_new_window":false,"choose_media":[{"image":9764}],"image_alignment":"left","image_fit":"cover","image_size":"half-width","vimeoid":"","ytid":""},{"acf_fc_layout":"text_with_media_carousel","theme":"light","container_background_color":"bg-grey","highlight_color":"purple","title":"Utilizar la tecnolog\u00eda para maximizar la sostenibilidad","content":"Los cambios basados en datos y conocimientos generan los mejores resultados de sostenibilidad. Nuestro paquete patentado de tecnolog\u00eda y de productos y servicios con gran cantidad de datos ayuda a nuestros clientes, a la organizaci\u00f3n y a los socios a alcanzar objetivos de sostenibilidad mediante:","additional_spacing":true,"features_title":"","features":[{"navigation_label":"N\u00facleo","show_title":true,"title":"N\u00facleo","show_subtitle":false,"subtitle":"","content":"HH Global es el primer socio de adquisici\u00f3n y producci\u00f3n creativas del mundo en crear una plataforma que genera datos sobre el impacto del CO<sub>2<\/sub> de cada proyecto. Nuestro motor de la calculadora medioambiental, que forma parte de nuestro modelo operativo est\u00e1ndar, permite a los clientes tomar decisiones mejor informadas sobre las t\u00e1cticas de las campa\u00f1as y la elecci\u00f3n de los canales. Nuestro objetivo es ofrecer de manera constante datos m\u00e1s precisos que permitan elaborar modelos predictivos sobre el impacto del CO<sub>2<\/sub> que apoyen y aporten conocimientos y ventajas a largo plazo a los clientes.","choose_media":[{"image":9775}],"vimeoid":"","ytid":""},{"navigation_label":"Conjunto de datos basados en IA","show_title":true,"title":"Conjunto de datos basados en IA","show_subtitle":false,"subtitle":"","content":"Ofrecer de manera constante datos m\u00e1s precisos que permitan elaborar modelos predictivos sobre el impacto del CO<sub>2<\/sub> que apoyen y aporten conocimientos y ventajas a largo plazo a los clientes.","choose_media":[{"image":9786}],"vimeoid":"","ytid":""},{"navigation_label":"Marco de adquisici\u00f3n sostenible (MAS)","show_title":true,"title":"Marco de adquisici\u00f3n sostenible (MAS)","show_subtitle":false,"subtitle":"","content":"Otra primicia en el mercado: utilizar la tecnolog\u00eda y los datos para ampliar las pr\u00e1cticas recomendadas a nuestra cadena de suministro mundial. Al combinar los datos de los proveedores con la investigaci\u00f3n y los conocimientos de nuestros socios, hemos creado un marco de gesti\u00f3n sostenible de la cadena de suministro pionero en su categor\u00eda. El MAS ayuda a los socios de la cadena de suministro a valorar la madurez actual en materia de sostenibilidad, aplicar las pr\u00e1cticas recomendadas y compartir experiencias.","choose_media":[{"image":9797}],"vimeoid":"","ytid":""}]},{"acf_fc_layout":"text_with_media_carousel","theme":"light","container_background_color":"bg-white","highlight_color":"purple","title":"Expertos en estrategias de sostenibilidad","content":"<strong>Servicios de consultor\u00eda sobre sostenibilidad<\/strong>\r\n\r\nHH Global ofrece servicios integrales de consultor\u00eda en sostenibilidad, aplicando nuestra experiencia para crear o aumentar las iniciativas de MSG de los clientes.","additional_spacing":true,"features_title":"","features":[{"navigation_label":"Estrategia de sostenibilidad","show_title":true,"title":"Estrategia de sostenibilidad","show_subtitle":false,"subtitle":"","content":"<ul>\r\n \t<li>Taller para determinar c\u00f3mo alcanzar los ODS de la ONU<\/li>\r\n \t<li>Creaci\u00f3n de informes<\/li>\r\n \t<li>Hoja de ruta de MSG y sostenibilidad<\/li>\r\n<\/ul>","choose_media":[{"image":9808}],"vimeoid":"","ytid":""},{"navigation_label":"Creaci\u00f3n de hoja de ruta de sostenibilidad","show_title":true,"title":"Creaci\u00f3n de hoja de ruta de sostenibilidad","show_subtitle":false,"subtitle":"","content":"<ul>\r\n \t<li>Planificaci\u00f3n de la reducci\u00f3n del CO<sub>2<\/sub><\/li>\r\n \t<li>Impacto medioambiental y medici\u00f3n del ahorro<\/li>\r\n \t<li>Evaluaci\u00f3n del ciclo de vida: productos, envases y servicios<\/li>\r\n \t<li>Mitigaci\u00f3n de la huella de carbono<\/li>\r\n<\/ul>","choose_media":[{"image":9819}],"vimeoid":"","ytid":""},{"navigation_label":"Gesti\u00f3n de residuos","show_title":true,"title":"Gesti\u00f3n de residuos","show_subtitle":false,"subtitle":"","content":"<ul>\r\n \t<li>Transformar las econom\u00edas basadas en los desechos en econom\u00edas circulares<\/li>\r\n \t<li>Auditor\u00edas de residuos: oficinas, almacenes y comercios minoristas<\/li>\r\n \t<li>Informes finales de resultados de la investigaci\u00f3n<\/li>\r\n \t<li>Recomendaciones, objetivos y metas<\/li>\r\n \t<li>Reducir los costes de vertederos y desechos<\/li>\r\n \t<li>Crear nuevas fuentes de ingresos por residuos<\/li>\r\n \t<li>Aumentar el desv\u00edo de residuos y las oportunidades de reciclaje en circuito cerrado<\/li>\r\n<\/ul>","choose_media":[{"image":9830}],"vimeoid":"","ytid":""}]},{"acf_fc_layout":"text_with_media_carousel","theme":"light","container_background_color":"bg-grey","highlight_color":"purple","title":"Subir el list\u00f3n de las normas de marketing sostenible","content":"Para elevar el dise\u00f1o sostenible y fomentar una innovaci\u00f3n creativa respetuosa con el planeta, hemos lanzado Conscious Creative. Fomentamos la sostenibilidad del marketing en el proceso de dise\u00f1o de principio a fin.","additional_spacing":true,"features_title":"","features":[{"navigation_label":"Evaluar y valorar","show_title":true,"title":"Evaluar y valorar","show_subtitle":false,"subtitle":"","content":"Evaluaci\u00f3n creativa in situ, plataforma de MSG y sostenibilidad","choose_media":[{"image":9841}],"vimeoid":"","ytid":""},{"navigation_label":"Educar e inspirar","show_title":true,"title":"Educar e inspirar","show_subtitle":false,"subtitle":"","content":"M\u00f3dulos certificados de formaci\u00f3n y aprendizaje electr\u00f3nico, manuales de buenas pr\u00e1cticas educativas, biblioteca de materiales.","choose_media":[{"image":9852}],"vimeoid":"","ytid":""},{"navigation_label":"Capacitar y medir","show_title":true,"title":"Capacitar y medir","show_subtitle":false,"subtitle":"","content":"Etiquetado de sostenibilidad del proceso creativo, puntuaci\u00f3n de sostenibilidad, concepci\u00f3n virtual.","choose_media":[{"image":9863}],"vimeoid":"","ytid":""}]},{"acf_fc_layout":"clients_awards","title":"Allanar el camino con asociaciones de \u00e9xito","logos":[{"logo":5053},{"logo":5059},{"logo":5065},{"logo":5071},{"logo":5077},{"logo":9598},{"logo":9609},{"logo":9675},{"logo":9664},{"logo":9653},{"logo":9642},{"logo":9631},{"logo":9620},{"logo":9719},{"logo":9708},{"logo":9697},{"logo":9686},{"logo":4279},{"logo":9730},{"logo":5437},{"logo":4207},{"logo":9741}]},{"acf_fc_layout":"contact_form","title":"Get in touch"}]},"yoast_head":"<!-- This site is optimized with the Yoast SEO plugin v27.3 - https:\/\/yoast.com\/product\/yoast-seo-wordpress\/ -->\n<title>Soluciones inspiradoras - HH Global<\/title>\n<meta name=\"robots\" content=\"index, follow, max-snippet:-1, max-image-preview:large, max-video-preview:-1\" \/>\n<link rel=\"canonical\" href=\"https:\/\/www.hhglobal.com\/es\/who-we-are\/inspiring-solutions\/\" \/>\n<meta property=\"og:locale\" content=\"es_ES\" \/>\n<meta property=\"og:type\" content=\"article\" \/>\n<meta property=\"og:title\" content=\"Soluciones inspiradoras - HH Global\" \/>\n<meta property=\"og:url\" content=\"https:\/\/www.hhglobal.com\/es\/who-we-are\/inspiring-solutions\/\" \/>\n<meta property=\"og:site_name\" content=\"HH Global\" \/>\n<meta property=\"article:modified_time\" content=\"2023-12-04T17:23:53+00:00\" \/>\n<meta name=\"twitter:card\" content=\"summary_large_image\" \/>\n<script type=\"application\/ld+json\" class=\"yoast-schema-graph\">{\"@context\":\"https:\\\/\\\/schema.org\",\"@graph\":[{\"@type\":\"WebPage\",\"@id\":\"https:\\\/\\\/www.hhglobal.com\\\/es\\\/who-we-are\\\/inspiring-solutions\\\/\",\"url\":\"https:\\\/\\\/www.hhglobal.com\\\/es\\\/who-we-are\\\/inspiring-solutions\\\/\",\"name\":\"Soluciones inspiradoras - HH Global\",\"isPartOf\":{\"@id\":\"https:\\\/\\\/www.hhglobal.com\\\/es\\\/#website\"},\"primaryImageOfPage\":{\"@id\":\"https:\\\/\\\/www.hhglobal.com\\\/es\\\/who-we-are\\\/inspiring-solutions\\\/#primaryimage\"},\"image\":{\"@id\":\"https:\\\/\\\/www.hhglobal.com\\\/es\\\/who-we-are\\\/inspiring-solutions\\\/#primaryimage\"},\"thumbnailUrl\":\"https:\\\/\\\/www.hhglobal.com\\\/wp-content\\\/uploads\\\/2024\\\/09\\\/Inspiring-solutions-social-image-1.png\",\"datePublished\":\"2023-10-04T15:12:24+00:00\",\"dateModified\":\"2023-12-04T17:23:53+00:00\",\"breadcrumb\":{\"@id\":\"https:\\\/\\\/www.hhglobal.com\\\/es\\\/who-we-are\\\/inspiring-solutions\\\/#breadcrumb\"},\"inLanguage\":\"es\",\"potentialAction\":[{\"@type\":\"ReadAction\",\"target\":[\"https:\\\/\\\/www.hhglobal.com\\\/es\\\/who-we-are\\\/inspiring-solutions\\\/\"]}]},{\"@type\":\"ImageObject\",\"inLanguage\":\"es\",\"@id\":\"https:\\\/\\\/www.hhglobal.com\\\/es\\\/who-we-are\\\/inspiring-solutions\\\/#primaryimage\",\"url\":\"https:\\\/\\\/www.hhglobal.com\\\/wp-content\\\/uploads\\\/2024\\\/09\\\/Inspiring-solutions-social-image-1.png\",\"contentUrl\":\"https:\\\/\\\/www.hhglobal.com\\\/wp-content\\\/uploads\\\/2024\\\/09\\\/Inspiring-solutions-social-image-1.png\",\"width\":10667,\"height\":7113},{\"@type\":\"BreadcrumbList\",\"@id\":\"https:\\\/\\\/www.hhglobal.com\\\/es\\\/who-we-are\\\/inspiring-solutions\\\/#breadcrumb\",\"itemListElement\":[{\"@type\":\"ListItem\",\"position\":1,\"name\":\"Home\",\"item\":\"https:\\\/\\\/www.hhglobal.com\\\/es\\\/\"},{\"@type\":\"ListItem\",\"position\":2,\"name\":\"Soluciones inspiradoras\"}]},{\"@type\":\"WebSite\",\"@id\":\"https:\\\/\\\/www.hhglobal.com\\\/es\\\/#website\",\"url\":\"https:\\\/\\\/www.hhglobal.com\\\/es\\\/\",\"name\":\"HH Global\",\"description\":\"The global, tech-enabled creative production and procurement partner.\",\"publisher\":{\"@id\":\"https:\\\/\\\/www.hhglobal.com\\\/es\\\/#organization\"},\"potentialAction\":[{\"@type\":\"SearchAction\",\"target\":{\"@type\":\"EntryPoint\",\"urlTemplate\":\"https:\\\/\\\/www.hhglobal.com\\\/es\\\/?s={search_term_string}\"},\"query-input\":{\"@type\":\"PropertyValueSpecification\",\"valueRequired\":true,\"valueName\":\"search_term_string\"}}],\"inLanguage\":\"es\"},{\"@type\":\"Organization\",\"@id\":\"https:\\\/\\\/www.hhglobal.com\\\/es\\\/#organization\",\"name\":\"HH Global\",\"url\":\"https:\\\/\\\/www.hhglobal.com\\\/es\\\/\",\"logo\":{\"@type\":\"ImageObject\",\"inLanguage\":\"es\",\"@id\":\"https:\\\/\\\/www.hhglobal.com\\\/es\\\/#\\\/schema\\\/logo\\\/image\\\/\",\"url\":\"https:\\\/\\\/www.hhglobal.com\\\/wp-content\\\/uploads\\\/2023\\\/12\\\/logo-white.svg\",\"contentUrl\":\"https:\\\/\\\/www.hhglobal.com\\\/wp-content\\\/uploads\\\/2023\\\/12\\\/logo-white.svg\",\"width\":77,\"height\":18,\"caption\":\"HH Global\"},\"image\":{\"@id\":\"https:\\\/\\\/www.hhglobal.com\\\/es\\\/#\\\/schema\\\/logo\\\/image\\\/\"}}]}<\/script>\n<!-- \/ Yoast SEO plugin. -->","yoast_head_json":{"title":"Soluciones inspiradoras - HH Global","robots":{"index":"index","follow":"follow","max-snippet":"max-snippet:-1","max-image-preview":"max-image-preview:large","max-video-preview":"max-video-preview:-1"},"canonical":"https:\/\/www.hhglobal.com\/es\/who-we-are\/inspiring-solutions\/","og_locale":"es_ES","og_type":"article","og_title":"Soluciones inspiradoras - HH Global","og_url":"https:\/\/www.hhglobal.com\/es\/who-we-are\/inspiring-solutions\/","og_site_name":"HH Global","article_modified_time":"2023-12-04T17:23:53+00:00","twitter_card":"summary_large_image","schema":{"@context":"https:\/\/schema.org","@graph":[{"@type":"WebPage","@id":"https:\/\/www.hhglobal.com\/es\/who-we-are\/inspiring-solutions\/","url":"https:\/\/www.hhglobal.com\/es\/who-we-are\/inspiring-solutions\/","name":"Soluciones inspiradoras - HH Global","isPartOf":{"@id":"https:\/\/www.hhglobal.com\/es\/#website"},"primaryImageOfPage":{"@id":"https:\/\/www.hhglobal.com\/es\/who-we-are\/inspiring-solutions\/#primaryimage"},"image":{"@id":"https:\/\/www.hhglobal.com\/es\/who-we-are\/inspiring-solutions\/#primaryimage"},"thumbnailUrl":"https:\/\/www.hhglobal.com\/wp-content\/uploads\/2024\/09\/Inspiring-solutions-social-image-1.png","datePublished":"2023-10-04T15:12:24+00:00","dateModified":"2023-12-04T17:23:53+00:00","breadcrumb":{"@id":"https:\/\/www.hhglobal.com\/es\/who-we-are\/inspiring-solutions\/#breadcrumb"},"inLanguage":"es","potentialAction":[{"@type":"ReadAction","target":["https:\/\/www.hhglobal.com\/es\/who-we-are\/inspiring-solutions\/"]}]},{"@type":"ImageObject","inLanguage":"es","@id":"https:\/\/www.hhglobal.com\/es\/who-we-are\/inspiring-solutions\/#primaryimage","url":"https:\/\/www.hhglobal.com\/wp-content\/uploads\/2024\/09\/Inspiring-solutions-social-image-1.png","contentUrl":"https:\/\/www.hhglobal.com\/wp-content\/uploads\/2024\/09\/Inspiring-solutions-social-image-1.png","width":10667,"height":7113},{"@type":"BreadcrumbList","@id":"https:\/\/www.hhglobal.com\/es\/who-we-are\/inspiring-solutions\/#breadcrumb","itemListElement":[{"@type":"ListItem","position":1,"name":"Home","item":"https:\/\/www.hhglobal.com\/es\/"},{"@type":"ListItem","position":2,"name":"Soluciones inspiradoras"}]},{"@type":"WebSite","@id":"https:\/\/www.hhglobal.com\/es\/#website","url":"https:\/\/www.hhglobal.com\/es\/","name":"HH Global","description":"The global, tech-enabled creative production and procurement partner.","publisher":{"@id":"https:\/\/www.hhglobal.com\/es\/#organization"},"potentialAction":[{"@type":"SearchAction","target":{"@type":"EntryPoint","urlTemplate":"https:\/\/www.hhglobal.com\/es\/?s={search_term_string}"},"query-input":{"@type":"PropertyValueSpecification","valueRequired":true,"valueName":"search_term_string"}}],"inLanguage":"es"},{"@type":"Organization","@id":"https:\/\/www.hhglobal.com\/es\/#organization","name":"HH Global","url":"https:\/\/www.hhglobal.com\/es\/","logo":{"@type":"ImageObject","inLanguage":"es","@id":"https:\/\/www.hhglobal.com\/es\/#\/schema\/logo\/image\/","url":"https:\/\/www.hhglobal.com\/wp-content\/uploads\/2023\/12\/logo-white.svg","contentUrl":"https:\/\/www.hhglobal.com\/wp-content\/uploads\/2023\/12\/logo-white.svg","width":77,"height":18,"caption":"HH Global"},"image":{"@id":"https:\/\/www.hhglobal.com\/es\/#\/schema\/logo\/image\/"}}]}},"_links":{"self":[{"href":"https:\/\/www.hhglobal.com\/es\/wp-json\/wp\/v2\/pages\/12112","targetHints":{"allow":["GET"]}}],"collection":[{"href":"https:\/\/www.hhglobal.com\/es\/wp-json\/wp\/v2\/pages"}],"about":[{"href":"https:\/\/www.hhglobal.com\/es\/wp-json\/wp\/v2\/types\/page"}],"author":[{"embeddable":true,"href":"https:\/\/www.hhglobal.com\/es\/wp-json\/wp\/v2\/users\/31"}],"replies":[{"embeddable":true,"href":"https:\/\/www.hhglobal.com\/es\/wp-json\/wp\/v2\/comments?post=12112"}],"version-history":[{"count":0,"href":"https:\/\/www.hhglobal.com\/es\/wp-json\/wp\/v2\/pages\/12112\/revisions"}],"wp:featuredmedia":[{"embeddable":true,"href":"https:\/\/www.hhglobal.com\/es\/wp-json\/wp\/v2\/media\/23148"}],"wp:attachment":[{"href":"https:\/\/www.hhglobal.com\/es\/wp-json\/wp\/v2\/media?parent=12112"}],"curies":[{"name":"wp","href":"https:\/\/api.w.org\/{rel}","templated":true}]}}