{"id":5879,"date":"2022-05-18T10:00:05","date_gmt":"2022-05-18T10:00:05","guid":{"rendered":"https:\/\/hhassoc-dev.sbx.world\/legal-information\/"},"modified":"2024-01-16T15:14:13","modified_gmt":"2024-01-16T15:14:13","slug":"legal-information","status":"publish","type":"page","link":"https:\/\/www.hhglobal.com\/de\/legal-information\/","title":{"rendered":"Rechtsinformation"},"content":{"rendered":"","protected":false},"excerpt":{"rendered":"","protected":false},"author":41,"featured_media":0,"parent":0,"menu_order":0,"comment_status":"closed","ping_status":"closed","template":"","meta":{"_acf_changed":"","_yoast_wpseo_focuskw":"","_yoast_wpseo_metadesc":"","_yoast_wpseo_linkdex":"","_yoast_wpseo_content_score":"","_yoast_wpseo_meta-robots-noindex":"","_yoast_wpseo_meta-robots-nofollow":"","inline_featured_image":[],"_genesis_block_theme_hide_title":false,"_cms_nav_minihome":"","_icl_lang_duplicate_of":"","_menu_item_classes":[],"_menu_item_menu_item_parent":"","_menu_item_object":"","_menu_item_object_id":"","_menu_item_orphaned":"","_menu_item_target":"","_menu_item_type":"","_menu_item_url":"","_menu_item_xfn":"","_seedprod_page":"","_seedprod_page_template_type":"","_seedprod_page_uuid":"","_top_nav_excluded":"","_wp_attachment_backup_sizes":[],"_wp_attachment_context":"","_wp_attachment_image_alt":"","_wp_old_date":"","_wpcode_auto_insert":"","_wpcode_auto_insert_number":"","_wpcode_library_id":"","_wpml_media_duplicate":"1","_wpml_media_featured":"1","_wpml_post_translation_editor_native":"","_wpml_word_count":"{\"total\":136,\"to_translate\":{\"zh-hans\":136,\"cs\":136,\"de\":136,\"ja\":136,\"pt-br\":136,\"es\":136}}","_yoast_wpseo_estimated-reading-time-minutes":["0"],"_yoast_wpseo_primary_category":"","_yoast_wpseo_primary_industry":"","_yoast_wpseo_primary_solution":"","_yoast_wpseo_primary_the_author":"","_yoast_wpseo_wordproof_timestamp":"","acfml_non_translatable_locations":[],"career_externalLink":"","career_featuredImage":"","career_title":"","casestudy_featuredImage":"","casestudy_title":"","infocallout_excerpt":"","infocallout_featuredImage":"","infocallout_title":"","jobTitle":"","language":"","name":"","profilePicture":"","wp-smpro-smush-data":[],"wp-smush-animated":"","wp-smush-ignore-bulk":"","wp-smush-lossy":"","wpml_media_processed":"","_wpcode_conditional_logic_enabled":"","_wpcode_location_extra":"","_wpcode_note":"","_wpcode_priority":"","_wpcode_shortcode_attributes":[],"footnotes":""},"class_list":["post-5879","page","type-page","status-publish","hentry","post","without-featured-image"],"acf":{"page_title":"Rechtsinformation | HH Global","page_description":"The global, tech-enabled creative production and procurement partner.","social_title":"","social_description":"","social_share_image":null,"modules":[{"acf_fc_layout":"hero","size":"medium","theme":"dark","choose_images":[{"image":2386}],"show_eyebrow":false,"eyebrow":"","title":"Rechtsinformation","show_cta":false,"cta_url":"","cta_title":""},{"acf_fc_layout":"rich_content","container_background_color":"bg-white","content":"<strong>HH Global Unternehmensgruppe\r\n<\/strong>Die HH Global Group of Companies besteht aus einer Reihe von juristischen Personen, die in verschiedenen L\u00e4ndern auf der ganzen Welt registriert sind. Die oberste Muttergesellschaft ist die HH Global Group Limited, eine in England und Wales registrierte Gesellschaft. Alle Unternehmen der Gruppe handeln als HH Global in ihren lokalen M\u00e4rkten.\r\n\r\n<a href=\"https:\/\/hhassoc-uat.sbx.world\/de\/group-tax-strategy\/\">Steuerstrategie der HH Global Group<\/a>\r\n\r\nHH Global Bericht zum geschlechtsspezifischen Lohngef\u00e4lle\r\n<a href=\"https:\/\/www.hhglobal.com\/wp-content\/uploads\/2022\/07\/2022-07-HH-Global-Gender-Pay-Gap-Report-March-2020-FINAL_SWv02.pdf\">Bericht 2020 ansehen<\/a>\r\n\r\n<a href=\"https:\/\/www.hhglobal.com\/wp-content\/uploads\/2022\/08\/HH-Global-Gender-Pay-Gap-Report-March-2019.pdf\">Bericht 2019 ansehen<\/a>\r\n\r\n<a href=\"https:\/\/www.hhglobal.com\/wp-content\/uploads\/2022\/08\/HH-Global-Gender-Pay-Gap-Report-March-2018.pdf\">Bericht 2018 ansehen<\/a>\r\n\r\n<a href=\"https:\/\/www.hhglobal.com\/wp-content\/uploads\/2023\/04\/2023-03-HH-Global-Gender-Pay-Gap-Report_FINAL.pdf\" target=\"_blank\" rel=\"noopener\">Bericht 2022 ansehen<\/a>\r\n\r\nGesetz \u00fcber moderne Sklaverei 2015\r\n<a href=\"https:\/\/www.hhglobal.com\/wp-content\/uploads\/2022\/07\/hh-global-slavery-and-human-trafficking-statement-2022_v02_legalrd_12072022.pdf\">In \u00dcbereinstimmung mit den Anforderungen dieses Gesetzes hat der Vorstand die folgende Erkl\u00e4rung zur Ver\u00f6ffentlichung genehmigt.<\/a>\r\n\r\nLeitlinien f\u00fcr den CO2-Reduktionsplan\r\n<a href=\"https:\/\/www.hhglobal.com\/wp-content\/uploads\/2022\/11\/HHG_Carbon_Reduction_2022Nov.pdf\">Sehen Sie sich die Vorlage f\u00fcr den CO2-Reduktionsplan von HH Global an<\/a>"}]},"yoast_head":"<!-- This site is optimized with the Yoast SEO plugin v27.3 - https:\/\/yoast.com\/product\/yoast-seo-wordpress\/ -->\n<title>Rechtsinformation - HH Global<\/title>\n<meta name=\"robots\" content=\"index, follow, max-snippet:-1, max-image-preview:large, max-video-preview:-1\" \/>\n<link rel=\"canonical\" href=\"https:\/\/www.hhglobal.com\/de\/legal-information\/\" \/>\n<meta property=\"og:locale\" content=\"de_DE\" \/>\n<meta property=\"og:type\" content=\"article\" \/>\n<meta property=\"og:title\" content=\"Rechtsinformation - HH Global\" \/>\n<meta property=\"og:url\" content=\"https:\/\/www.hhglobal.com\/de\/legal-information\/\" \/>\n<meta property=\"og:site_name\" content=\"HH Global\" \/>\n<meta property=\"article:modified_time\" content=\"2024-01-16T15:14:13+00:00\" \/>\n<meta name=\"twitter:card\" content=\"summary_large_image\" \/>\n<script type=\"application\/ld+json\" class=\"yoast-schema-graph\">{\"@context\":\"https:\\\/\\\/schema.org\",\"@graph\":[{\"@type\":\"WebPage\",\"@id\":\"https:\\\/\\\/www.hhglobal.com\\\/de\\\/legal-information\\\/\",\"url\":\"https:\\\/\\\/www.hhglobal.com\\\/de\\\/legal-information\\\/\",\"name\":\"Rechtsinformation - HH Global\",\"isPartOf\":{\"@id\":\"https:\\\/\\\/www.hhglobal.com\\\/de\\\/#website\"},\"datePublished\":\"2022-05-18T10:00:05+00:00\",\"dateModified\":\"2024-01-16T15:14:13+00:00\",\"breadcrumb\":{\"@id\":\"https:\\\/\\\/www.hhglobal.com\\\/de\\\/legal-information\\\/#breadcrumb\"},\"inLanguage\":\"de-DE\",\"potentialAction\":[{\"@type\":\"ReadAction\",\"target\":[\"https:\\\/\\\/www.hhglobal.com\\\/de\\\/legal-information\\\/\"]}]},{\"@type\":\"BreadcrumbList\",\"@id\":\"https:\\\/\\\/www.hhglobal.com\\\/de\\\/legal-information\\\/#breadcrumb\",\"itemListElement\":[{\"@type\":\"ListItem\",\"position\":1,\"name\":\"Home\",\"item\":\"https:\\\/\\\/www.hhglobal.com\\\/de\\\/\"},{\"@type\":\"ListItem\",\"position\":2,\"name\":\"Rechtsinformation\"}]},{\"@type\":\"WebSite\",\"@id\":\"https:\\\/\\\/www.hhglobal.com\\\/de\\\/#website\",\"url\":\"https:\\\/\\\/www.hhglobal.com\\\/de\\\/\",\"name\":\"HH Global\",\"description\":\"The global, tech-enabled creative production and procurement partner.\",\"publisher\":{\"@id\":\"https:\\\/\\\/www.hhglobal.com\\\/de\\\/#organization\"},\"potentialAction\":[{\"@type\":\"SearchAction\",\"target\":{\"@type\":\"EntryPoint\",\"urlTemplate\":\"https:\\\/\\\/www.hhglobal.com\\\/de\\\/?s={search_term_string}\"},\"query-input\":{\"@type\":\"PropertyValueSpecification\",\"valueRequired\":true,\"valueName\":\"search_term_string\"}}],\"inLanguage\":\"de-DE\"},{\"@type\":\"Organization\",\"@id\":\"https:\\\/\\\/www.hhglobal.com\\\/de\\\/#organization\",\"name\":\"HH Global\",\"url\":\"https:\\\/\\\/www.hhglobal.com\\\/de\\\/\",\"logo\":{\"@type\":\"ImageObject\",\"inLanguage\":\"de-DE\",\"@id\":\"https:\\\/\\\/www.hhglobal.com\\\/de\\\/#\\\/schema\\\/logo\\\/image\\\/\",\"url\":\"https:\\\/\\\/www.hhglobal.com\\\/wp-content\\\/uploads\\\/2023\\\/12\\\/logo-white.svg\",\"contentUrl\":\"https:\\\/\\\/www.hhglobal.com\\\/wp-content\\\/uploads\\\/2023\\\/12\\\/logo-white.svg\",\"width\":77,\"height\":18,\"caption\":\"HH Global\"},\"image\":{\"@id\":\"https:\\\/\\\/www.hhglobal.com\\\/de\\\/#\\\/schema\\\/logo\\\/image\\\/\"}}]}<\/script>\n<!-- \/ Yoast SEO plugin. -->","yoast_head_json":{"title":"Rechtsinformation - HH Global","robots":{"index":"index","follow":"follow","max-snippet":"max-snippet:-1","max-image-preview":"max-image-preview:large","max-video-preview":"max-video-preview:-1"},"canonical":"https:\/\/www.hhglobal.com\/de\/legal-information\/","og_locale":"de_DE","og_type":"article","og_title":"Rechtsinformation - HH Global","og_url":"https:\/\/www.hhglobal.com\/de\/legal-information\/","og_site_name":"HH Global","article_modified_time":"2024-01-16T15:14:13+00:00","twitter_card":"summary_large_image","schema":{"@context":"https:\/\/schema.org","@graph":[{"@type":"WebPage","@id":"https:\/\/www.hhglobal.com\/de\/legal-information\/","url":"https:\/\/www.hhglobal.com\/de\/legal-information\/","name":"Rechtsinformation - HH Global","isPartOf":{"@id":"https:\/\/www.hhglobal.com\/de\/#website"},"datePublished":"2022-05-18T10:00:05+00:00","dateModified":"2024-01-16T15:14:13+00:00","breadcrumb":{"@id":"https:\/\/www.hhglobal.com\/de\/legal-information\/#breadcrumb"},"inLanguage":"de-DE","potentialAction":[{"@type":"ReadAction","target":["https:\/\/www.hhglobal.com\/de\/legal-information\/"]}]},{"@type":"BreadcrumbList","@id":"https:\/\/www.hhglobal.com\/de\/legal-information\/#breadcrumb","itemListElement":[{"@type":"ListItem","position":1,"name":"Home","item":"https:\/\/www.hhglobal.com\/de\/"},{"@type":"ListItem","position":2,"name":"Rechtsinformation"}]},{"@type":"WebSite","@id":"https:\/\/www.hhglobal.com\/de\/#website","url":"https:\/\/www.hhglobal.com\/de\/","name":"HH Global","description":"The global, tech-enabled creative production and procurement partner.","publisher":{"@id":"https:\/\/www.hhglobal.com\/de\/#organization"},"potentialAction":[{"@type":"SearchAction","target":{"@type":"EntryPoint","urlTemplate":"https:\/\/www.hhglobal.com\/de\/?s={search_term_string}"},"query-input":{"@type":"PropertyValueSpecification","valueRequired":true,"valueName":"search_term_string"}}],"inLanguage":"de-DE"},{"@type":"Organization","@id":"https:\/\/www.hhglobal.com\/de\/#organization","name":"HH Global","url":"https:\/\/www.hhglobal.com\/de\/","logo":{"@type":"ImageObject","inLanguage":"de-DE","@id":"https:\/\/www.hhglobal.com\/de\/#\/schema\/logo\/image\/","url":"https:\/\/www.hhglobal.com\/wp-content\/uploads\/2023\/12\/logo-white.svg","contentUrl":"https:\/\/www.hhglobal.com\/wp-content\/uploads\/2023\/12\/logo-white.svg","width":77,"height":18,"caption":"HH Global"},"image":{"@id":"https:\/\/www.hhglobal.com\/de\/#\/schema\/logo\/image\/"}}]}},"_links":{"self":[{"href":"https:\/\/www.hhglobal.com\/de\/wp-json\/wp\/v2\/pages\/5879","targetHints":{"allow":["GET"]}}],"collection":[{"href":"https:\/\/www.hhglobal.com\/de\/wp-json\/wp\/v2\/pages"}],"about":[{"href":"https:\/\/www.hhglobal.com\/de\/wp-json\/wp\/v2\/types\/page"}],"author":[{"embeddable":true,"href":"https:\/\/www.hhglobal.com\/de\/wp-json\/wp\/v2\/users\/41"}],"replies":[{"embeddable":true,"href":"https:\/\/www.hhglobal.com\/de\/wp-json\/wp\/v2\/comments?post=5879"}],"version-history":[{"count":0,"href":"https:\/\/www.hhglobal.com\/de\/wp-json\/wp\/v2\/pages\/5879\/revisions"}],"wp:attachment":[{"href":"https:\/\/www.hhglobal.com\/de\/wp-json\/wp\/v2\/media?parent=5879"}],"curies":[{"name":"wp","href":"https:\/\/api.w.org\/{rel}","templated":true}]}}