{"id":5874,"date":"2022-04-26T04:01:15","date_gmt":"2022-04-26T04:01:15","guid":{"rendered":"https:\/\/hhassoc-dev.sbx.world\/homepage\/"},"modified":"2025-07-17T14:37:50","modified_gmt":"2025-07-17T14:37:50","slug":"homepage","status":"publish","type":"page","link":"https:\/\/www.hhglobal.com\/de\/","title":{"rendered":"Home Page (German)"},"content":{"rendered":"\r\n<p>home page<\/p>\r\n","protected":false},"excerpt":{"rendered":"<p>home page<\/p>\n","protected":false},"author":41,"featured_media":0,"parent":0,"menu_order":0,"comment_status":"closed","ping_status":"open","template":"","meta":{"_acf_changed":"","_yoast_wpseo_focuskw":"","_yoast_wpseo_metadesc":"","_yoast_wpseo_linkdex":"","_yoast_wpseo_content_score":"","_yoast_wpseo_meta-robots-noindex":"","_yoast_wpseo_meta-robots-nofollow":"","inline_featured_image":[],"_genesis_block_theme_hide_title":false,"_cms_nav_minihome":"","_icl_lang_duplicate_of":"","_menu_item_classes":[],"_menu_item_menu_item_parent":"","_menu_item_object":"","_menu_item_object_id":"","_menu_item_orphaned":"","_menu_item_target":"","_menu_item_type":"","_menu_item_url":"","_menu_item_xfn":"","_seedprod_page":"","_seedprod_page_template_type":"","_seedprod_page_uuid":"","_top_nav_excluded":"","_wp_attachment_backup_sizes":[],"_wp_attachment_context":"","_wp_attachment_image_alt":"","_wp_old_date":"","_wpcode_auto_insert":"","_wpcode_auto_insert_number":"","_wpcode_library_id":"","_wpml_media_duplicate":"1","_wpml_media_featured":"1","_wpml_post_translation_editor_native":"","_wpml_word_count":"{\"total\":77,\"to_translate\":{\"zh-hans\":77,\"cs\":77,\"de\":77,\"ja\":77,\"pt-br\":77,\"es\":77}}","_yoast_wpseo_estimated-reading-time-minutes":[],"_yoast_wpseo_primary_category":"","_yoast_wpseo_primary_industry":"","_yoast_wpseo_primary_solution":"","_yoast_wpseo_primary_the_author":"","_yoast_wpseo_wordproof_timestamp":"","acfml_non_translatable_locations":[],"career_externalLink":"","career_featuredImage":"","career_title":"","casestudy_featuredImage":"","casestudy_title":"","infocallout_excerpt":"","infocallout_featuredImage":"","infocallout_title":"","jobTitle":"","language":"","name":"","profilePicture":"","wp-smpro-smush-data":[],"wp-smush-animated":"","wp-smush-ignore-bulk":"","wp-smush-lossy":"","wpml_media_processed":"","_wpcode_conditional_logic_enabled":"","_wpcode_location_extra":"","_wpcode_note":"","_wpcode_priority":"","_wpcode_shortcode_attributes":[],"footnotes":""},"class_list":["post-5874","page","type-page","status-publish","hentry","post","without-featured-image"],"acf":{"page_title":"Globale kreative Produktions- und Beschaffungsl\u00f6sungen | HH Global","page_description":"Der weltweit wirkungsvollste, technologiegest\u00fctzte Partner in Sachen kreativer Produktion und Beschaffung f\u00fcr Handelsmarken, die nachhaltiges Wachstum anstreben","social_title":"","social_description":"","social_share_image":null,"modules":[{"acf_fc_layout":"hero","size":"large","theme":"dark","choose_images":[{"image":2416},{"image":2398},{"image":2404},{"image":2410}],"show_eyebrow":true,"eyebrow":"eyebrow","title":"Der globale, technologiegest\u00fctzte Partner f\u00fcr kreative Produktion und Beschaffung ","show_cta":true,"cta_url":"\/de\/company","cta_title":"Mehr \u00fcber uns"},{"acf_fc_layout":"data_visualization","title":"HH Global auf einen Blick  ","stats":[{"page_link":5851,"sub_heading":"Weltweit","heading":"","stat":"4.500","description_type":false,"description":"","styled_description":{"before_description_text":"Mitarbeiter die sich in","middle_stats":"64","after_description_text":"L\u00e4ndern f\u00fcr den Erfolg unserer Kunden engagieren"},"icon":3238,"hover_color":"secondary-blue"},{"page_link":5851,"sub_heading":"Weltweit","heading":"2.5 Milliarden US-Dollar Umsatz","stat":"","description_type":true,"description":"","styled_description":{"before_description_text":"","middle_stats":"","after_description_text":""},"icon":3232,"hover_color":"primary-green-2"},{"page_link":12118,"sub_heading":"Nachhaltigkeit","heading":"","stat":"+44k","description_type":true,"description":"Metrische Tonnen CO2 Reduktion bei erworbenen Waren und Dienstleistungen","styled_description":{"before_description_text":"","middle_stats":"","after_description_text":""},"icon":3256,"hover_color":"primary-green-2"},{"page_link":5844,"sub_heading":"Globale kreative Produktion","heading":"","stat":"26","description_type":true,"description":"Kreative Studios","styled_description":{"before_description_text":"","middle_stats":"","after_description_text":""},"icon":3250,"hover_color":"secondary-purple"},{"page_link":5798,"sub_heading":"Beschaffung","heading":"","stat":"25%","description_type":true,"description":"Einsparungen f\u00fcr Kunden","styled_description":{"before_description_text":"","middle_stats":"","after_description_text":""},"icon":null,"hover_color":"secondary-dark-blue"},{"page_link":5802,"sub_heading":"Technologie","heading":"","stat":"1,3 Mio","description_type":true,"description":"\u00fcber unsere Technologie abgewickelte Transaktionen","styled_description":{"before_description_text":"","middle_stats":"","after_description_text":""},"icon":3226,"hover_color":"secondary-dark-blue"},{"page_link":5798,"sub_heading":"Beschaffung","heading":"","stat":"8.606","description_type":true,"description":"strategische Lieferpartner weltweit, die\r\n19 relevante Kategorien abdecken","styled_description":{"before_description_text":"","middle_stats":"","after_description_text":""},"icon":null,"hover_color":"primary-green-2"},{"page_link":5802,"sub_heading":"Technologie","heading":"","stat":"89.485","description_type":true,"description":"Aktive Nutzer unserer Technologie","styled_description":{"before_description_text":"","middle_stats":"","after_description_text":""},"icon":3244,"hover_color":"secondary-purple"},{"page_link":5844,"sub_heading":"Globale Kreative Produktion","heading":"","stat":"72.015","description_type":true,"description":"digitale Dateien verwaltet","styled_description":{"before_description_text":"","middle_stats":"","after_description_text":""},"icon":null,"hover_color":"primary-green-2"}]},{"acf_fc_layout":"cards","container_background_color":"bg-pure-black","show_heading":true,"heading":"Partnerschaften mit Marken, die ein st\u00e4rkeres, nachhaltigeres Wachstum anstreben\u00a0","content":"","cards":{"layout":"case-studies-layout","sub_layout":"default","cards_display_mode":"bg-white","solution_term":null,"industry_term":null,"author_term":null,"region_term":null,"choose_cards":[365],"choose_case_studies":[5699,5743,5721,5736,5720,5713,585,5706],"choose_featured_case_studies":null,"choose_staff_members":null,"choose_careers":null,"choose_info_callouts":null,"show_titles":true,"show_description":true,"show_date":false,"show_sector":false}},{"acf_fc_layout":"text_with_media","scroll_to_link":"","theme":"dark","container_background_color":"bg-pure-black","show_eyebrow":false,"eyebrow":"","show_title":true,"title":"Branchenf\u00fchrende eigene Technologie","show_sub_title":false,"sub_title":"","content":"<p class=\"p1\">Unsere einzigartige Technologieplattform optimiert jeden Schritt des Prozesses, um Verschwendung zu reduzieren, Wachstum voranzutreiben und nach Bedarf anzupassen. Sie liefert Kunden die Daten und Erkenntnisse, die sie ben\u00f6tigen, um Marken, L\u00e4nder und Regionen auf der ganzen Welt zu koordinieren, Die klare Leistungsmessung und Berichterstattung helfen bei der Optimierung der Budgetstrategie f\u00fcr ein nachhaltigeres Marketing.<\/p>","cta_url":"\/de\/technology","cta_text":"Mehr zur Technologieplattform","open_in_new_window":false,"choose_media":[{"image":3556}],"image_alignment":"right","image_fit":"cover","image_size":"half-width","vimeoid":"","ytid":""},{"acf_fc_layout":"sustainability","container_background_color":"bg-pure-black","title":"Nachhaltigkeit z\u00e4hlt","sustainability_features":[{"icon":2302,"stats":"40%","stats_color":"primary-green","description":"weniger Strom im Vergleich zum Vorjahr"},{"icon":3928,"stats":"8%","stats_color":"secondary-blue","description":"Reduzierung unserer Gesamtemissionen im Vergleich zum Vorjahr"},{"icon":2314,"stats":"+44.000 ","stats_color":"light-purple","description":"Tonnen CO2-Reduktion f\u00fcr unsere Kunden im Vergleich zum Vorjahr"}]},{"acf_fc_layout":"text_with_media","scroll_to_link":"","theme":"dark","container_background_color":"bg-pure-black","show_eyebrow":false,"eyebrow":"","show_title":true,"title":"Technologie f\u00fcr nachhaltige Innovation","show_sub_title":true,"sub_title":"","content":"<p class=\"p1\">Als f\u00fchrendes Unternehmen im Bereich Nachhaltigkeit passen wir technologiegesteuerte L\u00f6sungen an, um Ihre Ziele zu unterst\u00fctzen. Dazu geh\u00f6ren unsere firmeneigenen Tools zur Messung der Umweltmessung und CO2-Auswirkungstechnologien \u2013 damit Sie Fundiertere und nachhaltige Marketingentscheidungen treffen k\u00f6nnen.<\/p>","cta_url":"\/de\/sustainable-growth\/","cta_text":"Mehr \u00fcber Nachhaltigkeit","open_in_new_window":false,"choose_media":[{"image":3106}],"image_alignment":"left","image_fit":"cover","image_size":"half-width","vimeoid":"","ytid":""},{"acf_fc_layout":"contact_form","title":"Kontakt aufnehmen"},{"acf_fc_layout":"map","title":"Die regionalen Zentralen vertreten Mitarbeiter in 64 L\u00e4ndern","locations":[{"region":"REGIONAL NORTH AMERICA HEADQUARTERs","title":"HH Global | Chicago","address":[{"line":"203 N. LaSalle"},{"line":"Chicago, IL 60601"},{"line":"United States"}],"map_label":"Chicago","map_dotx":"12%","map_doxy":"35%","map_boxx":"62px","map_boxy":"-14px"},{"region":"REGIONAL LATIN AMERICA HEADQUARTERs","title":"HH Global | Mexico City","address":[{"line":"Av. P.\u00ba de la Reforma 350"},{"line":"Ju\u00e1rez, Cuauht\u00e9moc"},{"line":"06600 Ciudad de M\u00e9xico"},{"line":"CDMX, M\u00e9xico"}],"map_label":"Mexico","map_dotx":"5.5%","map_doxy":"63%","map_boxx":"60px","map_boxy":"-60px"},{"region":"REGIONAL EMEA HEADQUARTERs","title":"HH Global | London","address":[{"line":"Grove House,"},{"line":"Guildford Road,"},{"line":"Leatherhead, Surrey KT22 9DF"},{"line":"United Kingdom"}],"map_label":"United Kingdom","map_dotx":"42.2%","map_doxy":"15%","map_boxx":"45px","map_boxy":"21px"},{"region":"REGIONAL ASIA-PACIFIC HEADQUARTERs","title":"HH Global | Hong Kong","address":[{"line":"20th Floor, East Town Building,"},{"line":"No. 41 Lockhart Road, Wan Chai,"},{"line":"Hong Kong Island,"},{"line":"Hong Kong S.A.R."}],"map_label":"Hong Kong","map_dotx":"94.5%","map_doxy":"54.8%","map_boxx":"-363px","map_boxy":"-136px"}]}]},"yoast_head":"<!-- This site is optimized with the Yoast SEO plugin v27.3 - https:\/\/yoast.com\/product\/yoast-seo-wordpress\/ -->\n<title>Home Page (German) - HH Global<\/title>\n<meta name=\"robots\" content=\"index, follow, max-snippet:-1, max-image-preview:large, max-video-preview:-1\" \/>\n<link rel=\"canonical\" href=\"https:\/\/www.hhglobal.com\/de\/\" \/>\n<meta property=\"og:locale\" content=\"de_DE\" \/>\n<meta property=\"og:type\" content=\"article\" \/>\n<meta property=\"og:title\" content=\"Home Page (German) - HH Global\" \/>\n<meta property=\"og:description\" content=\"home page\" \/>\n<meta property=\"og:url\" content=\"https:\/\/www.hhglobal.com\/de\/\" \/>\n<meta property=\"og:site_name\" content=\"HH Global\" \/>\n<meta property=\"article:modified_time\" content=\"2025-07-17T14:37:50+00:00\" \/>\n<meta name=\"twitter:card\" content=\"summary_large_image\" \/>\n<script type=\"application\/ld+json\" class=\"yoast-schema-graph\">{\"@context\":\"https:\\\/\\\/schema.org\",\"@graph\":[{\"@type\":\"WebPage\",\"@id\":\"https:\\\/\\\/www.hhglobal.com\\\/de\\\/\",\"url\":\"https:\\\/\\\/www.hhglobal.com\\\/de\\\/\",\"name\":\"Home Page (German) - HH Global\",\"isPartOf\":{\"@id\":\"https:\\\/\\\/www.hhglobal.com\\\/de\\\/#website\"},\"datePublished\":\"2022-04-26T04:01:15+00:00\",\"dateModified\":\"2025-07-17T14:37:50+00:00\",\"breadcrumb\":{\"@id\":\"https:\\\/\\\/www.hhglobal.com\\\/de\\\/#breadcrumb\"},\"inLanguage\":\"de-DE\",\"potentialAction\":[{\"@type\":\"ReadAction\",\"target\":[\"https:\\\/\\\/www.hhglobal.com\\\/de\\\/\"]}]},{\"@type\":\"BreadcrumbList\",\"@id\":\"https:\\\/\\\/www.hhglobal.com\\\/de\\\/#breadcrumb\",\"itemListElement\":[{\"@type\":\"ListItem\",\"position\":1,\"name\":\"Home\",\"item\":\"https:\\\/\\\/www.hhglobal.com\\\/de\\\/\"},{\"@type\":\"ListItem\",\"position\":2,\"name\":\"Home Page (German)\"}]},{\"@type\":\"WebSite\",\"@id\":\"https:\\\/\\\/www.hhglobal.com\\\/de\\\/#website\",\"url\":\"https:\\\/\\\/www.hhglobal.com\\\/de\\\/\",\"name\":\"HH Global\",\"description\":\"The global, tech-enabled creative production and procurement partner.\",\"publisher\":{\"@id\":\"https:\\\/\\\/www.hhglobal.com\\\/de\\\/#organization\"},\"potentialAction\":[{\"@type\":\"SearchAction\",\"target\":{\"@type\":\"EntryPoint\",\"urlTemplate\":\"https:\\\/\\\/www.hhglobal.com\\\/de\\\/?s={search_term_string}\"},\"query-input\":{\"@type\":\"PropertyValueSpecification\",\"valueRequired\":true,\"valueName\":\"search_term_string\"}}],\"inLanguage\":\"de-DE\"},{\"@type\":\"Organization\",\"@id\":\"https:\\\/\\\/www.hhglobal.com\\\/de\\\/#organization\",\"name\":\"HH Global\",\"url\":\"https:\\\/\\\/www.hhglobal.com\\\/de\\\/\",\"logo\":{\"@type\":\"ImageObject\",\"inLanguage\":\"de-DE\",\"@id\":\"https:\\\/\\\/www.hhglobal.com\\\/de\\\/#\\\/schema\\\/logo\\\/image\\\/\",\"url\":\"https:\\\/\\\/www.hhglobal.com\\\/wp-content\\\/uploads\\\/2023\\\/12\\\/logo-white.svg\",\"contentUrl\":\"https:\\\/\\\/www.hhglobal.com\\\/wp-content\\\/uploads\\\/2023\\\/12\\\/logo-white.svg\",\"width\":77,\"height\":18,\"caption\":\"HH Global\"},\"image\":{\"@id\":\"https:\\\/\\\/www.hhglobal.com\\\/de\\\/#\\\/schema\\\/logo\\\/image\\\/\"}}]}<\/script>\n<!-- \/ Yoast SEO plugin. -->","yoast_head_json":{"title":"Home Page (German) - HH Global","robots":{"index":"index","follow":"follow","max-snippet":"max-snippet:-1","max-image-preview":"max-image-preview:large","max-video-preview":"max-video-preview:-1"},"canonical":"https:\/\/www.hhglobal.com\/de\/","og_locale":"de_DE","og_type":"article","og_title":"Home Page (German) - HH Global","og_description":"home page","og_url":"https:\/\/www.hhglobal.com\/de\/","og_site_name":"HH Global","article_modified_time":"2025-07-17T14:37:50+00:00","twitter_card":"summary_large_image","schema":{"@context":"https:\/\/schema.org","@graph":[{"@type":"WebPage","@id":"https:\/\/www.hhglobal.com\/de\/","url":"https:\/\/www.hhglobal.com\/de\/","name":"Home Page (German) - HH Global","isPartOf":{"@id":"https:\/\/www.hhglobal.com\/de\/#website"},"datePublished":"2022-04-26T04:01:15+00:00","dateModified":"2025-07-17T14:37:50+00:00","breadcrumb":{"@id":"https:\/\/www.hhglobal.com\/de\/#breadcrumb"},"inLanguage":"de-DE","potentialAction":[{"@type":"ReadAction","target":["https:\/\/www.hhglobal.com\/de\/"]}]},{"@type":"BreadcrumbList","@id":"https:\/\/www.hhglobal.com\/de\/#breadcrumb","itemListElement":[{"@type":"ListItem","position":1,"name":"Home","item":"https:\/\/www.hhglobal.com\/de\/"},{"@type":"ListItem","position":2,"name":"Home Page (German)"}]},{"@type":"WebSite","@id":"https:\/\/www.hhglobal.com\/de\/#website","url":"https:\/\/www.hhglobal.com\/de\/","name":"HH Global","description":"The global, tech-enabled creative production and procurement partner.","publisher":{"@id":"https:\/\/www.hhglobal.com\/de\/#organization"},"potentialAction":[{"@type":"SearchAction","target":{"@type":"EntryPoint","urlTemplate":"https:\/\/www.hhglobal.com\/de\/?s={search_term_string}"},"query-input":{"@type":"PropertyValueSpecification","valueRequired":true,"valueName":"search_term_string"}}],"inLanguage":"de-DE"},{"@type":"Organization","@id":"https:\/\/www.hhglobal.com\/de\/#organization","name":"HH Global","url":"https:\/\/www.hhglobal.com\/de\/","logo":{"@type":"ImageObject","inLanguage":"de-DE","@id":"https:\/\/www.hhglobal.com\/de\/#\/schema\/logo\/image\/","url":"https:\/\/www.hhglobal.com\/wp-content\/uploads\/2023\/12\/logo-white.svg","contentUrl":"https:\/\/www.hhglobal.com\/wp-content\/uploads\/2023\/12\/logo-white.svg","width":77,"height":18,"caption":"HH Global"},"image":{"@id":"https:\/\/www.hhglobal.com\/de\/#\/schema\/logo\/image\/"}}]}},"_links":{"self":[{"href":"https:\/\/www.hhglobal.com\/de\/wp-json\/wp\/v2\/pages\/5874","targetHints":{"allow":["GET"]}}],"collection":[{"href":"https:\/\/www.hhglobal.com\/de\/wp-json\/wp\/v2\/pages"}],"about":[{"href":"https:\/\/www.hhglobal.com\/de\/wp-json\/wp\/v2\/types\/page"}],"author":[{"embeddable":true,"href":"https:\/\/www.hhglobal.com\/de\/wp-json\/wp\/v2\/users\/41"}],"replies":[{"embeddable":true,"href":"https:\/\/www.hhglobal.com\/de\/wp-json\/wp\/v2\/comments?post=5874"}],"version-history":[{"count":0,"href":"https:\/\/www.hhglobal.com\/de\/wp-json\/wp\/v2\/pages\/5874\/revisions"}],"wp:attachment":[{"href":"https:\/\/www.hhglobal.com\/de\/wp-json\/wp\/v2\/media?parent=5874"}],"curies":[{"name":"wp","href":"https:\/\/api.w.org\/{rel}","templated":true}]}}