{"id":5851,"date":"2022-05-18T10:29:31","date_gmt":"2022-05-18T10:29:31","guid":{"rendered":"https:\/\/hhassoc-dev.sbx.world\/company\/"},"modified":"2023-11-22T16:02:12","modified_gmt":"2023-11-22T16:02:12","slug":"company","status":"publish","type":"page","link":"https:\/\/www.hhglobal.com\/de\/who-we-are\/company\/","title":{"rendered":"Unser Unternehmen"},"content":{"rendered":"","protected":false},"excerpt":{"rendered":"","protected":false},"author":41,"featured_media":0,"parent":0,"menu_order":0,"comment_status":"closed","ping_status":"closed","template":"","meta":{"_acf_changed":"","_yoast_wpseo_focuskw":"","_yoast_wpseo_metadesc":"","_yoast_wpseo_linkdex":"","_yoast_wpseo_content_score":"","_yoast_wpseo_meta-robots-noindex":"","_yoast_wpseo_meta-robots-nofollow":"","inline_featured_image":[],"_genesis_block_theme_hide_title":false,"_cms_nav_minihome":"","_icl_lang_duplicate_of":"","_menu_item_classes":[],"_menu_item_menu_item_parent":"","_menu_item_object":"","_menu_item_object_id":"","_menu_item_orphaned":"","_menu_item_target":"","_menu_item_type":"","_menu_item_url":"","_menu_item_xfn":"","_seedprod_page":"","_seedprod_page_template_type":"","_seedprod_page_uuid":"","_top_nav_excluded":"","_wp_attachment_backup_sizes":[],"_wp_attachment_context":"","_wp_attachment_image_alt":"","_wp_old_date":"","_wpcode_auto_insert":"","_wpcode_auto_insert_number":"","_wpcode_library_id":"","_wpml_media_duplicate":"1","_wpml_media_featured":"1","_wpml_post_translation_editor_native":"","_wpml_word_count":"{\"total\":32,\"to_translate\":null}","_yoast_wpseo_estimated-reading-time-minutes":[],"_yoast_wpseo_primary_category":"","_yoast_wpseo_primary_industry":"","_yoast_wpseo_primary_solution":"","_yoast_wpseo_primary_the_author":"","_yoast_wpseo_wordproof_timestamp":"","acfml_non_translatable_locations":[],"career_externalLink":"","career_featuredImage":"","career_title":"","casestudy_featuredImage":"","casestudy_title":"","infocallout_excerpt":"","infocallout_featuredImage":"","infocallout_title":"","jobTitle":"","language":"","name":"","profilePicture":"","wp-smpro-smush-data":[],"wp-smush-animated":"","wp-smush-ignore-bulk":"","wp-smush-lossy":"","wpml_media_processed":"","_wpcode_conditional_logic_enabled":"","_wpcode_location_extra":"","_wpcode_note":"","_wpcode_priority":"","_wpcode_shortcode_attributes":[],"footnotes":""},"class_list":["post-5851","page","type-page","status-publish","hentry","post","without-featured-image"],"acf":{"page_title":"Branchenf\u00fchrer f\u00fcr kreative Produktion und Beschaffung | HH Global ","page_description":"Erfahren Sie, warum HH Global \u2013 Experten f\u00fcr technologiegest\u00fctzte kreative Produktion und Beschaffung \u2013 der richtige Partner ist, um Sie bei der nachhaltigen Verst\u00e4rkung des globalen Marketings zu unterst\u00fctzen.","social_title":"","social_description":"","social_share_image":null,"modules":[{"acf_fc_layout":"hero","size":"small","theme":"light","choose_images":[{"image":null}],"show_eyebrow":false,"eyebrow":"Eyebrow title here","title":"Unser Unternehmen","show_cta":false,"cta_url":"","cta_title":""},{"acf_fc_layout":"video","container_background_color":"bg-white","layout_style":"waffle","video_show_title":true,"video_title":"Gro\u00dfe Wirkung f\u00fcr Ihre gro\u00dfen Ideen","poster":3892,"vimeoid":"https:\/\/player.vimeo.com\/video\/828384332","ytid":""},{"acf_fc_layout":"text_with_media_carousel","scroll_to_link":"","theme":"light","container_background_color":"bg-grey","highlight_color":"purple","title":"Ihr Wachstumspartner","content":"<p class=\"p1\">Wir sind der weltweit f\u00fchrende Anbieter von technologiegest\u00fctzter kreativer Produktion und Beschaffung. Wir verst\u00e4rken Ihre Marketingkampagnen durch konkurrenzlose Produktion, F\u00fchrung in der Beschaffung und die fortschrittlichsten Nachhaltigkeitsfunktionen, die zur Verf\u00fcgung stehen. All dies wird in gro\u00dfem Umfang durch branchenf\u00fchrende Technologie und das Know-how unserer leidenschaftlichen Mitarbeiter bereitgestellt.<\/p>","additional_spacing":false,"features_title":"Wie wir diese Wirkung erzielen","features":[{"navigation_label":"Technologie","show_title":true,"title":"Technologie","show_subtitle":false,"subtitle":"","content":"Firmeneigene Technologie zur Steigerung der Kapitalrendite und Betriebseffizienz\r\n\r\nMit unserer branchenf\u00fchrenden Technologieplattform k\u00f6nnen Sie:\r\n<ul>\r\n \t<li>verstehen, was Sie kaufen, Ausgaben verfolgen und die Leistung messen, um eine kontinuierliche Verbesserung zu erm\u00f6glichen<\/li>\r\n \t<li>skalierte Erkenntnisse und Effizienzen erfassen und gleichzeitig Marken \u00fcber L\u00e4nder und Regionen hinweg vereinheitlichen<\/li>\r\n \t<li>Funktionen optimieren, die Ihre Marketing-Lebenszyklen unterst\u00fctzen, Verschwendung reduzieren, Wachstum vorantreiben und Umgestaltung unterst\u00fctzen<\/li>\r\n<\/ul>","choose_media":[{"image":3634}],"vimeoid":"","ytid":""},{"navigation_label":"Kreative Produktion  ","show_title":true,"title":"Kreative Produktion  ","show_subtitle":false,"subtitle":"","content":"Datengesteuerte kreative Produktion zur St\u00e4rkung der Markenpr\u00e4senz\r\n\r\nDurch unser weltweites digitales Studionetzwerk und ein wirklich globales Team:\r\n<ul>\r\n \t<li>verst\u00e4rken wir kreative Kampagnen f\u00fcr Marken \u00fcber alle Medien, alle Kan\u00e4le und alle M\u00e4rkte<\/li>\r\n \t<li>liefern wir durchdachtes, wirkungsvolles Design, das Markenkonsistenz und kategorisches Wachstum vorantreibt<\/li>\r\n \t<li>bieten wir volumenoptimierte dedizierte Ressourcen, transparente Tarife sowie Zeit- und Ressourcenverfolgung<\/li>\r\n<\/ul>","choose_media":[{"image":2746}],"vimeoid":"","ytid":""},{"navigation_label":"F\u00fchrung in der Beschaffung","show_title":true,"title":"F\u00fchrung in der Beschaffung","show_subtitle":false,"subtitle":"","content":"Profitieren Sie von einem konkurrenzlosen Beschaffungshebel\r\n<p class=\"p1\">Als Branchenf\u00fchrer in der Beschaffung mit einem Umsatz von \u00fcber 2 Milliarden US-Dollar:<\/p>\r\n\r\n<ul>\r\n \t<li class=\"p2\">setzen wir un\u00fcbertroffene Branchen- und Vertriebsexpertise in gro\u00dfem Umfang ein<\/li>\r\n \t<li class=\"p2\">bieten wir ma\u00dfgeschneiderte Beschaffungsprogramme, die Risiken mindern und Ihre Lieferkette optimieren<\/li>\r\n \t<li class=\"p2\">kaufen wir strategisch bei \u00fcber 8.600 Lieferantenpartnern in allen Produktkategorien weltweit ein<\/li>\r\n \t<li class=\"p2\">investieren wir kontinuierlich in unsere nachhaltige Lieferkette und f\u00f6rdern Vielfalt und Inklusion<\/li>\r\n<\/ul>","choose_media":[{"image":2830}],"vimeoid":"","ytid":""},{"navigation_label":"Nachhaltige Innovation","show_title":true,"title":"Nachhaltige Innovation","show_subtitle":false,"subtitle":"","content":"Branchenf\u00fchrende Nachhaltigkeitstechnologien und -strategien\r\n<p class=\"p1\"><span class=\"s1\">Durch unser tiefes Engagement f\u00fcr globale Nachhaltigkeit haben wir entscheidende F\u00e4higkeiten entwickelt, um Folgendes bereitzustellen:<\/span><\/p>\r\n\r\n<ul>\r\n \t<li class=\"p2\">ma\u00dfgeschneiderte, eingebettete L\u00f6sungen zur Unterst\u00fctzung Ihrer Nachhaltigkeitsziele<\/li>\r\n \t<li class=\"p2\">fortschrittliche Erkenntnisse, die Ihnen helfen, fundierte, nachhaltige Entscheidungen zu treffen<\/li>\r\n \t<li class=\"p2\">branchenf\u00fchrenden Rahmen f\u00fcr die Zertifizierung von Anbietern, der an den UN-Zielen f\u00fcr nachhaltige Entwicklung ausgerichtet ist<\/li>\r\n<\/ul>","choose_media":[{"image":2560}],"vimeoid":"","ytid":""},{"navigation_label":"Intelligente Partnerschaften ","show_title":true,"title":"Intelligente Partnerschaften ","show_subtitle":false,"subtitle":"","content":"Der einflussreichste Partner der Welt\r\n<p class=\"p1\">Wir arbeiten Seite an Seite mit Ihnen zusammen und schaffen gro\u00dfe Wirkung f\u00fcr Ihre gro\u00dfen Ideen:<\/p>\r\n\r\n<ul>\r\n \t<li class=\"p2\">durch die erstklassige Expertise unserer Mitarbeiter, die in Ihr Unternehmen, Ihre Marke und Ihre Kultur eingebettet sind<\/li>\r\n \t<li class=\"p2\">durch globale F\u00e4higkeiten, die mit einem lokalen Ansatz bereitgestellt werden<\/li>\r\n \t<li class=\"p2\">durch die Tiefe und Breite unserer Erfahrung, die mehr als 150 der weltweit f\u00fchrenden Marken bedient<\/li>\r\n \t<li class=\"p2\">durch technologiegesteuerte Transparenz und Erkenntnisse f\u00fcr eine verbesserte Entscheidungsfindung<\/li>\r\n<\/ul>\r\n&nbsp;","choose_media":[{"image":2566}],"vimeoid":"","ytid":""}]},{"acf_fc_layout":"content_block","container_background_color":"bg-grey","show_header":false,"header":"","contents":[{"show_header_icon":false,"header_icon":null,"show_header":true,"header":"+2.5 Milliarden","header_color":"secondary-blue","show_subheader":true,"subheader":"verwaltete Ausgaben","description":""},{"show_header_icon":false,"header_icon":null,"show_header":true,"header":"99%","header_color":"purple","show_subheader":true,"subheader":"Kundenbindung","description":"<p class=\"p1\">\u00dcber 99 % unserer Kunden arbeitet auch bei zuk\u00fcnftigen Projekten mit uns zusammen<\/p>"},{"show_header_icon":false,"header_icon":null,"show_header":true,"header":"+1.000","header_color":"light-purple","show_subheader":true,"subheader":"Marken vertreten","description":"<p class=\"p1\">Wir sind Partner von mehr als einem Drittel der 100 weltweit f\u00fchrenden Unternehmen, die mehr als 1.000 Marken vertreten<\/p>"},{"show_header_icon":false,"header_icon":null,"show_header":true,"header":"4.500","header_color":"light-purple","show_subheader":true,"subheader":"Mitarbeiter","description":"Ein globales Team, das sich dem Erfolg unserer Kunden gewidmet hat"},{"show_header_icon":false,"header_icon":null,"show_header":true,"header":"90","header_color":"purple","show_subheader":true,"subheader":"L\u00e4nder bedient","description":"Mit Mitarbeitern in 64 L\u00e4ndern"}]},{"acf_fc_layout":"clients_awards","title":"Unsere Kunden","logos":[{"logo":3700},{"logo":3706},{"logo":5194},{"logo":3718},{"logo":3724},{"logo":3730},{"logo":3736},{"logo":5230},{"logo":3748},{"logo":3922},{"logo":3898},{"logo":3916},{"logo":3766},{"logo":3904},{"logo":3784},{"logo":5200},{"logo":3796},{"logo":5422},{"logo":5158},{"logo":3814},{"logo":3826},{"logo":3832},{"logo":3838},{"logo":3844},{"logo":null}]},{"acf_fc_layout":"contact_form","scroll_to_link":"","title":"Kontakt aufnehmen"}]},"yoast_head":"<!-- This site is optimized with the Yoast SEO plugin v27.4 - https:\/\/yoast.com\/product\/yoast-seo-wordpress\/ -->\n<title>Unser Unternehmen - HH Global<\/title>\n<meta name=\"robots\" content=\"index, follow, max-snippet:-1, max-image-preview:large, max-video-preview:-1\" \/>\n<link rel=\"canonical\" href=\"https:\/\/www.hhglobal.com\/de\/who-we-are\/company\/\" \/>\n<meta property=\"og:locale\" content=\"de_DE\" \/>\n<meta property=\"og:type\" content=\"article\" \/>\n<meta property=\"og:title\" content=\"Unser Unternehmen - HH Global\" \/>\n<meta property=\"og:url\" content=\"https:\/\/www.hhglobal.com\/de\/who-we-are\/company\/\" \/>\n<meta property=\"og:site_name\" content=\"HH Global\" \/>\n<meta property=\"article:modified_time\" content=\"2023-11-22T16:02:12+00:00\" \/>\n<meta name=\"twitter:card\" content=\"summary_large_image\" \/>\n<script type=\"application\/ld+json\" class=\"yoast-schema-graph\">{\"@context\":\"https:\\\/\\\/schema.org\",\"@graph\":[{\"@type\":\"WebPage\",\"@id\":\"https:\\\/\\\/www.hhglobal.com\\\/de\\\/who-we-are\\\/company\\\/\",\"url\":\"https:\\\/\\\/www.hhglobal.com\\\/de\\\/who-we-are\\\/company\\\/\",\"name\":\"Unser Unternehmen - HH Global\",\"isPartOf\":{\"@id\":\"https:\\\/\\\/www.hhglobal.com\\\/de\\\/#website\"},\"datePublished\":\"2022-05-18T10:29:31+00:00\",\"dateModified\":\"2023-11-22T16:02:12+00:00\",\"breadcrumb\":{\"@id\":\"https:\\\/\\\/www.hhglobal.com\\\/de\\\/who-we-are\\\/company\\\/#breadcrumb\"},\"inLanguage\":\"de-DE\",\"potentialAction\":[{\"@type\":\"ReadAction\",\"target\":[\"https:\\\/\\\/www.hhglobal.com\\\/de\\\/who-we-are\\\/company\\\/\"]}]},{\"@type\":\"BreadcrumbList\",\"@id\":\"https:\\\/\\\/www.hhglobal.com\\\/de\\\/who-we-are\\\/company\\\/#breadcrumb\",\"itemListElement\":[{\"@type\":\"ListItem\",\"position\":1,\"name\":\"Home\",\"item\":\"https:\\\/\\\/www.hhglobal.com\\\/de\\\/\"},{\"@type\":\"ListItem\",\"position\":2,\"name\":\"Unser Unternehmen\"}]},{\"@type\":\"WebSite\",\"@id\":\"https:\\\/\\\/www.hhglobal.com\\\/de\\\/#website\",\"url\":\"https:\\\/\\\/www.hhglobal.com\\\/de\\\/\",\"name\":\"HH Global\",\"description\":\"The global, tech-enabled creative production and procurement partner.\",\"publisher\":{\"@id\":\"https:\\\/\\\/www.hhglobal.com\\\/de\\\/#organization\"},\"potentialAction\":[{\"@type\":\"SearchAction\",\"target\":{\"@type\":\"EntryPoint\",\"urlTemplate\":\"https:\\\/\\\/www.hhglobal.com\\\/de\\\/?s={search_term_string}\"},\"query-input\":{\"@type\":\"PropertyValueSpecification\",\"valueRequired\":true,\"valueName\":\"search_term_string\"}}],\"inLanguage\":\"de-DE\"},{\"@type\":\"Organization\",\"@id\":\"https:\\\/\\\/www.hhglobal.com\\\/de\\\/#organization\",\"name\":\"HH Global\",\"url\":\"https:\\\/\\\/www.hhglobal.com\\\/de\\\/\",\"logo\":{\"@type\":\"ImageObject\",\"inLanguage\":\"de-DE\",\"@id\":\"https:\\\/\\\/www.hhglobal.com\\\/de\\\/#\\\/schema\\\/logo\\\/image\\\/\",\"url\":\"https:\\\/\\\/www.hhglobal.com\\\/wp-content\\\/uploads\\\/2023\\\/12\\\/logo-white.svg\",\"contentUrl\":\"https:\\\/\\\/www.hhglobal.com\\\/wp-content\\\/uploads\\\/2023\\\/12\\\/logo-white.svg\",\"width\":77,\"height\":18,\"caption\":\"HH Global\"},\"image\":{\"@id\":\"https:\\\/\\\/www.hhglobal.com\\\/de\\\/#\\\/schema\\\/logo\\\/image\\\/\"}}]}<\/script>\n<!-- \/ Yoast SEO plugin. -->","yoast_head_json":{"title":"Unser Unternehmen - HH Global","robots":{"index":"index","follow":"follow","max-snippet":"max-snippet:-1","max-image-preview":"max-image-preview:large","max-video-preview":"max-video-preview:-1"},"canonical":"https:\/\/www.hhglobal.com\/de\/who-we-are\/company\/","og_locale":"de_DE","og_type":"article","og_title":"Unser Unternehmen - HH Global","og_url":"https:\/\/www.hhglobal.com\/de\/who-we-are\/company\/","og_site_name":"HH Global","article_modified_time":"2023-11-22T16:02:12+00:00","twitter_card":"summary_large_image","schema":{"@context":"https:\/\/schema.org","@graph":[{"@type":"WebPage","@id":"https:\/\/www.hhglobal.com\/de\/who-we-are\/company\/","url":"https:\/\/www.hhglobal.com\/de\/who-we-are\/company\/","name":"Unser Unternehmen - HH Global","isPartOf":{"@id":"https:\/\/www.hhglobal.com\/de\/#website"},"datePublished":"2022-05-18T10:29:31+00:00","dateModified":"2023-11-22T16:02:12+00:00","breadcrumb":{"@id":"https:\/\/www.hhglobal.com\/de\/who-we-are\/company\/#breadcrumb"},"inLanguage":"de-DE","potentialAction":[{"@type":"ReadAction","target":["https:\/\/www.hhglobal.com\/de\/who-we-are\/company\/"]}]},{"@type":"BreadcrumbList","@id":"https:\/\/www.hhglobal.com\/de\/who-we-are\/company\/#breadcrumb","itemListElement":[{"@type":"ListItem","position":1,"name":"Home","item":"https:\/\/www.hhglobal.com\/de\/"},{"@type":"ListItem","position":2,"name":"Unser Unternehmen"}]},{"@type":"WebSite","@id":"https:\/\/www.hhglobal.com\/de\/#website","url":"https:\/\/www.hhglobal.com\/de\/","name":"HH Global","description":"The global, tech-enabled creative production and procurement partner.","publisher":{"@id":"https:\/\/www.hhglobal.com\/de\/#organization"},"potentialAction":[{"@type":"SearchAction","target":{"@type":"EntryPoint","urlTemplate":"https:\/\/www.hhglobal.com\/de\/?s={search_term_string}"},"query-input":{"@type":"PropertyValueSpecification","valueRequired":true,"valueName":"search_term_string"}}],"inLanguage":"de-DE"},{"@type":"Organization","@id":"https:\/\/www.hhglobal.com\/de\/#organization","name":"HH Global","url":"https:\/\/www.hhglobal.com\/de\/","logo":{"@type":"ImageObject","inLanguage":"de-DE","@id":"https:\/\/www.hhglobal.com\/de\/#\/schema\/logo\/image\/","url":"https:\/\/www.hhglobal.com\/wp-content\/uploads\/2023\/12\/logo-white.svg","contentUrl":"https:\/\/www.hhglobal.com\/wp-content\/uploads\/2023\/12\/logo-white.svg","width":77,"height":18,"caption":"HH Global"},"image":{"@id":"https:\/\/www.hhglobal.com\/de\/#\/schema\/logo\/image\/"}}]}},"_links":{"self":[{"href":"https:\/\/www.hhglobal.com\/de\/wp-json\/wp\/v2\/pages\/5851","targetHints":{"allow":["GET"]}}],"collection":[{"href":"https:\/\/www.hhglobal.com\/de\/wp-json\/wp\/v2\/pages"}],"about":[{"href":"https:\/\/www.hhglobal.com\/de\/wp-json\/wp\/v2\/types\/page"}],"author":[{"embeddable":true,"href":"https:\/\/www.hhglobal.com\/de\/wp-json\/wp\/v2\/users\/41"}],"replies":[{"embeddable":true,"href":"https:\/\/www.hhglobal.com\/de\/wp-json\/wp\/v2\/comments?post=5851"}],"version-history":[{"count":0,"href":"https:\/\/www.hhglobal.com\/de\/wp-json\/wp\/v2\/pages\/5851\/revisions"}],"wp:attachment":[{"href":"https:\/\/www.hhglobal.com\/de\/wp-json\/wp\/v2\/media?parent=5851"}],"curies":[{"name":"wp","href":"https:\/\/api.w.org\/{rel}","templated":true}]}}