{"id":5844,"date":"2022-05-18T10:29:54","date_gmt":"2022-05-18T10:29:54","guid":{"rendered":"https:\/\/hhassoc-dev.sbx.world\/creative-digital\/"},"modified":"2023-12-05T08:41:42","modified_gmt":"2023-12-05T08:41:42","slug":"creative-digital","status":"publish","type":"page","link":"https:\/\/www.hhglobal.com\/de\/what-we-do\/creative-digital\/","title":{"rendered":"Kreativ + Digital"},"content":{"rendered":"","protected":false},"excerpt":{"rendered":"","protected":false},"author":41,"featured_media":0,"parent":0,"menu_order":0,"comment_status":"closed","ping_status":"closed","template":"","meta":{"_acf_changed":"","_yoast_wpseo_focuskw":"","_yoast_wpseo_metadesc":"","_yoast_wpseo_linkdex":"","_yoast_wpseo_content_score":"","_yoast_wpseo_meta-robots-noindex":"","_yoast_wpseo_meta-robots-nofollow":"","inline_featured_image":[],"_genesis_block_theme_hide_title":false,"_cms_nav_minihome":"","_icl_lang_duplicate_of":"","_menu_item_classes":[],"_menu_item_menu_item_parent":"","_menu_item_object":"","_menu_item_object_id":"","_menu_item_orphaned":"","_menu_item_target":"","_menu_item_type":"","_menu_item_url":"","_menu_item_xfn":"","_seedprod_page":"","_seedprod_page_template_type":"","_seedprod_page_uuid":"","_top_nav_excluded":"","_wp_attachment_backup_sizes":[],"_wp_attachment_context":"","_wp_attachment_image_alt":"","_wp_old_date":"","_wpcode_auto_insert":"","_wpcode_auto_insert_number":"","_wpcode_library_id":"","_wpml_media_duplicate":"1","_wpml_media_featured":"1","_wpml_post_translation_editor_native":"","_wpml_word_count":"{\"total\":619,\"to_translate\":{\"zh-hans\":619,\"cs\":619,\"de\":619,\"ja\":619,\"pt-br\":619,\"es\":619}}","_yoast_wpseo_estimated-reading-time-minutes":[],"_yoast_wpseo_primary_category":"","_yoast_wpseo_primary_industry":"","_yoast_wpseo_primary_solution":"","_yoast_wpseo_primary_the_author":"","_yoast_wpseo_wordproof_timestamp":"","acfml_non_translatable_locations":[],"career_externalLink":"","career_featuredImage":"","career_title":"","casestudy_featuredImage":"","casestudy_title":"","infocallout_excerpt":"","infocallout_featuredImage":"","infocallout_title":"","jobTitle":"","language":"","name":"","profilePicture":"","wp-smpro-smush-data":[],"wp-smush-animated":"","wp-smush-ignore-bulk":"","wp-smush-lossy":"","wpml_media_processed":"","_wpcode_conditional_logic_enabled":"","_wpcode_location_extra":"","_wpcode_note":"","_wpcode_priority":"","_wpcode_shortcode_attributes":[],"footnotes":""},"class_list":["post-5844","page","type-page","status-publish","hentry","post","without-featured-image"],"acf":{"page_title":"Datengesteuerte kreative Produktion f\u00fcr globales Marketing | HH Global","page_description":"Erfahren Sie, wie HH Global Datenerkenntnisse in die wirkungsvolle kreative und digitale Produktion umwandelt, die globale Marketingkampagnen f\u00fcr weltweite Marken antreibt.\r\n ","social_title":"","social_description":"","social_share_image":null,"modules":[{"acf_fc_layout":"hero","size":"medium2","theme":"dark","choose_images":[{"image":2398},{"image":2782},{"image":2608},{"image":3850}],"show_eyebrow":false,"eyebrow":"","title":"Kreativ + Digital","show_cta":false,"cta_url":"","cta_title":""},{"acf_fc_layout":"intro_content_block","scroll_to_link":"","container_background_color":"bg-white","type":false,"show_image":false,"intro_image":null,"show_background":false,"background":null,"show_eyebrow":false,"eyebrow":"","show_designations":false,"designations":null,"show_title":true,"size":"large","title":"Datengesteuerte kreative Produktion f\u00fcr globales Marketing","show_intro":false,"intro":"","show_body":false,"body":"","show_labels":false,"labels":{"show_social":false,"custom_categories":null}},{"acf_fc_layout":"text_with_media_carousel","scroll_to_link":"","theme":"light","container_background_color":"bg-primary-black","highlight_color":"purple","title":"Verst\u00e4rkung der Markenwirkung","content":"<p class=\"p1\">Mithilfe unserer firmeneigenen Technologie erstellen wir datengesteuerte, strategische Kampagnen f\u00fcr eine wirkungsvolle Markenleistung \u00fcber alle alle Medien, alle Kan\u00e4le und alle M\u00e4rkte hinweg.<\/p>\r\nUnsere globale, kreative und digitale Produktionskompetenz erm\u00f6glicht es uns, inhaltsoptimierte Kampagnen f\u00fcr viele der gr\u00f6\u00dften Marken der Welt zu liefern. Das Ergebnis ist eine gro\u00dfe Wirkung f\u00fcr die gro\u00dfen Ideen unserer Kunden \u2013 erfolgreiche Ergebnisse und eine bahnbrechende Rendite auf ihre Marketinginvestitionen.\r\n\r\n&nbsp;\r\n\r\n&nbsp;\r\n\r\n<span data-ccp-props=\"{&quot;201341983&quot;:2,&quot;335559738&quot;:160,&quot;335559740&quot;:368}\">\u00a0<\/span>","additional_spacing":false,"features_title":"Servicelinien","features":[{"navigation_label":"Strategische Kreativarbeit","show_title":true,"title":"Strategische Kreativarbeit","show_subtitle":false,"subtitle":"","content":"<strong>HH Global Creative Studios \u2013 markengerecht, zeitgerecht, budgetgerecht<\/strong>\r\n\r\nWir erstellen benutzerdefinierte, strategische Inhalte, die auf Ihr Unternehmen ausgerichtet sind und Ihre Ziele erreichen, wodurch die Qualit\u00e4t und die Markteinf\u00fchrungszeit zu geringeren Kosten als beim herk\u00f6mmlichen Agenturmodell verbessert werden.\r\n<ul>\r\n \t<li>Wir verst\u00e4rken kreative Kampagnen f\u00fcr Marken \u00fcber alle Medien, alle Kan\u00e4le und alle M\u00e4rkte hinweg<\/li>\r\n \t<li>Ein durchdachtes, wirkungsvolles Design f\u00f6rdert die Markenkonsistenz und das kategorische Wachstum<\/li>\r\n \t<li>Unser weltweites digitales Studionetzwerk bildet ein wirklich globales Team<\/li>\r\n \t<li>All dies mit volumenoptimierten, dedizierten Ressourcen, transparenten Tarifen und vollst\u00e4ndiger Aufsicht und Ressourcenverfolgung<\/li>\r\n<\/ul>","choose_media":[{"image":2602}],"vimeoid":"https:\/\/player.vimeo.com\/video\/826328444","ytid":""},{"navigation_label":"Entwicklung von Inhalten","show_title":true,"title":"Entwicklung von Inhalten","show_subtitle":false,"subtitle":"","content":"<p class=\"p1\">Wir bauen dedizierte Studios im eigenen Haus oder vor Ort und arbeiten exklusiv f\u00fcr Sie, um Kreativit\u00e4t schnell, markengerecht und kosteng\u00fcnstig zu liefern.<\/p>\r\nDieser partnerschaftliche Ansatz erm\u00f6glicht es sowohl dem Kunden als auch der Agentur wirklich zusammenzuarbeiten, um ein dynamisches, markenorientiertes Team zu bilden. Dies erm\u00f6glicht es uns, Ihrer Organisation auf den Grund zu gehen, uns in der Marke einzuleben, Ihre kommerziellen und gesch\u00e4ftlichen Ziele zu verstehen, effektiver zu arbeiten und die Markteinf\u00fchrung zu geringeren Kosten als beim traditionellen Agenturmodell zu beschleunigen.\r\n<ul>\r\n \t<li class=\"p2\"><strong>Pr\u00e4sentationssystem f\u00fcr den Einzelhandel:<\/strong> dreidimensionaler Verkaufsort und retail theater, strukturelles Design, neue Ladenkonzeption, Customer-Journey-Analyse, Lokalisierung von Einzelhandelskampagnen, kundenspezifische Begleitmaterialien f\u00fcr die Markteinf\u00fchrung<\/li>\r\n \t<li class=\"p2\"><strong>Markenf\u00fchrung:<\/strong> Entwicklung von Markenrichtlinien, Veranstaltungsausstellungen und Branding, Entwicklung von Kampagnen-Toolkits<\/li>\r\n \t<li class=\"p2\"><strong>Digital:<\/strong> Videoerstellung und Storyboarding, Social + Display, interaktive E-B\u00fccher, Website-Design, E-Mail-Marketing, Bildschirmmedien, Augmented Reality + immersive digitale Welten, Vor-bereitung und Nachbearbeitung<\/li>\r\n \t<li class=\"p2\"><strong>Druck- und Verpackungsmaterial:<\/strong> Direktmarketingstrategie und -design, Marketingmaterial, Verpackungskonzepte und -design, interne Marketing-Verkaufsinstrumente, Mehrwertverpackungen und Warengestaltung<\/li>\r\n<\/ul>","choose_media":[{"image":2818}],"vimeoid":"","ytid":""},{"navigation_label":"Inhaltserstellung","show_title":true,"title":"Inhaltserstellung","show_subtitle":false,"subtitle":"","content":"<ul>\r\n \t<li class=\"p1\"><strong>Offshore-Produktion:<\/strong> Lokalisierung von Kampagnen-Toolkits, Dateien-Anpassung und -Skalierung, \u00dcbersetzung und Transkreation, Key-Visual-Anpassung und -Retusche<\/li>\r\n \t<li class=\"p1\"><strong>Adaption:<\/strong> Schriftsatz, editierbare Antragsformulare, alternative Formate und webf\u00e4hige Dokumentation sowie Dokumentenanpassung<\/li>\r\n \t<li class=\"p1\"><strong>Digital:<\/strong> Videobearbeitung, Videoschnitt und Sizzle-Reels, Video\u00fcbersetzung und -transkreation, Versionierung digitaler Dateien f\u00fcr soziale Medien<\/li>\r\n \t<li class=\"p1\"><strong>Dateiverwaltung:<\/strong> Dienstleistungen in Bezug auf digitale Dateibibliotheken und Metadatenverwaltung, Qualit\u00e4tskontrolle und Korrekturlesen, Redigieren, Vorabkontolle und Druckvorstufenverwaltung<\/li>\r\n<\/ul>","choose_media":[{"image":4738}],"vimeoid":"","ytid":""},{"navigation_label":"Daten + Erkenntnisse","show_title":true,"title":"Daten + Erkenntnisse","show_subtitle":false,"subtitle":"","content":"<p class=\"p1\">Wir nutzen Daten, Erkenntnisse und Technologien, um Strategien und Kommunikationsprogramme zu entwickeln. Diese liefern nahtlose, personalisierte Kundenerlebnisse mit inhaltsoptimierten Kampagnen \u00fcber meherer Kan\u00e4le, sowie kommerziellen Erfolg und eine Rendite auf Marketinginvestitionen.<\/p>\r\n\r\n<ul>\r\n \t<li class=\"p2\"><strong>Datengesteuerte Kreativit\u00e4t:<\/strong> Wir nutzen unsere Daten und Erkenntnisse, um unsere Kunden mit den richtigen Botschaften anzusprechen, die bei ihnen ankommen.<\/li>\r\n \t<li class=\"p2\"><strong>Optimierte Kommunikationswege:<\/strong> Unsere Datenwissenschaft-Teams k\u00f6nnen pr\u00e4diktive Datenanalysen verwenden, um festzustellen, wo Ihre Marketingausgaben die gr\u00f6\u00dften Ertr\u00e4ge erzielen und unn\u00f6tige Produktion eliminieren<\/li>\r\n \t<li class=\"p2\"><strong>Erh\u00f6hte eMarketinginvestitionen:<\/strong> Unsere Teams stellen sicher, dass Ihre Marketingtechnologie und Ihre Datenbest\u00e4nde maximale Ergebnisse liefern, um Ihre Investition zu unterst\u00fctzen<\/li>\r\n \t<li class=\"p2\"><strong>Eindrucksvolle Gesch\u00e4ftseinblicke:<\/strong> Wir erwecken Daten (Ihr gr\u00f6\u00dftes Unternehmensgut) zum Leben, und erstellen greifbare, n\u00fctzliche und umsetzbare Informationen, um Ihre gr\u00f6\u00dften Marketingherausforderungen zu l\u00f6sen<\/li>\r\n<\/ul>","choose_media":[{"image":2752}],"vimeoid":"","ytid":""}]},{"acf_fc_layout":"content_block","container_background_color":"bg-grey","show_header":false,"header":"","contents":[{"show_header_icon":false,"header_icon":null,"show_header":true,"header":"26","header_color":"secondary-blue","show_subheader":true,"subheader":"Kreativstudios","description":""},{"show_header_icon":false,"header_icon":null,"show_header":true,"header":"72.015","header_color":"purple","show_subheader":true,"subheader":"Digitale Dateien verwaltet ","description":""},{"show_header_icon":false,"header_icon":null,"show_header":true,"header":"612TB ","header_color":"light-purple","show_subheader":true,"subheader":"Dateien gespeichert","description":""}]},{"acf_fc_layout":"video","container_background_color":"bg-white","layout_style":"default","video_show_title":false,"video_title":"","poster":3886,"vimeoid":"https:\/\/player.vimeo.com\/video\/887587326","ytid":""},{"acf_fc_layout":"cards","scroll_to_link":"","container_background_color":"bg-pure-black","show_heading":true,"heading":"Erfahren Sie mehr","content":"","cards":{"layout":"case-studies-layout","sub_layout":"simple","cards_display_mode":"bg-white","solution_term":null,"industry_term":null,"author_term":null,"region_term":null,"choose_cards":null,"choose_case_studies":[5720,5736,5721],"choose_featured_case_studies":null,"choose_staff_members":null,"choose_careers":null,"choose_info_callouts":null,"show_titles":true,"show_description":true,"show_date":false,"show_sector":false}},{"acf_fc_layout":"contact_form","scroll_to_link":"","title":"Kontakt aufnehmen"}]},"yoast_head":"<!-- This site is optimized with the Yoast SEO plugin v27.4 - https:\/\/yoast.com\/product\/yoast-seo-wordpress\/ -->\n<title>Kreativ + Digital - HH Global<\/title>\n<meta name=\"robots\" content=\"index, follow, max-snippet:-1, max-image-preview:large, max-video-preview:-1\" \/>\n<link rel=\"canonical\" href=\"https:\/\/www.hhglobal.com\/de\/what-we-do\/creative-digital\/\" \/>\n<meta property=\"og:locale\" content=\"de_DE\" \/>\n<meta property=\"og:type\" content=\"article\" \/>\n<meta property=\"og:title\" content=\"Kreativ + Digital - HH Global\" \/>\n<meta property=\"og:url\" content=\"https:\/\/www.hhglobal.com\/de\/what-we-do\/creative-digital\/\" \/>\n<meta property=\"og:site_name\" content=\"HH Global\" \/>\n<meta property=\"article:modified_time\" content=\"2023-12-05T08:41:42+00:00\" \/>\n<meta name=\"twitter:card\" content=\"summary_large_image\" \/>\n<script type=\"application\/ld+json\" class=\"yoast-schema-graph\">{\"@context\":\"https:\\\/\\\/schema.org\",\"@graph\":[{\"@type\":\"WebPage\",\"@id\":\"https:\\\/\\\/www.hhglobal.com\\\/de\\\/what-we-do\\\/creative-digital\\\/\",\"url\":\"https:\\\/\\\/www.hhglobal.com\\\/de\\\/what-we-do\\\/creative-digital\\\/\",\"name\":\"Kreativ + Digital - HH Global\",\"isPartOf\":{\"@id\":\"https:\\\/\\\/www.hhglobal.com\\\/de\\\/#website\"},\"datePublished\":\"2022-05-18T10:29:54+00:00\",\"dateModified\":\"2023-12-05T08:41:42+00:00\",\"breadcrumb\":{\"@id\":\"https:\\\/\\\/www.hhglobal.com\\\/de\\\/what-we-do\\\/creative-digital\\\/#breadcrumb\"},\"inLanguage\":\"de-DE\",\"potentialAction\":[{\"@type\":\"ReadAction\",\"target\":[\"https:\\\/\\\/www.hhglobal.com\\\/de\\\/what-we-do\\\/creative-digital\\\/\"]}]},{\"@type\":\"BreadcrumbList\",\"@id\":\"https:\\\/\\\/www.hhglobal.com\\\/de\\\/what-we-do\\\/creative-digital\\\/#breadcrumb\",\"itemListElement\":[{\"@type\":\"ListItem\",\"position\":1,\"name\":\"Home\",\"item\":\"https:\\\/\\\/www.hhglobal.com\\\/de\\\/\"},{\"@type\":\"ListItem\",\"position\":2,\"name\":\"Kreativ + Digital\"}]},{\"@type\":\"WebSite\",\"@id\":\"https:\\\/\\\/www.hhglobal.com\\\/de\\\/#website\",\"url\":\"https:\\\/\\\/www.hhglobal.com\\\/de\\\/\",\"name\":\"HH Global\",\"description\":\"The global, tech-enabled creative production and procurement partner.\",\"publisher\":{\"@id\":\"https:\\\/\\\/www.hhglobal.com\\\/de\\\/#organization\"},\"potentialAction\":[{\"@type\":\"SearchAction\",\"target\":{\"@type\":\"EntryPoint\",\"urlTemplate\":\"https:\\\/\\\/www.hhglobal.com\\\/de\\\/?s={search_term_string}\"},\"query-input\":{\"@type\":\"PropertyValueSpecification\",\"valueRequired\":true,\"valueName\":\"search_term_string\"}}],\"inLanguage\":\"de-DE\"},{\"@type\":\"Organization\",\"@id\":\"https:\\\/\\\/www.hhglobal.com\\\/de\\\/#organization\",\"name\":\"HH Global\",\"url\":\"https:\\\/\\\/www.hhglobal.com\\\/de\\\/\",\"logo\":{\"@type\":\"ImageObject\",\"inLanguage\":\"de-DE\",\"@id\":\"https:\\\/\\\/www.hhglobal.com\\\/de\\\/#\\\/schema\\\/logo\\\/image\\\/\",\"url\":\"https:\\\/\\\/www.hhglobal.com\\\/wp-content\\\/uploads\\\/2023\\\/12\\\/logo-white.svg\",\"contentUrl\":\"https:\\\/\\\/www.hhglobal.com\\\/wp-content\\\/uploads\\\/2023\\\/12\\\/logo-white.svg\",\"width\":77,\"height\":18,\"caption\":\"HH Global\"},\"image\":{\"@id\":\"https:\\\/\\\/www.hhglobal.com\\\/de\\\/#\\\/schema\\\/logo\\\/image\\\/\"}}]}<\/script>\n<!-- \/ Yoast SEO plugin. -->","yoast_head_json":{"title":"Kreativ + Digital - HH Global","robots":{"index":"index","follow":"follow","max-snippet":"max-snippet:-1","max-image-preview":"max-image-preview:large","max-video-preview":"max-video-preview:-1"},"canonical":"https:\/\/www.hhglobal.com\/de\/what-we-do\/creative-digital\/","og_locale":"de_DE","og_type":"article","og_title":"Kreativ + Digital - HH Global","og_url":"https:\/\/www.hhglobal.com\/de\/what-we-do\/creative-digital\/","og_site_name":"HH Global","article_modified_time":"2023-12-05T08:41:42+00:00","twitter_card":"summary_large_image","schema":{"@context":"https:\/\/schema.org","@graph":[{"@type":"WebPage","@id":"https:\/\/www.hhglobal.com\/de\/what-we-do\/creative-digital\/","url":"https:\/\/www.hhglobal.com\/de\/what-we-do\/creative-digital\/","name":"Kreativ + Digital - HH Global","isPartOf":{"@id":"https:\/\/www.hhglobal.com\/de\/#website"},"datePublished":"2022-05-18T10:29:54+00:00","dateModified":"2023-12-05T08:41:42+00:00","breadcrumb":{"@id":"https:\/\/www.hhglobal.com\/de\/what-we-do\/creative-digital\/#breadcrumb"},"inLanguage":"de-DE","potentialAction":[{"@type":"ReadAction","target":["https:\/\/www.hhglobal.com\/de\/what-we-do\/creative-digital\/"]}]},{"@type":"BreadcrumbList","@id":"https:\/\/www.hhglobal.com\/de\/what-we-do\/creative-digital\/#breadcrumb","itemListElement":[{"@type":"ListItem","position":1,"name":"Home","item":"https:\/\/www.hhglobal.com\/de\/"},{"@type":"ListItem","position":2,"name":"Kreativ + Digital"}]},{"@type":"WebSite","@id":"https:\/\/www.hhglobal.com\/de\/#website","url":"https:\/\/www.hhglobal.com\/de\/","name":"HH Global","description":"The global, tech-enabled creative production and procurement partner.","publisher":{"@id":"https:\/\/www.hhglobal.com\/de\/#organization"},"potentialAction":[{"@type":"SearchAction","target":{"@type":"EntryPoint","urlTemplate":"https:\/\/www.hhglobal.com\/de\/?s={search_term_string}"},"query-input":{"@type":"PropertyValueSpecification","valueRequired":true,"valueName":"search_term_string"}}],"inLanguage":"de-DE"},{"@type":"Organization","@id":"https:\/\/www.hhglobal.com\/de\/#organization","name":"HH Global","url":"https:\/\/www.hhglobal.com\/de\/","logo":{"@type":"ImageObject","inLanguage":"de-DE","@id":"https:\/\/www.hhglobal.com\/de\/#\/schema\/logo\/image\/","url":"https:\/\/www.hhglobal.com\/wp-content\/uploads\/2023\/12\/logo-white.svg","contentUrl":"https:\/\/www.hhglobal.com\/wp-content\/uploads\/2023\/12\/logo-white.svg","width":77,"height":18,"caption":"HH Global"},"image":{"@id":"https:\/\/www.hhglobal.com\/de\/#\/schema\/logo\/image\/"}}]}},"_links":{"self":[{"href":"https:\/\/www.hhglobal.com\/de\/wp-json\/wp\/v2\/pages\/5844","targetHints":{"allow":["GET"]}}],"collection":[{"href":"https:\/\/www.hhglobal.com\/de\/wp-json\/wp\/v2\/pages"}],"about":[{"href":"https:\/\/www.hhglobal.com\/de\/wp-json\/wp\/v2\/types\/page"}],"author":[{"embeddable":true,"href":"https:\/\/www.hhglobal.com\/de\/wp-json\/wp\/v2\/users\/41"}],"replies":[{"embeddable":true,"href":"https:\/\/www.hhglobal.com\/de\/wp-json\/wp\/v2\/comments?post=5844"}],"version-history":[{"count":0,"href":"https:\/\/www.hhglobal.com\/de\/wp-json\/wp\/v2\/pages\/5844\/revisions"}],"wp:attachment":[{"href":"https:\/\/www.hhglobal.com\/de\/wp-json\/wp\/v2\/media?parent=5844"}],"curies":[{"name":"wp","href":"https:\/\/api.w.org\/{rel}","templated":true}]}}