{"id":5841,"date":"2022-05-18T22:12:21","date_gmt":"2022-05-18T22:12:21","guid":{"rendered":"https:\/\/hhassoc-dev.sbx.world\/careers\/"},"modified":"2025-07-16T19:34:53","modified_gmt":"2025-07-16T19:34:53","slug":"careers","status":"publish","type":"page","link":"https:\/\/www.hhglobal.com\/de\/careers\/","title":{"rendered":"Wir suchen Bewerber"},"content":{"rendered":"","protected":false},"excerpt":{"rendered":"","protected":false},"author":41,"featured_media":0,"parent":0,"menu_order":0,"comment_status":"closed","ping_status":"closed","template":"","meta":{"_acf_changed":"","_yoast_wpseo_focuskw":"","_yoast_wpseo_metadesc":"","_yoast_wpseo_linkdex":"","_yoast_wpseo_content_score":"","_yoast_wpseo_meta-robots-noindex":"","_yoast_wpseo_meta-robots-nofollow":"","inline_featured_image":[],"_genesis_block_theme_hide_title":false,"_cms_nav_minihome":"","_icl_lang_duplicate_of":"","_menu_item_classes":[],"_menu_item_menu_item_parent":"","_menu_item_object":"","_menu_item_object_id":"","_menu_item_orphaned":"","_menu_item_target":"","_menu_item_type":"","_menu_item_url":"","_menu_item_xfn":"","_seedprod_page":"","_seedprod_page_template_type":"","_seedprod_page_uuid":"","_top_nav_excluded":"","_wp_attachment_backup_sizes":[],"_wp_attachment_context":"","_wp_attachment_image_alt":"","_wp_old_date":"","_wpcode_auto_insert":"","_wpcode_auto_insert_number":"","_wpcode_library_id":"","_wpml_media_duplicate":"1","_wpml_media_featured":"1","_wpml_post_translation_editor_native":"","_wpml_word_count":"{\"total\":520,\"to_translate\":{\"zh-hans\":520,\"cs\":520,\"de\":520,\"ja\":520,\"pt-br\":520,\"es\":520}}","_yoast_wpseo_estimated-reading-time-minutes":["0"],"_yoast_wpseo_primary_category":"","_yoast_wpseo_primary_industry":"","_yoast_wpseo_primary_solution":"","_yoast_wpseo_primary_the_author":"","_yoast_wpseo_wordproof_timestamp":"","acfml_non_translatable_locations":[],"career_externalLink":"","career_featuredImage":"","career_title":"","casestudy_featuredImage":"","casestudy_title":"","infocallout_excerpt":"","infocallout_featuredImage":"","infocallout_title":"","jobTitle":"","language":"","name":"","profilePicture":"","wp-smpro-smush-data":[],"wp-smush-animated":"","wp-smush-ignore-bulk":"","wp-smush-lossy":"","wpml_media_processed":"","_wpcode_conditional_logic_enabled":"","_wpcode_location_extra":"","_wpcode_note":"","_wpcode_priority":"","_wpcode_shortcode_attributes":[],"footnotes":""},"class_list":["post-5841","page","type-page","status-publish","hentry","post","without-featured-image"],"acf":{"page_title":"Unternehmenskultur, Vielfalt und Karrierechancen | HH Global ","page_description":"Schlie\u00dfen Sie sich HH Global an, um internationale M\u00f6glichkeiten und eine unterst\u00fctzende globale Kultur zu erhalten, die Einzelpersonen st\u00e4rkt, Vielfalt feiert und Karrierewachstum f\u00f6rdert","social_title":"","social_description":"","social_share_image":null,"modules":[{"acf_fc_layout":"hero","size":"medium2","theme":"dark","choose_images":[{"image":22319},{"image":22341},{"image":22362},{"image":22383}],"show_eyebrow":true,"eyebrow":"","title":"Kultur und Karriere","show_cta":false,"cta_url":"","cta_title":""},{"acf_fc_layout":"intro_content_block","scroll_to_link":"","container_background_color":"bg-white","type":"standard","show_image":false,"intro_image":null,"show_background":false,"background":null,"show_eyebrow":false,"eyebrow":"Open Roles By Region","show_designations":false,"designations":null,"show_title":true,"size":"small","title":"Erzielen Sie eine globale Wirkung","show_intro":true,"intro":"Bei HH Global helfen wir den gr\u00f6\u00dften Marken, gro\u00dfe Ideen in gro\u00dfe Wirkung zu verwandeln \u2013 indem wir technologiegest\u00fctzte kreative Produktion und Beschaffung liefern, die auf der ganzen Welt gesehen, geh\u00f6rt und gef\u00fchlt werden. Wir sind auch weltweit f\u00fchrend darin, Marketing nachhaltiger zu gestalten.","show_body":true,"body":"Wenn Sie zu uns kommen, schlie\u00dfen Sie sich erstklassigen Experten an, die leidenschaftlich daran interessiert sind, mit unseren Kunden zusammenzuarbeiten, um ihnen zu helfen, zu wachsen. Sie werden mit fortschrittlicher Technologie arbeiten, die in unserer Branche ihresgleichen sucht.\r\n\r\nWir engagieren uns stark f\u00fcr \u00f6kologische und soziale Verantwortung und entwickeln innovative L\u00f6sungen zur F\u00f6rderung der Nachhaltigkeit und Optimierung der Lieferkette. Unsere einzigartigen F\u00e4higkeiten und unsere Gr\u00f6\u00dfe erm\u00f6glichen es uns, weltweit zusammenzuarbeiten, um nachhaltiges Wachstum zu unterst\u00fctzen.","show_labels":true,"labels":{"show_social":false,"custom_categories":[{"category_label":"Offene Stellenangebote nach Region","labels":[{"link_label":"Stellenangebote in Nordamerika ","link_href":"https:\/\/globaleur251.dayforcehcm.com\/CandidatePortal\/en-US\/hhglobal","link_internal_pages":"","link_file":null,"link_type":"external"},{"link_label":"Stellenangebote in Lateinamerika ","link_href":"https:\/\/globaleur251.dayforcehcm.com\/CandidatePortal\/en-US\/hhglobal","link_internal_pages":"","link_file":null,"link_type":"external"},{"link_label":"Stellenangebote im asiatisch-pazifischen Raum ","link_href":"https:\/\/globaleur251.dayforcehcm.com\/CandidatePortal\/en-GB\/hhglobal","link_internal_pages":"","link_file":null,"link_type":"external"},{"link_label":"Stellenangebote in Europa, dem Mittleren Osten und Afrika  ","link_href":"https:\/\/globaleur251.dayforcehcm.com\/CandidatePortal\/en-GB\/hhglobal","link_internal_pages":null,"link_file":null,"link_type":"external"}]}]}},{"acf_fc_layout":"text_with_media","scroll_to_link":"","theme":"light","container_background_color":"bg-grey","show_eyebrow":false,"eyebrow":"","show_title":false,"title":"","show_sub_title":true,"sub_title":"Wir verpflichten uns  ein gro\u00dfartiger Arbeitsort f\u00fcr alle zu sein.","content":"Wir bei HH Global verstehen, dass unsere Mitarbeiter unsere gr\u00f6\u00dfte St\u00e4rke sind. Ihre vielf\u00e4ltigen Perspektiven und Erfahrungen bereichern unsere F\u00e4higkeit, hervorragende Partnerschaften mit unseren Kunden aufzubauen. Aus diesem Grund setzen wir uns in unserem gesamten Unternehmen f\u00fcr Vielfalt und Inklusion ein.\r\n\r\nMit einer unterst\u00fctzenden globalen Kultur, die Einzelpersonen erm\u00e4chtigt, stellen wir sicher, dass jeder gleiche Rechte und die M\u00f6glichkeit hat, sich frei zu entwickeln.\r\n\r\nW\u00e4hrend wir wachsen, suchen wir nach den besten Talenten f\u00fcr unser Team. Mit internationalen M\u00f6glichkeiten und lohnenden Karrierewegen hat HH Global f\u00fcr jeden einen Platz.\r\n\r\nErfahren Sie mehr \u00fcber unsere offenen Stellen nach Region.","cta_url":"","cta_text":"","open_in_new_window":false,"choose_media":[{"image":22396},{"image":22407},{"image":22429}],"image_alignment":"left","image_fit":"cover","image_size":"half-width","vimeoid":"","ytid":""},{"acf_fc_layout":"content_block","container_background_color":"bg-white","show_header":false,"header":"","contents":[{"show_header_icon":true,"header_icon":22440,"show_header":false,"header":"","header_color":"primary-green-2","show_subheader":true,"subheader":"Globale M\u00f6glichkeiten","description":"Mit einer etablierten, globalen Pr\u00e4senz bieten wir Karrierem\u00f6glichkeiten auf der ganzen Welt. Jeden Tag erweitern wir unser Team, indem wir mit neuen Kunden zusammenarbeiten, die ein st\u00e4rkeres, nachhaltigeres Wachstum anstreben, und die Vorteile bieten, die sich aus der Branchenf\u00fchrerschaft ergeben."},{"show_header_icon":true,"header_icon":22451,"show_header":false,"header":"","header_color":"primary-green-2","show_subheader":true,"subheader":"Investition in unsere Mitarbeiter","description":"Unser integratives und kulturell ausgerichtetes Training wird in mehrere Sprachen \u00fcbersetzt und verwendet intelligente Technologie, um die Benutzer durch ihre Entwicklung zu f\u00fchren. Wir verpflichten uns, bis 2025 Prinzipien von Vielfalt, Gerechtigkeit und Inklusion in alle unsere Entwicklungs- und Schulungsprogramme einzubauen."},{"show_header_icon":true,"header_icon":22462,"show_header":false,"header":"","header_color":"primary-green-2","show_subheader":true,"subheader":"Unsere Gemeinschaft","description":"Wir haben eine vielf\u00e4ltige und lebendige Mitarbeitergemeinschaft aus leidenschaftlichen Menschen, die zusammenkommen, um sich gegenseitig zu unterst\u00fctzen und zu feiern. Unser Ziel ist es, innerhalb unseres Unternehmens, f\u00fcr unsere Kunden und die Welt etwas zu bewegen. Unser Ziel ist es, allen eine Plattform f\u00fcr pers\u00f6nliches und berufliches Wachstum zu bieten und als Teil eines Teams zu lernen."}]},{"acf_fc_layout":"text_with_media","scroll_to_link":"","theme":"light","container_background_color":"bg-grey","show_eyebrow":false,"eyebrow":"","show_title":false,"title":"Eine starke Kultur der Nachhaltigkeit","show_sub_title":true,"sub_title":"Eine starke Kultur der Nachhaltigkeit","content":"Wir engagieren uns f\u00fcr Nachhaltigkeit in unserem Unternehmen sowie f\u00fcr nachhaltiges Wachstum f\u00fcr unsere Partner. Unsere Mitarbeiter erhalten einen existenzsichernden Lohn, und wir verlangen von 100% unserer strategischen Lieferantenpartner die Best\u00e4tigung einer Richtlinie zum existenzsichernden Lohn bis 2025. Dar\u00fcber hinaus werden sich 100 % unserer strategischen Lieferanten an unseren klar definierten Umwelt- und Sozialstandards ausrichten \u2013 oder \u00fcber angemessene Pl\u00e4ne f\u00fcr Korrekturma\u00dfnahmen verf\u00fcgen \u2013 bis 2025.","cta_url":"https:\/\/ebooks.decoupledhhstg.wpengine.com\/view\/465383337\/","cta_text":"Laden Sie unseren Nachhaltigkeitsbericht herunter","open_in_new_window":false,"choose_media":[{"image":22473}],"image_alignment":"right","image_fit":"cover","image_size":"half-width","vimeoid":"","ytid":""},{"acf_fc_layout":"cards","scroll_to_link":"","container_background_color":"bg-pure-black","show_heading":true,"heading":"Suchen Sie nach Stellenangeboten nach Region","content":"","cards":{"layout":"careers-layout","sub_layout":"simple","cards_display_mode":"bg-white","solution_term":null,"industry_term":null,"author_term":null,"region_term":null,"choose_cards":0,"choose_case_studies":0,"choose_featured_case_studies":0,"choose_staff_members":0,"choose_careers":[6232,6233,6234],"choose_info_callouts":0,"show_titles":true,"show_description":true,"show_date":true,"show_sector":true}}]},"yoast_head":"<!-- This site is optimized with the Yoast SEO plugin v27.5 - https:\/\/yoast.com\/product\/yoast-seo-wordpress\/ -->\n<title>Wir suchen Bewerber - HH Global<\/title>\n<meta name=\"robots\" content=\"index, follow, max-snippet:-1, max-image-preview:large, max-video-preview:-1\" \/>\n<link rel=\"canonical\" href=\"https:\/\/www.hhglobal.com\/de\/careers\/\" \/>\n<meta property=\"og:locale\" content=\"de_DE\" \/>\n<meta property=\"og:type\" content=\"article\" \/>\n<meta property=\"og:title\" content=\"Wir suchen Bewerber - HH Global\" \/>\n<meta property=\"og:url\" content=\"https:\/\/www.hhglobal.com\/de\/careers\/\" \/>\n<meta property=\"og:site_name\" content=\"HH Global\" \/>\n<meta property=\"article:modified_time\" content=\"2025-07-16T19:34:53+00:00\" \/>\n<meta name=\"twitter:card\" content=\"summary_large_image\" \/>\n<script type=\"application\/ld+json\" class=\"yoast-schema-graph\">{\"@context\":\"https:\\\/\\\/schema.org\",\"@graph\":[{\"@type\":\"WebPage\",\"@id\":\"https:\\\/\\\/www.hhglobal.com\\\/de\\\/careers\\\/\",\"url\":\"https:\\\/\\\/www.hhglobal.com\\\/de\\\/careers\\\/\",\"name\":\"Wir suchen Bewerber - HH Global\",\"isPartOf\":{\"@id\":\"https:\\\/\\\/www.hhglobal.com\\\/de\\\/#website\"},\"datePublished\":\"2022-05-18T22:12:21+00:00\",\"dateModified\":\"2025-07-16T19:34:53+00:00\",\"breadcrumb\":{\"@id\":\"https:\\\/\\\/www.hhglobal.com\\\/de\\\/careers\\\/#breadcrumb\"},\"inLanguage\":\"de-DE\",\"potentialAction\":[{\"@type\":\"ReadAction\",\"target\":[\"https:\\\/\\\/www.hhglobal.com\\\/de\\\/careers\\\/\"]}]},{\"@type\":\"BreadcrumbList\",\"@id\":\"https:\\\/\\\/www.hhglobal.com\\\/de\\\/careers\\\/#breadcrumb\",\"itemListElement\":[{\"@type\":\"ListItem\",\"position\":1,\"name\":\"Home\",\"item\":\"https:\\\/\\\/www.hhglobal.com\\\/de\\\/\"},{\"@type\":\"ListItem\",\"position\":2,\"name\":\"Wir suchen Bewerber\"}]},{\"@type\":\"WebSite\",\"@id\":\"https:\\\/\\\/www.hhglobal.com\\\/de\\\/#website\",\"url\":\"https:\\\/\\\/www.hhglobal.com\\\/de\\\/\",\"name\":\"HH Global\",\"description\":\"The global, tech-enabled creative production and procurement partner.\",\"publisher\":{\"@id\":\"https:\\\/\\\/www.hhglobal.com\\\/de\\\/#organization\"},\"potentialAction\":[{\"@type\":\"SearchAction\",\"target\":{\"@type\":\"EntryPoint\",\"urlTemplate\":\"https:\\\/\\\/www.hhglobal.com\\\/de\\\/?s={search_term_string}\"},\"query-input\":{\"@type\":\"PropertyValueSpecification\",\"valueRequired\":true,\"valueName\":\"search_term_string\"}}],\"inLanguage\":\"de-DE\"},{\"@type\":\"Organization\",\"@id\":\"https:\\\/\\\/www.hhglobal.com\\\/de\\\/#organization\",\"name\":\"HH Global\",\"url\":\"https:\\\/\\\/www.hhglobal.com\\\/de\\\/\",\"logo\":{\"@type\":\"ImageObject\",\"inLanguage\":\"de-DE\",\"@id\":\"https:\\\/\\\/www.hhglobal.com\\\/de\\\/#\\\/schema\\\/logo\\\/image\\\/\",\"url\":\"https:\\\/\\\/www.hhglobal.com\\\/wp-content\\\/uploads\\\/2023\\\/12\\\/logo-white.svg\",\"contentUrl\":\"https:\\\/\\\/www.hhglobal.com\\\/wp-content\\\/uploads\\\/2023\\\/12\\\/logo-white.svg\",\"width\":77,\"height\":18,\"caption\":\"HH Global\"},\"image\":{\"@id\":\"https:\\\/\\\/www.hhglobal.com\\\/de\\\/#\\\/schema\\\/logo\\\/image\\\/\"}}]}<\/script>\n<!-- \/ Yoast SEO plugin. -->","yoast_head_json":{"title":"Wir suchen Bewerber - HH Global","robots":{"index":"index","follow":"follow","max-snippet":"max-snippet:-1","max-image-preview":"max-image-preview:large","max-video-preview":"max-video-preview:-1"},"canonical":"https:\/\/www.hhglobal.com\/de\/careers\/","og_locale":"de_DE","og_type":"article","og_title":"Wir suchen Bewerber - HH Global","og_url":"https:\/\/www.hhglobal.com\/de\/careers\/","og_site_name":"HH Global","article_modified_time":"2025-07-16T19:34:53+00:00","twitter_card":"summary_large_image","schema":{"@context":"https:\/\/schema.org","@graph":[{"@type":"WebPage","@id":"https:\/\/www.hhglobal.com\/de\/careers\/","url":"https:\/\/www.hhglobal.com\/de\/careers\/","name":"Wir suchen Bewerber - HH Global","isPartOf":{"@id":"https:\/\/www.hhglobal.com\/de\/#website"},"datePublished":"2022-05-18T22:12:21+00:00","dateModified":"2025-07-16T19:34:53+00:00","breadcrumb":{"@id":"https:\/\/www.hhglobal.com\/de\/careers\/#breadcrumb"},"inLanguage":"de-DE","potentialAction":[{"@type":"ReadAction","target":["https:\/\/www.hhglobal.com\/de\/careers\/"]}]},{"@type":"BreadcrumbList","@id":"https:\/\/www.hhglobal.com\/de\/careers\/#breadcrumb","itemListElement":[{"@type":"ListItem","position":1,"name":"Home","item":"https:\/\/www.hhglobal.com\/de\/"},{"@type":"ListItem","position":2,"name":"Wir suchen Bewerber"}]},{"@type":"WebSite","@id":"https:\/\/www.hhglobal.com\/de\/#website","url":"https:\/\/www.hhglobal.com\/de\/","name":"HH Global","description":"The global, tech-enabled creative production and procurement partner.","publisher":{"@id":"https:\/\/www.hhglobal.com\/de\/#organization"},"potentialAction":[{"@type":"SearchAction","target":{"@type":"EntryPoint","urlTemplate":"https:\/\/www.hhglobal.com\/de\/?s={search_term_string}"},"query-input":{"@type":"PropertyValueSpecification","valueRequired":true,"valueName":"search_term_string"}}],"inLanguage":"de-DE"},{"@type":"Organization","@id":"https:\/\/www.hhglobal.com\/de\/#organization","name":"HH Global","url":"https:\/\/www.hhglobal.com\/de\/","logo":{"@type":"ImageObject","inLanguage":"de-DE","@id":"https:\/\/www.hhglobal.com\/de\/#\/schema\/logo\/image\/","url":"https:\/\/www.hhglobal.com\/wp-content\/uploads\/2023\/12\/logo-white.svg","contentUrl":"https:\/\/www.hhglobal.com\/wp-content\/uploads\/2023\/12\/logo-white.svg","width":77,"height":18,"caption":"HH Global"},"image":{"@id":"https:\/\/www.hhglobal.com\/de\/#\/schema\/logo\/image\/"}}]}},"_links":{"self":[{"href":"https:\/\/www.hhglobal.com\/de\/wp-json\/wp\/v2\/pages\/5841","targetHints":{"allow":["GET"]}}],"collection":[{"href":"https:\/\/www.hhglobal.com\/de\/wp-json\/wp\/v2\/pages"}],"about":[{"href":"https:\/\/www.hhglobal.com\/de\/wp-json\/wp\/v2\/types\/page"}],"author":[{"embeddable":true,"href":"https:\/\/www.hhglobal.com\/de\/wp-json\/wp\/v2\/users\/41"}],"replies":[{"embeddable":true,"href":"https:\/\/www.hhglobal.com\/de\/wp-json\/wp\/v2\/comments?post=5841"}],"version-history":[{"count":0,"href":"https:\/\/www.hhglobal.com\/de\/wp-json\/wp\/v2\/pages\/5841\/revisions"}],"wp:attachment":[{"href":"https:\/\/www.hhglobal.com\/de\/wp-json\/wp\/v2\/media?parent=5841"}],"curies":[{"name":"wp","href":"https:\/\/api.w.org\/{rel}","templated":true}]}}