{"id":5827,"date":"2022-05-19T12:38:49","date_gmt":"2022-05-19T12:38:49","guid":{"rendered":"https:\/\/hhassoc-dev.sbx.world\/strategic-partners\/"},"modified":"2023-11-24T13:45:42","modified_gmt":"2023-11-24T13:45:42","slug":"strategic-partners","status":"publish","type":"page","link":"https:\/\/www.hhglobal.com\/de\/who-we-are\/strategic-partners\/","title":{"rendered":"Strategische Partner"},"content":{"rendered":"","protected":false},"excerpt":{"rendered":"","protected":false},"author":41,"featured_media":0,"parent":0,"menu_order":0,"comment_status":"closed","ping_status":"closed","template":"","meta":{"_acf_changed":"","_yoast_wpseo_focuskw":"","_yoast_wpseo_metadesc":"","_yoast_wpseo_linkdex":"","_yoast_wpseo_content_score":"","_yoast_wpseo_meta-robots-noindex":"","_yoast_wpseo_meta-robots-nofollow":"","inline_featured_image":[],"_genesis_block_theme_hide_title":false,"_cms_nav_minihome":"","_icl_lang_duplicate_of":"","_menu_item_classes":[],"_menu_item_menu_item_parent":"","_menu_item_object":"","_menu_item_object_id":"","_menu_item_orphaned":"","_menu_item_target":"","_menu_item_type":"","_menu_item_url":"","_menu_item_xfn":"","_seedprod_page":"","_seedprod_page_template_type":"","_seedprod_page_uuid":"","_top_nav_excluded":"","_wp_attachment_backup_sizes":[],"_wp_attachment_context":"","_wp_attachment_image_alt":"","_wp_old_date":"","_wpcode_auto_insert":"","_wpcode_auto_insert_number":"","_wpcode_library_id":"","_wpml_media_duplicate":"1","_wpml_media_featured":"1","_wpml_post_translation_editor_native":"","_wpml_word_count":"{\"total\":586,\"to_translate\":{\"zh-hans\":586,\"cs\":586,\"de\":586,\"ja\":586,\"pt-br\":586,\"es\":586}}","_yoast_wpseo_estimated-reading-time-minutes":[],"_yoast_wpseo_primary_category":"","_yoast_wpseo_primary_industry":"","_yoast_wpseo_primary_solution":"","_yoast_wpseo_primary_the_author":"","_yoast_wpseo_wordproof_timestamp":"","acfml_non_translatable_locations":[],"career_externalLink":"","career_featuredImage":"","career_title":"","casestudy_featuredImage":"","casestudy_title":"","infocallout_excerpt":"","infocallout_featuredImage":"","infocallout_title":"","jobTitle":"","language":"","name":"","profilePicture":"","wp-smpro-smush-data":[],"wp-smush-animated":"","wp-smush-ignore-bulk":"","wp-smush-lossy":"","wpml_media_processed":"","_wpcode_conditional_logic_enabled":"","_wpcode_location_extra":"","_wpcode_note":"","_wpcode_priority":"","_wpcode_shortcode_attributes":[],"footnotes":""},"class_list":["post-5827","page","type-page","status-publish","hentry","post","without-featured-image"],"acf":{"page_title":"Wichtige Vorteile und Dienstleistungen strategischer Lieferantenpartner | HH Global","page_description":"Werden Sie strategischer Partner von HH Global \u2013 dem weltweit f\u00fchrenden Unternehmen f\u00fcr kreative Produktion und Beschaffung \u2013 und profitieren Sie von einem nachhaltigeren Wachstum Ihres Unternehmens","social_title":"","social_description":"","social_share_image":null,"modules":[{"acf_fc_layout":"hero","size":"medium2","theme":"dark","choose_images":[{"image":2722}],"show_eyebrow":false,"eyebrow":"","title":"Strategische Partner","show_cta":false,"cta_url":"","cta_title":""},{"acf_fc_layout":"intro_content_block","container_background_color":"bg-white","type":false,"show_image":false,"intro_image":null,"show_background":false,"background":null,"show_eyebrow":false,"eyebrow":"Strategic partners ","show_designations":false,"designations":null,"show_title":true,"size":"large","title":"Partner f\u00fcr Wachstum","show_intro":true,"intro":"<p class=\"p1\">Wir arbeiten mit strategischen Lieferanten wie Ihnen zusammen, um f\u00fcr beide Seiten vorteilhafte Beziehungen aufzubauen.\r\n\r\nUnsere Kunden sind die gr\u00f6\u00dften Marken der Welt. Sie verlassen sich darauf, dass HH Global die st\u00e4rkste und effizienteste verf\u00fcgbare Lieferkette bietet. Unsere Mission ist es, f\u00fcr diese Kunden auf der ganzen Welt eine au\u00dfergew\u00f6hnliche Wirkung zu erzielen und gleichzeitig Ihre Wachstumsziele zu unterst\u00fctzen.<\/p>\r\n<strong><a href=\"mailto:HHGSupplierInquiry@www.hhglobal.com\">Werden Sie strategischer Partner<\/a><\/strong>\r\n\r\n&nbsp;","show_body":false,"body":"Our clients are the biggest brands in the world, and there is a reason they count on HH Global to provide the strongest, most efficient supply chain in the business. We actively partner with strategic suppliers like you to create a mutually productive relationship that ensures we can deliver extraordinary impact for our clients across the globe while enabling you to grow your business.\r\n\r\n<a href=\"mailto:HHGSupplierInquiry@www.hhglobal.com\">Become a strategic partner<\/a>","show_labels":false,"labels":{"show_social":false,"custom_categories":null}},{"acf_fc_layout":"text_with_media","scroll_to_link":"","theme":"light","container_background_color":"bg-grey","show_eyebrow":false,"eyebrow":"","show_title":false,"title":"","show_sub_title":true,"sub_title":"Vorteile und Dienstleistungen","content":"<h4>Arbeiten Sie mit den gr\u00f6\u00dften Marken und erstklassiger Technologie\r\n<\/h4>\r\nHH Global bietet unseren strategischen Lieferantenpartnern Vorteile und Dienstleistungen, die in der Branche ihresgleichen suchen:\r\n\r\n<ul>\r\n \t<li class=\"p2\">Gezieltes Wachstum mit den gr\u00f6\u00dften Marken der Welt<\/li>\r\n \t<li class=\"p2\">Unsere regionalen Category-Management-Teams f\u00fcr strategische Beschaffung passen die Anforderungen unserer Kunden an Ihre F\u00e4higkeiten an, sodass Sie mehr von dem tun k\u00f6nnen, worin Sie gut sind<\/li>\r\n \t<li class=\"p2\">Wir bieten Best Practices f\u00fcr die Lieferkette, Optimierung und Prozessberatung f\u00fcr strategische Lieferantenpartner, um Ihre Leistung zu verbessern<\/li>\r\n<\/ul>","cta_url":"","cta_text":"","open_in_new_window":false,"choose_media":[{"image":5134}],"image_alignment":"left","image_fit":"cover","image_size":"half-width","vimeoid":"","ytid":""},{"acf_fc_layout":"text_with_media","scroll_to_link":"","theme":"light","container_background_color":"bg-grey","show_eyebrow":false,"eyebrow":"","show_title":false,"title":"Learn more about Sustainable Procurement Framework  ","show_sub_title":false,"sub_title":"Benefits and services","content":"<h4>Verbessern Sie Ihre Effektivit\u00e4t mit unserer Hub E-Procurement-Suite<\/h4>\r\nDer bevorzugte Status als strategischer Lieferantenpartner von HH Global in allen unseren E-Commerce-Systemen verleiht Ihnen:\r\n\r\n<ul>\r\n \t<li class=\"p2\">ein optimiertes elektronisches Rechnungssystem, das die Verwaltungskosten minimiert und den Zahlungszyklus verk\u00fcrzt<\/li>\r\n \t<li class=\"p2\">Zugriff auf ein angepasstes Leistungs-Dashboard zur Unterst\u00fctzung Ihrer Entscheidungsfindung und Ihres Betriebs<\/li>\r\n<\/ul>\r\n<h4>Erreichen Sie eine gr\u00f6\u00dfere Sichtbarkeit f\u00fcr Ihr Unternehmen, um Ihre Leistung zu verbessern<\/h4>\r\n\r\n<ul>\r\n \t<li class=\"p2\">Aufnahme in unser firmeneigenes Supplier Relationship Management System<\/li>\r\n \t<li class=\"p2\">Aufnahme in das Supplier Insight Program (SIP) von HH Global<\/li>\r\n \t<li class=\"p2\">Lieferantenleistungsbewertungen<\/li>\r\n \t<li class=\"p2\">Innovationsbenchmarking basierend auf Best Practices der Branche und Kategorie<\/li>\r\n \t<li class=\"p2\">Betriebs- und Informationssicherheitsrisikopr\u00fcfungen<\/li>\r\n<\/ul>\r\n&nbsp;","cta_url":"","cta_text":"","open_in_new_window":false,"choose_media":[{"image":5044}],"image_alignment":"right","image_fit":"cover","image_size":"half-width","vimeoid":"","ytid":""},{"acf_fc_layout":"text_with_media","scroll_to_link":"","theme":"light","container_background_color":"bg-grey","show_eyebrow":false,"eyebrow":"","show_title":false,"title":"","show_sub_title":true,"sub_title":"Verbessern Sie Ihr Profil der Umwelt-, Sozial-, und Unternehmenssteuerung mit unserem Sustainable Procurement Framework","content":"<h4>Erf\u00fcllen Sie die wachsenden Anforderungen an nachhaltige Leistung<\/h4>\r\nHH Global engagiert sich daf\u00fcr, unseren strategischen Lieferantenpartnern dabei zu helfen, ihre Gesch\u00e4fte nachhaltig auszubauen.\r\n\r\nImmer mehr unserer Kunden verlangen, dass Lieferanten Nachhaltigkeitsziele erf\u00fcllen. Um Sie auf Ihrem Weg zur Nachhaltigkeit voranzubringen und mehr Gesch\u00e4fte mit den gr\u00f6\u00dften Marken der Welt zu erzielen, bieten wir das HH Global Sustainable Procurement Framework (SPF) an.\r\n\r\nExklusiv f\u00fcr unsere strategischen Lieferantenpartner ist SPF ein innovatives, technologiegest\u00fctztes Lieferkettenprogramm, das an den UN-Zielen f\u00fcr nachhaltige Entwicklung ausgerichtet ist. Es wird Ihnen dabei helfen, Ihre Anmeldeinformationen einfach zu teilen und sich auf konformere Gesch\u00e4ftspraktiken zuzubewegen.","cta_url":"","cta_text":"","open_in_new_window":false,"choose_media":[{"image":2554}],"image_alignment":"right","image_fit":"cover","image_size":"half-width","vimeoid":"","ytid":""},{"acf_fc_layout":"quotes","container_background_color":"bg-grey","quote":[{"attribution_name":"Carolyn Pickney","attribution_title":"President, Billboard Agency International, North America","content":"Die Zusammenarbeit mit HH Global bringt frischen Wind in eine sehr herausfordernde Branche. Der Respekt, den HH Global seinen Lieferanten entgegenbringt, die vertrauensvolle Partnerschaft und die Kommunikation sind mit Abstand die besten in der Branche. Wir arbeiten sehr gerne mit allen bei HH Global zusammen und sch\u00e4tzen unsere Beziehung.","prevent_graphic":false},{"attribution_name":"Laura Soto","attribution_title":"Director, Grupo Imaginaci\u00f3n y Movimiento, Mexico","content":"Die Zusammenarbeit mit HH Global sichert uns einen hohen Qualit\u00e4tsstandard und treibt die kontinuierliche Verbesserung voran. Jedes Projekt ist anders und stellt eine neue Herausforderung dar. Wir entwickeln st\u00e4ndig Innovationen und arbeiten mit dem Teamgeist und Kundenorientierung, die unseren Gesch\u00e4ftspartner auszeichnen, was einen Mehrwert f\u00fcr unsere Gesch\u00e4ftst\u00e4tigkeit darstellt. Wir sind seit mehr als f\u00fcnf Jahren strategische Lieferantenpartner von HH Global und haben in dieser Zeit ein stetiges Wachstum verzeichnet, weil neue Kunden hinzukommen.","prevent_graphic":false},{"attribution_name":"Bachar Aintaoui","attribution_title":"Chairman, MBA Group, UK","content":"Wir bei MBA glauben, dass Innovation und Zusammenarbeit unser Gesch\u00e4ft zum Besseren ver\u00e4ndern k\u00f6nnen. Wir erwarten denselben Ansatz von den Unternehmen, mit denen wir zusammenarbeiten, um unseren Kunden einen besseren und effizienteren Service zu bieten. Dies ist der Schl\u00fcssel zu unserer erfolgreichen 10-j\u00e4hrigen Beziehung mit HH Global \u2013 proaktive Zusammenarbeit durch partnerschaftliches Sourcing, das sich auf kontinuierliche Verbesserung konzentriert und ein gutes Preis-Leistungs-Verh\u00e4ltnis, Best Practice und Innovation bietet.","prevent_graphic":false}],"reduce_spacing":false},{"acf_fc_layout":"contact_form","title":"Kontakt aufnehmen"}]},"yoast_head":"<!-- This site is optimized with the Yoast SEO plugin v27.4 - https:\/\/yoast.com\/product\/yoast-seo-wordpress\/ -->\n<title>Strategische Partner - HH Global<\/title>\n<meta name=\"robots\" content=\"index, follow, max-snippet:-1, max-image-preview:large, max-video-preview:-1\" \/>\n<link rel=\"canonical\" href=\"https:\/\/www.hhglobal.com\/de\/who-we-are\/strategic-partners\/\" \/>\n<meta property=\"og:locale\" content=\"de_DE\" \/>\n<meta property=\"og:type\" content=\"article\" \/>\n<meta property=\"og:title\" content=\"Strategische Partner - HH Global\" \/>\n<meta property=\"og:url\" content=\"https:\/\/www.hhglobal.com\/de\/who-we-are\/strategic-partners\/\" \/>\n<meta property=\"og:site_name\" content=\"HH Global\" \/>\n<meta property=\"article:modified_time\" content=\"2023-11-24T13:45:42+00:00\" \/>\n<meta name=\"twitter:card\" content=\"summary_large_image\" \/>\n<script type=\"application\/ld+json\" class=\"yoast-schema-graph\">{\"@context\":\"https:\\\/\\\/schema.org\",\"@graph\":[{\"@type\":\"WebPage\",\"@id\":\"https:\\\/\\\/www.hhglobal.com\\\/de\\\/who-we-are\\\/strategic-partners\\\/\",\"url\":\"https:\\\/\\\/www.hhglobal.com\\\/de\\\/who-we-are\\\/strategic-partners\\\/\",\"name\":\"Strategische Partner - HH Global\",\"isPartOf\":{\"@id\":\"https:\\\/\\\/www.hhglobal.com\\\/de\\\/#website\"},\"datePublished\":\"2022-05-19T12:38:49+00:00\",\"dateModified\":\"2023-11-24T13:45:42+00:00\",\"breadcrumb\":{\"@id\":\"https:\\\/\\\/www.hhglobal.com\\\/de\\\/who-we-are\\\/strategic-partners\\\/#breadcrumb\"},\"inLanguage\":\"de-DE\",\"potentialAction\":[{\"@type\":\"ReadAction\",\"target\":[\"https:\\\/\\\/www.hhglobal.com\\\/de\\\/who-we-are\\\/strategic-partners\\\/\"]}]},{\"@type\":\"BreadcrumbList\",\"@id\":\"https:\\\/\\\/www.hhglobal.com\\\/de\\\/who-we-are\\\/strategic-partners\\\/#breadcrumb\",\"itemListElement\":[{\"@type\":\"ListItem\",\"position\":1,\"name\":\"Home\",\"item\":\"https:\\\/\\\/www.hhglobal.com\\\/de\\\/\"},{\"@type\":\"ListItem\",\"position\":2,\"name\":\"Strategische Partner\"}]},{\"@type\":\"WebSite\",\"@id\":\"https:\\\/\\\/www.hhglobal.com\\\/de\\\/#website\",\"url\":\"https:\\\/\\\/www.hhglobal.com\\\/de\\\/\",\"name\":\"HH Global\",\"description\":\"The global, tech-enabled creative production and procurement partner.\",\"publisher\":{\"@id\":\"https:\\\/\\\/www.hhglobal.com\\\/de\\\/#organization\"},\"potentialAction\":[{\"@type\":\"SearchAction\",\"target\":{\"@type\":\"EntryPoint\",\"urlTemplate\":\"https:\\\/\\\/www.hhglobal.com\\\/de\\\/?s={search_term_string}\"},\"query-input\":{\"@type\":\"PropertyValueSpecification\",\"valueRequired\":true,\"valueName\":\"search_term_string\"}}],\"inLanguage\":\"de-DE\"},{\"@type\":\"Organization\",\"@id\":\"https:\\\/\\\/www.hhglobal.com\\\/de\\\/#organization\",\"name\":\"HH Global\",\"url\":\"https:\\\/\\\/www.hhglobal.com\\\/de\\\/\",\"logo\":{\"@type\":\"ImageObject\",\"inLanguage\":\"de-DE\",\"@id\":\"https:\\\/\\\/www.hhglobal.com\\\/de\\\/#\\\/schema\\\/logo\\\/image\\\/\",\"url\":\"https:\\\/\\\/www.hhglobal.com\\\/wp-content\\\/uploads\\\/2023\\\/12\\\/logo-white.svg\",\"contentUrl\":\"https:\\\/\\\/www.hhglobal.com\\\/wp-content\\\/uploads\\\/2023\\\/12\\\/logo-white.svg\",\"width\":77,\"height\":18,\"caption\":\"HH Global\"},\"image\":{\"@id\":\"https:\\\/\\\/www.hhglobal.com\\\/de\\\/#\\\/schema\\\/logo\\\/image\\\/\"}}]}<\/script>\n<!-- \/ Yoast SEO plugin. -->","yoast_head_json":{"title":"Strategische Partner - HH Global","robots":{"index":"index","follow":"follow","max-snippet":"max-snippet:-1","max-image-preview":"max-image-preview:large","max-video-preview":"max-video-preview:-1"},"canonical":"https:\/\/www.hhglobal.com\/de\/who-we-are\/strategic-partners\/","og_locale":"de_DE","og_type":"article","og_title":"Strategische Partner - HH Global","og_url":"https:\/\/www.hhglobal.com\/de\/who-we-are\/strategic-partners\/","og_site_name":"HH Global","article_modified_time":"2023-11-24T13:45:42+00:00","twitter_card":"summary_large_image","schema":{"@context":"https:\/\/schema.org","@graph":[{"@type":"WebPage","@id":"https:\/\/www.hhglobal.com\/de\/who-we-are\/strategic-partners\/","url":"https:\/\/www.hhglobal.com\/de\/who-we-are\/strategic-partners\/","name":"Strategische Partner - HH Global","isPartOf":{"@id":"https:\/\/www.hhglobal.com\/de\/#website"},"datePublished":"2022-05-19T12:38:49+00:00","dateModified":"2023-11-24T13:45:42+00:00","breadcrumb":{"@id":"https:\/\/www.hhglobal.com\/de\/who-we-are\/strategic-partners\/#breadcrumb"},"inLanguage":"de-DE","potentialAction":[{"@type":"ReadAction","target":["https:\/\/www.hhglobal.com\/de\/who-we-are\/strategic-partners\/"]}]},{"@type":"BreadcrumbList","@id":"https:\/\/www.hhglobal.com\/de\/who-we-are\/strategic-partners\/#breadcrumb","itemListElement":[{"@type":"ListItem","position":1,"name":"Home","item":"https:\/\/www.hhglobal.com\/de\/"},{"@type":"ListItem","position":2,"name":"Strategische Partner"}]},{"@type":"WebSite","@id":"https:\/\/www.hhglobal.com\/de\/#website","url":"https:\/\/www.hhglobal.com\/de\/","name":"HH Global","description":"The global, tech-enabled creative production and procurement partner.","publisher":{"@id":"https:\/\/www.hhglobal.com\/de\/#organization"},"potentialAction":[{"@type":"SearchAction","target":{"@type":"EntryPoint","urlTemplate":"https:\/\/www.hhglobal.com\/de\/?s={search_term_string}"},"query-input":{"@type":"PropertyValueSpecification","valueRequired":true,"valueName":"search_term_string"}}],"inLanguage":"de-DE"},{"@type":"Organization","@id":"https:\/\/www.hhglobal.com\/de\/#organization","name":"HH Global","url":"https:\/\/www.hhglobal.com\/de\/","logo":{"@type":"ImageObject","inLanguage":"de-DE","@id":"https:\/\/www.hhglobal.com\/de\/#\/schema\/logo\/image\/","url":"https:\/\/www.hhglobal.com\/wp-content\/uploads\/2023\/12\/logo-white.svg","contentUrl":"https:\/\/www.hhglobal.com\/wp-content\/uploads\/2023\/12\/logo-white.svg","width":77,"height":18,"caption":"HH Global"},"image":{"@id":"https:\/\/www.hhglobal.com\/de\/#\/schema\/logo\/image\/"}}]}},"_links":{"self":[{"href":"https:\/\/www.hhglobal.com\/de\/wp-json\/wp\/v2\/pages\/5827","targetHints":{"allow":["GET"]}}],"collection":[{"href":"https:\/\/www.hhglobal.com\/de\/wp-json\/wp\/v2\/pages"}],"about":[{"href":"https:\/\/www.hhglobal.com\/de\/wp-json\/wp\/v2\/types\/page"}],"author":[{"embeddable":true,"href":"https:\/\/www.hhglobal.com\/de\/wp-json\/wp\/v2\/users\/41"}],"replies":[{"embeddable":true,"href":"https:\/\/www.hhglobal.com\/de\/wp-json\/wp\/v2\/comments?post=5827"}],"version-history":[{"count":0,"href":"https:\/\/www.hhglobal.com\/de\/wp-json\/wp\/v2\/pages\/5827\/revisions"}],"wp:attachment":[{"href":"https:\/\/www.hhglobal.com\/de\/wp-json\/wp\/v2\/media?parent=5827"}],"curies":[{"name":"wp","href":"https:\/\/api.w.org\/{rel}","templated":true}]}}