{"id":5820,"date":"2022-05-19T12:39:43","date_gmt":"2022-05-19T12:39:43","guid":{"rendered":"https:\/\/hhassoc-dev.sbx.world\/sustainability\/"},"modified":"2023-05-17T13:47:29","modified_gmt":"2023-05-17T13:47:29","slug":"sustainability","status":"publish","type":"page","link":"https:\/\/www.hhglobal.com\/de\/sustainability\/","title":{"rendered":"Nachhaltigkeit"},"content":{"rendered":"","protected":false},"excerpt":{"rendered":"","protected":false},"author":41,"featured_media":0,"parent":0,"menu_order":0,"comment_status":"closed","ping_status":"closed","template":"","meta":{"_acf_changed":"","_yoast_wpseo_focuskw":"","_yoast_wpseo_metadesc":"","_yoast_wpseo_linkdex":"","_yoast_wpseo_content_score":"","_yoast_wpseo_meta-robots-noindex":"","_yoast_wpseo_meta-robots-nofollow":"","inline_featured_image":[],"_genesis_block_theme_hide_title":false,"_cms_nav_minihome":"","_icl_lang_duplicate_of":"","_menu_item_classes":[],"_menu_item_menu_item_parent":"","_menu_item_object":"","_menu_item_object_id":"","_menu_item_orphaned":"","_menu_item_target":"","_menu_item_type":"","_menu_item_url":"","_menu_item_xfn":"","_seedprod_page":"","_seedprod_page_template_type":"","_seedprod_page_uuid":"","_top_nav_excluded":"","_wp_attachment_backup_sizes":[],"_wp_attachment_context":"","_wp_attachment_image_alt":"","_wp_old_date":"","_wpcode_auto_insert":"","_wpcode_auto_insert_number":"","_wpcode_library_id":"","_wpml_media_duplicate":"1","_wpml_media_featured":"1","_wpml_post_translation_editor_native":"","_wpml_word_count":"{\"total\":1224,\"to_translate\":{\"zh-hans\":1224,\"cs\":1224,\"de\":1224,\"ja\":1224,\"pt-br\":1224,\"es\":1224}}","_yoast_wpseo_estimated-reading-time-minutes":[],"_yoast_wpseo_primary_category":"","_yoast_wpseo_primary_industry":"","_yoast_wpseo_primary_solution":"","_yoast_wpseo_primary_the_author":"","_yoast_wpseo_wordproof_timestamp":"","acfml_non_translatable_locations":[],"career_externalLink":"","career_featuredImage":"","career_title":"","casestudy_featuredImage":"","casestudy_title":"","infocallout_excerpt":"","infocallout_featuredImage":"","infocallout_title":"","jobTitle":"","language":"","name":"","profilePicture":"","wp-smpro-smush-data":[],"wp-smush-animated":"","wp-smush-ignore-bulk":"","wp-smush-lossy":"","wpml_media_processed":"","_wpcode_conditional_logic_enabled":"","_wpcode_location_extra":"","_wpcode_note":"","_wpcode_priority":"","_wpcode_shortcode_attributes":[],"footnotes":""},"class_list":["post-5820","page","type-page","status-publish","hentry","post","without-featured-image"],"acf":{"page_title":"Nachhaltige kreative Produktion + F\u00fchrung in der Beschaffung | HH Global","page_description":"Arbeiten Sie mit HH Global zusammen, um nachhaltige kreative Produktions- und Beschaffungsl\u00f6sungen zu erhalten, die sozialen Fortschritt erm\u00f6glichen und das Unternehmenswachstum nachhaltig vorantreiben","social_title":"","social_description":"","social_share_image":null,"modules":[{"acf_fc_layout":"hero","size":"medium2","theme":"dark","choose_images":[{"image":4942}],"show_eyebrow":false,"eyebrow":"","title":"Nachhaltigkeit","show_cta":false,"cta_url":"","cta_title":""},{"acf_fc_layout":"intro_content_block","container_background_color":"bg-white","type":false,"show_image":false,"intro_image":null,"show_background":false,"background":null,"show_eyebrow":false,"eyebrow":"","show_designations":false,"designations":null,"show_title":true,"size":"large","title":"F\u00fchrend im nachhaltigen Marketing","show_intro":true,"intro":"Als f\u00fchrendes Unternehmen in der Verantwortung f\u00fcr Umwelt- und Sozialauswirkungen entwickelt HH Global ma\u00dfgeschneiderte L\u00f6sungen, die in den t\u00e4glichen Betrieb eingebettet sind, um Ihre Nachhaltigkeitsziele zu unterst\u00fctzen. In Zusammenarbeit mit den gr\u00f6\u00dften und bekanntesten Marken der Welt bieten wir fortschrittliche Erkenntnisse, um ihnen zu helfen, fundierte Nachhaltigkeitsentscheidungen zu treffen. Unser branchenf\u00fchrender Rahmen f\u00fcr die Zertifizierung von Anbietern bietet einen breiten und wachsenden Pool von Anbietern, die weltweit auf unsere Vision ausgerichtet sind.","show_body":false,"body":"At HH Global we have built our business practices around our sustainability goals\u2014and have enabled our clients and supplier partners to do the same. Our sustainability strategy centers on the United Nations Sustainability Development Goals (SDGs) . <link to sustainability report> as well as our Innovation with Purpose sustainability program, guiding everything we do as a company and the way we plan for the future. ","show_labels":false,"labels":{"show_social":false,"custom_categories":null}},{"acf_fc_layout":"text_with_media","scroll_to_link":"","theme":"light","container_background_color":"bg-white","show_eyebrow":false,"eyebrow":"","show_title":false,"title":"","show_sub_title":true,"sub_title":"Nachhaltiges Wachstum \u2013 f\u00fcr unsere Partner, unsere Mitarbeiter und den Planeten","content":"<p class=\"p1\"><span class=\"s1\">Unsere Nachhaltigkeitsstrategien orientieren sich an den Nachhaltigkeitszielen der Vereinten Nationen (<a href=\"https:\/\/sdgs.un.org\/goals\"><span class=\"s2\">Sustainable Development Goals<\/span><\/a>, SDGs) sowie an unserem Nachhaltigkeitsprogramm \u201eInnovation with Purpose\u201c. Nachhaltigkeit leitet alles, was wir als Unternehmen tun und wie wir f\u00fcr die Zukunft planen. Durch die Nutzung unserer umfangreichen Lieferkettenvorteile und betrieblichen Effizienzen f\u00f6rdern wir den Gesch\u00e4ftserfolg unserer Kunden und minimieren gleichzeitig Verschwendung f\u00fcr langfristigen Nutzen. Sehen Sie sich unseren neuesten<a href=\"https:\/\/ebooks.www.hhglobal.com\/view\/1025254788\/\"><span class=\"s2\">\u00a0Nachhaltigkeitsbericht<\/span><\/a> an.<\/span><\/p>","cta_url":"","cta_text":"","open_in_new_window":false,"choose_media":[{"image":4936}],"image_alignment":"left","image_fit":"cover","image_size":"half-width","vimeoid":"","ytid":""},{"acf_fc_layout":"text_with_media_carousel","theme":"light","container_background_color":"bg-grey","highlight_color":"purple","title":"Maximierung der Nachhaltigkeit durch f\u00fchrende Technologie","content":"<p class=\"p1\">Wir wissen aus Erfahrung, dass datengesteuerte und erkenntnisbasierte Ver\u00e4nderungen zu den bestm\u00f6glichen Nachhaltigkeitsergebnissen f\u00fchren. Unsere firmeneigene Suite von technologie- und datenreichen Produkten und Dienstleistungen unterst\u00fctzt unsere Kunden, unser Unternehmen und unsere strategischen Lieferantenpartner beim Erreichen von Nachhaltigkeitszielen.<\/p>","additional_spacing":false,"features_title":"","features":[{"navigation_label":"Hub","show_title":true,"title":"Hub","show_subtitle":false,"subtitle":"","content":"<p class=\"p1\">Unsere Hub-Plattform generiert Daten zur CO2 Belastung in der Planungsphase, sodass unsere Kunden fundierte Entscheidungen \u00fcber Kampagnentaktiken und die Wahl des Kanals treffen k\u00f6nnen. HH Global ist der erste kreative Produktions- und Beschaffungspartner der Welt, der dies in einem solchen Umfang anbietet und unseren Umweltrechner (Environmental Calculator) als Teil unseres Standardbetriebsmodells einbettet.<\/p>","choose_media":[{"image":5224}],"vimeoid":"","ytid":""},{"navigation_label":"KI-gest\u00fctzter Datensatz","show_title":true,"title":"KI-gest\u00fctzter Datensatz","show_subtitle":false,"subtitle":"","content":"<p class=\"p1\">Erg\u00e4nzt wird dieser CO2-Einblick durch einen KI-gest\u00fctzten Datensatz. Da immer mehr Daten verarbeitet werden, liefert unsere Technologie unseren Kunden kontinuierlich ein verfeinertes Ergebnis, das eine vorausschauende CO2-Auswirkungsmodellierung erm\u00f6glicht, um langfristige Kundeneinblicke und -vorteile zu unterst\u00fctzen und zu liefern.<\/p>","choose_media":[{"image":5164}],"vimeoid":"","ytid":""},{"navigation_label":"Rahmenbedingungen f\u00fcr nachhaltige Beschaffung ","show_title":true,"title":"Rahmenbedingungen f\u00fcr nachhaltige Beschaffung","show_subtitle":false,"subtitle":"","content":"<p class=\"p1\">Unser Sustainable Procurement Framework (SPF) ist eine weitere Marktneuheit, die Technologie und Daten nutzt, um Best Practices in unserer globalen Lieferkette zu skalieren. Durch die Kombination von Lieferantendaten von HH Global mit Forschungsergebnissen und Erkenntnissen unserer Partner haben wir einen einzigartigen Rahmen f\u00fcr eine nachhaltige Lieferkette geschaffen. Der SPF hilft unseren Lieferkettenpartnern, ihre aktuelle Nachhaltigkeitsreife einzusch\u00e4tzen. SPF hilft ihnen auch durch Bildungsressourcen, Best-Practice-Austausch und Wissen aus den Erfahrungen von HH Global, Fortschritte zu machen.<\/p>\r\nDie Anerkennung des Erfolgs von Lieferkettenpartnern ist ein wichtiger Bestandteil des SPF und f\u00f6rdert die kontinuierliche Verbesserung und die Reduzierung von Risikoprofilen. Mit der Idee, dass \u201eeine steigende Flut alle Boote hebt\u201c, konzentriert sich der SPF eindeutig auf messbare Ergebnisse und Fortschritte in Richtung der Ziele der Vereinten Nationen f\u00fcr nachhaltige Entwicklung.","choose_media":[{"image":5002}],"vimeoid":"","ytid":""}]},{"acf_fc_layout":"text_with_media_carousel","theme":"light","container_background_color":"bg-grey","highlight_color":"purple","title":"Beratungsleistungen zum Thema Nachhaltigkeit","content":"<p class=\"p1\">HH Global bietet umfassende Nachhaltigkeitsberatungsdienste und setzt unser Fachwissen ein, um Umwelt-, Sozial- und Corporate-Governance-Initiativen der Kunden zu schaffen bzw. zu erweitern. Diese Dienstleistungen umfassen einen Nachhaltigkeitsfahrplan, Nachhaltigkeitsbewertungen, Abfallmanagement-Audits und Nachhaltigkeitsstrategie.<\/p>","additional_spacing":false,"features_title":"","features":[{"navigation_label":"Nachhaltigkeitsbewertung","show_title":true,"title":"Nachhaltigkeitsbewertung","show_subtitle":false,"subtitle":"","content":"Unser markenerster Nachhaltigkeitsbewertungsservice nutzt Technologie- und Datenerkenntnisse zusammen mit einem unterst\u00fctzten Serviceangebot, um Ihr Unternehmen nach Marktsegment oder Region zu vergleichen und mit Ihren Mitbewerbern zu vergleichen.\r\n<ul>\r\n \t<li>Bietet zwei wichtige Kennzahlen f\u00fcr das Benchmarking<\/li>\r\n \t<li>CO2 Kennzahl pro ausgegebene 1 Millione USD<\/li>\r\n \t<li>Bewertung der Ausrichtung zwischen Einkauf und Prinzip<\/li>\r\n<\/ul>","choose_media":null,"vimeoid":"","ytid":""},{"navigation_label":"Dienstleistungen zur Nachhaltigkeitsstrategie","show_title":true,"title":"Dienstleistungen zur Nachhaltigkeitsstrategie","show_subtitle":false,"subtitle":"","content":"<p class=\"p1\">Als wichtiger Partner k\u00f6nnen wir Ihnen mit unserem fokussierten, interaktiven, dreistufigen Prozess helfen, Ihre Nachhaltigkeitsherausforderungen anzugehen. Unser stufenweiser Ansatz hilft dabei, neben l\u00e4ngerfristigen Nachhaltigkeitszielen auch kurzfristige Ziele zu schaffen.<\/p>\r\n\r\n<ul>\r\n \t<li class=\"p2\">Workshop, um herauszufinden, wie Sie zu den UN-Zielen f\u00fcr nachhaltige Entwicklung beitragen k\u00f6nnen<\/li>\r\n \t<li class=\"p2\">Berichterstellung<\/li>\r\n \t<li class=\"p2\">Fahrplan f\u00fcr sowohl Umwelt-, Sozial- und Corporate-Governance als auch Nachhaltigkeit mit laufender Unterst\u00fctzung<\/li>\r\n<\/ul>","choose_media":null,"vimeoid":"","ytid":""},{"navigation_label":"Strategischer Nachhaltigkeitsfahrplan","show_title":true,"title":"Strategischer Nachhaltigkeitsfahrplan","show_subtitle":false,"subtitle":"","content":"<ul>\r\n \t<li>CO2-Berechnungen und Reduktionsplanung<\/li>\r\n \t<li>Erstellen eines langfristigen Nachhaltigkeitsfahrplans, um sich auf die umweltsch\u00e4dlichsten Bereiche wie CO2, in \u00dcbereinstimmung mit den Nachhaltigkeitsverpflichtungen des Kundenunternehmens zu konzentrieren<\/li>\r\n \t<li>Festlegung einer Basislinie f\u00fcr CO2-Emissionen<\/li>\r\n \t<li>Definition von, und Ausrichtung an Zielen f\u00fcr die geplante Reduktion<\/li>\r\n \t<li>Festlegen einer Strategie f\u00fcr messbare CO2-Reduktionen auf der Grundlage unserer wichtigsten Nachhaltigkeitsprinzipien<\/li>\r\n \t<li>Messung von Umweltvertr\u00e4glichkeit und Einsparungen<\/li>\r\n \t<li>\u00d6kobilanz \u2013 Produkte, Verpackungen und Dienstleistungen<\/li>\r\n \t<li>CO2-Minderung<\/li>\r\n<\/ul>","choose_media":null,"vimeoid":"","ytid":""},{"navigation_label":"Betriebliche Abfallenstorgung","show_title":true,"title":"Betriebliche Abfallentsorgung","show_subtitle":false,"subtitle":"","content":"<p class=\"p1\">HH Global erkennt den zunehmenden Ehrgeiz unserer Kunden, Abfall zu vermeiden, Einwegkunststoffe in ihren Betrieben zu eliminieren, und kann dazu beitragen, Wegwerf\u00f6konomien in Kreislaufwirtschaften umzuwandeln. Wir f\u00fchren lokale Abfallaudits durch, analysieren gesammelte Daten und pr\u00e4sentieren aussagekr\u00e4ftige Empfehlungen zur Reduzierung von Betriebsabf\u00e4llen.<\/p>\r\n\r\n<ul>\r\n \t<li class=\"p2\">Abfallpr\u00fcfungen \u2013 B\u00fcros, Lager und Einzelhandelsgesch\u00e4fte<\/li>\r\n \t<li class=\"p2\">Erstellung von Abschlussberichten zu Forschungsergebnissen aus Online- und Vor-Ort-Abfallpr\u00fcfungen, unterst\u00fctzt mit Empfehlungen, Vorgaben und Zielen<\/li>\r\n \t<li class=\"p2\">Ver\u00f6ffentlichung der Ergebnisse mit den Nachhaltigkeitsberichten der Kunden<\/li>\r\n \t<li class=\"p2\">Weniger Deponierung, mehr Recycling und M\u00f6glichkeiten f\u00fcr geschlossene Kreisl\u00e4ufe<\/li>\r\n \t<li class=\"p2\">Reduzierte Entsorgungskosten und Unterst\u00fctzung bei der Schaffung neuer Einnahmequellen aus der Abfallwirtschaft<\/li>\r\n \t<li class=\"p2\">Steigerung der Abfallvermeidung und Recyclingm\u00f6glichkeiten im geschlossenen Kreislauf<\/li>\r\n<\/ul>","choose_media":null,"vimeoid":"","ytid":""}]},{"acf_fc_layout":"simple_content_block","scroll_to_link":"","container_background_color":"bg-white","columns":"2","title_one":"Ziel: SDG 8","content_one":"<img class=\"alignnone size-medium wp-image-1071 aligncenter\" src=\"https:\/\/decoupledhhg.wpengine.com\/wp-content\/uploads\/2022\/05\/E-WEB-Goal-08-1024x1024-1-300x154.png\" alt=\"\" width=\"300\" height=\"154\" \/>\r\n\r\n<strong>Menschenw\u00fcrdige Arbeit und Wirtschaftswachstum\r\n<\/strong>\r\nWir setzen uns daf\u00fcr ein, HH Global zu einem gro\u00dfartigen Arbeitsplatz f\u00fcr unsere Kollegen zu machen und sicherzustellen, dass unsere strategischen Lieferantenpartner menschenw\u00fcrdige Arbeitsbedingungen, faire L\u00f6hne, Kulanz am Arbeitsplatz und Arbeitnehmerrechte an ihrem Arbeitsplatz bieten. Bis 2025 stellen wir sicher:\r\n<ul>\r\n \t<li>Mitarbeiter unseres Unternehmens erhalten einen existenzsichernden Lohn<\/li>\r\n \t<li>Wir haben die Best\u00e4tigung einer existenzsichernden Lohnrichtlinie von 100 % unserer (direkten) Lieferanten auf erster Ebene*<\/li>\r\n \t<li>100 % unserer (direkten) Lieferanten auf erster Ebene* sind an unseren klar definierten Umwelt- und<\/li>\r\n \t<li>Sozialstandards ausgerichtet (oder planen, diese zu erf\u00fcllen).<\/li>\r\n \t<li>Alle unsere (direkten) Lieferanten auf erster Ebene* haben Informationen und Anleitungen zu den Zielen f\u00fcr nachhaltige Entwicklung erhalten, wobei 30 % ihre Unterst\u00fctzung demonstrieren<\/li>\r\n \t<li>*Lieferanten, die 95 % des Umsatzes von HH Global ausmachen<\/li>\r\n<\/ul>","title_two":"Ziel: SDG 10","content_two":"<img class=\"alignnone size-medium wp-image-1072 aligncenter\" src=\"https:\/\/decoupledhhg.wpengine.com\/wp-content\/uploads\/2022\/05\/E-WEB-Goal-10-1024x1024-1-300x154.png\" alt=\"\" width=\"300\" height=\"154\" \/>\r\n\r\n<strong>Reduzierte Ungleichheiten<\/strong>\r\n\r\nWir sind eine wachsende, vielf\u00e4ltige und integrative Organisation, die die Gemeinschaften widerspiegelt, in denen wir t\u00e4tig sind. Wir respektieren die Rechte und Chancen aller Menschen, unabh\u00e4ngig von Geschlecht, ethnischer Zugeh\u00f6rigkeit, religi\u00f6ser \u00dcberzeugung, sexueller Orientierung oder sozio\u00f6konomischem Hintergrund. Bis 2025 stellen wir sicher:\r\n<ul>\r\n \t<li>30 % vielf\u00e4ltige Vertretung auf der F\u00fchrungsebene von HH Global* (basierend auf Geschlecht, Rasse und ethnischer Zugeh\u00f6rigkeit sowie Alter und Generation)<\/li>\r\n \t<li>Zuteilung von 15 % unserer j\u00e4hrlichen Ausgaben an Lieferanten kleiner und vielf\u00e4ltiger Unternehmen<\/li>\r\n \t<li>Sicherstellen, dass alle unsere Personalentwicklungs- und Schulungsprogramme die Prinzipien von Vielfalt, Gerechtigkeit und Inklusion beinhalten und von 100 % der Mitarbeiter absolviert werden<\/li>\r\n<\/ul>\r\n*Konzernvorstand und regionales F\u00fchrungsteam"},{"acf_fc_layout":"simple_content_block","scroll_to_link":"","container_background_color":"bg-white","columns":"2","title_one":"Ziel: SDG 12","content_one":"<img class=\"alignnone size-medium wp-image-1073 aligncenter\" src=\"https:\/\/decoupledhhg.wpengine.com\/wp-content\/uploads\/2022\/05\/E-WEB-Goal-12-1024x1024-1-300x154.png\" alt=\"\" width=\"300\" height=\"154\" \/>\r\n\r\n<strong>Verantwortungsvoller Konsum und verantwortungsvolle Produktion<\/strong>\r\n\r\nWir stellen sicher, dass Produkte verantwortungsbewusst bezogen und produziert werden, und zeigen unseren Kunden gleichzeitig die nachhaltigsten Alternativen. Bis 2025 werden wir:\r\n<ul>\r\n \t<li>die Verwendung von recycelten Inhalten in der Produktion um 20 % (gegen\u00fcber dem Ausgangswert von 2021) erh\u00f6hen, indem wir unsere Kunden \u00fcber die Verf\u00fcgbarkeit alternativer L\u00f6sungen zu Kunststoff wie Materialien auf Zellulosefaserbasis aufkl\u00e4ren<\/li>\r\n \t<li>allen Kunden Umweltvertr\u00e4glichkeitsberechnungen in der Angebotsphase zur Verf\u00fcgung stellen<\/li>\r\n \t<li>Einwegkunststoffe in unseren eigenen B\u00fcros eliminieren<\/li>\r\n<\/ul>","title_two":"Ziel: SDG 13","content_two":"<img class=\"alignnone size-medium wp-image-1074 aligncenter\" src=\"https:\/\/decoupledhhg.wpengine.com\/wp-content\/uploads\/2022\/05\/E-WEB-Goal-13-1024x1024-1-300x154.png\" alt=\"\" width=\"300\" height=\"154\" \/>\r\n<p class=\"p1\"><strong>Klimaschutz\r\n<\/strong>\r\nWir werden dazu beitragen, die globale Erw\u00e4rmung unter 1,5 \u00b0C zu halten, indem wir unseren CO2-Fu\u00dfabdruck verringern und zu Netto-Null-Emissionen \u00fcbergehen. Die folgenden wichtigen Meilensteine zur Erreichung des Netto-Null-Ziels werden f\u00fcr HH Global vorgeschlagen:<\/p>\r\n\r\n<ul>\r\n \t<li class=\"p2\">100 % erneuerbare Energie in unseren Betrieben bis 2025<\/li>\r\n \t<li class=\"p2\">50 % Emissionsreduktion bis 2030*<\/li>\r\n \t<li class=\"p2\">90 % Emissionsreduktion bis 2040*<\/li>\r\n \t<li class=\"p2\">Laufende Investitionen in naturbasierte L\u00f6sungen<\/li>\r\n \t<li class=\"p2\">10 % Emissionsneutralisierung bis 2040<\/li>\r\n<\/ul>\r\n<p class=\"p1\"><em>* Im Vergleich zu einer GJ22-Basislinie<\/em><\/p>"},{"acf_fc_layout":"clients_awards","title":"","logos":null},{"acf_fc_layout":"contact_form","title":"Get in touch"}]},"yoast_head":"<!-- This site is optimized with the Yoast SEO plugin v27.4 - https:\/\/yoast.com\/product\/yoast-seo-wordpress\/ -->\n<title>Nachhaltigkeit - HH Global<\/title>\n<meta name=\"robots\" content=\"index, follow, max-snippet:-1, max-image-preview:large, max-video-preview:-1\" \/>\n<link rel=\"canonical\" href=\"https:\/\/www.hhglobal.com\/de\/sustainability\/\" \/>\n<meta property=\"og:locale\" content=\"de_DE\" \/>\n<meta property=\"og:type\" content=\"article\" \/>\n<meta property=\"og:title\" content=\"Nachhaltigkeit - HH Global\" \/>\n<meta property=\"og:url\" content=\"https:\/\/www.hhglobal.com\/de\/sustainability\/\" \/>\n<meta property=\"og:site_name\" content=\"HH Global\" \/>\n<meta property=\"article:modified_time\" content=\"2023-05-17T13:47:29+00:00\" \/>\n<meta name=\"twitter:card\" content=\"summary_large_image\" \/>\n<script type=\"application\/ld+json\" class=\"yoast-schema-graph\">{\"@context\":\"https:\\\/\\\/schema.org\",\"@graph\":[{\"@type\":\"WebPage\",\"@id\":\"https:\\\/\\\/www.hhglobal.com\\\/de\\\/sustainability\\\/\",\"url\":\"https:\\\/\\\/www.hhglobal.com\\\/de\\\/sustainability\\\/\",\"name\":\"Nachhaltigkeit - HH Global\",\"isPartOf\":{\"@id\":\"https:\\\/\\\/www.hhglobal.com\\\/de\\\/#website\"},\"datePublished\":\"2022-05-19T12:39:43+00:00\",\"dateModified\":\"2023-05-17T13:47:29+00:00\",\"breadcrumb\":{\"@id\":\"https:\\\/\\\/www.hhglobal.com\\\/de\\\/sustainability\\\/#breadcrumb\"},\"inLanguage\":\"de-DE\",\"potentialAction\":[{\"@type\":\"ReadAction\",\"target\":[\"https:\\\/\\\/www.hhglobal.com\\\/de\\\/sustainability\\\/\"]}]},{\"@type\":\"BreadcrumbList\",\"@id\":\"https:\\\/\\\/www.hhglobal.com\\\/de\\\/sustainability\\\/#breadcrumb\",\"itemListElement\":[{\"@type\":\"ListItem\",\"position\":1,\"name\":\"Home\",\"item\":\"https:\\\/\\\/www.hhglobal.com\\\/de\\\/\"},{\"@type\":\"ListItem\",\"position\":2,\"name\":\"Nachhaltigkeit\"}]},{\"@type\":\"WebSite\",\"@id\":\"https:\\\/\\\/www.hhglobal.com\\\/de\\\/#website\",\"url\":\"https:\\\/\\\/www.hhglobal.com\\\/de\\\/\",\"name\":\"HH Global\",\"description\":\"The global, tech-enabled creative production and procurement partner.\",\"publisher\":{\"@id\":\"https:\\\/\\\/www.hhglobal.com\\\/de\\\/#organization\"},\"potentialAction\":[{\"@type\":\"SearchAction\",\"target\":{\"@type\":\"EntryPoint\",\"urlTemplate\":\"https:\\\/\\\/www.hhglobal.com\\\/de\\\/?s={search_term_string}\"},\"query-input\":{\"@type\":\"PropertyValueSpecification\",\"valueRequired\":true,\"valueName\":\"search_term_string\"}}],\"inLanguage\":\"de-DE\"},{\"@type\":\"Organization\",\"@id\":\"https:\\\/\\\/www.hhglobal.com\\\/de\\\/#organization\",\"name\":\"HH Global\",\"url\":\"https:\\\/\\\/www.hhglobal.com\\\/de\\\/\",\"logo\":{\"@type\":\"ImageObject\",\"inLanguage\":\"de-DE\",\"@id\":\"https:\\\/\\\/www.hhglobal.com\\\/de\\\/#\\\/schema\\\/logo\\\/image\\\/\",\"url\":\"https:\\\/\\\/www.hhglobal.com\\\/wp-content\\\/uploads\\\/2023\\\/12\\\/logo-white.svg\",\"contentUrl\":\"https:\\\/\\\/www.hhglobal.com\\\/wp-content\\\/uploads\\\/2023\\\/12\\\/logo-white.svg\",\"width\":77,\"height\":18,\"caption\":\"HH Global\"},\"image\":{\"@id\":\"https:\\\/\\\/www.hhglobal.com\\\/de\\\/#\\\/schema\\\/logo\\\/image\\\/\"}}]}<\/script>\n<!-- \/ Yoast SEO plugin. -->","yoast_head_json":{"title":"Nachhaltigkeit - HH Global","robots":{"index":"index","follow":"follow","max-snippet":"max-snippet:-1","max-image-preview":"max-image-preview:large","max-video-preview":"max-video-preview:-1"},"canonical":"https:\/\/www.hhglobal.com\/de\/sustainability\/","og_locale":"de_DE","og_type":"article","og_title":"Nachhaltigkeit - HH Global","og_url":"https:\/\/www.hhglobal.com\/de\/sustainability\/","og_site_name":"HH Global","article_modified_time":"2023-05-17T13:47:29+00:00","twitter_card":"summary_large_image","schema":{"@context":"https:\/\/schema.org","@graph":[{"@type":"WebPage","@id":"https:\/\/www.hhglobal.com\/de\/sustainability\/","url":"https:\/\/www.hhglobal.com\/de\/sustainability\/","name":"Nachhaltigkeit - HH Global","isPartOf":{"@id":"https:\/\/www.hhglobal.com\/de\/#website"},"datePublished":"2022-05-19T12:39:43+00:00","dateModified":"2023-05-17T13:47:29+00:00","breadcrumb":{"@id":"https:\/\/www.hhglobal.com\/de\/sustainability\/#breadcrumb"},"inLanguage":"de-DE","potentialAction":[{"@type":"ReadAction","target":["https:\/\/www.hhglobal.com\/de\/sustainability\/"]}]},{"@type":"BreadcrumbList","@id":"https:\/\/www.hhglobal.com\/de\/sustainability\/#breadcrumb","itemListElement":[{"@type":"ListItem","position":1,"name":"Home","item":"https:\/\/www.hhglobal.com\/de\/"},{"@type":"ListItem","position":2,"name":"Nachhaltigkeit"}]},{"@type":"WebSite","@id":"https:\/\/www.hhglobal.com\/de\/#website","url":"https:\/\/www.hhglobal.com\/de\/","name":"HH Global","description":"The global, tech-enabled creative production and procurement partner.","publisher":{"@id":"https:\/\/www.hhglobal.com\/de\/#organization"},"potentialAction":[{"@type":"SearchAction","target":{"@type":"EntryPoint","urlTemplate":"https:\/\/www.hhglobal.com\/de\/?s={search_term_string}"},"query-input":{"@type":"PropertyValueSpecification","valueRequired":true,"valueName":"search_term_string"}}],"inLanguage":"de-DE"},{"@type":"Organization","@id":"https:\/\/www.hhglobal.com\/de\/#organization","name":"HH Global","url":"https:\/\/www.hhglobal.com\/de\/","logo":{"@type":"ImageObject","inLanguage":"de-DE","@id":"https:\/\/www.hhglobal.com\/de\/#\/schema\/logo\/image\/","url":"https:\/\/www.hhglobal.com\/wp-content\/uploads\/2023\/12\/logo-white.svg","contentUrl":"https:\/\/www.hhglobal.com\/wp-content\/uploads\/2023\/12\/logo-white.svg","width":77,"height":18,"caption":"HH Global"},"image":{"@id":"https:\/\/www.hhglobal.com\/de\/#\/schema\/logo\/image\/"}}]}},"_links":{"self":[{"href":"https:\/\/www.hhglobal.com\/de\/wp-json\/wp\/v2\/pages\/5820","targetHints":{"allow":["GET"]}}],"collection":[{"href":"https:\/\/www.hhglobal.com\/de\/wp-json\/wp\/v2\/pages"}],"about":[{"href":"https:\/\/www.hhglobal.com\/de\/wp-json\/wp\/v2\/types\/page"}],"author":[{"embeddable":true,"href":"https:\/\/www.hhglobal.com\/de\/wp-json\/wp\/v2\/users\/41"}],"replies":[{"embeddable":true,"href":"https:\/\/www.hhglobal.com\/de\/wp-json\/wp\/v2\/comments?post=5820"}],"version-history":[{"count":0,"href":"https:\/\/www.hhglobal.com\/de\/wp-json\/wp\/v2\/pages\/5820\/revisions"}],"wp:attachment":[{"href":"https:\/\/www.hhglobal.com\/de\/wp-json\/wp\/v2\/media?parent=5820"}],"curies":[{"name":"wp","href":"https:\/\/api.w.org\/{rel}","templated":true}]}}