{"id":5802,"date":"2022-05-19T12:46:27","date_gmt":"2022-05-19T12:46:27","guid":{"rendered":"https:\/\/hhassoc-dev.sbx.world\/technology\/"},"modified":"2023-11-24T13:59:29","modified_gmt":"2023-11-24T13:59:29","slug":"technology","status":"publish","type":"page","link":"https:\/\/www.hhglobal.com\/de\/what-we-do\/technology\/","title":{"rendered":"Technologie"},"content":{"rendered":"","protected":false},"excerpt":{"rendered":"","protected":false},"author":41,"featured_media":0,"parent":0,"menu_order":0,"comment_status":"closed","ping_status":"closed","template":"","meta":{"_acf_changed":"","_yoast_wpseo_focuskw":"","_yoast_wpseo_metadesc":"","_yoast_wpseo_linkdex":"","_yoast_wpseo_content_score":"","_yoast_wpseo_meta-robots-noindex":"","_yoast_wpseo_meta-robots-nofollow":"","inline_featured_image":[],"_genesis_block_theme_hide_title":false,"_cms_nav_minihome":"","_icl_lang_duplicate_of":"","_menu_item_classes":[],"_menu_item_menu_item_parent":"","_menu_item_object":"","_menu_item_object_id":"","_menu_item_orphaned":"","_menu_item_target":"","_menu_item_type":"","_menu_item_url":"","_menu_item_xfn":"","_seedprod_page":"","_seedprod_page_template_type":"","_seedprod_page_uuid":"","_top_nav_excluded":"","_wp_attachment_backup_sizes":[],"_wp_attachment_context":"","_wp_attachment_image_alt":"","_wp_old_date":"","_wpcode_auto_insert":"","_wpcode_auto_insert_number":"","_wpcode_library_id":"","_wpml_media_duplicate":"1","_wpml_media_featured":"1","_wpml_post_translation_editor_native":"","_wpml_word_count":"{\"total\":593,\"to_translate\":{\"zh-hans\":593,\"cs\":593,\"de\":593,\"ja\":593,\"pt-br\":593,\"es\":593}}","_yoast_wpseo_estimated-reading-time-minutes":[],"_yoast_wpseo_primary_category":"","_yoast_wpseo_primary_industry":"","_yoast_wpseo_primary_solution":"","_yoast_wpseo_primary_the_author":"","_yoast_wpseo_wordproof_timestamp":"","acfml_non_translatable_locations":[],"career_externalLink":"","career_featuredImage":"","career_title":"","casestudy_featuredImage":"","casestudy_title":"","infocallout_excerpt":"","infocallout_featuredImage":"","infocallout_title":"","jobTitle":"","language":"","name":"","profilePicture":"","wp-smpro-smush-data":[],"wp-smush-animated":"","wp-smush-ignore-bulk":"","wp-smush-lossy":"","wpml_media_processed":"","_wpcode_conditional_logic_enabled":"","_wpcode_location_extra":"","_wpcode_note":"","_wpcode_priority":"","_wpcode_shortcode_attributes":[],"footnotes":""},"class_list":["post-5802","page","type-page","status-publish","hentry","post","without-featured-image"],"acf":{"page_title":"Firmeneigene Technologie f\u00fcr \u00fcberlegene Effizienz und Marketingrendite","page_description":"Unsere erstklassige firmeneigene Technologie f\u00f6rdert die Betriebseffizienz, die Leistungstransparenz und die Kapitalrendite f\u00fcr unsere Kunden","social_title":"","social_description":"","social_share_image":null,"modules":[{"acf_fc_layout":"hero","size":"medium2","theme":"dark","choose_images":[{"image":4858},{"image":3430},{"image":3610},{"image":2512}],"show_eyebrow":false,"eyebrow":"","title":"Technologie","show_cta":false,"cta_url":"","cta_title":""},{"acf_fc_layout":"intro_content_block","scroll_to_link":"","container_background_color":"bg-white","type":false,"show_image":false,"intro_image":null,"show_background":false,"background":null,"show_eyebrow":false,"eyebrow":"","show_designations":false,"designations":null,"show_title":true,"size":"large","title":"Plattforminnovation + optimierte Marketingaktivierung","show_intro":false,"intro":"","show_body":false,"body":"","show_labels":false,"labels":{"show_social":false,"custom_categories":null}},{"acf_fc_layout":"text_with_media_carousel","scroll_to_link":"","theme":"light","container_background_color":"bg-grey","highlight_color":"purple","title":"Firmeneigene Technologie zur Steigerung der Kapitalrendite","content":"<p class=\"p1\">Unsere erstklassige Technologie sorgt f\u00fcr un\u00fcbertroffene Marketingwirkung. Vereinen Sie Marken, L\u00e4nder und Regionen, um sich mit datengesteuerten Erkenntnissen schnell anzupassen. Verfolgen Sie Ausgaben und messen Sie die Leistung f\u00fcr kontinuierliche Verbesserungen. Optimieren Sie die Funktionalit\u00e4t bei jedem Schritt, um Verschwendung zu reduzieren, Wachstum zu unterst\u00fctzen und Transformationen zu erm\u00f6glichen.<\/p>\r\nUnsere strategischen Tools wurden f\u00fcr globale Unternehmen entwickelt und k\u00f6nnen in bestehende Systeme integriert werden, um jeden Aspekt Ihres Marketings zu optimieren. Dazu geh\u00f6ren Module, die bei der Planung, Erstellung, Beschaffung und Durchf\u00fchrung von Kampagnen helfen und gleichzeitig Einblicke in die Ergebnisse liefern.","additional_spacing":false,"features_title":"Servicelinien","features":[{"navigation_label":"E-shop","show_title":true,"title":"E-shop","show_subtitle":false,"subtitle":"","content":"<ul>\r\n \t<li>Benutzerdefinierte Webshops f\u00fcr alle Ihre Marketingmaterialien \u2013 physisch oder digital \u2013 \u00fcber ein Warenkorb-basiertes Online-Handelsystem<\/li>\r\n \t<li>Benutzerfreundlich, verf\u00fcgbar in 18 Sprachen und 38 W\u00e4hrungen, erm\u00f6glicht es Unternehmensbenutzern, alles, was sie brauchen, aus einer einzigen Quelle zu finden, auszuw\u00e4hlen, zu bestellen und zu verfolgen<\/li>\r\n \t<li>Kunden kontrollieren den Zugriff mithilfe von Unternehmenssystemen wie Ariba und Coupa, um Benutzeridentit\u00e4ten zu verwalten und sicherzustellen, dass die richtigen Inhalte pr\u00e4sentiert werden<\/li>\r\n<\/ul>\r\n&nbsp;\r\n\r\n&nbsp;","choose_media":[{"image":5368}],"vimeoid":"","ytid":""},{"navigation_label":"Digitale Dateienverwaltung","show_title":true,"title":"Digitale Dateienverwaltung","show_subtitle":false,"subtitle":"","content":"<ul>\r\n \t<li>\u00dcbernehmen Sie mit Hub Digital Asset Manager, einem digitalen Online-Dateiarchiv, die Kontrolle \u00fcber Produktionsdateien und Assets von Agenturen und der Lieferkette<\/li>\r\n \t<li>Automatisieren Sie Arbeitsabl\u00e4ufe, indem Sie eine integrierte, sichere Schnittstelle f\u00fcr die Dateiaufnahme und einen robusten Freigabeprozess bereitstellen, der sicherstellt, dass Produktionslieferanten die richtige Datei zur richtigen Zeit erhalten<\/li>\r\n \t<li>Sie k\u00f6nnen Inhalte \u00fcber alle Kan\u00e4le bereitstellen, anpassen und wiederverwenden \u2013 seien diese physisch oder digital \u2013 mithilfe intelligenter, gut strukturierter Metadaten<\/li>\r\n<\/ul>","choose_media":[{"image":4864}],"vimeoid":"","ytid":""},{"navigation_label":"Erstellung von Ladenprofilen","show_title":true,"title":"Erstellung von Ladenprofilen","show_subtitle":false,"subtitle":"","content":"<ul>\r\n \t<li>Eliminieren Sie manuelle Berechnungen bei der Bestimmung der Produktionsanforderungen f\u00fcr jede Filiale im Netzwerk eines Einzelh\u00e4ndlers<\/li>\r\n \t<li>Der Retail Store Profiler verwaltet Gesch\u00e4ftsattribute und Informationen zu Disply-Standorten. Er erstellt austomatisch Content und Kit-Listen um Abfall zu reduzieren und um sicherzustellen, dass nur das produziert wird, was ben\u00f6tigt wird.<\/li>\r\n \t<li>Der einach zu wartende und zu aktualisierende Retail Store Profiler erm\u00f6glicht es, die richtige Bespielung an der optimalen Stelle anzubringen um eine optimale Wirkung zu erzielen.<\/li>\r\n<\/ul>","choose_media":[{"image":3520}],"vimeoid":"","ytid":""},{"navigation_label":"Berichte + Analysen","show_title":true,"title":"Berichte + Analysen","show_subtitle":false,"subtitle":"","content":"<ul>\r\n \t<li>Benutzerdefinierte Kunden-Dashboards f\u00fcr Berichte, Trend-, Gap-, Nachhaltigkeits- und Ausgabenanalysen<\/li>\r\n \t<li>Greifen Sie einfach auf Daten \u00fcber konfigurierte Berichte und Dashboards zu, die relevante, handlungsorientierte Einblicke zur Unterst\u00fctzung von Entscheidungen und Investitionen bieten<\/li>\r\n \t<li>Erfordert wenig bis gar keine Schulung und l\u00e4sst unsere Kunden auf den Plattformen arbeiten, die sie verwenden m\u00f6chten, indem mehrere Datenquellen an einem Ort zusammengef\u00fchrt werden<\/li>\r\n \t<li>Erm\u00f6glicht auf einen Blick die \u00dcberpr\u00fcfung der Leistung anhand vereinbarter Leistungskennzahlen, die einem helfen, sich auf die Dinge zu konzentrieren, die am wichtigsten sind<\/li>\r\n<\/ul>","choose_media":[{"image":4480}],"vimeoid":"","ytid":""},{"navigation_label":"SB-Produktion + Beschaffung","show_title":true,"title":"SB-Produktion + Beschaffung","show_subtitle":false,"subtitle":"","content":"<ul>\r\n \t<li>Marketingausf\u00fchrungssoftware mit vollst\u00e4ndiger Transparenz und optimaler Kontrolle von Kosten-, Qualit\u00e4ts-, Zeit- und Nachhaltigkeitsfaktoren w\u00e4hrend der Kampagnenerstellung und -ausf\u00fchrung<\/li>\r\n \t<li>API-basiert und bereit f\u00fcr die Integration, verbessern Sie die Zusammenarbeit \u00fcber einen zentralen Marketing-Workflow f\u00fcr interne Teams, externe Agenturen und Lieferanten<\/li>\r\n \t<li>Flexible, hochgradig konfigurierbare SaaS-L\u00f6sungen vom kreativen Briefing \u00fcber die Beschaffung und Produktion bis hin zum Rechnungsabgleich<\/li>\r\n<\/ul>","choose_media":[{"image":4708}],"vimeoid":"","ytid":""}]},{"acf_fc_layout":"content_block","container_background_color":"bg-grey","show_header":false,"header":"","contents":[{"show_header_icon":false,"header_icon":null,"show_header":true,"header":"1,3 Millionen","header_color":"secondary-blue","show_subheader":true,"subheader":"Transaktionen abgewickelt","description":"<p class=\"p1\">Mit unserer Technologie haben wir in den letzten zw\u00f6lf Monaten 1,3 Millionen Transaktionen verarbeitet, darunter 692.000 Einzelposten<\/p>"},{"show_header_icon":false,"header_icon":null,"show_header":true,"header":"625k","header_color":"purple","show_subheader":true,"subheader":"E-Shop-Transaktionen","description":"In den letzten zw\u00f6lf Monaten wurden \u00fcber 625.000 E-Shop-Transaktionen abgewickelt"},{"show_header_icon":false,"header_icon":null,"show_header":true,"header":"89.485  ","header_color":"light-purple","show_subheader":true,"subheader":"Aktive Nutzer","description":"Im Mai 2022 hatten wir fast 100.000 aktive Nutzer unserer Technologie"},{"show_header_icon":false,"header_icon":null,"show_header":true,"header":"526k","header_color":"light-purple","show_subheader":true,"subheader":"Projekte verwaltet","description":"In den letzten zw\u00f6lf Monaten haben wir \u00fcber 500.000 Projekte erfolgreich verwaltet"},{"show_header_icon":false,"header_icon":null,"show_header":true,"header":"1,2 Millionen","header_color":"purple","show_subheader":true,"subheader":"Wettbewerbsf\u00e4hige Angebote","description":"In den letzten zw\u00f6lf Monaten haben wir 1,2 Millionen Lieferantenangebote erhalten"}]},{"acf_fc_layout":"cards","scroll_to_link":"","container_background_color":"bg-pure-black","show_heading":true,"heading":"Erfahren Sie mehr","content":"","cards":{"layout":"case-studies-layout","sub_layout":"simple","cards_display_mode":"bg-white","solution_term":null,"industry_term":null,"author_term":null,"region_term":null,"choose_cards":null,"choose_case_studies":[5720,5736,5699],"choose_featured_case_studies":null,"choose_staff_members":null,"choose_careers":null,"choose_info_callouts":null,"show_titles":true,"show_description":true,"show_date":false,"show_sector":false}},{"acf_fc_layout":"contact_form","scroll_to_link":"","title":"Kontakt aufnehmen"}]},"yoast_head":"<!-- This site is optimized with the Yoast SEO plugin v27.4 - https:\/\/yoast.com\/product\/yoast-seo-wordpress\/ -->\n<title>Technologie - HH Global<\/title>\n<meta name=\"robots\" content=\"index, follow, max-snippet:-1, max-image-preview:large, max-video-preview:-1\" \/>\n<link rel=\"canonical\" href=\"https:\/\/www.hhglobal.com\/de\/what-we-do\/technology\/\" \/>\n<meta property=\"og:locale\" content=\"de_DE\" \/>\n<meta property=\"og:type\" content=\"article\" \/>\n<meta property=\"og:title\" content=\"Technologie - HH Global\" \/>\n<meta property=\"og:url\" content=\"https:\/\/www.hhglobal.com\/de\/what-we-do\/technology\/\" \/>\n<meta property=\"og:site_name\" content=\"HH Global\" \/>\n<meta property=\"article:modified_time\" content=\"2023-11-24T13:59:29+00:00\" \/>\n<meta name=\"twitter:card\" content=\"summary_large_image\" \/>\n<script type=\"application\/ld+json\" class=\"yoast-schema-graph\">{\"@context\":\"https:\\\/\\\/schema.org\",\"@graph\":[{\"@type\":\"WebPage\",\"@id\":\"https:\\\/\\\/www.hhglobal.com\\\/de\\\/what-we-do\\\/technology\\\/\",\"url\":\"https:\\\/\\\/www.hhglobal.com\\\/de\\\/what-we-do\\\/technology\\\/\",\"name\":\"Technologie - HH Global\",\"isPartOf\":{\"@id\":\"https:\\\/\\\/www.hhglobal.com\\\/de\\\/#website\"},\"datePublished\":\"2022-05-19T12:46:27+00:00\",\"dateModified\":\"2023-11-24T13:59:29+00:00\",\"breadcrumb\":{\"@id\":\"https:\\\/\\\/www.hhglobal.com\\\/de\\\/what-we-do\\\/technology\\\/#breadcrumb\"},\"inLanguage\":\"de-DE\",\"potentialAction\":[{\"@type\":\"ReadAction\",\"target\":[\"https:\\\/\\\/www.hhglobal.com\\\/de\\\/what-we-do\\\/technology\\\/\"]}]},{\"@type\":\"BreadcrumbList\",\"@id\":\"https:\\\/\\\/www.hhglobal.com\\\/de\\\/what-we-do\\\/technology\\\/#breadcrumb\",\"itemListElement\":[{\"@type\":\"ListItem\",\"position\":1,\"name\":\"Home\",\"item\":\"https:\\\/\\\/www.hhglobal.com\\\/de\\\/\"},{\"@type\":\"ListItem\",\"position\":2,\"name\":\"Technologie\"}]},{\"@type\":\"WebSite\",\"@id\":\"https:\\\/\\\/www.hhglobal.com\\\/de\\\/#website\",\"url\":\"https:\\\/\\\/www.hhglobal.com\\\/de\\\/\",\"name\":\"HH Global\",\"description\":\"The global, tech-enabled creative production and procurement partner.\",\"publisher\":{\"@id\":\"https:\\\/\\\/www.hhglobal.com\\\/de\\\/#organization\"},\"potentialAction\":[{\"@type\":\"SearchAction\",\"target\":{\"@type\":\"EntryPoint\",\"urlTemplate\":\"https:\\\/\\\/www.hhglobal.com\\\/de\\\/?s={search_term_string}\"},\"query-input\":{\"@type\":\"PropertyValueSpecification\",\"valueRequired\":true,\"valueName\":\"search_term_string\"}}],\"inLanguage\":\"de-DE\"},{\"@type\":\"Organization\",\"@id\":\"https:\\\/\\\/www.hhglobal.com\\\/de\\\/#organization\",\"name\":\"HH Global\",\"url\":\"https:\\\/\\\/www.hhglobal.com\\\/de\\\/\",\"logo\":{\"@type\":\"ImageObject\",\"inLanguage\":\"de-DE\",\"@id\":\"https:\\\/\\\/www.hhglobal.com\\\/de\\\/#\\\/schema\\\/logo\\\/image\\\/\",\"url\":\"https:\\\/\\\/www.hhglobal.com\\\/wp-content\\\/uploads\\\/2023\\\/12\\\/logo-white.svg\",\"contentUrl\":\"https:\\\/\\\/www.hhglobal.com\\\/wp-content\\\/uploads\\\/2023\\\/12\\\/logo-white.svg\",\"width\":77,\"height\":18,\"caption\":\"HH Global\"},\"image\":{\"@id\":\"https:\\\/\\\/www.hhglobal.com\\\/de\\\/#\\\/schema\\\/logo\\\/image\\\/\"}}]}<\/script>\n<!-- \/ Yoast SEO plugin. -->","yoast_head_json":{"title":"Technologie - HH Global","robots":{"index":"index","follow":"follow","max-snippet":"max-snippet:-1","max-image-preview":"max-image-preview:large","max-video-preview":"max-video-preview:-1"},"canonical":"https:\/\/www.hhglobal.com\/de\/what-we-do\/technology\/","og_locale":"de_DE","og_type":"article","og_title":"Technologie - HH Global","og_url":"https:\/\/www.hhglobal.com\/de\/what-we-do\/technology\/","og_site_name":"HH Global","article_modified_time":"2023-11-24T13:59:29+00:00","twitter_card":"summary_large_image","schema":{"@context":"https:\/\/schema.org","@graph":[{"@type":"WebPage","@id":"https:\/\/www.hhglobal.com\/de\/what-we-do\/technology\/","url":"https:\/\/www.hhglobal.com\/de\/what-we-do\/technology\/","name":"Technologie - HH Global","isPartOf":{"@id":"https:\/\/www.hhglobal.com\/de\/#website"},"datePublished":"2022-05-19T12:46:27+00:00","dateModified":"2023-11-24T13:59:29+00:00","breadcrumb":{"@id":"https:\/\/www.hhglobal.com\/de\/what-we-do\/technology\/#breadcrumb"},"inLanguage":"de-DE","potentialAction":[{"@type":"ReadAction","target":["https:\/\/www.hhglobal.com\/de\/what-we-do\/technology\/"]}]},{"@type":"BreadcrumbList","@id":"https:\/\/www.hhglobal.com\/de\/what-we-do\/technology\/#breadcrumb","itemListElement":[{"@type":"ListItem","position":1,"name":"Home","item":"https:\/\/www.hhglobal.com\/de\/"},{"@type":"ListItem","position":2,"name":"Technologie"}]},{"@type":"WebSite","@id":"https:\/\/www.hhglobal.com\/de\/#website","url":"https:\/\/www.hhglobal.com\/de\/","name":"HH Global","description":"The global, tech-enabled creative production and procurement partner.","publisher":{"@id":"https:\/\/www.hhglobal.com\/de\/#organization"},"potentialAction":[{"@type":"SearchAction","target":{"@type":"EntryPoint","urlTemplate":"https:\/\/www.hhglobal.com\/de\/?s={search_term_string}"},"query-input":{"@type":"PropertyValueSpecification","valueRequired":true,"valueName":"search_term_string"}}],"inLanguage":"de-DE"},{"@type":"Organization","@id":"https:\/\/www.hhglobal.com\/de\/#organization","name":"HH Global","url":"https:\/\/www.hhglobal.com\/de\/","logo":{"@type":"ImageObject","inLanguage":"de-DE","@id":"https:\/\/www.hhglobal.com\/de\/#\/schema\/logo\/image\/","url":"https:\/\/www.hhglobal.com\/wp-content\/uploads\/2023\/12\/logo-white.svg","contentUrl":"https:\/\/www.hhglobal.com\/wp-content\/uploads\/2023\/12\/logo-white.svg","width":77,"height":18,"caption":"HH Global"},"image":{"@id":"https:\/\/www.hhglobal.com\/de\/#\/schema\/logo\/image\/"}}]}},"_links":{"self":[{"href":"https:\/\/www.hhglobal.com\/de\/wp-json\/wp\/v2\/pages\/5802","targetHints":{"allow":["GET"]}}],"collection":[{"href":"https:\/\/www.hhglobal.com\/de\/wp-json\/wp\/v2\/pages"}],"about":[{"href":"https:\/\/www.hhglobal.com\/de\/wp-json\/wp\/v2\/types\/page"}],"author":[{"embeddable":true,"href":"https:\/\/www.hhglobal.com\/de\/wp-json\/wp\/v2\/users\/41"}],"replies":[{"embeddable":true,"href":"https:\/\/www.hhglobal.com\/de\/wp-json\/wp\/v2\/comments?post=5802"}],"version-history":[{"count":0,"href":"https:\/\/www.hhglobal.com\/de\/wp-json\/wp\/v2\/pages\/5802\/revisions"}],"wp:attachment":[{"href":"https:\/\/www.hhglobal.com\/de\/wp-json\/wp\/v2\/media?parent=5802"}],"curies":[{"name":"wp","href":"https:\/\/api.w.org\/{rel}","templated":true}]}}