{"id":5798,"date":"2022-05-19T12:46:43","date_gmt":"2022-05-19T12:46:43","guid":{"rendered":"https:\/\/hhassoc-dev.sbx.world\/procurement\/"},"modified":"2023-11-24T14:07:53","modified_gmt":"2023-11-24T14:07:53","slug":"procurement","status":"publish","type":"page","link":"https:\/\/www.hhglobal.com\/de\/what-we-do\/procurement\/","title":{"rendered":"Beschaffung"},"content":{"rendered":"","protected":false},"excerpt":{"rendered":"","protected":false},"author":41,"featured_media":0,"parent":0,"menu_order":0,"comment_status":"closed","ping_status":"closed","template":"","meta":{"_acf_changed":"","_yoast_wpseo_focuskw":"","_yoast_wpseo_metadesc":"","_yoast_wpseo_linkdex":"","_yoast_wpseo_content_score":"","_yoast_wpseo_meta-robots-noindex":"","_yoast_wpseo_meta-robots-nofollow":"","inline_featured_image":[],"_genesis_block_theme_hide_title":false,"_cms_nav_minihome":"","_icl_lang_duplicate_of":"","_menu_item_classes":[],"_menu_item_menu_item_parent":"","_menu_item_object":"","_menu_item_object_id":"","_menu_item_orphaned":"","_menu_item_target":"","_menu_item_type":"","_menu_item_url":"","_menu_item_xfn":"","_seedprod_page":"","_seedprod_page_template_type":"","_seedprod_page_uuid":"","_top_nav_excluded":"","_wp_attachment_backup_sizes":[],"_wp_attachment_context":"","_wp_attachment_image_alt":"","_wp_old_date":"","_wpcode_auto_insert":"","_wpcode_auto_insert_number":"","_wpcode_library_id":"","_wpml_media_duplicate":"1","_wpml_media_featured":"1","_wpml_post_translation_editor_native":"","_wpml_word_count":"{\"total\":35,\"to_translate\":null}","_yoast_wpseo_estimated-reading-time-minutes":[],"_yoast_wpseo_primary_category":"","_yoast_wpseo_primary_industry":"","_yoast_wpseo_primary_solution":"","_yoast_wpseo_primary_the_author":"","_yoast_wpseo_wordproof_timestamp":"","acfml_non_translatable_locations":[],"career_externalLink":"","career_featuredImage":"","career_title":"","casestudy_featuredImage":"","casestudy_title":"","infocallout_excerpt":"","infocallout_featuredImage":"","infocallout_title":"","jobTitle":"","language":"","name":"","profilePicture":"","wp-smpro-smush-data":[],"wp-smush-animated":"","wp-smush-ignore-bulk":"","wp-smush-lossy":"","wpml_media_processed":"","_wpcode_conditional_logic_enabled":"","_wpcode_location_extra":"","_wpcode_note":"","_wpcode_priority":"","_wpcode_shortcode_attributes":[],"footnotes":""},"class_list":["post-5798","page","type-page","status-publish","hentry","post","without-featured-image"],"acf":{"page_title":"Beschaffungsexpertise f\u00fcr globalen Marketingerfolg | HH Global","page_description":"Wenden Sie sich an HH Global, Experten f\u00fcr kreative Beschaffung, f\u00fcr Supply-Chain-Sourcing von einem umfassenden Netzwerk weltweiter Lieferanten, die Ihren Projektanforderungen entsprechen","social_title":"","social_description":"","social_share_image":null,"modules":[{"acf_fc_layout":"hero","size":"medium2","theme":"dark","choose_images":[{"image":5110},{"image":2578},{"image":4846},{"image":4834}],"show_eyebrow":false,"eyebrow":"","title":"Beschaffung","show_cta":false,"cta_url":"","cta_title":""},{"acf_fc_layout":"intro_content_block","container_background_color":"bg-white","type":false,"show_image":false,"intro_image":null,"show_background":false,"background":null,"show_eyebrow":false,"eyebrow":"","show_designations":false,"designations":null,"show_title":true,"size":"large","title":"Beschaffungsexpertise f\u00fcr globalen Marketingerfolg","show_intro":false,"intro":"","show_body":false,"body":"","show_labels":false,"labels":{"show_social":false,"custom_categories":null}},{"acf_fc_layout":"text_with_media_carousel","theme":"light","container_background_color":"bg-grey","highlight_color":"purple","title":"Zugang zu unschlagbarer Beschaffungskompetenz und Hebelwirkung","content":"<p class=\"p1\">Das Know-how von HH Global in Bezug auf Vertriebskan\u00e4le und weltweite Ressourcen liefert ma\u00dfgeschneiderte Programme, die Ihre Lieferkette optimieren und gleichzeitig Risiken mindern. Als Branchenf\u00fchrer in der Beschaffung verwalten wir mehr Umsatz als jeder Wettbewerber. Wir haben Zugang zu \u00fcber 15.000 Lieferanten in allen Kategorien weltweit. Dies gibt Ihnen eine au\u00dfergew\u00f6hnliche Hebelwirkung, um Qualit\u00e4t zu geringeren Kosten zu erzielen.<\/p>\r\nWir investieren kontinuierlich in eine zunehmend nachhaltige Lieferkette, die Vielfalt und Inklusion f\u00f6rdert. Das bedeutet, dass Sie nicht nur die Kosten senken und die Markteinf\u00fchrung beschleunigen, sondern auch die Unternehmensziele in den Bereichen Umwelt, Soziales und Governance (ESG) erreichen und \u00fcbertreffen k\u00f6nnen.","additional_spacing":false,"features_title":"Servicelinien","features":[{"navigation_label":"Optimierung der Lieferkette","show_title":true,"title":"Optimierung der Lieferkette","show_subtitle":false,"subtitle":"","content":"<ul>\r\n \t<li>Wir passen die Anforderungen eines Kunden an die besten Lieferanten f\u00fcr den Auftrag an und minimieren so die Gesamtbetriebskosten<\/li>\r\n \t<li>Die Lieferantenauswahl basiert auf eingehenden Analysen jedes strategischen Lieferantenpartners, vom Onboarding bis zur endg\u00fcltigen Projektausf\u00fchrung<\/li>\r\n \t<li>Wir bewerten \u00fcber 20 kategorien\u00fcbergreifende Kriterien wie Geographie, F\u00e4higkeiten, Stabilit\u00e4t und Leistung<\/li>\r\n<\/ul>","choose_media":[{"image":4756}],"vimeoid":"","ytid":""},{"navigation_label":"Nachhaltige Marketingbeschaffung","show_title":true,"title":"Nachhaltige Marketingbeschaffung","show_subtitle":false,"subtitle":"","content":"<ul>\r\n \t<li>HH Global setzt den Standard f\u00fcr sozial und \u00f6kologisch verantwortungsbewusstes Wirtschaften und eine solide Ethik, die die geltenden Gesetze und Vorschriften konsequent einh\u00e4lt<\/li>\r\n \t<li>Wir setzen uns f\u00fcr sichere Arbeitsbedingungen in der gesamten Lieferkette, Respekt und W\u00fcrde f\u00fcr alle Arbeiter sowie umwelt- und sozialvertr\u00e4gliche Herstellungsprozesse ein<\/li>\r\n \t<li>Unsere strategischen Lieferantenpartner m\u00fcssen alle geltenden Umweltgesetze und -vorschriften sowie solide Branchenpraktiken einhalten \u2013 einschlie\u00dflich Chemikalien-, Abfallmanagement und -entsorgung, Recycling, industrielle Abwasserbehandlung und -einleitung, Luftemissionskontrollen, Umweltgenehmigungen und Umweltberichterstattung<\/li>\r\n<\/ul>\r\n<span data-ccp-props=\"{}\">\u00a0<\/span>","choose_media":[{"image":4960}],"vimeoid":"","ytid":""},{"navigation_label":"Tail-Spend-Management","show_title":true,"title":"Tail-Spend-Management","show_subtitle":false,"subtitle":"","content":"<ul>\r\n \t<li>Tail-Spend-Management ist eine Verpflichtung gegen\u00fcber unseren strategischen Lieferantenpartnern und Kern unserer Beschaffungsstrategie<\/li>\r\n \t<li>Die \u00dcberwachung der Tail-Spend ist von grundlegender Bedeutung f\u00fcr unsere regelm\u00e4\u00dfige Berichterstattung und den fortlaufenden Lieferantenbewertungsprozess<\/li>\r\n<\/ul>","choose_media":[{"image":5356}],"vimeoid":"","ytid":""}]},{"acf_fc_layout":"content_block","container_background_color":"bg-grey","show_header":false,"header":"","contents":[{"show_header_icon":false,"header_icon":null,"show_header":true,"header":"+8.600 ","header_color":"secondary-blue","show_subheader":true,"subheader":"Strategische Lieferantenpartner","description":"Mit unserem globalen Netzwerk decken wir 19 wichtige Kategorien von Marketingausgaben ab"},{"show_header_icon":false,"header_icon":null,"show_header":true,"header":"25%","header_color":"purple","show_subheader":true,"subheader":"Kundeneinsparungen","description":"Wir bieten unseren Kunden gro\u00dfe Einsparungen, indem wir unsere Beschaffungsskala nutzen"},{"show_header_icon":false,"header_icon":null,"show_header":true,"header":"+300","header_color":"light-purple","show_subheader":true,"subheader":"Experten f\u00fcr strategische Beschaffung","description":"Unser globales Beschaffungsteam besteht aus Experten f\u00fcr eine Vielzahl von Produktkategorien"},{"show_header_icon":false,"header_icon":null,"show_header":true,"header":"650k","header_color":"light-purple","show_subheader":true,"subheader":"Quadratmeter weltweit","description":"Wir unterhalten riesige Lagerkapazit\u00e4ten, die strategisch in jeder globalen Region angesiedelt sind"},{"show_header_icon":false,"header_icon":null,"show_header":true,"header":"+2 Millionen","header_color":"purple","show_subheader":true,"subheader":"Sendungen und Pakete","description":"\u00dcber unser umfassendes, globales Netzwerk liefern wir j\u00e4hrlich erfolgreich Millionen von Paketen"}]},{"acf_fc_layout":"cards","container_background_color":"bg-pure-black","show_heading":true,"heading":"Erfahren Sie mehr","content":"","cards":{"layout":"case-studies-layout","sub_layout":"simple","cards_display_mode":"bg-white","solution_term":null,"industry_term":null,"author_term":null,"region_term":null,"choose_cards":null,"choose_case_studies":[5736,5721,5699],"choose_featured_case_studies":null,"choose_staff_members":null,"choose_careers":null,"choose_info_callouts":null,"show_titles":true,"show_description":true,"show_date":false,"show_sector":false}},{"acf_fc_layout":"contact_form","title":"M\u00f6chten Sie den Wert Ihrer Marketing-Lieferkette steigern? Wir sind hier um zu helfen."}]},"yoast_head":"<!-- This site is optimized with the Yoast SEO plugin v27.3 - https:\/\/yoast.com\/product\/yoast-seo-wordpress\/ -->\n<title>Beschaffung - HH Global<\/title>\n<meta name=\"robots\" content=\"index, follow, max-snippet:-1, max-image-preview:large, max-video-preview:-1\" \/>\n<link rel=\"canonical\" href=\"https:\/\/www.hhglobal.com\/de\/what-we-do\/procurement\/\" \/>\n<meta property=\"og:locale\" content=\"de_DE\" \/>\n<meta property=\"og:type\" content=\"article\" \/>\n<meta property=\"og:title\" content=\"Beschaffung - HH Global\" \/>\n<meta property=\"og:url\" content=\"https:\/\/www.hhglobal.com\/de\/what-we-do\/procurement\/\" \/>\n<meta property=\"og:site_name\" content=\"HH Global\" \/>\n<meta property=\"article:modified_time\" content=\"2023-11-24T14:07:53+00:00\" \/>\n<meta name=\"twitter:card\" content=\"summary_large_image\" \/>\n<script type=\"application\/ld+json\" class=\"yoast-schema-graph\">{\"@context\":\"https:\\\/\\\/schema.org\",\"@graph\":[{\"@type\":\"WebPage\",\"@id\":\"https:\\\/\\\/www.hhglobal.com\\\/de\\\/what-we-do\\\/procurement\\\/\",\"url\":\"https:\\\/\\\/www.hhglobal.com\\\/de\\\/what-we-do\\\/procurement\\\/\",\"name\":\"Beschaffung - HH Global\",\"isPartOf\":{\"@id\":\"https:\\\/\\\/www.hhglobal.com\\\/de\\\/#website\"},\"datePublished\":\"2022-05-19T12:46:43+00:00\",\"dateModified\":\"2023-11-24T14:07:53+00:00\",\"breadcrumb\":{\"@id\":\"https:\\\/\\\/www.hhglobal.com\\\/de\\\/what-we-do\\\/procurement\\\/#breadcrumb\"},\"inLanguage\":\"de-DE\",\"potentialAction\":[{\"@type\":\"ReadAction\",\"target\":[\"https:\\\/\\\/www.hhglobal.com\\\/de\\\/what-we-do\\\/procurement\\\/\"]}]},{\"@type\":\"BreadcrumbList\",\"@id\":\"https:\\\/\\\/www.hhglobal.com\\\/de\\\/what-we-do\\\/procurement\\\/#breadcrumb\",\"itemListElement\":[{\"@type\":\"ListItem\",\"position\":1,\"name\":\"Home\",\"item\":\"https:\\\/\\\/www.hhglobal.com\\\/de\\\/\"},{\"@type\":\"ListItem\",\"position\":2,\"name\":\"Beschaffung\"}]},{\"@type\":\"WebSite\",\"@id\":\"https:\\\/\\\/www.hhglobal.com\\\/de\\\/#website\",\"url\":\"https:\\\/\\\/www.hhglobal.com\\\/de\\\/\",\"name\":\"HH Global\",\"description\":\"The global, tech-enabled creative production and procurement partner.\",\"publisher\":{\"@id\":\"https:\\\/\\\/www.hhglobal.com\\\/de\\\/#organization\"},\"potentialAction\":[{\"@type\":\"SearchAction\",\"target\":{\"@type\":\"EntryPoint\",\"urlTemplate\":\"https:\\\/\\\/www.hhglobal.com\\\/de\\\/?s={search_term_string}\"},\"query-input\":{\"@type\":\"PropertyValueSpecification\",\"valueRequired\":true,\"valueName\":\"search_term_string\"}}],\"inLanguage\":\"de-DE\"},{\"@type\":\"Organization\",\"@id\":\"https:\\\/\\\/www.hhglobal.com\\\/de\\\/#organization\",\"name\":\"HH Global\",\"url\":\"https:\\\/\\\/www.hhglobal.com\\\/de\\\/\",\"logo\":{\"@type\":\"ImageObject\",\"inLanguage\":\"de-DE\",\"@id\":\"https:\\\/\\\/www.hhglobal.com\\\/de\\\/#\\\/schema\\\/logo\\\/image\\\/\",\"url\":\"https:\\\/\\\/www.hhglobal.com\\\/wp-content\\\/uploads\\\/2023\\\/12\\\/logo-white.svg\",\"contentUrl\":\"https:\\\/\\\/www.hhglobal.com\\\/wp-content\\\/uploads\\\/2023\\\/12\\\/logo-white.svg\",\"width\":77,\"height\":18,\"caption\":\"HH Global\"},\"image\":{\"@id\":\"https:\\\/\\\/www.hhglobal.com\\\/de\\\/#\\\/schema\\\/logo\\\/image\\\/\"}}]}<\/script>\n<!-- \/ Yoast SEO plugin. -->","yoast_head_json":{"title":"Beschaffung - HH Global","robots":{"index":"index","follow":"follow","max-snippet":"max-snippet:-1","max-image-preview":"max-image-preview:large","max-video-preview":"max-video-preview:-1"},"canonical":"https:\/\/www.hhglobal.com\/de\/what-we-do\/procurement\/","og_locale":"de_DE","og_type":"article","og_title":"Beschaffung - HH Global","og_url":"https:\/\/www.hhglobal.com\/de\/what-we-do\/procurement\/","og_site_name":"HH Global","article_modified_time":"2023-11-24T14:07:53+00:00","twitter_card":"summary_large_image","schema":{"@context":"https:\/\/schema.org","@graph":[{"@type":"WebPage","@id":"https:\/\/www.hhglobal.com\/de\/what-we-do\/procurement\/","url":"https:\/\/www.hhglobal.com\/de\/what-we-do\/procurement\/","name":"Beschaffung - HH Global","isPartOf":{"@id":"https:\/\/www.hhglobal.com\/de\/#website"},"datePublished":"2022-05-19T12:46:43+00:00","dateModified":"2023-11-24T14:07:53+00:00","breadcrumb":{"@id":"https:\/\/www.hhglobal.com\/de\/what-we-do\/procurement\/#breadcrumb"},"inLanguage":"de-DE","potentialAction":[{"@type":"ReadAction","target":["https:\/\/www.hhglobal.com\/de\/what-we-do\/procurement\/"]}]},{"@type":"BreadcrumbList","@id":"https:\/\/www.hhglobal.com\/de\/what-we-do\/procurement\/#breadcrumb","itemListElement":[{"@type":"ListItem","position":1,"name":"Home","item":"https:\/\/www.hhglobal.com\/de\/"},{"@type":"ListItem","position":2,"name":"Beschaffung"}]},{"@type":"WebSite","@id":"https:\/\/www.hhglobal.com\/de\/#website","url":"https:\/\/www.hhglobal.com\/de\/","name":"HH Global","description":"The global, tech-enabled creative production and procurement partner.","publisher":{"@id":"https:\/\/www.hhglobal.com\/de\/#organization"},"potentialAction":[{"@type":"SearchAction","target":{"@type":"EntryPoint","urlTemplate":"https:\/\/www.hhglobal.com\/de\/?s={search_term_string}"},"query-input":{"@type":"PropertyValueSpecification","valueRequired":true,"valueName":"search_term_string"}}],"inLanguage":"de-DE"},{"@type":"Organization","@id":"https:\/\/www.hhglobal.com\/de\/#organization","name":"HH Global","url":"https:\/\/www.hhglobal.com\/de\/","logo":{"@type":"ImageObject","inLanguage":"de-DE","@id":"https:\/\/www.hhglobal.com\/de\/#\/schema\/logo\/image\/","url":"https:\/\/www.hhglobal.com\/wp-content\/uploads\/2023\/12\/logo-white.svg","contentUrl":"https:\/\/www.hhglobal.com\/wp-content\/uploads\/2023\/12\/logo-white.svg","width":77,"height":18,"caption":"HH Global"},"image":{"@id":"https:\/\/www.hhglobal.com\/de\/#\/schema\/logo\/image\/"}}]}},"_links":{"self":[{"href":"https:\/\/www.hhglobal.com\/de\/wp-json\/wp\/v2\/pages\/5798","targetHints":{"allow":["GET"]}}],"collection":[{"href":"https:\/\/www.hhglobal.com\/de\/wp-json\/wp\/v2\/pages"}],"about":[{"href":"https:\/\/www.hhglobal.com\/de\/wp-json\/wp\/v2\/types\/page"}],"author":[{"embeddable":true,"href":"https:\/\/www.hhglobal.com\/de\/wp-json\/wp\/v2\/users\/41"}],"replies":[{"embeddable":true,"href":"https:\/\/www.hhglobal.com\/de\/wp-json\/wp\/v2\/comments?post=5798"}],"version-history":[{"count":0,"href":"https:\/\/www.hhglobal.com\/de\/wp-json\/wp\/v2\/pages\/5798\/revisions"}],"wp:attachment":[{"href":"https:\/\/www.hhglobal.com\/de\/wp-json\/wp\/v2\/media?parent=5798"}],"curies":[{"name":"wp","href":"https:\/\/api.w.org\/{rel}","templated":true}]}}