{"id":5791,"date":"2022-05-19T12:47:26","date_gmt":"2022-05-19T12:47:26","guid":{"rendered":"https:\/\/hhassoc-dev.sbx.world\/logistics\/"},"modified":"2023-11-24T14:15:49","modified_gmt":"2023-11-24T14:15:49","slug":"logistics","status":"publish","type":"page","link":"https:\/\/www.hhglobal.com\/de\/what-we-do\/logistics\/","title":{"rendered":"Logistik"},"content":{"rendered":"","protected":false},"excerpt":{"rendered":"","protected":false},"author":41,"featured_media":0,"parent":0,"menu_order":0,"comment_status":"closed","ping_status":"closed","template":"","meta":{"_acf_changed":"","_yoast_wpseo_focuskw":"","_yoast_wpseo_metadesc":"","_yoast_wpseo_linkdex":"","_yoast_wpseo_content_score":"","_yoast_wpseo_meta-robots-noindex":"","_yoast_wpseo_meta-robots-nofollow":"","inline_featured_image":[],"_genesis_block_theme_hide_title":false,"_cms_nav_minihome":"","_icl_lang_duplicate_of":"","_menu_item_classes":[],"_menu_item_menu_item_parent":"","_menu_item_object":"","_menu_item_object_id":"","_menu_item_orphaned":"","_menu_item_target":"","_menu_item_type":"","_menu_item_url":"","_menu_item_xfn":"","_seedprod_page":"","_seedprod_page_template_type":"","_seedprod_page_uuid":"","_top_nav_excluded":"","_wp_attachment_backup_sizes":[],"_wp_attachment_context":"","_wp_attachment_image_alt":"","_wp_old_date":"","_wpcode_auto_insert":"","_wpcode_auto_insert_number":"","_wpcode_library_id":"","_wpml_media_duplicate":"1","_wpml_media_featured":"1","_wpml_post_translation_editor_native":"","_wpml_word_count":"{\"total\":464,\"to_translate\":{\"zh-hans\":464,\"cs\":464,\"de\":464,\"ja\":464,\"pt-br\":464,\"es\":464}}","_yoast_wpseo_estimated-reading-time-minutes":[],"_yoast_wpseo_primary_category":"","_yoast_wpseo_primary_industry":"","_yoast_wpseo_primary_solution":"","_yoast_wpseo_primary_the_author":"","_yoast_wpseo_wordproof_timestamp":"","acfml_non_translatable_locations":[],"career_externalLink":"","career_featuredImage":"","career_title":"","casestudy_featuredImage":"","casestudy_title":"","infocallout_excerpt":"","infocallout_featuredImage":"","infocallout_title":"","jobTitle":"","language":"","name":"","profilePicture":"","wp-smpro-smush-data":[],"wp-smush-animated":"","wp-smush-ignore-bulk":"","wp-smush-lossy":"","wpml_media_processed":"","_wpcode_conditional_logic_enabled":"","_wpcode_location_extra":"","_wpcode_note":"","_wpcode_priority":"","_wpcode_shortcode_attributes":[],"footnotes":""},"class_list":["post-5791","page","type-page","status-publish","hentry","post","without-featured-image"],"acf":{"page_title":"Logistikl\u00f6sungen f\u00fcr strategisches globales Marketing | HH Global ","page_description":"Lassen Sie das Logistik-Know-how von HH Global, das vollst\u00e4ndig in kreative Produktions- und Beschaffungsl\u00f6sungen integriert ist, zum globalen Marketingerfolg Ihrer Marke beitragen","social_title":"","social_description":"","social_share_image":null,"modules":[{"acf_fc_layout":"hero","size":"medium2","theme":"dark","choose_images":[{"image":2716},{"image":2494},{"image":4774},{"image":4756}],"show_eyebrow":false,"eyebrow":"","title":"Logistik","show_cta":false,"cta_url":"","cta_title":""},{"acf_fc_layout":"intro_content_block","scroll_to_link":"","container_background_color":"bg-white","type":false,"show_image":false,"intro_image":null,"show_background":false,"background":null,"show_eyebrow":false,"eyebrow":"","show_designations":false,"designations":null,"show_title":true,"size":"large","title":"Logistikl\u00f6sungen f\u00fcr strategisches, globales Marketing","show_intro":false,"intro":"","show_body":false,"body":"","show_labels":false,"labels":{"show_social":false,"custom_categories":null}},{"acf_fc_layout":"text_with_media_carousel","scroll_to_link":"","theme":"light","container_background_color":"bg-grey","highlight_color":"purple","title":"Stellen Sie sicher, dass Ihre gro\u00dfen Ideen sicher ankommen ","content":"Sie haben gro\u00dfe Ideen f\u00fcr Ihr Marketing. Aber Ihre Marketingmaterialien m\u00fcssen zur richtigen Zeit am richtigen Ort sein, um eine gro\u00dfe Wirkung zu erzielen. Unser technologiegest\u00fctztes Smart-Warehousing, gepaart mit strategischen Standorten auf der ganzen Welt, bietet Ihnen die Sichtbarkeit und die Vorteile einer schnellen Markteinf\u00fchrung, die Sie f\u00fcr Ihren Erfolg ben\u00f6tigen.\r\n\r\nBei HH Global legen wir gro\u00dfen Wert darauf, Ihr Unternehmen zu verstehen, vom kreativen Konzept bis hin zu den Aufbewahrungs- und Lieferdetails Ihrer Marketingelementen. Wir integrieren uns vollst\u00e4ndig in Ihre bestehenden Systeme, um Ihnen Bestands- und Nachverfolgungstransparenz f\u00fcr ein au\u00dfergew\u00f6hnliches Management zu bieten. Unsere Nachhaltigkeitsstrategie, Mess- und Berichtsfunktionen unterst\u00fctzen Sie dabei, Ihre Unternehmensziele zu erreichen und zu \u00fcbertreffen.","additional_spacing":true,"features_title":"Servicelinien","features":[{"navigation_label":"Lagerung + Vertrieb","show_title":true,"title":"Lagerung + Vertrieb","show_subtitle":false,"subtitle":"","content":"Wir bieten flexible Lager- und Vertriebsl\u00f6sungen in gro\u00dfem Umfang, die Folgendes umfassen:\r\n<ul>\r\n \t<li>Taktische Flexibilit\u00e4t zum schnellen Aufbau von Abl\u00e4ufen, die die einzigartigen Ziele Ihres Unternehmens erf\u00fcllen<\/li>\r\n \t<li>Lager an mehreren Standorten, um die Versandanforderungen der Kunden bestm\u00f6glich zu erf\u00fcllen<\/li>\r\n \t<li>Vielf\u00e4ltiges Netzwerk von zertifizierten Lageranbietern, die branchen\u00fcbergreifende Skalierbarkeit bieten<\/li>\r\n \t<li>Zentralisierte und dezentralisierte Optionen sind verf\u00fcgbar, um alle Verteilungsanforderungen zu erf\u00fcllen<\/li>\r\n \t<li>St\u00e4ndig wachsende Lieferantenbasis zur Verbesserung der Dienstleistungen auf allen Strecken<\/li>\r\n \t<li>Skaleneffekte und Einsparungen durch Aggregation von Kundenaktivit\u00e4ten innerhalb unseres Portfolios<\/li>\r\n<\/ul>","choose_media":[{"image":4768}],"vimeoid":"","ytid":""},{"navigation_label":"Frachtoptimierung","show_title":true,"title":"Frachtoptimierung","show_subtitle":false,"subtitle":"","content":"Robustes Frachtmanagement rationalisiert Ihre Marketing-, Bestands- und Fulfillment-Prozesse, einschlie\u00dflich des Folgenden:\r\n<ul>\r\n \t<li>Firmeneigene Katalog- und Dashboard-Technologien vereinfachen Bestellungen und liefern Echtzeit-Erkenntnisse<\/li>\r\n \t<li>Alle G\u00fcter werden \u00fcber die Online-Transportmanagementsoftware (TMS) verwaltet<\/li>\r\n \t<li>+14 Millionen Kilogramm, die j\u00e4hrlich verwaltet werden<\/li>\r\n \t<li>99,5 % p\u00fcnktliche Lieferung<\/li>\r\n \t<li>Importe und Exporte in \u00fcber 60 L\u00e4nder<\/li>\r\n<\/ul>","choose_media":[{"image":4804}],"vimeoid":"","ytid":""},{"navigation_label":"Montage + Installation","show_title":true,"title":"Montage + Installation","show_subtitle":false,"subtitle":"","content":"Wir sind darauf spezialisiert, strategische Installationsprogramme f\u00fcr Ihre wichtigsten Marketing-Assets zu koordinieren und zu verwalten, darunter:\r\n<ul>\r\n \t<li>Traditionelle und digitale Bespielung, Systeme und Displays sowie kundenspezifische Einzell\u00f6sungen aller Komplexit\u00e4tsstufen<\/li>\r\n \t<li>Eigenes Team aus erfahrenen Montage- und Installationsspezialisten<\/li>\r\n \t<li>Kompetente, schnelle Installationsservices in allen Branchen<\/li>\r\n \t<li>24\/7\/365 Projektmanagement-Services<\/li>\r\n \t<li>St\u00e4ndige Kommunikation mit Kunden durch engagierte Projektmanager<\/li>\r\n \t<li>Konsequent zuverl\u00e4ssige Ergebnisse f\u00fcr jedes Projekt<\/li>\r\n<\/ul>","choose_media":[{"image":2440}],"vimeoid":"","ytid":""},{"navigation_label":"Co-Packing","show_title":true,"title":"Co-Packing","show_subtitle":false,"subtitle":"","content":"Wir unterhalten eine gro\u00dfe, apezielle Anlage, die mit Betriebs- und Ingenieurteams besetzt ist, um Co-Pack-Display-Dienste zu erleichtern, darunter:\r\n<ul>\r\n \t<li>AIB-zertifizierte und FDA-registrierte 32.500 Quadratmeter gro\u00dfe Anlage<\/li>\r\n \t<li>Zwei Personalschichten f\u00fcr Ausstellungsaufbau, Co-Packing und Kit-Packing sorgen f\u00fcr Flexibilit\u00e4t und Skalierbarkeit nach Bedarf<\/li>\r\n \t<li>Eigener Vibrationstisch f\u00fcr Transportsimulation und Schiffstests<\/li>\r\n \t<li>J\u00e4hrlich werden Konsumg\u00fcter im Wert von 175 Millionen US-Dollar verpackt<\/li>\r\n<\/ul>","choose_media":[{"image":5212}],"vimeoid":"","ytid":""}]},{"acf_fc_layout":"content_block","container_background_color":"bg-white","show_header":false,"header":"","contents":[{"show_header_icon":false,"header_icon":null,"show_header":true,"header":"+7k","header_color":"secondary-blue","show_subheader":true,"subheader":"Spediteure","description":"Im Netzwerk"},{"show_header_icon":false,"header_icon":null,"show_header":true,"header":"+250","header_color":"purple","show_subheader":true,"subheader":"Produkteinf\u00fchrungen","description":"J\u00e4hrlich verwaltet"},{"show_header_icon":false,"header_icon":null,"show_header":true,"header":"+150","header_color":"light-purple","show_subheader":true,"subheader":"Konsumg\u00fcterunternehmen","description":"Weltweit unterst\u00fctzt"}]},{"acf_fc_layout":"cards","scroll_to_link":"","container_background_color":"bg-pure-black","show_heading":true,"heading":"Erfahren Sie mehr","content":"","cards":{"layout":"case-studies-layout","sub_layout":"simple","cards_display_mode":"bg-white","solution_term":null,"industry_term":null,"author_term":null,"region_term":null,"choose_cards":null,"choose_case_studies":[5743,5736,5729],"choose_featured_case_studies":null,"choose_staff_members":null,"choose_careers":null,"choose_info_callouts":null,"show_titles":true,"show_description":true,"show_date":false,"show_sector":false}},{"acf_fc_layout":"contact_form","scroll_to_link":"","title":"Kontakt aufnehmen"}]},"yoast_head":"<!-- This site is optimized with the Yoast SEO plugin v27.5 - https:\/\/yoast.com\/product\/yoast-seo-wordpress\/ -->\n<title>Logistik - HH Global<\/title>\n<meta name=\"robots\" content=\"index, follow, max-snippet:-1, max-image-preview:large, max-video-preview:-1\" \/>\n<link rel=\"canonical\" href=\"https:\/\/www.hhglobal.com\/de\/what-we-do\/logistics\/\" \/>\n<meta property=\"og:locale\" content=\"de_DE\" \/>\n<meta property=\"og:type\" content=\"article\" \/>\n<meta property=\"og:title\" content=\"Logistik - HH Global\" \/>\n<meta property=\"og:url\" content=\"https:\/\/www.hhglobal.com\/de\/what-we-do\/logistics\/\" \/>\n<meta property=\"og:site_name\" content=\"HH Global\" \/>\n<meta property=\"article:modified_time\" content=\"2023-11-24T14:15:49+00:00\" \/>\n<meta name=\"twitter:card\" content=\"summary_large_image\" \/>\n<script type=\"application\/ld+json\" class=\"yoast-schema-graph\">{\"@context\":\"https:\\\/\\\/schema.org\",\"@graph\":[{\"@type\":\"WebPage\",\"@id\":\"https:\\\/\\\/www.hhglobal.com\\\/de\\\/what-we-do\\\/logistics\\\/\",\"url\":\"https:\\\/\\\/www.hhglobal.com\\\/de\\\/what-we-do\\\/logistics\\\/\",\"name\":\"Logistik - HH Global\",\"isPartOf\":{\"@id\":\"https:\\\/\\\/www.hhglobal.com\\\/de\\\/#website\"},\"datePublished\":\"2022-05-19T12:47:26+00:00\",\"dateModified\":\"2023-11-24T14:15:49+00:00\",\"breadcrumb\":{\"@id\":\"https:\\\/\\\/www.hhglobal.com\\\/de\\\/what-we-do\\\/logistics\\\/#breadcrumb\"},\"inLanguage\":\"de-DE\",\"potentialAction\":[{\"@type\":\"ReadAction\",\"target\":[\"https:\\\/\\\/www.hhglobal.com\\\/de\\\/what-we-do\\\/logistics\\\/\"]}]},{\"@type\":\"BreadcrumbList\",\"@id\":\"https:\\\/\\\/www.hhglobal.com\\\/de\\\/what-we-do\\\/logistics\\\/#breadcrumb\",\"itemListElement\":[{\"@type\":\"ListItem\",\"position\":1,\"name\":\"Home\",\"item\":\"https:\\\/\\\/www.hhglobal.com\\\/de\\\/\"},{\"@type\":\"ListItem\",\"position\":2,\"name\":\"Logistik\"}]},{\"@type\":\"WebSite\",\"@id\":\"https:\\\/\\\/www.hhglobal.com\\\/de\\\/#website\",\"url\":\"https:\\\/\\\/www.hhglobal.com\\\/de\\\/\",\"name\":\"HH Global\",\"description\":\"The global, tech-enabled creative production and procurement partner.\",\"publisher\":{\"@id\":\"https:\\\/\\\/www.hhglobal.com\\\/de\\\/#organization\"},\"potentialAction\":[{\"@type\":\"SearchAction\",\"target\":{\"@type\":\"EntryPoint\",\"urlTemplate\":\"https:\\\/\\\/www.hhglobal.com\\\/de\\\/?s={search_term_string}\"},\"query-input\":{\"@type\":\"PropertyValueSpecification\",\"valueRequired\":true,\"valueName\":\"search_term_string\"}}],\"inLanguage\":\"de-DE\"},{\"@type\":\"Organization\",\"@id\":\"https:\\\/\\\/www.hhglobal.com\\\/de\\\/#organization\",\"name\":\"HH Global\",\"url\":\"https:\\\/\\\/www.hhglobal.com\\\/de\\\/\",\"logo\":{\"@type\":\"ImageObject\",\"inLanguage\":\"de-DE\",\"@id\":\"https:\\\/\\\/www.hhglobal.com\\\/de\\\/#\\\/schema\\\/logo\\\/image\\\/\",\"url\":\"https:\\\/\\\/www.hhglobal.com\\\/wp-content\\\/uploads\\\/2023\\\/12\\\/logo-white.svg\",\"contentUrl\":\"https:\\\/\\\/www.hhglobal.com\\\/wp-content\\\/uploads\\\/2023\\\/12\\\/logo-white.svg\",\"width\":77,\"height\":18,\"caption\":\"HH Global\"},\"image\":{\"@id\":\"https:\\\/\\\/www.hhglobal.com\\\/de\\\/#\\\/schema\\\/logo\\\/image\\\/\"}}]}<\/script>\n<!-- \/ Yoast SEO plugin. -->","yoast_head_json":{"title":"Logistik - HH Global","robots":{"index":"index","follow":"follow","max-snippet":"max-snippet:-1","max-image-preview":"max-image-preview:large","max-video-preview":"max-video-preview:-1"},"canonical":"https:\/\/www.hhglobal.com\/de\/what-we-do\/logistics\/","og_locale":"de_DE","og_type":"article","og_title":"Logistik - HH Global","og_url":"https:\/\/www.hhglobal.com\/de\/what-we-do\/logistics\/","og_site_name":"HH Global","article_modified_time":"2023-11-24T14:15:49+00:00","twitter_card":"summary_large_image","schema":{"@context":"https:\/\/schema.org","@graph":[{"@type":"WebPage","@id":"https:\/\/www.hhglobal.com\/de\/what-we-do\/logistics\/","url":"https:\/\/www.hhglobal.com\/de\/what-we-do\/logistics\/","name":"Logistik - HH Global","isPartOf":{"@id":"https:\/\/www.hhglobal.com\/de\/#website"},"datePublished":"2022-05-19T12:47:26+00:00","dateModified":"2023-11-24T14:15:49+00:00","breadcrumb":{"@id":"https:\/\/www.hhglobal.com\/de\/what-we-do\/logistics\/#breadcrumb"},"inLanguage":"de-DE","potentialAction":[{"@type":"ReadAction","target":["https:\/\/www.hhglobal.com\/de\/what-we-do\/logistics\/"]}]},{"@type":"BreadcrumbList","@id":"https:\/\/www.hhglobal.com\/de\/what-we-do\/logistics\/#breadcrumb","itemListElement":[{"@type":"ListItem","position":1,"name":"Home","item":"https:\/\/www.hhglobal.com\/de\/"},{"@type":"ListItem","position":2,"name":"Logistik"}]},{"@type":"WebSite","@id":"https:\/\/www.hhglobal.com\/de\/#website","url":"https:\/\/www.hhglobal.com\/de\/","name":"HH Global","description":"The global, tech-enabled creative production and procurement partner.","publisher":{"@id":"https:\/\/www.hhglobal.com\/de\/#organization"},"potentialAction":[{"@type":"SearchAction","target":{"@type":"EntryPoint","urlTemplate":"https:\/\/www.hhglobal.com\/de\/?s={search_term_string}"},"query-input":{"@type":"PropertyValueSpecification","valueRequired":true,"valueName":"search_term_string"}}],"inLanguage":"de-DE"},{"@type":"Organization","@id":"https:\/\/www.hhglobal.com\/de\/#organization","name":"HH Global","url":"https:\/\/www.hhglobal.com\/de\/","logo":{"@type":"ImageObject","inLanguage":"de-DE","@id":"https:\/\/www.hhglobal.com\/de\/#\/schema\/logo\/image\/","url":"https:\/\/www.hhglobal.com\/wp-content\/uploads\/2023\/12\/logo-white.svg","contentUrl":"https:\/\/www.hhglobal.com\/wp-content\/uploads\/2023\/12\/logo-white.svg","width":77,"height":18,"caption":"HH Global"},"image":{"@id":"https:\/\/www.hhglobal.com\/de\/#\/schema\/logo\/image\/"}}]}},"_links":{"self":[{"href":"https:\/\/www.hhglobal.com\/de\/wp-json\/wp\/v2\/pages\/5791","targetHints":{"allow":["GET"]}}],"collection":[{"href":"https:\/\/www.hhglobal.com\/de\/wp-json\/wp\/v2\/pages"}],"about":[{"href":"https:\/\/www.hhglobal.com\/de\/wp-json\/wp\/v2\/types\/page"}],"author":[{"embeddable":true,"href":"https:\/\/www.hhglobal.com\/de\/wp-json\/wp\/v2\/users\/41"}],"replies":[{"embeddable":true,"href":"https:\/\/www.hhglobal.com\/de\/wp-json\/wp\/v2\/comments?post=5791"}],"version-history":[{"count":0,"href":"https:\/\/www.hhglobal.com\/de\/wp-json\/wp\/v2\/pages\/5791\/revisions"}],"wp:attachment":[{"href":"https:\/\/www.hhglobal.com\/de\/wp-json\/wp\/v2\/media?parent=5791"}],"curies":[{"name":"wp","href":"https:\/\/api.w.org\/{rel}","templated":true}]}}