{"id":5755,"date":"2022-06-18T02:41:24","date_gmt":"2022-06-18T02:41:24","guid":{"rendered":"https:\/\/hhassoc-dev.sbx.world\/group-tax-strategy\/"},"modified":"2023-02-14T15:45:08","modified_gmt":"2023-02-14T15:45:08","slug":"group-tax-strategy","status":"publish","type":"page","link":"https:\/\/www.hhglobal.com\/de\/group-tax-strategy\/","title":{"rendered":"Steuerstrategie der HH Global Group"},"content":{"rendered":"","protected":false},"excerpt":{"rendered":"","protected":false},"author":10,"featured_media":0,"parent":0,"menu_order":0,"comment_status":"closed","ping_status":"closed","template":"","meta":{"_acf_changed":"","_yoast_wpseo_focuskw":"","_yoast_wpseo_metadesc":"","_yoast_wpseo_linkdex":"","_yoast_wpseo_content_score":"","_yoast_wpseo_meta-robots-noindex":"","_yoast_wpseo_meta-robots-nofollow":"","inline_featured_image":[],"_genesis_block_theme_hide_title":false,"_cms_nav_minihome":"","_icl_lang_duplicate_of":"","_menu_item_classes":[],"_menu_item_menu_item_parent":"","_menu_item_object":"","_menu_item_object_id":"","_menu_item_orphaned":"","_menu_item_target":"","_menu_item_type":"","_menu_item_url":"","_menu_item_xfn":"","_seedprod_page":"","_seedprod_page_template_type":"","_seedprod_page_uuid":"","_top_nav_excluded":"","_wp_attachment_backup_sizes":[],"_wp_attachment_context":"","_wp_attachment_image_alt":"","_wp_old_date":"","_wpcode_auto_insert":"","_wpcode_auto_insert_number":"","_wpcode_library_id":"","_wpml_media_duplicate":"1","_wpml_media_featured":"1","_wpml_post_translation_editor_native":"","_wpml_word_count":"{\"total\":904,\"to_translate\":{\"zh-hans\":904,\"cs\":904,\"de\":904,\"ja\":904,\"pt-br\":904,\"es\":904}}","_yoast_wpseo_estimated-reading-time-minutes":[],"_yoast_wpseo_primary_category":"","_yoast_wpseo_primary_industry":"","_yoast_wpseo_primary_solution":"","_yoast_wpseo_primary_the_author":"","_yoast_wpseo_wordproof_timestamp":"","acfml_non_translatable_locations":[],"career_externalLink":"","career_featuredImage":"","career_title":"","casestudy_featuredImage":"","casestudy_title":"","infocallout_excerpt":"","infocallout_featuredImage":"","infocallout_title":"","jobTitle":"","language":"","name":"","profilePicture":"","wp-smpro-smush-data":[],"wp-smush-animated":"","wp-smush-ignore-bulk":"","wp-smush-lossy":"","wpml_media_processed":"","_wpcode_conditional_logic_enabled":"","_wpcode_location_extra":"","_wpcode_note":"","_wpcode_priority":"","_wpcode_shortcode_attributes":[],"footnotes":""},"class_list":["post-5755","page","type-page","status-publish","hentry","post","without-featured-image"],"acf":{"page_title":"Steuerstrategie der HH Global Group","page_description":"","social_title":"","social_description":"","social_share_image":null,"modules":[{"acf_fc_layout":"simple_content_block","scroll_to_link":"","container_background_color":"bg-white","columns":"1","title_one":"Steuerstrategie der HH Global Group","content_one":"<strong>Umfang<\/strong>\r\nDiese Steuerstrategie gilt f\u00fcr HH Global Enterprise Network Limited und alle britischen und nicht-britischen Unternehmen innerhalb der HH Global Group (zusammen als \u201eHH Global\u201c bezeichnet) f\u00fcr den Zeitraum vom 1. April 2022 bis zum 31. M\u00e4rz 2023.\r\nDie Ver\u00f6ffentlichung unserer Steuerstrategie gilt als Erf\u00fcllung unserer Pflicht gem\u00e4\u00df Paragraph 16(2) von Schedule 19 des Finance Act 2016.\r\n\r\n<strong>Einf\u00fchrung<\/strong>\r\nHH Global ist ein technologief\u00e4higer, kreativer Produktions- und Beschaffungspartner, der gro\u00dfe Wirkung f\u00fcr gro\u00dfe Ideen auf der ganzen Welt erzielt. Mit mehr als 4.500 Experten in allen M\u00e4rkten und einer 30-j\u00e4hrigen Erfolgsgeschichte helfen wir den gr\u00f6\u00dften Marken der Welt, ein st\u00e4rkeres, nachhaltigeres Wachstum zu erzielen \u2013 \u00fcber alle Marketingkan\u00e4le hinweg \u2013 mit der Geschwindigkeit des modernen Gesch\u00e4fts. Mit einer un\u00fcbertroffenen Lieferkette, einer wachsenden Suite von technischen Tools und Datenerkenntnissen machen wir die brillanten Ideen unserer Kunden \u00fcberall un\u00fcbersehbar.\r\n\r\n<strong>Governance-Regelungen und Risikomanagement\r\n<\/strong>Die endg\u00fcltige Verantwortung f\u00fcr die Festlegung und Umsetzung unseres Ansatzes f\u00fcr Risikomanagement und Governance-Vorkehrungen in Bezug auf die britische Besteuerung liegt beim Vorstand von HH Global. Die Verantwortung f\u00fcr die Umsetzung liegt bei unserem Group Tax Director, der an den Group Chief Financial Officer berichtet. Der Group Chief Financial Officer berichtet regelm\u00e4\u00dfig oder bei Bedarf auf Ad-hoc-Basis an den Verwaltungsrat und den Pr\u00fcfungsausschuss \u00fcber solche Angelegenheiten. Die Konzernsteuerstrategie wird einheitlich auf alle Unternehmen der HH Global Gruppe angewendet.\r\n\r\nHH Global unterh\u00e4lt strenge interne Richtlinien, Verfahren, Schulungen und Compliance, um seinen Steuerkontrollrahmen zu unterst\u00fctzen und Risiken zu managen, die von unserem Director of Internal Audit beaufsichtigt werden. Unsere Governance-Struktur stellt sicher, dass Steuerentscheidungen von unserem internen Konzernsteuerteam getroffen werden, um einen einheitlichen professionellen Standard in unserem gesamten Unternehmen zu gew\u00e4hrleisten.\r\n\r\nDas interne Steuerteam ist f\u00fcr die \u00dcberwachung und Verwaltung geeigneter Kontrollverfahren verantwortlich, um sicherzustellen, dass die Compliance-Prozesse robust sind und interne und externe Anforderungen erf\u00fcllen. Wir setzen externe Berater ein, um unsere Prozesse zur Einhaltung der Steuervorschriften zu unterst\u00fctzen, einschlie\u00dflich der Vorbereitung von Steuerberechnungen und -erkl\u00e4rungen. Steuersensible Entscheidungen werden auf der Grundlage einer angemessenen Interpretation relevanter Informationen in voller Kenntnis des relevanten Steuerrechts und gegebenenfalls unter Ber\u00fccksichtigung externer Steuerberatung getroffen.\r\n\r\n<strong>Ansatz zur Steuerplanung\r\n<\/strong>HH Global verpflichtet sich zu hohen Standards f\u00fcr pers\u00f6nliches Verhalten und gesch\u00e4ftliche Integrit\u00e4t auf der ganzen Welt, richtet sich selbst nach ebenso hohen Standards und wendet den HH Global Code of Business Ethics und Corporate Responsibility-Richtlinien an, die unseren Unternehmenswert steigern.\r\n\r\nWir glauben, dass die Zahlung des richtigen Steuerbetrags Teil des Aufbaus von nachhaltigem Wachstum f\u00fcr uns und die Gesellschaft im Allgemeinen ist. Wir verpflichten uns uneingeschr\u00e4nkt, die geltenden gesetzlichen und beh\u00f6rdlichen Anforderungen in den Bereichen, in denen wir t\u00e4tig sind, einzuhalten.\r\n\r\nWir f\u00fchren Transaktionen zwischen Konzernunternehmen zu markt\u00fcblichen Bedingungen in \u00dcbereinstimmung mit den OECD-Grunds\u00e4tzen durch. Vor dem Hintergrund eines zunehmend komplexen internationalen Steuerumfelds konzentriert sich unsere Steuerplanung auf die Beseitigung der Doppelbesteuerung und die Sicherstellung, dass die steuerlichen Folgen jeglicher Gesch\u00e4ftsstrukturierung oder -vereinbarungen dem Management angemessen mitgeteilt werden, bevor Entscheidungen getroffen werden.\r\n\r\nW\u00e4hrend wir Steuererleichterungen gem\u00e4\u00df den geltenden Steuergesetzen beantragen k\u00f6nnen, sind unsere Steuerangelegenheiten so strukturiert, dass sichergestellt ist, dass wir uns niemals an k\u00fcnstlichen Transaktionen oder Transaktionen beteiligen, denen es an kommerzieller Substanz mangelt. Wir ber\u00fccksichtigen immer die Auswirkungen, die unsere Handlungen auf unsere Marke, unsere Beziehungen zu wichtigen Interessengruppen wie den Steuerbeh\u00f6rden und der breiteren Gemeinschaft haben k\u00f6nnen.\r\n\r\n<strong>H\u00f6he des Risikos in Bezug auf die Besteuerung, das der Konzern zu akzeptieren bereit ist<\/strong>\r\nHH Global ist bestrebt, das Risikoniveau in Bezug auf die Besteuerung im Vereinigten K\u00f6nigreich und au\u00dferhalb des Vereinigten K\u00f6nigreichs stets zu minimieren. Wir sind nicht bereit, ein Risikoniveau zu akzeptieren, das unseren Ruf sch\u00e4digt oder unsere Beziehung zu HMRC oder anderen Steuerbeh\u00f6rden beeintr\u00e4chtigen k\u00f6nnte. Angesichts des Umfangs unseres Gesch\u00e4fts und der Komplexit\u00e4t der Steuergesetzgebung ist es jedoch unvermeidlich, dass Steuerrisiken entstehen. Um sicherzustellen, dass das Risikoniveau so gering wie m\u00f6glich gehalten wird, bestehen Risikomanagementrichtlinien und Governance-Vorkehrungen, einschlie\u00dflich spezieller Richtlinien in Bezug auf Steuern, die f\u00fcr alle Steuerarten eingehalten werden m\u00fcssen.\r\n\r\n<strong>Beziehung zu His Majesty's Revenue + Customs\r\n<\/strong>HH Global glaubt an eine offene, professionelle und konstruktive Arbeitsbeziehung mit HMRC und anderen Steuerbeh\u00f6rden und wird zusammenarbeiten, um eine Position des gegenseitigen Vertrauens aufzubauen.\r\n\r\nWir sind bestrebt, jederzeit mit HMRC zusammenzuarbeiten und Probleme zeitnah und kooperativ zu l\u00f6sen. Sollten Meinungsverschiedenheiten mit der HMRC bez\u00fcglich der Anwendung des Gesetzes auftreten, besteht das Hauptziel von HH Global darin, solche Probleme auf effiziente Weise durch einen offenen und ehrlichen, professionellen, faktenbasierten Dialog unter Bezugnahme auf die einschl\u00e4gigen Gesetze und die Rechtsprechung zu l\u00f6sen.\r\n\r\nDies ist unser Ansatz f\u00fcr alle Steuerbeh\u00f6rden in den L\u00e4ndern, in denen wir t\u00e4tig sind.\r\n\r\n<strong>Criminal Finance Act 2017 \u2013 Vers\u00e4umnis, die Beihilfe zur Steuerhinterziehung zu verhindern<\/strong>\r\nHH Global stellt sicher, dass geeignete Verfahren vorhanden sind, um das Risiko zu verhindern oder zu minimieren, dass seine Mitarbeiter, Vertreter, Lieferanten oder andere mit HH Global verbundene Dritte Steuerhinterziehung erleichtern, wie im Criminal Finance Act 2017 festgelegt. HH Global wird eine risikobasierte Bewertung seiner Gesch\u00e4ftst\u00e4tigkeit vornehmen und diese regelm\u00e4\u00dfig aktualisieren, um solche Risiken zu identifizieren und sicherzustellen, dass die eingerichteten Verfahren ausreichend sind und bleiben.\r\n\r\nGenehmigt durch den Verwaltungsrat: 24. Mai 2022","title_two":"","content_two":""}]},"yoast_head":"<!-- This site is optimized with the Yoast SEO plugin v27.3 - https:\/\/yoast.com\/product\/yoast-seo-wordpress\/ -->\n<title>Steuerstrategie der HH Global Group - HH Global<\/title>\n<meta name=\"robots\" content=\"index, follow, max-snippet:-1, max-image-preview:large, max-video-preview:-1\" \/>\n<link rel=\"canonical\" href=\"https:\/\/www.hhglobal.com\/de\/group-tax-strategy\/\" \/>\n<meta property=\"og:locale\" content=\"de_DE\" \/>\n<meta property=\"og:type\" content=\"article\" \/>\n<meta property=\"og:title\" content=\"Steuerstrategie der HH Global Group - HH Global\" \/>\n<meta property=\"og:url\" content=\"https:\/\/www.hhglobal.com\/de\/group-tax-strategy\/\" \/>\n<meta property=\"og:site_name\" content=\"HH Global\" \/>\n<meta property=\"article:modified_time\" content=\"2023-02-14T15:45:08+00:00\" \/>\n<meta name=\"twitter:card\" content=\"summary_large_image\" \/>\n<script type=\"application\/ld+json\" class=\"yoast-schema-graph\">{\"@context\":\"https:\\\/\\\/schema.org\",\"@graph\":[{\"@type\":\"WebPage\",\"@id\":\"https:\\\/\\\/www.hhglobal.com\\\/de\\\/group-tax-strategy\\\/\",\"url\":\"https:\\\/\\\/www.hhglobal.com\\\/de\\\/group-tax-strategy\\\/\",\"name\":\"Steuerstrategie der HH Global Group - HH Global\",\"isPartOf\":{\"@id\":\"https:\\\/\\\/www.hhglobal.com\\\/de\\\/#website\"},\"datePublished\":\"2022-06-18T02:41:24+00:00\",\"dateModified\":\"2023-02-14T15:45:08+00:00\",\"breadcrumb\":{\"@id\":\"https:\\\/\\\/www.hhglobal.com\\\/de\\\/group-tax-strategy\\\/#breadcrumb\"},\"inLanguage\":\"de-DE\",\"potentialAction\":[{\"@type\":\"ReadAction\",\"target\":[\"https:\\\/\\\/www.hhglobal.com\\\/de\\\/group-tax-strategy\\\/\"]}]},{\"@type\":\"BreadcrumbList\",\"@id\":\"https:\\\/\\\/www.hhglobal.com\\\/de\\\/group-tax-strategy\\\/#breadcrumb\",\"itemListElement\":[{\"@type\":\"ListItem\",\"position\":1,\"name\":\"Home\",\"item\":\"https:\\\/\\\/www.hhglobal.com\\\/de\\\/\"},{\"@type\":\"ListItem\",\"position\":2,\"name\":\"Steuerstrategie der HH Global Group\"}]},{\"@type\":\"WebSite\",\"@id\":\"https:\\\/\\\/www.hhglobal.com\\\/de\\\/#website\",\"url\":\"https:\\\/\\\/www.hhglobal.com\\\/de\\\/\",\"name\":\"HH Global\",\"description\":\"The global, tech-enabled creative production and procurement partner.\",\"publisher\":{\"@id\":\"https:\\\/\\\/www.hhglobal.com\\\/de\\\/#organization\"},\"potentialAction\":[{\"@type\":\"SearchAction\",\"target\":{\"@type\":\"EntryPoint\",\"urlTemplate\":\"https:\\\/\\\/www.hhglobal.com\\\/de\\\/?s={search_term_string}\"},\"query-input\":{\"@type\":\"PropertyValueSpecification\",\"valueRequired\":true,\"valueName\":\"search_term_string\"}}],\"inLanguage\":\"de-DE\"},{\"@type\":\"Organization\",\"@id\":\"https:\\\/\\\/www.hhglobal.com\\\/de\\\/#organization\",\"name\":\"HH Global\",\"url\":\"https:\\\/\\\/www.hhglobal.com\\\/de\\\/\",\"logo\":{\"@type\":\"ImageObject\",\"inLanguage\":\"de-DE\",\"@id\":\"https:\\\/\\\/www.hhglobal.com\\\/de\\\/#\\\/schema\\\/logo\\\/image\\\/\",\"url\":\"https:\\\/\\\/www.hhglobal.com\\\/wp-content\\\/uploads\\\/2023\\\/12\\\/logo-white.svg\",\"contentUrl\":\"https:\\\/\\\/www.hhglobal.com\\\/wp-content\\\/uploads\\\/2023\\\/12\\\/logo-white.svg\",\"width\":77,\"height\":18,\"caption\":\"HH Global\"},\"image\":{\"@id\":\"https:\\\/\\\/www.hhglobal.com\\\/de\\\/#\\\/schema\\\/logo\\\/image\\\/\"}}]}<\/script>\n<!-- \/ Yoast SEO plugin. -->","yoast_head_json":{"title":"Steuerstrategie der HH Global Group - HH Global","robots":{"index":"index","follow":"follow","max-snippet":"max-snippet:-1","max-image-preview":"max-image-preview:large","max-video-preview":"max-video-preview:-1"},"canonical":"https:\/\/www.hhglobal.com\/de\/group-tax-strategy\/","og_locale":"de_DE","og_type":"article","og_title":"Steuerstrategie der HH Global Group - HH Global","og_url":"https:\/\/www.hhglobal.com\/de\/group-tax-strategy\/","og_site_name":"HH Global","article_modified_time":"2023-02-14T15:45:08+00:00","twitter_card":"summary_large_image","schema":{"@context":"https:\/\/schema.org","@graph":[{"@type":"WebPage","@id":"https:\/\/www.hhglobal.com\/de\/group-tax-strategy\/","url":"https:\/\/www.hhglobal.com\/de\/group-tax-strategy\/","name":"Steuerstrategie der HH Global Group - HH Global","isPartOf":{"@id":"https:\/\/www.hhglobal.com\/de\/#website"},"datePublished":"2022-06-18T02:41:24+00:00","dateModified":"2023-02-14T15:45:08+00:00","breadcrumb":{"@id":"https:\/\/www.hhglobal.com\/de\/group-tax-strategy\/#breadcrumb"},"inLanguage":"de-DE","potentialAction":[{"@type":"ReadAction","target":["https:\/\/www.hhglobal.com\/de\/group-tax-strategy\/"]}]},{"@type":"BreadcrumbList","@id":"https:\/\/www.hhglobal.com\/de\/group-tax-strategy\/#breadcrumb","itemListElement":[{"@type":"ListItem","position":1,"name":"Home","item":"https:\/\/www.hhglobal.com\/de\/"},{"@type":"ListItem","position":2,"name":"Steuerstrategie der HH Global Group"}]},{"@type":"WebSite","@id":"https:\/\/www.hhglobal.com\/de\/#website","url":"https:\/\/www.hhglobal.com\/de\/","name":"HH Global","description":"The global, tech-enabled creative production and procurement partner.","publisher":{"@id":"https:\/\/www.hhglobal.com\/de\/#organization"},"potentialAction":[{"@type":"SearchAction","target":{"@type":"EntryPoint","urlTemplate":"https:\/\/www.hhglobal.com\/de\/?s={search_term_string}"},"query-input":{"@type":"PropertyValueSpecification","valueRequired":true,"valueName":"search_term_string"}}],"inLanguage":"de-DE"},{"@type":"Organization","@id":"https:\/\/www.hhglobal.com\/de\/#organization","name":"HH Global","url":"https:\/\/www.hhglobal.com\/de\/","logo":{"@type":"ImageObject","inLanguage":"de-DE","@id":"https:\/\/www.hhglobal.com\/de\/#\/schema\/logo\/image\/","url":"https:\/\/www.hhglobal.com\/wp-content\/uploads\/2023\/12\/logo-white.svg","contentUrl":"https:\/\/www.hhglobal.com\/wp-content\/uploads\/2023\/12\/logo-white.svg","width":77,"height":18,"caption":"HH Global"},"image":{"@id":"https:\/\/www.hhglobal.com\/de\/#\/schema\/logo\/image\/"}}]}},"_links":{"self":[{"href":"https:\/\/www.hhglobal.com\/de\/wp-json\/wp\/v2\/pages\/5755","targetHints":{"allow":["GET"]}}],"collection":[{"href":"https:\/\/www.hhglobal.com\/de\/wp-json\/wp\/v2\/pages"}],"about":[{"href":"https:\/\/www.hhglobal.com\/de\/wp-json\/wp\/v2\/types\/page"}],"author":[{"embeddable":true,"href":"https:\/\/www.hhglobal.com\/de\/wp-json\/wp\/v2\/users\/10"}],"replies":[{"embeddable":true,"href":"https:\/\/www.hhglobal.com\/de\/wp-json\/wp\/v2\/comments?post=5755"}],"version-history":[{"count":0,"href":"https:\/\/www.hhglobal.com\/de\/wp-json\/wp\/v2\/pages\/5755\/revisions"}],"wp:attachment":[{"href":"https:\/\/www.hhglobal.com\/de\/wp-json\/wp\/v2\/media?parent=5755"}],"curies":[{"name":"wp","href":"https:\/\/api.w.org\/{rel}","templated":true}]}}