{"id":12118,"date":"2023-10-04T15:26:13","date_gmt":"2023-10-04T15:26:13","guid":{"rendered":"https:\/\/decoupledhhg.wpengine.com\/sustainable-growth\/"},"modified":"2023-12-01T11:01:27","modified_gmt":"2023-12-01T11:01:27","slug":"sustainable-growth","status":"publish","type":"page","link":"https:\/\/www.hhglobal.com\/de\/who-we-are\/sustainable-growth\/","title":{"rendered":"Nachhaltiges Wachstum"},"content":{"rendered":"","protected":false},"excerpt":{"rendered":"","protected":false},"author":31,"featured_media":23132,"parent":0,"menu_order":0,"comment_status":"closed","ping_status":"closed","template":"","meta":{"_acf_changed":"","_yoast_wpseo_focuskw":"","_yoast_wpseo_metadesc":"","_yoast_wpseo_linkdex":"","_yoast_wpseo_content_score":"","_yoast_wpseo_meta-robots-noindex":"","_yoast_wpseo_meta-robots-nofollow":"","inline_featured_image":[],"_genesis_block_theme_hide_title":false,"_cms_nav_minihome":"","_icl_lang_duplicate_of":"","_menu_item_classes":[],"_menu_item_menu_item_parent":"","_menu_item_object":"","_menu_item_object_id":"","_menu_item_orphaned":"","_menu_item_target":"","_menu_item_type":"","_menu_item_url":"","_menu_item_xfn":"","_seedprod_page":"","_seedprod_page_template_type":"","_seedprod_page_uuid":"","_top_nav_excluded":"","_wp_attachment_backup_sizes":[],"_wp_attachment_context":"","_wp_attachment_image_alt":"","_wp_old_date":"","_wpcode_auto_insert":"","_wpcode_auto_insert_number":"","_wpcode_library_id":"","_wpml_media_duplicate":"1","_wpml_media_featured":"1","_wpml_post_translation_editor_native":"","_wpml_word_count":"{\"total\":595,\"to_translate\":{\"zh\":595,\"zh-hans\":595,\"cs\":595,\"nl\":595,\"fr\":595,\"de\":595,\"it\":595,\"ja\":595,\"ko\":595,\"pt\":595,\"pt-br\":595,\"es\":595}}","_yoast_wpseo_estimated-reading-time-minutes":[],"_yoast_wpseo_primary_category":"","_yoast_wpseo_primary_industry":"","_yoast_wpseo_primary_solution":"","_yoast_wpseo_primary_the_author":"","_yoast_wpseo_wordproof_timestamp":"","acfml_non_translatable_locations":[],"career_externalLink":"","career_featuredImage":"","career_title":"","casestudy_featuredImage":"","casestudy_title":"","infocallout_excerpt":"","infocallout_featuredImage":"","infocallout_title":"","jobTitle":"","language":"","name":"","profilePicture":"","wp-smpro-smush-data":[],"wp-smush-animated":"","wp-smush-ignore-bulk":"","wp-smush-lossy":"","wpml_media_processed":"","_wpcode_conditional_logic_enabled":"","_wpcode_location_extra":"","_wpcode_note":"","_wpcode_priority":"","_wpcode_shortcode_attributes":[],"footnotes":""},"class_list":["post-12118","page","type-page","status-publish","has-post-thumbnail","hentry","post","with-featured-image"],"acf":{"page_title":"Sustainable Growth | HH Global","page_description":"","social_title":"","social_description":"","social_share_image":null,"modules":[{"acf_fc_layout":"hero","size":"medium2","theme":"dark","choose_images":[{"image":9871}],"show_eyebrow":false,"eyebrow":"","title":"Nachhaltiges Wachstum","show_cta":false,"cta_url":"","cta_title":""},{"acf_fc_layout":"text_with_media_carousel","scroll_to_link":"","theme":"light","container_background_color":"bg-white","highlight_color":"purple","title":"Marken mit nachhaltigem Marketing st\u00e4rken","content":"Angesichts der Klimakrise, die uns alle betrifft, muss Nachhaltigkeit die Triebfeder eines echten Wandels sein.\r\n\r\nHH Global steht an der Spitze des nachhaltigen Marketings und hilft Marken, gro\u00dfe Wirkung mit weniger Umweltbelastung zu erzielen.","additional_spacing":true,"features_title":"","features":[{"navigation_label":"Eine nachhaltige Zukunft gestalten","show_title":true,"title":"Eine nachhaltige Zukunft gestalten","show_subtitle":false,"subtitle":"","content":"In Zusammenarbeit mit den Marken erreichen wir ein Umdenken bei Konzeption und Ausf\u00fchrung des physischen Marketings. Indem wir die L\u00fccke zwischen Designern und Machern schlie\u00dfen, erm\u00f6glichen unsere Dienstleistungen fundierte Entscheidungen und geben Unternehmen die notwendigen Kenntnisse und Tools, damit sie die spannenden Chancen nachhaltigerer Vorgehensweisen erkunden k\u00f6nnen.\r\n\r\nMit Conscious Creative steigern wir die Nachhaltigkeit des Marketings im gesamten Designprozess.\r\n\r\n<a style=\"margin-top: 15px; display: inline-flex; align-items: center; height: 54px; padding-left: 18px; padding-right: 18px; border-radius: 4px; font-size: 16px; line-height: 16px; color: #000000; background-color: #aeff24; text-decoration: none; font-weight: 400;\" href=\"\/de\/who-we-are\/conscious-creative\/\">Erfahren Sie mehr<\/a>","choose_media":[{"image":9882}],"vimeoid":"","ytid":""},{"navigation_label":"Starke Tools f\u00fcr den Wandel","show_title":true,"title":"Starke Tools f\u00fcr den Wandel","show_subtitle":false,"subtitle":"","content":"Mit modernster Technologie und datengest\u00fctzten Einblicken unterst\u00fctzen wir unsere Kunden und strategischen Partner. Unsere innovativen, firmeneigenen Tools steigern operative Effizienz und Ergebnisse.\r\n\r\nWir konzentrieren uns auf die Bed\u00fcrfnisse unserer Kunden, behalten Ausgaben und CO<sub>2<\/sub>-Emissionen im Blick und messen die Leistung, um kontinuierlich Verbesserungen zu f\u00f6rdern. Dank aussagekr\u00e4ftiger Einblicke bringen wir dann die richtigen Akteure zusammen, um schnelle Skalierbarkeit, optimierte Funktionalit\u00e4t und transformatives Wachstum zu erreichen und gleichzeitig Abfallmengen zu verringern.","choose_media":[{"image":9893}],"vimeoid":"","ytid":""},{"navigation_label":"Ethische Beschaffung","show_title":true,"title":"Ethische Beschaffung","show_subtitle":false,"subtitle":"","content":"Unsere ma\u00dfgeschneiderten Beschaffungsprogramme verringern Risiken und optimieren die Lieferketten. Unsere besondere St\u00e4rke liegt in der Beschaffung nachhaltiger Materialien und Fertigung. Zudem f\u00fchren wir Audits von Lieferketten durch.\r\n\r\nIndem wir die Auswirkungen auf Umwelt und Gesellschaft verringern, hilft die Fachkompetenz von HH Global Kunden dabei, ihre Werte mit bew\u00e4hrten Beschaffungsmethoden in Einklang zu bringen.\r\n\r\n<a style=\"margin-top: 15px; display: inline-flex; align-items: center; height: 54px; padding-left: 18px; padding-right: 18px; border-radius: 4px; font-size: 16px; line-height: 16px; color: #000000; background-color: #aeff24; text-decoration: none; font-weight: 400;\" href=\"\/de\/who-we-are\/inspiring-solutions\/\">Erfahren sie mehr<\/a>","choose_media":[{"image":9904}],"vimeoid":"","ytid":""},{"navigation_label":"Umgang mit CO<sub>2<\/sub>-Emissionen","show_title":true,"title":"Umgang mit CO<sub>2<\/sub>-Emissionen","show_subtitle":false,"subtitle":"","content":"Wir er\u00f6ffnen innovative M\u00f6glichkeiten zur Messung und Zertifizierung der CO<sub>2<\/sub>-Emissionen.\r\n\r\n<strong>Zero-Waste-L\u00f6sungen<\/strong>\r\n\r\nMit den Strategien von HH Global k\u00f6nnen Marken ihre Umweltbelastung verringern. Indem wir Zero-Waste-L\u00f6sungen anstreben und zirkul\u00e4ren Konsum f\u00f6rdern, unterst\u00fctzen wir Marken dabei, die Nachhaltigkeit zu einem wesentlichen Bestandteil ihrer T\u00e4tigkeit zu machen.","choose_media":[{"image":9915}],"vimeoid":"","ytid":""}]},{"acf_fc_layout":"text_with_media_carousel","scroll_to_link":"","theme":"light","container_background_color":"bg-grey","highlight_color":"purple","title":"Nachhaltigkeitsstandards","content":"Wir erf\u00fcllen fortlaufend die h\u00f6chsten Standards im Bereich Umwelt, Soziales und Unternehmensf\u00fchrung.","additional_spacing":true,"features_title":"","features":[{"navigation_label":"ESG","show_title":true,"title":"ESG","show_subtitle":false,"subtitle":"","content":"Die Berichterstattung im Bereich ESG (Umwelt, Soziales und Unternehmensf\u00fchrung) ist f\u00fcr gro\u00dfe Unternehmen keine blo\u00dfe Option mehr. Vielmehr sind Nachhaltigkeitskennzahlen inzwischen wesentlicher Bestandteil der j\u00e4hrlichen Berichterstattung und stehen f\u00fcr Transparenz und Verantwortlichkeit gegen\u00fcber Verbrauchern und Investoren. Die Messung der unternehmerischen Verantwortung ist heute Teil der neuen Normalit\u00e4t.","choose_media":[{"image":9926}],"vimeoid":"","ytid":""},{"navigation_label":"CSRD","show_title":true,"title":"CSRD","show_subtitle":false,"subtitle":"","content":"Die CSR-Richtlinie der EU (Richtlinie zur unternehmerischen Nachhaltigkeitsberichterstattung) schreibt f\u00fcr EU-Unternehmen und Nicht-EU-Unternehmen, die bestimmte Schwellenwerte f\u00fcr den Nettoumsatz in der EU erreichen, sowie f\u00fcr Unternehmen, deren Wertpapiere an geregelten EU-M\u00e4rkten notieren, eine detaillierte Berichterstattung vor.","choose_media":[{"image":9937}],"vimeoid":"","ytid":""},{"navigation_label":"Net Zero Standard","show_title":true,"title":"Net Zero Standard","show_subtitle":false,"subtitle":"","content":"Als erstes Unternehmen in unserem Bereich und eines der ersten Unternehmen weltweit hat die SBTi (Science Based Targets Initiative) unsere Net-Zero-Standard-Ziele anerkannt. In Zusammenarbeit mit Partnern aus aller Welt haben wir uns dazu verpflichtet, unsere Treibhausgasemissionen bis zum GJ 2030 um 50 % und bis zum GJ 2040 um 90 % zu senken.","choose_media":[{"image":9948}],"vimeoid":"","ytid":""},{"navigation_label":"TCFD","show_title":true,"title":"TCFD","show_subtitle":false,"subtitle":"","content":"Die Task Force on Climate-related Financial Disclosures (TCFD) hat eine Reihe von Empfehlungen erarbeitet, die den Umgang der Unternehmen mit Klimarisiken und -chancen ver\u00e4ndern. Das Vereinigte K\u00f6nigreich ist der erste G20-Staat, dessen Regierung eine an den TCFD-Kriterien orientierte Offenlegung f\u00fcr mehr als 1300 der gr\u00f6\u00dften hier eingetragenen Unternehmen und Finanzinstitute verpflichtend eingef\u00fchrt hat.\r\n\r\nWeitere Informationen finden Sie auf: <a href=\"https:\/\/www.fsb-tcfd.org\/\" target=\"_blank\" rel=\"noopener\">https:\/\/www.fsb-tcfd.org\/<\/a>","choose_media":[{"image":9959}],"vimeoid":"","ytid":""},{"navigation_label":"UN SDG","show_title":true,"title":"UN SDG","show_subtitle":false,"subtitle":"","content":"In den Nachhaltigkeitszielen (SDGs) der Vereinten Nationen sind bestimmte Zielvorgaben definiert, um Klimaschutzma\u00dfnahmen, nachhaltige Entwicklung, saubere Energie und verantwortungsvoller Konsum zu f\u00f6rdern. Zudem sollen Ungleichheit, Armut und Hunger beendet werden, um eine gerechte und \u00f6kologisch nachhaltige Welt f\u00fcr alle zu schaffen.","choose_media":[{"image":9970}],"vimeoid":"","ytid":""},{"navigation_label":"ISO 14001","show_title":true,"title":"ISO 14001","show_subtitle":false,"subtitle":"","content":"Die internationale Norm ISO 14001 enth\u00e4lt Leitlinien zu verschiedenen gesch\u00e4ftlichen Aspekten, um die Auswirkungen auf die Umwelt zu reduzieren. Sie hilft dabei, Beschaffung, Vertrieb, Produktentwicklung, Notfallma\u00dfnahmen, Kundenerwartungen sowie Stakeholder und die Beziehungen zur Gesellschaft vor Ort zu bewerten.\r\n\r\nF\u00fcr weitere Informationen klicken Sie <a href=\"https:\/\/www.bsigroup.com\/en-gb\/iso-14001-environmental-management\/\" target=\"_blank\" rel=\"noopener\">hier<\/a>.","choose_media":[{"image":9981}],"vimeoid":"","ytid":""},{"navigation_label":"EcoVadis","show_title":true,"title":"EcoVadis","show_subtitle":false,"subtitle":"","content":"EcoVadis ist eine weltweit anerkannte Plattform f\u00fcr Nachhaltigkeitsratings von Unternehmen.\r\n\r\nSie erleichtert das Management von ESG-Risiken und Compliance und st\u00e4rkt so eine nachhaltige Gesch\u00e4ftst\u00e4tigkeit. HH Global hat seit mehr als 5 Jahren den Gold-Status bei der Nachhaltigkeitsbewertung von EcoVadis.\r\n\r\nF\u00fcr weitere Informationen klicken Sie <a href=\"https:\/\/ecovadis.com\/\" target=\"_blank\" rel=\"noopener\">heir<\/a>.","choose_media":[{"image":9992}],"vimeoid":"","ytid":""}]},{"acf_fc_layout":"intro_content_block","scroll_to_link":"","container_background_color":"bg-white","type":false,"show_image":false,"intro_image":null,"show_background":false,"background":null,"show_eyebrow":false,"eyebrow":"","show_designations":false,"designations":null,"show_title":true,"size":"large","title":"","show_intro":false,"intro":"","show_body":false,"body":"","show_labels":false,"labels":{"show_social":false,"custom_categories":null}},{"acf_fc_layout":"simple_content_block","scroll_to_link":"","container_background_color":"bg-white","columns":1,"title_one":"","content_one":"","title_two":"","content_two":""},{"acf_fc_layout":"simple_content_block","scroll_to_link":"","container_background_color":"bg-white","columns":"2","title_one":"","content_one":"<img class=\"alignnone size-medium wp-image-12316\" src=\"https:\/\/decoupledhhg.wpengine.com\/wp-content\/uploads\/2023\/11\/1644910-German-300x90.png\" alt=\"\" width=\"300\" height=\"90\" \/>\r\n\r\n<strong>Menschenw\u00fcrdige Arbeit und Wirtschaftswachstum<\/strong>\r\n\r\nAngemessene Arbeitsbedingungen, faire L\u00f6hne, Gerechtigkeit und die Rechte der Mitarbeiter am Arbeitsplatz bis 2025 gew\u00e4hrleisten Folgendes:\r\n<ul>\r\n \t<li>Mitarbeiterinnen und Mitarbeiter erhalten existenzsichernde L\u00f6hne und 100 % unserer (direkten) Tier-1-Zulieferer* haben uns ihre entsprechende Firmenpolitik best\u00e4tigt.<\/li>\r\n \t<li>100 % unserer (direkten) Tier-1-Zulieferer* arbeiten in \u00dcbereinstimmung mit unseren klar definierten Umweltschutz- und Sozialstandards (oder haben einen Plan f\u00fcr deren Einhaltung).<\/li>\r\n \t<li>alle unsere (direkten) Tier-1-Zulieferer* haben Informationen und Leitlinien zum Thema Nachhaltigkeitsziele (SDGs) erhalten und 30 % unterst\u00fctzen diese nachweislich.<\/li>\r\n<\/ul>\r\n<em>*Zulieferer, auf die 95 % der Ausgaben von HH Global entfallen<\/em>","title_two":"","content_two":"<img class=\"alignnone size-medium wp-image-12437\" src=\"https:\/\/decoupledhhg.wpengine.com\/wp-content\/uploads\/2023\/11\/1644910-German-1-300x90.png\" alt=\"\" width=\"300\" height=\"90\" \/>\r\n\r\n<strong>Weniger Ungleichheit<\/strong>\r\n\r\nEin vielf\u00e4ltiges und inklusives Unternehmen ist Spiegel der Gesellschaft, in der es t\u00e4tig ist. Wir respektieren die Rechte und Chancen jedes Menschen unabh\u00e4ngig von Geschlecht, ethnischer Zugeh\u00f6rigkeit, religi\u00f6sen \u00dcberzeugungen, sexueller Orientierung oder sozio\u00f6konomischem Hintergrund. Bis 2025:\r\n<ul>\r\n \t<li>wird die Vielfalt unserer Mitarbeiterinnen und Mitarbeiter (basierend auf Geschlecht, ethnischer Zugeh\u00f6rigkeit, Alter und Generation) auf der F\u00fchrungsebene* von HH Global mit 30 % vertreten sein.<\/li>\r\n \t<li>werden wir 15 % unserer j\u00e4hrlichen Ausgaben bei kleinen und vielf\u00e4ltigen Zulieferern t\u00e4tigen.<\/li>\r\n \t<li>werden wir daf\u00fcr sorgen, dass alle unsere Personalentwicklungs- und Schulungsprogramme DE&amp;I-Prinzipien umfassen und von 100 % unserer Mitarbeiterinnen und Mitarbeiter absolviert werden.<\/li>\r\n<\/ul>\r\n<em>*Vorstand der Unternehmensgruppe und regionales F\u00fchrungsteam<\/em>"},{"acf_fc_layout":"simple_content_block","scroll_to_link":"","container_background_color":"bg-white","columns":"2","title_one":"","content_one":"<img class=\"alignnone size-medium wp-image-12558\" src=\"https:\/\/decoupledhhg.wpengine.com\/wp-content\/uploads\/2023\/11\/1644910-German-2-300x90.png\" alt=\"\" width=\"300\" height=\"90\" \/>\r\n\r\n<strong>Verantwortungsvoller Konsum und nachhaltige Produktion<\/strong>\r\n\r\nDiese gew\u00e4hrleisten, dass Produkte verantwortungsvoll bezogen und hergestellt sowie den Kunden die nachhaltigsten Alternativen aufgezeigt werden. Bis 2025 werden wir:\r\n<ul>\r\n \t<li>die Nutzung von Recyclingmaterial in der Produktion um 20 % (gegen\u00fcber dem Ausgangswert 2021) erh\u00f6hen, indem wir unsere Kunden \u00fcber die Verf\u00fcgbarkeit von Kunststoffalternativen wie etwa Materialien auf der Basis von Zellulosefasern informieren.<\/li>\r\n \t<li>allen Kunden bereits in der Angebotsphase eine Berechnung der Umweltauswirkungen vorlegen.<\/li>\r\n \t<li>in unseren B\u00fcros kein Einwegplastik mehr verwenden.<\/li>\r\n<\/ul>","title_two":"","content_two":"<img class=\"alignnone size-medium wp-image-12668\" src=\"https:\/\/decoupledhhg.wpengine.com\/wp-content\/uploads\/2023\/11\/1644910-German-3-300x90.png\" alt=\"\" width=\"300\" height=\"90\" \/>\r\n\r\n<strong>Klimaschutzma\u00dfnahmen<\/strong>\r\n\r\nDurch die Verringerung unseres CO2-Fu\u00dfabdrucks und das Erreichen wichtiger Meilensteine auf dem Weg zu Net-Zero-Emissionen tragen wir dazu bei, die Erderw\u00e4rmung auf maximal 1,5 \u00b0C zu begrenzen.\r\n<ul>\r\n \t<li>100 % erneuerbare Energien in unseren Betrieben bis 2025<\/li>\r\n \t<li>Verringerung der Emissionen um 50 % bis 2030*<\/li>\r\n \t<li>Verringerung der Emissionen um 90 % bis 2040*<\/li>\r\n \t<li>anhaltende Investitionen in naturbasierte L\u00f6sungen<\/li>\r\n \t<li>Neutralisierung von 10 % der Emissionen bis 2040<\/li>\r\n<\/ul>\r\n<em>*im Vergleich zu den Ausgangswerten im GJ 2022<\/em>"},{"acf_fc_layout":"contact_form","scroll_to_link":"","title":"Get in touch"}]},"yoast_head":"<!-- This site is optimized with the Yoast SEO plugin v27.4 - https:\/\/yoast.com\/product\/yoast-seo-wordpress\/ -->\n<title>Nachhaltiges Wachstum - HH Global<\/title>\n<meta name=\"robots\" content=\"index, follow, max-snippet:-1, max-image-preview:large, max-video-preview:-1\" \/>\n<link rel=\"canonical\" href=\"https:\/\/www.hhglobal.com\/de\/who-we-are\/sustainable-growth\/\" \/>\n<meta property=\"og:locale\" content=\"de_DE\" \/>\n<meta property=\"og:type\" content=\"article\" \/>\n<meta property=\"og:title\" content=\"Nachhaltiges Wachstum - HH Global\" \/>\n<meta property=\"og:url\" content=\"https:\/\/www.hhglobal.com\/de\/who-we-are\/sustainable-growth\/\" \/>\n<meta property=\"og:site_name\" content=\"HH Global\" \/>\n<meta property=\"article:modified_time\" content=\"2023-12-01T11:01:27+00:00\" \/>\n<meta name=\"twitter:card\" content=\"summary_large_image\" \/>\n<script type=\"application\/ld+json\" class=\"yoast-schema-graph\">{\"@context\":\"https:\\\/\\\/schema.org\",\"@graph\":[{\"@type\":\"WebPage\",\"@id\":\"https:\\\/\\\/www.hhglobal.com\\\/de\\\/who-we-are\\\/sustainable-growth\\\/\",\"url\":\"https:\\\/\\\/www.hhglobal.com\\\/de\\\/who-we-are\\\/sustainable-growth\\\/\",\"name\":\"Nachhaltiges Wachstum - HH Global\",\"isPartOf\":{\"@id\":\"https:\\\/\\\/www.hhglobal.com\\\/de\\\/#website\"},\"primaryImageOfPage\":{\"@id\":\"https:\\\/\\\/www.hhglobal.com\\\/de\\\/who-we-are\\\/sustainable-growth\\\/#primaryimage\"},\"image\":{\"@id\":\"https:\\\/\\\/www.hhglobal.com\\\/de\\\/who-we-are\\\/sustainable-growth\\\/#primaryimage\"},\"thumbnailUrl\":\"https:\\\/\\\/www.hhglobal.com\\\/wp-content\\\/uploads\\\/2024\\\/09\\\/Sustainable-growth-social-image.png\",\"datePublished\":\"2023-10-04T15:26:13+00:00\",\"dateModified\":\"2023-12-01T11:01:27+00:00\",\"breadcrumb\":{\"@id\":\"https:\\\/\\\/www.hhglobal.com\\\/de\\\/who-we-are\\\/sustainable-growth\\\/#breadcrumb\"},\"inLanguage\":\"de-DE\",\"potentialAction\":[{\"@type\":\"ReadAction\",\"target\":[\"https:\\\/\\\/www.hhglobal.com\\\/de\\\/who-we-are\\\/sustainable-growth\\\/\"]}]},{\"@type\":\"ImageObject\",\"inLanguage\":\"de-DE\",\"@id\":\"https:\\\/\\\/www.hhglobal.com\\\/de\\\/who-we-are\\\/sustainable-growth\\\/#primaryimage\",\"url\":\"https:\\\/\\\/www.hhglobal.com\\\/wp-content\\\/uploads\\\/2024\\\/09\\\/Sustainable-growth-social-image.png\",\"contentUrl\":\"https:\\\/\\\/www.hhglobal.com\\\/wp-content\\\/uploads\\\/2024\\\/09\\\/Sustainable-growth-social-image.png\",\"width\":10667,\"height\":7113},{\"@type\":\"BreadcrumbList\",\"@id\":\"https:\\\/\\\/www.hhglobal.com\\\/de\\\/who-we-are\\\/sustainable-growth\\\/#breadcrumb\",\"itemListElement\":[{\"@type\":\"ListItem\",\"position\":1,\"name\":\"Home\",\"item\":\"https:\\\/\\\/www.hhglobal.com\\\/de\\\/\"},{\"@type\":\"ListItem\",\"position\":2,\"name\":\"Nachhaltiges Wachstum\"}]},{\"@type\":\"WebSite\",\"@id\":\"https:\\\/\\\/www.hhglobal.com\\\/de\\\/#website\",\"url\":\"https:\\\/\\\/www.hhglobal.com\\\/de\\\/\",\"name\":\"HH Global\",\"description\":\"The global, tech-enabled creative production and procurement partner.\",\"publisher\":{\"@id\":\"https:\\\/\\\/www.hhglobal.com\\\/de\\\/#organization\"},\"potentialAction\":[{\"@type\":\"SearchAction\",\"target\":{\"@type\":\"EntryPoint\",\"urlTemplate\":\"https:\\\/\\\/www.hhglobal.com\\\/de\\\/?s={search_term_string}\"},\"query-input\":{\"@type\":\"PropertyValueSpecification\",\"valueRequired\":true,\"valueName\":\"search_term_string\"}}],\"inLanguage\":\"de-DE\"},{\"@type\":\"Organization\",\"@id\":\"https:\\\/\\\/www.hhglobal.com\\\/de\\\/#organization\",\"name\":\"HH Global\",\"url\":\"https:\\\/\\\/www.hhglobal.com\\\/de\\\/\",\"logo\":{\"@type\":\"ImageObject\",\"inLanguage\":\"de-DE\",\"@id\":\"https:\\\/\\\/www.hhglobal.com\\\/de\\\/#\\\/schema\\\/logo\\\/image\\\/\",\"url\":\"https:\\\/\\\/www.hhglobal.com\\\/wp-content\\\/uploads\\\/2023\\\/12\\\/logo-white.svg\",\"contentUrl\":\"https:\\\/\\\/www.hhglobal.com\\\/wp-content\\\/uploads\\\/2023\\\/12\\\/logo-white.svg\",\"width\":77,\"height\":18,\"caption\":\"HH Global\"},\"image\":{\"@id\":\"https:\\\/\\\/www.hhglobal.com\\\/de\\\/#\\\/schema\\\/logo\\\/image\\\/\"}}]}<\/script>\n<!-- \/ Yoast SEO plugin. -->","yoast_head_json":{"title":"Nachhaltiges Wachstum - HH Global","robots":{"index":"index","follow":"follow","max-snippet":"max-snippet:-1","max-image-preview":"max-image-preview:large","max-video-preview":"max-video-preview:-1"},"canonical":"https:\/\/www.hhglobal.com\/de\/who-we-are\/sustainable-growth\/","og_locale":"de_DE","og_type":"article","og_title":"Nachhaltiges Wachstum - HH Global","og_url":"https:\/\/www.hhglobal.com\/de\/who-we-are\/sustainable-growth\/","og_site_name":"HH Global","article_modified_time":"2023-12-01T11:01:27+00:00","twitter_card":"summary_large_image","schema":{"@context":"https:\/\/schema.org","@graph":[{"@type":"WebPage","@id":"https:\/\/www.hhglobal.com\/de\/who-we-are\/sustainable-growth\/","url":"https:\/\/www.hhglobal.com\/de\/who-we-are\/sustainable-growth\/","name":"Nachhaltiges Wachstum - HH Global","isPartOf":{"@id":"https:\/\/www.hhglobal.com\/de\/#website"},"primaryImageOfPage":{"@id":"https:\/\/www.hhglobal.com\/de\/who-we-are\/sustainable-growth\/#primaryimage"},"image":{"@id":"https:\/\/www.hhglobal.com\/de\/who-we-are\/sustainable-growth\/#primaryimage"},"thumbnailUrl":"https:\/\/www.hhglobal.com\/wp-content\/uploads\/2024\/09\/Sustainable-growth-social-image.png","datePublished":"2023-10-04T15:26:13+00:00","dateModified":"2023-12-01T11:01:27+00:00","breadcrumb":{"@id":"https:\/\/www.hhglobal.com\/de\/who-we-are\/sustainable-growth\/#breadcrumb"},"inLanguage":"de-DE","potentialAction":[{"@type":"ReadAction","target":["https:\/\/www.hhglobal.com\/de\/who-we-are\/sustainable-growth\/"]}]},{"@type":"ImageObject","inLanguage":"de-DE","@id":"https:\/\/www.hhglobal.com\/de\/who-we-are\/sustainable-growth\/#primaryimage","url":"https:\/\/www.hhglobal.com\/wp-content\/uploads\/2024\/09\/Sustainable-growth-social-image.png","contentUrl":"https:\/\/www.hhglobal.com\/wp-content\/uploads\/2024\/09\/Sustainable-growth-social-image.png","width":10667,"height":7113},{"@type":"BreadcrumbList","@id":"https:\/\/www.hhglobal.com\/de\/who-we-are\/sustainable-growth\/#breadcrumb","itemListElement":[{"@type":"ListItem","position":1,"name":"Home","item":"https:\/\/www.hhglobal.com\/de\/"},{"@type":"ListItem","position":2,"name":"Nachhaltiges Wachstum"}]},{"@type":"WebSite","@id":"https:\/\/www.hhglobal.com\/de\/#website","url":"https:\/\/www.hhglobal.com\/de\/","name":"HH Global","description":"The global, tech-enabled creative production and procurement partner.","publisher":{"@id":"https:\/\/www.hhglobal.com\/de\/#organization"},"potentialAction":[{"@type":"SearchAction","target":{"@type":"EntryPoint","urlTemplate":"https:\/\/www.hhglobal.com\/de\/?s={search_term_string}"},"query-input":{"@type":"PropertyValueSpecification","valueRequired":true,"valueName":"search_term_string"}}],"inLanguage":"de-DE"},{"@type":"Organization","@id":"https:\/\/www.hhglobal.com\/de\/#organization","name":"HH Global","url":"https:\/\/www.hhglobal.com\/de\/","logo":{"@type":"ImageObject","inLanguage":"de-DE","@id":"https:\/\/www.hhglobal.com\/de\/#\/schema\/logo\/image\/","url":"https:\/\/www.hhglobal.com\/wp-content\/uploads\/2023\/12\/logo-white.svg","contentUrl":"https:\/\/www.hhglobal.com\/wp-content\/uploads\/2023\/12\/logo-white.svg","width":77,"height":18,"caption":"HH Global"},"image":{"@id":"https:\/\/www.hhglobal.com\/de\/#\/schema\/logo\/image\/"}}]}},"_links":{"self":[{"href":"https:\/\/www.hhglobal.com\/de\/wp-json\/wp\/v2\/pages\/12118","targetHints":{"allow":["GET"]}}],"collection":[{"href":"https:\/\/www.hhglobal.com\/de\/wp-json\/wp\/v2\/pages"}],"about":[{"href":"https:\/\/www.hhglobal.com\/de\/wp-json\/wp\/v2\/types\/page"}],"author":[{"embeddable":true,"href":"https:\/\/www.hhglobal.com\/de\/wp-json\/wp\/v2\/users\/31"}],"replies":[{"embeddable":true,"href":"https:\/\/www.hhglobal.com\/de\/wp-json\/wp\/v2\/comments?post=12118"}],"version-history":[{"count":0,"href":"https:\/\/www.hhglobal.com\/de\/wp-json\/wp\/v2\/pages\/12118\/revisions"}],"wp:featuredmedia":[{"embeddable":true,"href":"https:\/\/www.hhglobal.com\/de\/wp-json\/wp\/v2\/media\/23132"}],"wp:attachment":[{"href":"https:\/\/www.hhglobal.com\/de\/wp-json\/wp\/v2\/media?parent=12118"}],"curies":[{"name":"wp","href":"https:\/\/api.w.org\/{rel}","templated":true}]}}