{"id":12099,"date":"2023-10-04T15:12:24","date_gmt":"2023-10-04T15:12:24","guid":{"rendered":"https:\/\/decoupledhhg.wpengine.com\/inspiring-solutions\/"},"modified":"2023-12-01T10:49:12","modified_gmt":"2023-12-01T10:49:12","slug":"inspiring-solutions","status":"publish","type":"page","link":"https:\/\/www.hhglobal.com\/de\/who-we-are\/inspiring-solutions\/","title":{"rendered":"Inspirierende L\u00f6sungen"},"content":{"rendered":"","protected":false},"excerpt":{"rendered":"","protected":false},"author":31,"featured_media":23143,"parent":0,"menu_order":0,"comment_status":"closed","ping_status":"closed","template":"","meta":{"_acf_changed":"","_yoast_wpseo_focuskw":"","_yoast_wpseo_metadesc":"","_yoast_wpseo_linkdex":"","_yoast_wpseo_content_score":"","_yoast_wpseo_meta-robots-noindex":"","_yoast_wpseo_meta-robots-nofollow":"","inline_featured_image":[],"_genesis_block_theme_hide_title":false,"_cms_nav_minihome":"","_icl_lang_duplicate_of":"","_menu_item_classes":[],"_menu_item_menu_item_parent":"","_menu_item_object":"","_menu_item_object_id":"","_menu_item_orphaned":"","_menu_item_target":"","_menu_item_type":"","_menu_item_url":"","_menu_item_xfn":"","_seedprod_page":"","_seedprod_page_template_type":"","_seedprod_page_uuid":"","_top_nav_excluded":"","_wp_attachment_backup_sizes":[],"_wp_attachment_context":"","_wp_attachment_image_alt":"","_wp_old_date":"","_wpcode_auto_insert":"","_wpcode_auto_insert_number":"","_wpcode_library_id":"","_wpml_media_duplicate":"1","_wpml_media_featured":"1","_wpml_post_translation_editor_native":"","_wpml_word_count":"{\"total\":358,\"to_translate\":{\"zh\":358,\"zh-hans\":358,\"cs\":358,\"nl\":358,\"fr\":358,\"de\":358,\"it\":358,\"ja\":358,\"ko\":358,\"pt\":358,\"pt-br\":358,\"es\":358}}","_yoast_wpseo_estimated-reading-time-minutes":[],"_yoast_wpseo_primary_category":"","_yoast_wpseo_primary_industry":"","_yoast_wpseo_primary_solution":"","_yoast_wpseo_primary_the_author":"","_yoast_wpseo_wordproof_timestamp":"","acfml_non_translatable_locations":[],"career_externalLink":"","career_featuredImage":"","career_title":"","casestudy_featuredImage":"","casestudy_title":"","infocallout_excerpt":"","infocallout_featuredImage":"","infocallout_title":"","jobTitle":"","language":"","name":"","profilePicture":"","wp-smpro-smush-data":[],"wp-smush-animated":"","wp-smush-ignore-bulk":"","wp-smush-lossy":"","wpml_media_processed":"","_wpcode_conditional_logic_enabled":"","_wpcode_location_extra":"","_wpcode_note":"","_wpcode_priority":"","_wpcode_shortcode_attributes":[],"footnotes":""},"class_list":["post-12099","page","type-page","status-publish","has-post-thumbnail","hentry","post","with-featured-image"],"acf":{"page_title":"Inspiring Solutions | HH Global","page_description":"","social_title":"","social_description":"","social_share_image":null,"modules":[{"acf_fc_layout":"hero","size":"medium2","theme":"dark","choose_images":[{"image":9748}],"show_eyebrow":false,"eyebrow":"","title":"Inspirierende L\u00f6sungen","show_cta":false,"cta_url":"","cta_title":""},{"acf_fc_layout":"intro_content_block","container_background_color":"bg-white","type":false,"show_image":false,"intro_image":null,"show_background":false,"background":null,"show_eyebrow":false,"eyebrow":"","show_designations":false,"designations":null,"show_title":true,"size":"large","title":"Den Wandel im nachhaltigen Marketing vorantreiben","show_intro":true,"intro":"HH Global st\u00e4rkt einige der einflussreichsten Marken der Welt mit Dienstleistungen und F\u00e4higkeiten, die Verhaltens\u00e4nderungen hin zu einer nachhaltigeren Zukunft bewirken.\r\n\r\nWir f\u00fchren diesen Wandel an, indem wir nachhaltiges Marketing in den Mittelpunkt des kreativen Designprozesses stellen.","show_body":false,"body":"","show_labels":false,"labels":{"show_social":false,"custom_categories":null}},{"acf_fc_layout":"text_with_media","scroll_to_link":"","theme":"light","container_background_color":"bg-white","show_eyebrow":false,"eyebrow":"","show_title":false,"title":"","show_sub_title":true,"sub_title":"Ein neues Zeitalter des nachhaltigen Marketings","content":"Unsere Vision: Wir wollen der weltweit wirkungsvollste Verb\u00fcndete von Unternehmen sein, die ein st\u00e4rkeres und nachhaltigeres Wachstum anstreben.\r\n\r\nUnser beharrlicher Einsatz f\u00fcr Nachhaltigkeit bedeutet auch, dass wir jeden Tag fortschrittliche und individuelle L\u00f6sungen umsetzen und so das Erreichen von sozialen und \u00f6kologischen Zielen unterst\u00fctzen.","cta_url":"","cta_text":"","open_in_new_window":false,"choose_media":[{"image":9759}],"image_alignment":"left","image_fit":"cover","image_size":"half-width","vimeoid":"","ytid":""},{"acf_fc_layout":"text_with_media_carousel","theme":"light","container_background_color":"bg-grey","highlight_color":"purple","title":"Mit Technologie zu maximaler Nachhaltigkeit","content":"Datengest\u00fctzte und von Einblicken geleitete Ver\u00e4nderungen f\u00fchren zu den besten Nachhaltigkeitsergebnissen. Unser firmeneigenes Paket aus Technologie, datenstarken Produkten und Dienstleistungen hilft unseren Kunden, Unternehmen und Partnern dabei, ihre Nachhaltigkeitsziele zu erreichen. Dabei kommen folgende Elemente zum Einsatz:","additional_spacing":true,"features_title":"","features":[{"navigation_label":"Hub","show_title":true,"title":"Hub","show_subtitle":false,"subtitle":"","content":"Als weltweit erster Partner f\u00fcr kreative Produktion und Beschaffung hat HH Global eine Plattform eingerichtet, die f\u00fcr jedes Projekt Daten zu seinem CO<sub>2<\/sub>-Effekt erzeugt. Unser Umweltschutzrechner ist Teil unseres Standardbetriebsmodells und erm\u00f6glicht Kunden, fundiertere Entscheidungen \u00fcber Kampagnentaktik und Kanalwahl zu treffen. Unser Ziel ist es, immer pr\u00e4zisere Daten zu liefern und die pr\u00e4diktive Modellierung des CO<sub>2<\/sub>-Effekts zu erm\u00f6glichen, die Einblicke und Vorteile der Kunden langfristig unterst\u00fctzt und liefert.","choose_media":[{"image":9770}],"vimeoid":"","ytid":""},{"navigation_label":"KI-gest\u00fctzter Datensatz","show_title":true,"title":"KI-gest\u00fctzter Datensatz","show_subtitle":false,"subtitle":"","content":"Um immer pr\u00e4zisere Daten zu liefern und die pr\u00e4diktive Modellierung des CO<sub>2<\/sub>-Effekts zu erm\u00f6glichen, die Einblicke und Vorteile der Kunden langfristig unterst\u00fctzt und liefert.","choose_media":[{"image":9781}],"vimeoid":"","ytid":""},{"navigation_label":"Rahmenwerk f\u00fcr nachhaltige Beschaffung (SPF)","show_title":true,"title":"Rahmenwerk f\u00fcr nachhaltige Beschaffung (SPF)","show_subtitle":false,"subtitle":"","content":"Auch bei dieser Marktneuheit setzen wir Technologie und Daten ein, um Best Practice in unserer globalen Lieferkette im gro\u00dfen Stil zu f\u00f6rdern. Durch die Kombination von Zuliefererdaten mit Untersuchungen und Einblicken von Partnern haben wir das erste Rahmenwerk seiner Art f\u00fcr nachhaltiges Lieferkettenmanagement entwickelt. Das SPF hilft Partnern in der Lieferkette dabei, ihre aktuelle Nachhaltigkeitsreife zu beurteilen, bew\u00e4hrte Verfahren anzuwenden und sich \u00fcber ihre Erfahrungen auszutauschen.","choose_media":[{"image":9792}],"vimeoid":"","ytid":""}]},{"acf_fc_layout":"text_with_media_carousel","theme":"light","container_background_color":"bg-white","highlight_color":"purple","title":" Experten f\u00fcr Nachhaltigkeitsstrategien","content":"<strong>Beratungsservice zur Nachhaltigkeit<\/strong>\r\n\r\nHH Global bietet umfassende Beratungsleistungen zum Thema Nachhaltigkeit und nutzt dabei seine Fachkompetenz, um die ESG-Initiativen seiner Kunden zu entwickeln oder auszubauen.","additional_spacing":true,"features_title":"","features":[{"navigation_label":"Nachhaltigkeitsstrategie","show_title":true,"title":"Nachhaltigkeitsstrategie","show_subtitle":false,"subtitle":"","content":"<ul>\r\n \t<li>Workshop \u00fcber Wege, um die SDGs der Vereinten Nationen zu erreichen<\/li>\r\n \t<li>Berichterstellung<\/li>\r\n \t<li>ESG und Roadmap f\u00fcr Nachhaltigkeit<\/li>\r\n<\/ul>","choose_media":[{"image":9803}],"vimeoid":"","ytid":""},{"navigation_label":" Roadmapping f\u00fcr Nachhaltigkeit","show_title":true,"title":" Roadmapping f\u00fcr Nachhaltigkeit","show_subtitle":false,"subtitle":"","content":"<ul>\r\n \t<li>Planung der CO<sub>2<\/sub>-Verringerung<\/li>\r\n \t<li>Messung von Umweltauswirkungen und Einsparungen<\/li>\r\n \t<li>\u00d6kobilanz \u2013 Produkte, Verpackungen und Dienstleistungen<\/li>\r\n \t<li>CO<sub>2<\/sub>-Minderung<\/li>\r\n<\/ul>","choose_media":[{"image":9814}],"vimeoid":"","ytid":""},{"navigation_label":"Abfallmanagement","show_title":true,"title":"Abfallmanagement","show_subtitle":false,"subtitle":"","content":"<ul>\r\n \t<li>Von der Wegwerf- zur Kreislaufwirtschaft<\/li>\r\n \t<li>Abfallaudits \u2013 B\u00fcros, Lagerh\u00e4user und Einzelhandelsgesch\u00e4fte<\/li>\r\n \t<li>Abschlussberichte der Untersuchungsergebnisse<\/li>\r\n \t<li>Empfehlungen und Zielsetzungen<\/li>\r\n \t<li>Weniger Deponie- und Entsorgungskosten<\/li>\r\n \t<li>Neue Einnahmequellen durch Abfall<\/li>\r\n \t<li>Mehr Abfallvermeidung und Recyclingm\u00f6glichkeiten im geschlossenen Kreislauf<\/li>\r\n<\/ul>","choose_media":[{"image":9825}],"vimeoid":"","ytid":""}]},{"acf_fc_layout":"text_with_media_carousel","theme":"light","container_background_color":"bg-grey","highlight_color":"purple","title":"H\u00f6here Standards f\u00fcr nachhaltiges Marketing","content":"Um nachhaltiges Design zu st\u00e4rken und umweltfreundliche kreative Innovationen zu f\u00f6rdern, haben wir Conscious Creative eingef\u00fchrt. Wir st\u00e4rken damit die Nachhaltigkeit des Marketings im Designprozess von Anfang bis Ende.","additional_spacing":true,"features_title":"","features":[{"navigation_label":"Bewerten und beurteilen","show_title":true,"title":"Bewerten und beurteilen","show_subtitle":false,"subtitle":"","content":"Kreative Vor-Ort-Beurteilung, ESG- und Nachhaltigkeitsplattform","choose_media":[{"image":9836}],"vimeoid":"","ytid":""},{"navigation_label":"Informieren und inspirieren","show_title":true,"title":"Informieren und inspirieren","show_subtitle":false,"subtitle":"","content":"Zertifizierte Kurse und E-Learning-Module, Leitlinien f\u00fcr die Umsetzung von Best Practice, Materialbibliothek.","choose_media":[{"image":9847}],"vimeoid":"","ytid":""},{"navigation_label":"St\u00e4rken und messen","show_title":true,"title":"St\u00e4rken und messen","show_subtitle":false,"subtitle":"","content":"Kennzeichnung der Nachhaltigkeit im kreativen Prozess, Scorecard f\u00fcr Nachhaltigkeit, virtuelle Konzeption.","choose_media":[{"image":9858}],"vimeoid":"","ytid":""}]},{"acf_fc_layout":"clients_awards","title":"Mit erfolgreichen Partnerschaften den Weg bereiten","logos":[{"logo":5050},{"logo":5056},{"logo":5062},{"logo":5068},{"logo":5074},{"logo":9593},{"logo":9604},{"logo":9670},{"logo":9659},{"logo":9648},{"logo":9637},{"logo":9626},{"logo":9615},{"logo":9714},{"logo":9703},{"logo":9692},{"logo":9681},{"logo":4276},{"logo":9725},{"logo":5434},{"logo":4204},{"logo":9736}]},{"acf_fc_layout":"contact_form","title":"Kontakt aufnehmen"}]},"yoast_head":"<!-- This site is optimized with the Yoast SEO plugin v27.4 - https:\/\/yoast.com\/product\/yoast-seo-wordpress\/ -->\n<title>Inspirierende L\u00f6sungen - HH Global<\/title>\n<meta name=\"robots\" content=\"index, follow, max-snippet:-1, max-image-preview:large, max-video-preview:-1\" \/>\n<link rel=\"canonical\" href=\"https:\/\/www.hhglobal.com\/de\/who-we-are\/inspiring-solutions\/\" \/>\n<meta property=\"og:locale\" content=\"de_DE\" \/>\n<meta property=\"og:type\" content=\"article\" \/>\n<meta property=\"og:title\" content=\"Inspirierende L\u00f6sungen - HH Global\" \/>\n<meta property=\"og:url\" content=\"https:\/\/www.hhglobal.com\/de\/who-we-are\/inspiring-solutions\/\" \/>\n<meta property=\"og:site_name\" content=\"HH Global\" \/>\n<meta property=\"article:modified_time\" content=\"2023-12-01T10:49:12+00:00\" \/>\n<meta name=\"twitter:card\" content=\"summary_large_image\" \/>\n<script type=\"application\/ld+json\" class=\"yoast-schema-graph\">{\"@context\":\"https:\\\/\\\/schema.org\",\"@graph\":[{\"@type\":\"WebPage\",\"@id\":\"https:\\\/\\\/www.hhglobal.com\\\/de\\\/who-we-are\\\/inspiring-solutions\\\/\",\"url\":\"https:\\\/\\\/www.hhglobal.com\\\/de\\\/who-we-are\\\/inspiring-solutions\\\/\",\"name\":\"Inspirierende L\u00f6sungen - HH Global\",\"isPartOf\":{\"@id\":\"https:\\\/\\\/www.hhglobal.com\\\/de\\\/#website\"},\"primaryImageOfPage\":{\"@id\":\"https:\\\/\\\/www.hhglobal.com\\\/de\\\/who-we-are\\\/inspiring-solutions\\\/#primaryimage\"},\"image\":{\"@id\":\"https:\\\/\\\/www.hhglobal.com\\\/de\\\/who-we-are\\\/inspiring-solutions\\\/#primaryimage\"},\"thumbnailUrl\":\"https:\\\/\\\/www.hhglobal.com\\\/wp-content\\\/uploads\\\/2024\\\/09\\\/Inspiring-solutions-social-image-1.png\",\"datePublished\":\"2023-10-04T15:12:24+00:00\",\"dateModified\":\"2023-12-01T10:49:12+00:00\",\"breadcrumb\":{\"@id\":\"https:\\\/\\\/www.hhglobal.com\\\/de\\\/who-we-are\\\/inspiring-solutions\\\/#breadcrumb\"},\"inLanguage\":\"de-DE\",\"potentialAction\":[{\"@type\":\"ReadAction\",\"target\":[\"https:\\\/\\\/www.hhglobal.com\\\/de\\\/who-we-are\\\/inspiring-solutions\\\/\"]}]},{\"@type\":\"ImageObject\",\"inLanguage\":\"de-DE\",\"@id\":\"https:\\\/\\\/www.hhglobal.com\\\/de\\\/who-we-are\\\/inspiring-solutions\\\/#primaryimage\",\"url\":\"https:\\\/\\\/www.hhglobal.com\\\/wp-content\\\/uploads\\\/2024\\\/09\\\/Inspiring-solutions-social-image-1.png\",\"contentUrl\":\"https:\\\/\\\/www.hhglobal.com\\\/wp-content\\\/uploads\\\/2024\\\/09\\\/Inspiring-solutions-social-image-1.png\",\"width\":10667,\"height\":7113},{\"@type\":\"BreadcrumbList\",\"@id\":\"https:\\\/\\\/www.hhglobal.com\\\/de\\\/who-we-are\\\/inspiring-solutions\\\/#breadcrumb\",\"itemListElement\":[{\"@type\":\"ListItem\",\"position\":1,\"name\":\"Home\",\"item\":\"https:\\\/\\\/www.hhglobal.com\\\/de\\\/\"},{\"@type\":\"ListItem\",\"position\":2,\"name\":\"Inspirierende L\u00f6sungen\"}]},{\"@type\":\"WebSite\",\"@id\":\"https:\\\/\\\/www.hhglobal.com\\\/de\\\/#website\",\"url\":\"https:\\\/\\\/www.hhglobal.com\\\/de\\\/\",\"name\":\"HH Global\",\"description\":\"The global, tech-enabled creative production and procurement partner.\",\"publisher\":{\"@id\":\"https:\\\/\\\/www.hhglobal.com\\\/de\\\/#organization\"},\"potentialAction\":[{\"@type\":\"SearchAction\",\"target\":{\"@type\":\"EntryPoint\",\"urlTemplate\":\"https:\\\/\\\/www.hhglobal.com\\\/de\\\/?s={search_term_string}\"},\"query-input\":{\"@type\":\"PropertyValueSpecification\",\"valueRequired\":true,\"valueName\":\"search_term_string\"}}],\"inLanguage\":\"de-DE\"},{\"@type\":\"Organization\",\"@id\":\"https:\\\/\\\/www.hhglobal.com\\\/de\\\/#organization\",\"name\":\"HH Global\",\"url\":\"https:\\\/\\\/www.hhglobal.com\\\/de\\\/\",\"logo\":{\"@type\":\"ImageObject\",\"inLanguage\":\"de-DE\",\"@id\":\"https:\\\/\\\/www.hhglobal.com\\\/de\\\/#\\\/schema\\\/logo\\\/image\\\/\",\"url\":\"https:\\\/\\\/www.hhglobal.com\\\/wp-content\\\/uploads\\\/2023\\\/12\\\/logo-white.svg\",\"contentUrl\":\"https:\\\/\\\/www.hhglobal.com\\\/wp-content\\\/uploads\\\/2023\\\/12\\\/logo-white.svg\",\"width\":77,\"height\":18,\"caption\":\"HH Global\"},\"image\":{\"@id\":\"https:\\\/\\\/www.hhglobal.com\\\/de\\\/#\\\/schema\\\/logo\\\/image\\\/\"}}]}<\/script>\n<!-- \/ Yoast SEO plugin. -->","yoast_head_json":{"title":"Inspirierende L\u00f6sungen - HH Global","robots":{"index":"index","follow":"follow","max-snippet":"max-snippet:-1","max-image-preview":"max-image-preview:large","max-video-preview":"max-video-preview:-1"},"canonical":"https:\/\/www.hhglobal.com\/de\/who-we-are\/inspiring-solutions\/","og_locale":"de_DE","og_type":"article","og_title":"Inspirierende L\u00f6sungen - HH Global","og_url":"https:\/\/www.hhglobal.com\/de\/who-we-are\/inspiring-solutions\/","og_site_name":"HH Global","article_modified_time":"2023-12-01T10:49:12+00:00","twitter_card":"summary_large_image","schema":{"@context":"https:\/\/schema.org","@graph":[{"@type":"WebPage","@id":"https:\/\/www.hhglobal.com\/de\/who-we-are\/inspiring-solutions\/","url":"https:\/\/www.hhglobal.com\/de\/who-we-are\/inspiring-solutions\/","name":"Inspirierende L\u00f6sungen - HH Global","isPartOf":{"@id":"https:\/\/www.hhglobal.com\/de\/#website"},"primaryImageOfPage":{"@id":"https:\/\/www.hhglobal.com\/de\/who-we-are\/inspiring-solutions\/#primaryimage"},"image":{"@id":"https:\/\/www.hhglobal.com\/de\/who-we-are\/inspiring-solutions\/#primaryimage"},"thumbnailUrl":"https:\/\/www.hhglobal.com\/wp-content\/uploads\/2024\/09\/Inspiring-solutions-social-image-1.png","datePublished":"2023-10-04T15:12:24+00:00","dateModified":"2023-12-01T10:49:12+00:00","breadcrumb":{"@id":"https:\/\/www.hhglobal.com\/de\/who-we-are\/inspiring-solutions\/#breadcrumb"},"inLanguage":"de-DE","potentialAction":[{"@type":"ReadAction","target":["https:\/\/www.hhglobal.com\/de\/who-we-are\/inspiring-solutions\/"]}]},{"@type":"ImageObject","inLanguage":"de-DE","@id":"https:\/\/www.hhglobal.com\/de\/who-we-are\/inspiring-solutions\/#primaryimage","url":"https:\/\/www.hhglobal.com\/wp-content\/uploads\/2024\/09\/Inspiring-solutions-social-image-1.png","contentUrl":"https:\/\/www.hhglobal.com\/wp-content\/uploads\/2024\/09\/Inspiring-solutions-social-image-1.png","width":10667,"height":7113},{"@type":"BreadcrumbList","@id":"https:\/\/www.hhglobal.com\/de\/who-we-are\/inspiring-solutions\/#breadcrumb","itemListElement":[{"@type":"ListItem","position":1,"name":"Home","item":"https:\/\/www.hhglobal.com\/de\/"},{"@type":"ListItem","position":2,"name":"Inspirierende L\u00f6sungen"}]},{"@type":"WebSite","@id":"https:\/\/www.hhglobal.com\/de\/#website","url":"https:\/\/www.hhglobal.com\/de\/","name":"HH Global","description":"The global, tech-enabled creative production and procurement partner.","publisher":{"@id":"https:\/\/www.hhglobal.com\/de\/#organization"},"potentialAction":[{"@type":"SearchAction","target":{"@type":"EntryPoint","urlTemplate":"https:\/\/www.hhglobal.com\/de\/?s={search_term_string}"},"query-input":{"@type":"PropertyValueSpecification","valueRequired":true,"valueName":"search_term_string"}}],"inLanguage":"de-DE"},{"@type":"Organization","@id":"https:\/\/www.hhglobal.com\/de\/#organization","name":"HH Global","url":"https:\/\/www.hhglobal.com\/de\/","logo":{"@type":"ImageObject","inLanguage":"de-DE","@id":"https:\/\/www.hhglobal.com\/de\/#\/schema\/logo\/image\/","url":"https:\/\/www.hhglobal.com\/wp-content\/uploads\/2023\/12\/logo-white.svg","contentUrl":"https:\/\/www.hhglobal.com\/wp-content\/uploads\/2023\/12\/logo-white.svg","width":77,"height":18,"caption":"HH Global"},"image":{"@id":"https:\/\/www.hhglobal.com\/de\/#\/schema\/logo\/image\/"}}]}},"_links":{"self":[{"href":"https:\/\/www.hhglobal.com\/de\/wp-json\/wp\/v2\/pages\/12099","targetHints":{"allow":["GET"]}}],"collection":[{"href":"https:\/\/www.hhglobal.com\/de\/wp-json\/wp\/v2\/pages"}],"about":[{"href":"https:\/\/www.hhglobal.com\/de\/wp-json\/wp\/v2\/types\/page"}],"author":[{"embeddable":true,"href":"https:\/\/www.hhglobal.com\/de\/wp-json\/wp\/v2\/users\/31"}],"replies":[{"embeddable":true,"href":"https:\/\/www.hhglobal.com\/de\/wp-json\/wp\/v2\/comments?post=12099"}],"version-history":[{"count":0,"href":"https:\/\/www.hhglobal.com\/de\/wp-json\/wp\/v2\/pages\/12099\/revisions"}],"wp:featuredmedia":[{"embeddable":true,"href":"https:\/\/www.hhglobal.com\/de\/wp-json\/wp\/v2\/media\/23143"}],"wp:attachment":[{"href":"https:\/\/www.hhglobal.com\/de\/wp-json\/wp\/v2\/media?parent=12099"}],"curies":[{"name":"wp","href":"https:\/\/api.w.org\/{rel}","templated":true}]}}