{"id":12080,"date":"2023-10-04T14:40:28","date_gmt":"2023-10-04T14:40:28","guid":{"rendered":"https:\/\/decoupledhhg.wpengine.com\/conscious-creative\/"},"modified":"2023-12-01T13:28:37","modified_gmt":"2023-12-01T13:28:37","slug":"conscious-creative","status":"publish","type":"page","link":"https:\/\/www.hhglobal.com\/de\/who-we-are\/conscious-creative\/","title":{"rendered":"Conscious Creative"},"content":{"rendered":"","protected":false},"excerpt":{"rendered":"","protected":false},"author":31,"featured_media":13340,"parent":0,"menu_order":0,"comment_status":"closed","ping_status":"closed","template":"","meta":{"_acf_changed":"","_yoast_wpseo_focuskw":"","_yoast_wpseo_metadesc":"","_yoast_wpseo_linkdex":"","_yoast_wpseo_content_score":"","_yoast_wpseo_meta-robots-noindex":"","_yoast_wpseo_meta-robots-nofollow":"","inline_featured_image":[],"_genesis_block_theme_hide_title":false,"_cms_nav_minihome":"","_icl_lang_duplicate_of":"","_menu_item_classes":[],"_menu_item_menu_item_parent":"","_menu_item_object":"","_menu_item_object_id":"","_menu_item_orphaned":"","_menu_item_target":"","_menu_item_type":"","_menu_item_url":"","_menu_item_xfn":"","_seedprod_page":"","_seedprod_page_template_type":"","_seedprod_page_uuid":"","_top_nav_excluded":"","_wp_attachment_backup_sizes":[],"_wp_attachment_context":"","_wp_attachment_image_alt":"","_wp_old_date":"","_wpcode_auto_insert":"","_wpcode_auto_insert_number":"","_wpcode_library_id":"","_wpml_media_duplicate":"1","_wpml_media_featured":"1","_wpml_post_translation_editor_native":"","_wpml_word_count":"{\"total\":500,\"to_translate\":{\"zh\":500,\"cs\":500,\"nl\":500,\"fr\":500,\"de\":500,\"it\":500,\"ja\":500,\"ko\":500,\"pt\":500,\"es\":500}}","_yoast_wpseo_estimated-reading-time-minutes":[],"_yoast_wpseo_primary_category":"","_yoast_wpseo_primary_industry":"","_yoast_wpseo_primary_solution":"","_yoast_wpseo_primary_the_author":"","_yoast_wpseo_wordproof_timestamp":"","acfml_non_translatable_locations":[],"career_externalLink":"","career_featuredImage":"","career_title":"","casestudy_featuredImage":"","casestudy_title":"","infocallout_excerpt":"","infocallout_featuredImage":"","infocallout_title":"","jobTitle":"","language":"","name":"","profilePicture":"","wp-smpro-smush-data":[],"wp-smush-animated":"","wp-smush-ignore-bulk":"","wp-smush-lossy":"","wpml_media_processed":"","_wpcode_conditional_logic_enabled":"","_wpcode_location_extra":"","_wpcode_note":"","_wpcode_priority":"","_wpcode_shortcode_attributes":[],"footnotes":""},"class_list":["post-12080","page","type-page","status-publish","has-post-thumbnail","hentry","post","with-featured-image"],"acf":{"page_title":"Conscious Creative | HH Global","page_description":"","social_title":"","social_description":"","social_share_image":null,"modules":[{"acf_fc_layout":"hero","size":"medium2","theme":"dark","choose_images":[{"image":9494}],"show_eyebrow":false,"eyebrow":"","title":"Conscious Creative","show_cta":false,"cta_url":"","cta_title":""},{"acf_fc_layout":"intro_content_block","scroll_to_link":"","container_background_color":"bg-white","type":false,"show_image":false,"intro_image":null,"show_background":false,"background":null,"show_eyebrow":false,"eyebrow":"","show_designations":false,"designations":null,"show_title":true,"size":"large","title":"Gestaltung einer nachhaltigen Zukunft","show_intro":true,"intro":"Das entschiedene Eintreten f\u00fcr nachhaltiges Design ist eine wesentliche Voraussetzung f\u00fcr umweltfreundliche kreative Innovationen. Durch die Einf\u00fchrung von <strong>Conscious Creative<\/strong> investieren wir in eine gr\u00f6\u00dfere Nachhaltigkeit des Marketings von der Ideenfindung bis hin zur Produktion und dar\u00fcber hinaus. Das erreichen wir durch:","show_body":false,"body":"","show_labels":false,"labels":{"show_social":false,"custom_categories":null}},{"acf_fc_layout":"content_block","container_background_color":"bg-white","show_header":false,"header":"","contents":[{"show_header_icon":true,"header_icon":9505,"show_header":false,"header":"","header_color":"primary-green-2","show_subheader":true,"subheader":"Bewerten","description":"des Kreativteams und -studios sowie der ESG-Reife und der SDG-Ziele. Dazu geh\u00f6ren eine Vor-Ort-Analyse nachhaltiger Methoden f\u00fcr zirkul\u00e4res Design und entsprechende Verbesserungsvorschl\u00e4ge."},{"show_header_icon":true,"header_icon":9516,"show_header":false,"header":"Educating","header_color":"light-purple","show_subheader":true,"subheader":"Informieren","description":"mit dem Schulungspaket Conscious Creative und einer Reihe von Ressourcen zur F\u00f6rderung nachhaltiger Vorgehensweisen wie etwa E-Learning, Leitlinien f\u00fcr die Umsetzung bew\u00e4hrter Methoden oder Workshops f\u00fcr zirkul\u00e4res Design."},{"show_header_icon":true,"header_icon":9527,"show_header":false,"header":"","header_color":"primary-green-2","show_subheader":true,"subheader":"St\u00e4rken","description":"mit der Technologieplattform Conscious Creative, der Materialbibliothek, dem CO<sub>2<\/sub>-Rechner, der kreativen Scorecard-Technologie und der Kennzeichnung Conscious Creative."}]},{"acf_fc_layout":"text_with_media_carousel","scroll_to_link":"","theme":"light","container_background_color":"bg-grey","highlight_color":"purple","title":"Wegbereiter f\u00fcr nachhaltiges Marketing","content":"<strong>Wir setzen uns daf\u00fcr ein, die Auswirkungen auf Umwelt und Gesellschaft von der Designphase bis zum Ende der Nutzungsdauer zu minimieren.<\/strong>\r\n\r\nWir informieren \u00fcber verantwortungsvolle Wahlm\u00f6glichkeiten im Bereich Material und Fertigung regen deren Nutzung an und erleichtern diese, um einen echten Wandel voranzutreiben.\r\n\r\nMit unserer beispiellosen Fachkompetenz im Bereich zertifizierte CO<sub>2<\/sub>-Messung gew\u00e4hrleisten wir die Einhaltung beh\u00f6rdlicher und gesetzlicher Vorgaben sowie eine pr\u00e4zise, transparente Berichterstattung.\r\n\r\nZudem senken wir mit ESG-auditierten Lieferketten das Reputationsrisiko, schaffen eine Kultur der ethischen kreativen Exzellenz und engagieren uns f\u00fcr Zero-Waste-Strategien.","additional_spacing":true,"features_title":"","features":[{"navigation_label":"Bewerten und beurteilen","show_title":true,"title":"Bewerten und beurteilen","show_subtitle":false,"subtitle":"","content":"<ul>\r\n \t<li>Mit einer kreativen Vor-Ort-Beurteilung bewerten wir die nachhaltigen und zirkul\u00e4ren Designf\u00e4higkeiten und informieren \u00fcber umweltbewusste Verfahren.<\/li>\r\n \t<li>\u00dcber die ESG- und Nachhaltigkeitsplattform beurteilen wir Vorgehensweisen und Reifegrade in \u00dcbereinstimmung mit den SDGs der Vereinten Nationen, um Fortschritte und Zielvorgaben zu bewerten.<\/li>\r\n<\/ul>","choose_media":[{"image":9538}],"vimeoid":"","ytid":""},{"navigation_label":"Informieren und inspirieren","show_title":true,"title":"Informieren und inspirieren","show_subtitle":false,"subtitle":"","content":"<ul>\r\n \t<li>Das von Experten entwickelte Schulungspaket Conscious Creative erm\u00f6glicht und f\u00f6rdert die Weiterbildung im Bereich nachhaltiges Design und Kreislaufwirtschaft.<\/li>\r\n \t<li>Zertifizierte Schulungs- und E-Learning-Module bieten akkreditierte Kurse und Online-Module f\u00fcr hochwertige Schulungen und zuverl\u00e4ssigen Wissenserwerb.<\/li>\r\n \t<li>Unsere Playbooks f\u00fcr Best Practice sind pr\u00e4zise, umfassende Leitlinien, in denen die wirksamsten und erfolgreichsten Strategien zum Erreichen der gesetzten Ziele skizziert werden.<\/li>\r\n \t<li>In Workshops \u00fcber zirkul\u00e4res Design werden Wege erkundet, wie Systeme und Produkte geschaffen werden k\u00f6nnen, um vom linearen Konzept \u201eTake, Make, Dispose\u201c auf innovativere, nachhaltigere Methoden umzustellen.<\/li>\r\n<\/ul>","choose_media":[{"image":9549}],"vimeoid":"","ytid":""},{"navigation_label":"St\u00e4rken und messen","show_title":true,"title":"St\u00e4rken und messen","show_subtitle":false,"subtitle":"","content":"<ul>\r\n \t<li>Die Plattform Conscious Creative ist ein fortschrittliches Technologiepaket und bietet eine umfangreiche Materialbibliothek, CO<sub>2<\/sub>-Berechnungen, eine Design-Scorecard und Kennzeichenerstellung.<\/li>\r\n \t<li>Die Materialbibliothek enth\u00e4lt vielf\u00e4ltige umweltfreundliche Materialien f\u00fcr Kreative, die nach umweltbewussten M\u00f6glichkeiten f\u00fcr ihre Projekte suchen.<\/li>\r\n \t<li>Der CO<sub>2<\/sub>-Rechner vergleicht die Umweltauswirkungen von Materialien und Substraten ausgehend von ihrem CO<sub>2<\/sub>-Fu\u00dfabdruck, stellt sie einander gegen\u00fcber und liefert wertvolle Einblicke, um die Wahl von Materialien zu unterst\u00fctzen, die Nachhaltigkeit in Design und Herstellung f\u00f6rdern.<\/li>\r\n \t<li>Kennzeichnung der Nachhaltigkeit kreativer Prozesse durch die Bewertung von Materialien und Designelementen, des geografischen Risikoprofils und des durchschnittlichen Reifegrads der Lieferkettennachhaltigkeit sowie landesspezifischer Faktoren wie der Produktionsinfrastruktur, der regionalen Energieprofilierung und -modularit\u00e4t, der Recyclingf\u00e4higkeit, der Zirkularit\u00e4t und der gesellschaftlichen Ma\u00dfnahmen.<\/li>\r\n \t<li>Scorecards f\u00fcr die Nachhaltigkeit dienen zur Bewertung der Methodologie in sechs Lebenszyklusphasen. Sie werden zusammen mit einer Sch\u00e4tzung der CO<sub>2<\/sub>-Emissionen pr\u00e4sentiert, um fundierte Entscheidungen und die Vergabe indikativer Punktzahlen bei der Wahl eines Zulieferers zu unterst\u00fctzen. Die r\u00fcckwirkende \u00dcberwachung liefert Einblicke und belegt fortlaufende Verbesserungen.<\/li>\r\n \t<li>Bei der virtuellen Konzeption werden mithilfe von Scorecards und Kennzeichnungskennzahlen Grafiken erstellt sowie die Leistung und Nachhaltigkeit von Konzepten bewertet, um ebenfalls zu einer fundierten Entscheidung beizutragen.<\/li>\r\n<\/ul>","choose_media":[{"image":9560}],"vimeoid":"","ytid":""}]},{"acf_fc_layout":"text_with_media","scroll_to_link":"","theme":"light","container_background_color":"bg-white","show_eyebrow":false,"eyebrow":"","show_title":false,"title":"","show_sub_title":true,"sub_title":"Das zirkul\u00e4re Design ist unser Denkansatz, um Produkte und Systeme mit dem Augenmerk auf der gesamten Nutzungsdauer zu entwickeln. Ziel sind eine gr\u00f6\u00dfere Nachhaltigkeit und minimale Abfallmengen.","content":"","cta_url":"","cta_text":"","open_in_new_window":false,"choose_media":[{"image":9571}],"image_alignment":"right","image_fit":"cover","image_size":"half-width","vimeoid":"","ytid":""},{"acf_fc_layout":"text_with_media","scroll_to_link":"","theme":"light","container_background_color":"bg-grey","show_eyebrow":false,"eyebrow":"","show_title":false,"title":"","show_sub_title":true,"sub_title":"Gro\u00dfe Wirkung mit weniger Umweltbelastung erzielen.","content":"Wir erm\u00f6glichen die Verwendung ethischer Materialien und Produktionsweisen f\u00fcr bahnbrechende Designs, die bei bewussten Verbrauchern Anklang finden. Verantwortungsvolle und erfindungsreiche Arbeitsweisen k\u00f6nnen eine Quelle der Inspiration f\u00fcr kreative Ideen sein und eine entscheidende Rolle f\u00fcr eine florierende Gesellschaft in einer intakten Umwelt spielen.","cta_url":"","cta_text":"","open_in_new_window":false,"choose_media":[{"image":9582}],"image_alignment":"left","image_fit":"cover","image_size":"half-width","vimeoid":"","ytid":""},{"acf_fc_layout":"clients_awards","title":"Mit erfolgreichen Partnerschaften den Weg bereiten","logos":[{"logo":5050},{"logo":5056},{"logo":5062},{"logo":5068},{"logo":5074},{"logo":9593},{"logo":9604},{"logo":9670},{"logo":9659},{"logo":9648},{"logo":9637},{"logo":9626},{"logo":9615},{"logo":9714},{"logo":9703},{"logo":9692},{"logo":9681},{"logo":4276},{"logo":9725},{"logo":5434},{"logo":4204},{"logo":9736}]},{"acf_fc_layout":"contact_form","scroll_to_link":"","title":"Kontakt aufnehmen"}]},"yoast_head":"<!-- This site is optimized with the Yoast SEO plugin v27.4 - https:\/\/yoast.com\/product\/yoast-seo-wordpress\/ -->\n<title>Conscious Creative - HH Global<\/title>\n<meta name=\"robots\" content=\"index, follow, max-snippet:-1, max-image-preview:large, max-video-preview:-1\" \/>\n<link rel=\"canonical\" href=\"https:\/\/www.hhglobal.com\/de\/who-we-are\/conscious-creative\/\" \/>\n<meta property=\"og:locale\" content=\"de_DE\" \/>\n<meta property=\"og:type\" content=\"article\" \/>\n<meta property=\"og:title\" content=\"Conscious Creative - HH Global\" \/>\n<meta property=\"og:url\" content=\"https:\/\/www.hhglobal.com\/de\/who-we-are\/conscious-creative\/\" \/>\n<meta property=\"og:site_name\" content=\"HH Global\" \/>\n<meta property=\"article:modified_time\" content=\"2023-12-01T13:28:37+00:00\" \/>\n<meta name=\"twitter:card\" content=\"summary_large_image\" \/>\n<script type=\"application\/ld+json\" class=\"yoast-schema-graph\">{\"@context\":\"https:\\\/\\\/schema.org\",\"@graph\":[{\"@type\":\"WebPage\",\"@id\":\"https:\\\/\\\/www.hhglobal.com\\\/de\\\/who-we-are\\\/conscious-creative\\\/\",\"url\":\"https:\\\/\\\/www.hhglobal.com\\\/de\\\/who-we-are\\\/conscious-creative\\\/\",\"name\":\"Conscious Creative - HH Global\",\"isPartOf\":{\"@id\":\"https:\\\/\\\/www.hhglobal.com\\\/de\\\/#website\"},\"primaryImageOfPage\":{\"@id\":\"https:\\\/\\\/www.hhglobal.com\\\/de\\\/who-we-are\\\/conscious-creative\\\/#primaryimage\"},\"image\":{\"@id\":\"https:\\\/\\\/www.hhglobal.com\\\/de\\\/who-we-are\\\/conscious-creative\\\/#primaryimage\"},\"thumbnailUrl\":\"https:\\\/\\\/www.hhglobal.com\\\/wp-content\\\/uploads\\\/2024\\\/02\\\/1_ConsciousCreative.jpg\",\"datePublished\":\"2023-10-04T14:40:28+00:00\",\"dateModified\":\"2023-12-01T13:28:37+00:00\",\"breadcrumb\":{\"@id\":\"https:\\\/\\\/www.hhglobal.com\\\/de\\\/who-we-are\\\/conscious-creative\\\/#breadcrumb\"},\"inLanguage\":\"de-DE\",\"potentialAction\":[{\"@type\":\"ReadAction\",\"target\":[\"https:\\\/\\\/www.hhglobal.com\\\/de\\\/who-we-are\\\/conscious-creative\\\/\"]}]},{\"@type\":\"ImageObject\",\"inLanguage\":\"de-DE\",\"@id\":\"https:\\\/\\\/www.hhglobal.com\\\/de\\\/who-we-are\\\/conscious-creative\\\/#primaryimage\",\"url\":\"https:\\\/\\\/www.hhglobal.com\\\/wp-content\\\/uploads\\\/2024\\\/02\\\/1_ConsciousCreative.jpg\",\"contentUrl\":\"https:\\\/\\\/www.hhglobal.com\\\/wp-content\\\/uploads\\\/2024\\\/02\\\/1_ConsciousCreative.jpg\",\"width\":1811,\"height\":1080},{\"@type\":\"BreadcrumbList\",\"@id\":\"https:\\\/\\\/www.hhglobal.com\\\/de\\\/who-we-are\\\/conscious-creative\\\/#breadcrumb\",\"itemListElement\":[{\"@type\":\"ListItem\",\"position\":1,\"name\":\"Home\",\"item\":\"https:\\\/\\\/www.hhglobal.com\\\/de\\\/\"},{\"@type\":\"ListItem\",\"position\":2,\"name\":\"Conscious Creative\"}]},{\"@type\":\"WebSite\",\"@id\":\"https:\\\/\\\/www.hhglobal.com\\\/de\\\/#website\",\"url\":\"https:\\\/\\\/www.hhglobal.com\\\/de\\\/\",\"name\":\"HH Global\",\"description\":\"The global, tech-enabled creative production and procurement partner.\",\"publisher\":{\"@id\":\"https:\\\/\\\/www.hhglobal.com\\\/de\\\/#organization\"},\"potentialAction\":[{\"@type\":\"SearchAction\",\"target\":{\"@type\":\"EntryPoint\",\"urlTemplate\":\"https:\\\/\\\/www.hhglobal.com\\\/de\\\/?s={search_term_string}\"},\"query-input\":{\"@type\":\"PropertyValueSpecification\",\"valueRequired\":true,\"valueName\":\"search_term_string\"}}],\"inLanguage\":\"de-DE\"},{\"@type\":\"Organization\",\"@id\":\"https:\\\/\\\/www.hhglobal.com\\\/de\\\/#organization\",\"name\":\"HH Global\",\"url\":\"https:\\\/\\\/www.hhglobal.com\\\/de\\\/\",\"logo\":{\"@type\":\"ImageObject\",\"inLanguage\":\"de-DE\",\"@id\":\"https:\\\/\\\/www.hhglobal.com\\\/de\\\/#\\\/schema\\\/logo\\\/image\\\/\",\"url\":\"https:\\\/\\\/www.hhglobal.com\\\/wp-content\\\/uploads\\\/2023\\\/12\\\/logo-white.svg\",\"contentUrl\":\"https:\\\/\\\/www.hhglobal.com\\\/wp-content\\\/uploads\\\/2023\\\/12\\\/logo-white.svg\",\"width\":77,\"height\":18,\"caption\":\"HH Global\"},\"image\":{\"@id\":\"https:\\\/\\\/www.hhglobal.com\\\/de\\\/#\\\/schema\\\/logo\\\/image\\\/\"}}]}<\/script>\n<!-- \/ Yoast SEO plugin. -->","yoast_head_json":{"title":"Conscious Creative - HH Global","robots":{"index":"index","follow":"follow","max-snippet":"max-snippet:-1","max-image-preview":"max-image-preview:large","max-video-preview":"max-video-preview:-1"},"canonical":"https:\/\/www.hhglobal.com\/de\/who-we-are\/conscious-creative\/","og_locale":"de_DE","og_type":"article","og_title":"Conscious Creative - HH Global","og_url":"https:\/\/www.hhglobal.com\/de\/who-we-are\/conscious-creative\/","og_site_name":"HH Global","article_modified_time":"2023-12-01T13:28:37+00:00","twitter_card":"summary_large_image","schema":{"@context":"https:\/\/schema.org","@graph":[{"@type":"WebPage","@id":"https:\/\/www.hhglobal.com\/de\/who-we-are\/conscious-creative\/","url":"https:\/\/www.hhglobal.com\/de\/who-we-are\/conscious-creative\/","name":"Conscious Creative - HH Global","isPartOf":{"@id":"https:\/\/www.hhglobal.com\/de\/#website"},"primaryImageOfPage":{"@id":"https:\/\/www.hhglobal.com\/de\/who-we-are\/conscious-creative\/#primaryimage"},"image":{"@id":"https:\/\/www.hhglobal.com\/de\/who-we-are\/conscious-creative\/#primaryimage"},"thumbnailUrl":"https:\/\/www.hhglobal.com\/wp-content\/uploads\/2024\/02\/1_ConsciousCreative.jpg","datePublished":"2023-10-04T14:40:28+00:00","dateModified":"2023-12-01T13:28:37+00:00","breadcrumb":{"@id":"https:\/\/www.hhglobal.com\/de\/who-we-are\/conscious-creative\/#breadcrumb"},"inLanguage":"de-DE","potentialAction":[{"@type":"ReadAction","target":["https:\/\/www.hhglobal.com\/de\/who-we-are\/conscious-creative\/"]}]},{"@type":"ImageObject","inLanguage":"de-DE","@id":"https:\/\/www.hhglobal.com\/de\/who-we-are\/conscious-creative\/#primaryimage","url":"https:\/\/www.hhglobal.com\/wp-content\/uploads\/2024\/02\/1_ConsciousCreative.jpg","contentUrl":"https:\/\/www.hhglobal.com\/wp-content\/uploads\/2024\/02\/1_ConsciousCreative.jpg","width":1811,"height":1080},{"@type":"BreadcrumbList","@id":"https:\/\/www.hhglobal.com\/de\/who-we-are\/conscious-creative\/#breadcrumb","itemListElement":[{"@type":"ListItem","position":1,"name":"Home","item":"https:\/\/www.hhglobal.com\/de\/"},{"@type":"ListItem","position":2,"name":"Conscious Creative"}]},{"@type":"WebSite","@id":"https:\/\/www.hhglobal.com\/de\/#website","url":"https:\/\/www.hhglobal.com\/de\/","name":"HH Global","description":"The global, tech-enabled creative production and procurement partner.","publisher":{"@id":"https:\/\/www.hhglobal.com\/de\/#organization"},"potentialAction":[{"@type":"SearchAction","target":{"@type":"EntryPoint","urlTemplate":"https:\/\/www.hhglobal.com\/de\/?s={search_term_string}"},"query-input":{"@type":"PropertyValueSpecification","valueRequired":true,"valueName":"search_term_string"}}],"inLanguage":"de-DE"},{"@type":"Organization","@id":"https:\/\/www.hhglobal.com\/de\/#organization","name":"HH Global","url":"https:\/\/www.hhglobal.com\/de\/","logo":{"@type":"ImageObject","inLanguage":"de-DE","@id":"https:\/\/www.hhglobal.com\/de\/#\/schema\/logo\/image\/","url":"https:\/\/www.hhglobal.com\/wp-content\/uploads\/2023\/12\/logo-white.svg","contentUrl":"https:\/\/www.hhglobal.com\/wp-content\/uploads\/2023\/12\/logo-white.svg","width":77,"height":18,"caption":"HH Global"},"image":{"@id":"https:\/\/www.hhglobal.com\/de\/#\/schema\/logo\/image\/"}}]}},"_links":{"self":[{"href":"https:\/\/www.hhglobal.com\/de\/wp-json\/wp\/v2\/pages\/12080","targetHints":{"allow":["GET"]}}],"collection":[{"href":"https:\/\/www.hhglobal.com\/de\/wp-json\/wp\/v2\/pages"}],"about":[{"href":"https:\/\/www.hhglobal.com\/de\/wp-json\/wp\/v2\/types\/page"}],"author":[{"embeddable":true,"href":"https:\/\/www.hhglobal.com\/de\/wp-json\/wp\/v2\/users\/31"}],"replies":[{"embeddable":true,"href":"https:\/\/www.hhglobal.com\/de\/wp-json\/wp\/v2\/comments?post=12080"}],"version-history":[{"count":0,"href":"https:\/\/www.hhglobal.com\/de\/wp-json\/wp\/v2\/pages\/12080\/revisions"}],"wp:featuredmedia":[{"embeddable":true,"href":"https:\/\/www.hhglobal.com\/de\/wp-json\/wp\/v2\/media\/13340"}],"wp:attachment":[{"href":"https:\/\/www.hhglobal.com\/de\/wp-json\/wp\/v2\/media?parent=12080"}],"curies":[{"name":"wp","href":"https:\/\/api.w.org\/{rel}","templated":true}]}}