{"id":5873,"date":"2022-04-26T04:01:15","date_gmt":"2022-04-26T04:01:15","guid":{"rendered":"https:\/\/hhassoc-dev.sbx.world\/homepage\/"},"modified":"2025-07-17T14:35:49","modified_gmt":"2025-07-17T14:35:49","slug":"homepage","status":"publish","type":"page","link":"https:\/\/www.hhglobal.com\/cs\/","title":{"rendered":"Home Page (Czech)"},"content":{"rendered":"\r\n<p>home page<\/p>\r\n","protected":false},"excerpt":{"rendered":"<p>home page<\/p>\n","protected":false},"author":41,"featured_media":0,"parent":0,"menu_order":0,"comment_status":"closed","ping_status":"open","template":"","meta":{"_acf_changed":"","_yoast_wpseo_focuskw":"","_yoast_wpseo_metadesc":"","_yoast_wpseo_linkdex":"","_yoast_wpseo_content_score":"","_yoast_wpseo_meta-robots-noindex":"","_yoast_wpseo_meta-robots-nofollow":"","inline_featured_image":[],"_genesis_block_theme_hide_title":false,"_cms_nav_minihome":"","_icl_lang_duplicate_of":"","_menu_item_classes":[],"_menu_item_menu_item_parent":"","_menu_item_object":"","_menu_item_object_id":"","_menu_item_orphaned":"","_menu_item_target":"","_menu_item_type":"","_menu_item_url":"","_menu_item_xfn":"","_seedprod_page":"","_seedprod_page_template_type":"","_seedprod_page_uuid":"","_top_nav_excluded":"","_wp_attachment_backup_sizes":[],"_wp_attachment_context":"","_wp_attachment_image_alt":"","_wp_old_date":"","_wpcode_auto_insert":"","_wpcode_auto_insert_number":"","_wpcode_library_id":"","_wpml_media_duplicate":"1","_wpml_media_featured":"1","_wpml_post_translation_editor_native":"","_wpml_word_count":"{\"total\":77,\"to_translate\":{\"zh-hans\":77,\"cs\":77,\"de\":77,\"ja\":77,\"pt-br\":77,\"es\":77}}","_yoast_wpseo_estimated-reading-time-minutes":[],"_yoast_wpseo_primary_category":"","_yoast_wpseo_primary_industry":"","_yoast_wpseo_primary_solution":"","_yoast_wpseo_primary_the_author":"","_yoast_wpseo_wordproof_timestamp":"","acfml_non_translatable_locations":[],"career_externalLink":"","career_featuredImage":"","career_title":"","casestudy_featuredImage":"","casestudy_title":"","infocallout_excerpt":"","infocallout_featuredImage":"","infocallout_title":"","jobTitle":"","language":"","name":"","profilePicture":"","wp-smpro-smush-data":[],"wp-smush-animated":"","wp-smush-ignore-bulk":"","wp-smush-lossy":"","wpml_media_processed":"","_wpcode_conditional_logic_enabled":"","_wpcode_location_extra":"","_wpcode_note":"","_wpcode_priority":"","_wpcode_shortcode_attributes":[],"footnotes":""},"class_list":["post-5873","page","type-page","status-publish","hentry","post","without-featured-image"],"acf":{"page_title":"Glob\u00e1ln\u00ed \u0159e\u0161en\u00ed kreativn\u00ed v\u00fdroby a n\u00e1kupu | HH Global","page_description":"Celosv\u011btov\u011b nejvlivn\u011bj\u0161\u00ed partner pro kreativn\u00ed v\u00fdrobu a n\u00e1kup pomoc\u00ed technologie pro zna\u010dky usiluj\u00edc\u00ed o udr\u017eiteln\u00fd r\u016fst","social_title":"","social_description":"","social_share_image":null,"modules":[{"acf_fc_layout":"hero","size":"large","theme":"dark","choose_images":[{"image":2415},{"image":2397},{"image":2403},{"image":2409}],"show_eyebrow":true,"eyebrow":"eyebrow","title":"Glob\u00e1ln\u00ed partner pro kreativn\u00ed v\u00fdrobu a n\u00e1kup pomoc\u00ed technologie","show_cta":true,"cta_url":"\/cs\/company","cta_title":"O spole\u010dnosti "},{"acf_fc_layout":"data_visualization","title":"HH Global \u2013 p\u0159ehled","stats":[{"page_link":5850,"sub_heading":"Glob\u00e1ln\u011b","heading":"","stat":"4 500","description_type":false,"description":"","styled_description":{"before_description_text":"\u010dlen\u016f t\u00fdmu vyhrazen\u00e9ho pro \u00fasp\u011bch na\u0161ich klient\u016f v r\u00e1mci","middle_stats":"64 ","after_description_text":"zem\u00ed"},"icon":3237,"hover_color":"secondary-blue"},{"page_link":5850,"sub_heading":"Glob\u00e1ln\u011b","heading":"2.5 miliardy dolar\u016f v\u00fddaj\u016f pod spr\u00e1vou","stat":"","description_type":true,"description":"","styled_description":{"before_description_text":"","middle_stats":"","after_description_text":""},"icon":3231,"hover_color":"primary-green-2"},{"page_link":12115,"sub_heading":"Udr\u017eitelnost","heading":"","stat":"+44 k","description_type":true,"description":"tun uhl\u00edku \u2013 sn\u00ed\u017een\u00ed emis\u00ed v nakoupen\u00e9m zbo\u017e\u00ed a slu\u017eb\u00e1ch","styled_description":{"before_description_text":"","middle_stats":"","after_description_text":""},"icon":3255,"hover_color":"primary-green-2"},{"page_link":5843,"sub_heading":"Glob\u00e1ln\u00ed kreativn\u00ed v\u00fdroba","heading":"","stat":"26","description_type":true,"description":"kreativn\u00edch studi\u00ed","styled_description":{"before_description_text":"","middle_stats":"","after_description_text":""},"icon":3249,"hover_color":"secondary-purple"},{"page_link":5797,"sub_heading":"N\u00e1kup","heading":"","stat":"25%","description_type":true,"description":"\u00faspory zaji\u0161t\u011bn\u00e9 klient\u016fm","styled_description":{"before_description_text":"","middle_stats":"","after_description_text":""},"icon":null,"hover_color":"secondary-dark-blue"},{"page_link":5801,"sub_heading":"Technologie","heading":"","stat":"1,3 m","description_type":true,"description":"transakc\u00ed zpracovan\u00fdch pomoc\u00ed na\u0161\u00ed technologie","styled_description":{"before_description_text":"","middle_stats":"","after_description_text":""},"icon":3225,"hover_color":"secondary-dark-blue"},{"page_link":5797,"sub_heading":"N\u00e1kup","heading":"","stat":"8 606","description_type":true,"description":"strategick\u00fdch dodavatelsk\u00fdch partner\u016f glob\u00e1ln\u011b pokr\u00fdvaj\u00edc\u00ed 19 kl\u00ed\u010dov\u00fdch kategori\u00ed v\u00fddaj\u016f","styled_description":{"before_description_text":"","middle_stats":"","after_description_text":""},"icon":null,"hover_color":"primary-green-2"},{"page_link":5801,"sub_heading":"Technologie","heading":"","stat":"89 485","description_type":true,"description":"aktivn\u00edch u\u017eivatel\u016f na\u0161\u00ed technologie","styled_description":{"before_description_text":"","middle_stats":"","after_description_text":""},"icon":3243,"hover_color":"secondary-purple"},{"page_link":5843,"sub_heading":"Glob\u00e1ln\u00ed kreativn\u00ed v\u00fdroba","heading":"","stat":"72 015","description_type":true,"description":"digit\u00e1ln\u00edch aktiv spravov\u00e1no","styled_description":{"before_description_text":"","middle_stats":"","after_description_text":""},"icon":null,"hover_color":"primary-green-2"}]},{"acf_fc_layout":"cards","container_background_color":"bg-pure-black","show_heading":true,"heading":"Partnerstv\u00ed se zna\u010dkami usiluj\u00edc\u00edmi o siln\u011bj\u0161\u00ed a udr\u017eiteln\u011bj\u0161\u00ed r\u016fst ","content":"","cards":{"layout":"case-studies-layout","sub_layout":"default","cards_display_mode":"bg-white","solution_term":null,"industry_term":null,"author_term":null,"region_term":null,"choose_cards":[365],"choose_case_studies":[5698,5742,5726,5735,5719,5712,5728,5705],"choose_featured_case_studies":null,"choose_staff_members":null,"choose_careers":null,"choose_info_callouts":null,"show_titles":true,"show_description":true,"show_date":false,"show_sector":false}},{"acf_fc_layout":"text_with_media","scroll_to_link":"","theme":"dark","container_background_color":"bg-pure-black","show_eyebrow":false,"eyebrow":"","show_title":true,"title":"Nejlep\u0161\u00ed propriet\u00e1rn\u00ed technologie ve sv\u00e9 t\u0159\u00edd\u011b  ","show_sub_title":false,"sub_title":"","content":"Na\u0161e jedine\u010dn\u00e1 technologick\u00e1 platforma optimalizuje ka\u017ed\u00fd krok procesu pro redukci pl\u00fdtv\u00e1n\u00ed, podporu r\u016fstu a \u0161k\u00e1lov\u00e1n\u00ed podle pot\u0159eby. Klient\u016fm poskytuje \u00fadaje a poznatky pro pomoc s unifikac\u00ed zna\u010dek, zem\u00ed a region\u016f v r\u00e1mci cel\u00e9ho sv\u011bta. Jasn\u00e9 m\u011b\u0159en\u00ed v\u00fdkonnosti a v\u00fdkaznictv\u00ed z\u00e1rove\u0148 pom\u00e1h\u00e1 optimalizovat rozpo\u010dtovou strategii.","cta_url":"\/cs\/technology","cta_text":"O technologick\u00e9 platform\u011b","open_in_new_window":false,"choose_media":[{"image":3555}],"image_alignment":"right","image_fit":"cover","image_size":"half-width","vimeoid":"","ytid":""},{"acf_fc_layout":"sustainability","container_background_color":"bg-pure-black","title":"Zohledn\u011bn\u00ed udr\u017eitelnosti ","sustainability_features":[{"icon":2301,"stats":"40%","stats_color":"primary-green","description":"sn\u00ed\u017een\u00ed spot\u0159eby elekt\u0159iny oproti p\u0159edchoz\u00edmu roku"},{"icon":3927,"stats":"8%","stats_color":"secondary-blue","description":"sn\u00ed\u017een\u00ed na\u0161ich celkov\u00fdch emis\u00ed oproti p\u0159edchoz\u00edmu roku"},{"icon":2313,"stats":"+44","stats_color":"light-purple","description":"k tun uhl\u00edku \u2013 sn\u00ed\u017een\u00ed emis\u00ed u na\u0161ich klient\u016f oproti p\u0159edchoz\u00edmu roku "}]},{"acf_fc_layout":"text_with_media","scroll_to_link":"","theme":"dark","container_background_color":"bg-pure-black","show_eyebrow":false,"eyebrow":"","show_title":true,"title":"Technologie pro udr\u017eiteln\u00e9 nov\u00e1torstv\u00ed","show_sub_title":true,"sub_title":"","content":"Jako jedni\u010dka v udr\u017eitelnosti p\u0159izp\u016fsobujeme \u0159e\u0161en\u00ed \u0159\u00edzen\u00e1 technologi\u00ed pro podporu va\u0161ich c\u00edl\u016f. To zahrnuje na\u0161e propriet\u00e1rn\u00ed n\u00e1stroje pro m\u011b\u0159en\u00ed ekologie a technologie dopadu CO2 \u2013 usnad\u0148uj\u00edc\u00ed informovan\u011bj\u0161\u00ed rozhodov\u00e1n\u00ed ohledn\u011b udr\u017eitelnosti.","cta_url":"\/cs\/sustainable-growth\/","cta_text":"O udr\u017eitelnosti","open_in_new_window":false,"choose_media":[{"image":3105}],"image_alignment":"left","image_fit":"cover","image_size":"half-width","vimeoid":"","ytid":""},{"acf_fc_layout":"contact_form","title":"Napi\u0161te n\u00e1m"},{"acf_fc_layout":"map","title":"Region\u00e1ln\u00ed zastoupen\u00ed reprezentuj\u00edc\u00ed \u010dleny t\u00fdmu v r\u00e1mci 64 zem\u00ed","locations":[{"region":"REGION\u00c1LN\u00cd \u00fast\u0159ed\u00ed USA","title":"HH Global | Chicago","address":[{"line":"203 N. LaSalle"},{"line":"Chicago, IL 60601"},{"line":"United States"}],"map_label":"Chicago","map_dotx":"12%","map_doxy":"35%","map_boxx":"62px","map_boxy":"-14px"},{"region":"REGION\u00c1LN\u00cd \u00fast\u0159ed\u00ed LATAM","title":"HH Global | Mexico City","address":[{"line":"Av. P.\u00ba de la Reforma 350"},{"line":"Ju\u00e1rez, Cuauht\u00e9moc"},{"line":"06600 Ciudad de M\u00e9xico"},{"line":"CDMX, M\u00e9xico"}],"map_label":"Mexiko","map_dotx":"5.5%","map_doxy":"63%","map_boxx":"60px","map_boxy":"-60px"},{"region":"REGION\u00c1LN\u00cd \u00fast\u0159ed\u00ed EMEA","title":"HH Global | London","address":[{"line":"Grove House,"},{"line":"Guildford Road,"},{"line":"Leatherhead, Surrey KT22 9DF"},{"line":"United Kingdom"}],"map_label":"Velk\u00e1 Brit\u00e1nie","map_dotx":"42.2%","map_doxy":"15%","map_boxx":"45px","map_boxy":"21px"},{"region":"REGION\u00c1LN\u00cd \u00fast\u0159ed\u00ed Asijsko-pacifick\u00e9 ","title":"HH Global | Hong Kong","address":[{"line":"20th Floor, East Town Building,"},{"line":"No. 41 Lockhart Road, Wan Chai,"},{"line":"Hong Kong Island,"},{"line":"Hong Kong S.A.R."}],"map_label":"Hongkong","map_dotx":"94.5%","map_doxy":"54.8%","map_boxx":"-363px","map_boxy":"-136px"}]}]},"yoast_head":"<!-- This site is optimized with the Yoast SEO plugin v27.3 - https:\/\/yoast.com\/product\/yoast-seo-wordpress\/ -->\n<title>Home Page (Czech) - HH Global<\/title>\n<meta name=\"robots\" content=\"index, follow, max-snippet:-1, max-image-preview:large, max-video-preview:-1\" \/>\n<link rel=\"canonical\" href=\"https:\/\/www.hhglobal.com\/cs\/\" \/>\n<meta property=\"og:locale\" content=\"cs_CZ\" \/>\n<meta property=\"og:type\" content=\"article\" \/>\n<meta property=\"og:title\" content=\"Home Page (Czech) - HH Global\" \/>\n<meta property=\"og:description\" content=\"home page\" \/>\n<meta property=\"og:url\" content=\"https:\/\/www.hhglobal.com\/cs\/\" \/>\n<meta property=\"og:site_name\" content=\"HH Global\" \/>\n<meta property=\"article:modified_time\" content=\"2025-07-17T14:35:49+00:00\" \/>\n<meta name=\"twitter:card\" content=\"summary_large_image\" \/>\n<script type=\"application\/ld+json\" class=\"yoast-schema-graph\">{\"@context\":\"https:\\\/\\\/schema.org\",\"@graph\":[{\"@type\":\"WebPage\",\"@id\":\"https:\\\/\\\/www.hhglobal.com\\\/cs\\\/\",\"url\":\"https:\\\/\\\/www.hhglobal.com\\\/cs\\\/\",\"name\":\"Home Page (Czech) - HH Global\",\"isPartOf\":{\"@id\":\"https:\\\/\\\/www.hhglobal.com\\\/cs\\\/#website\"},\"datePublished\":\"2022-04-26T04:01:15+00:00\",\"dateModified\":\"2025-07-17T14:35:49+00:00\",\"breadcrumb\":{\"@id\":\"https:\\\/\\\/www.hhglobal.com\\\/cs\\\/#breadcrumb\"},\"inLanguage\":\"cs\",\"potentialAction\":[{\"@type\":\"ReadAction\",\"target\":[\"https:\\\/\\\/www.hhglobal.com\\\/cs\\\/\"]}]},{\"@type\":\"BreadcrumbList\",\"@id\":\"https:\\\/\\\/www.hhglobal.com\\\/cs\\\/#breadcrumb\",\"itemListElement\":[{\"@type\":\"ListItem\",\"position\":1,\"name\":\"Home\",\"item\":\"https:\\\/\\\/www.hhglobal.com\\\/cs\\\/\"},{\"@type\":\"ListItem\",\"position\":2,\"name\":\"Home Page (Czech)\"}]},{\"@type\":\"WebSite\",\"@id\":\"https:\\\/\\\/www.hhglobal.com\\\/cs\\\/#website\",\"url\":\"https:\\\/\\\/www.hhglobal.com\\\/cs\\\/\",\"name\":\"HH Global\",\"description\":\"The global, tech-enabled creative production and procurement partner.\",\"publisher\":{\"@id\":\"https:\\\/\\\/www.hhglobal.com\\\/cs\\\/#organization\"},\"potentialAction\":[{\"@type\":\"SearchAction\",\"target\":{\"@type\":\"EntryPoint\",\"urlTemplate\":\"https:\\\/\\\/www.hhglobal.com\\\/cs\\\/?s={search_term_string}\"},\"query-input\":{\"@type\":\"PropertyValueSpecification\",\"valueRequired\":true,\"valueName\":\"search_term_string\"}}],\"inLanguage\":\"cs\"},{\"@type\":\"Organization\",\"@id\":\"https:\\\/\\\/www.hhglobal.com\\\/cs\\\/#organization\",\"name\":\"HH Global\",\"url\":\"https:\\\/\\\/www.hhglobal.com\\\/cs\\\/\",\"logo\":{\"@type\":\"ImageObject\",\"inLanguage\":\"cs\",\"@id\":\"https:\\\/\\\/www.hhglobal.com\\\/cs\\\/#\\\/schema\\\/logo\\\/image\\\/\",\"url\":\"https:\\\/\\\/www.hhglobal.com\\\/wp-content\\\/uploads\\\/2023\\\/12\\\/logo-white.svg\",\"contentUrl\":\"https:\\\/\\\/www.hhglobal.com\\\/wp-content\\\/uploads\\\/2023\\\/12\\\/logo-white.svg\",\"width\":77,\"height\":18,\"caption\":\"HH Global\"},\"image\":{\"@id\":\"https:\\\/\\\/www.hhglobal.com\\\/cs\\\/#\\\/schema\\\/logo\\\/image\\\/\"}}]}<\/script>\n<!-- \/ Yoast SEO plugin. -->","yoast_head_json":{"title":"Home Page (Czech) - HH Global","robots":{"index":"index","follow":"follow","max-snippet":"max-snippet:-1","max-image-preview":"max-image-preview:large","max-video-preview":"max-video-preview:-1"},"canonical":"https:\/\/www.hhglobal.com\/cs\/","og_locale":"cs_CZ","og_type":"article","og_title":"Home Page (Czech) - HH Global","og_description":"home page","og_url":"https:\/\/www.hhglobal.com\/cs\/","og_site_name":"HH Global","article_modified_time":"2025-07-17T14:35:49+00:00","twitter_card":"summary_large_image","schema":{"@context":"https:\/\/schema.org","@graph":[{"@type":"WebPage","@id":"https:\/\/www.hhglobal.com\/cs\/","url":"https:\/\/www.hhglobal.com\/cs\/","name":"Home Page (Czech) - HH Global","isPartOf":{"@id":"https:\/\/www.hhglobal.com\/cs\/#website"},"datePublished":"2022-04-26T04:01:15+00:00","dateModified":"2025-07-17T14:35:49+00:00","breadcrumb":{"@id":"https:\/\/www.hhglobal.com\/cs\/#breadcrumb"},"inLanguage":"cs","potentialAction":[{"@type":"ReadAction","target":["https:\/\/www.hhglobal.com\/cs\/"]}]},{"@type":"BreadcrumbList","@id":"https:\/\/www.hhglobal.com\/cs\/#breadcrumb","itemListElement":[{"@type":"ListItem","position":1,"name":"Home","item":"https:\/\/www.hhglobal.com\/cs\/"},{"@type":"ListItem","position":2,"name":"Home Page (Czech)"}]},{"@type":"WebSite","@id":"https:\/\/www.hhglobal.com\/cs\/#website","url":"https:\/\/www.hhglobal.com\/cs\/","name":"HH Global","description":"The global, tech-enabled creative production and procurement partner.","publisher":{"@id":"https:\/\/www.hhglobal.com\/cs\/#organization"},"potentialAction":[{"@type":"SearchAction","target":{"@type":"EntryPoint","urlTemplate":"https:\/\/www.hhglobal.com\/cs\/?s={search_term_string}"},"query-input":{"@type":"PropertyValueSpecification","valueRequired":true,"valueName":"search_term_string"}}],"inLanguage":"cs"},{"@type":"Organization","@id":"https:\/\/www.hhglobal.com\/cs\/#organization","name":"HH Global","url":"https:\/\/www.hhglobal.com\/cs\/","logo":{"@type":"ImageObject","inLanguage":"cs","@id":"https:\/\/www.hhglobal.com\/cs\/#\/schema\/logo\/image\/","url":"https:\/\/www.hhglobal.com\/wp-content\/uploads\/2023\/12\/logo-white.svg","contentUrl":"https:\/\/www.hhglobal.com\/wp-content\/uploads\/2023\/12\/logo-white.svg","width":77,"height":18,"caption":"HH Global"},"image":{"@id":"https:\/\/www.hhglobal.com\/cs\/#\/schema\/logo\/image\/"}}]}},"_links":{"self":[{"href":"https:\/\/www.hhglobal.com\/cs\/wp-json\/wp\/v2\/pages\/5873","targetHints":{"allow":["GET"]}}],"collection":[{"href":"https:\/\/www.hhglobal.com\/cs\/wp-json\/wp\/v2\/pages"}],"about":[{"href":"https:\/\/www.hhglobal.com\/cs\/wp-json\/wp\/v2\/types\/page"}],"author":[{"embeddable":true,"href":"https:\/\/www.hhglobal.com\/cs\/wp-json\/wp\/v2\/users\/41"}],"replies":[{"embeddable":true,"href":"https:\/\/www.hhglobal.com\/cs\/wp-json\/wp\/v2\/comments?post=5873"}],"version-history":[{"count":0,"href":"https:\/\/www.hhglobal.com\/cs\/wp-json\/wp\/v2\/pages\/5873\/revisions"}],"wp:attachment":[{"href":"https:\/\/www.hhglobal.com\/cs\/wp-json\/wp\/v2\/media?parent=5873"}],"curies":[{"name":"wp","href":"https:\/\/api.w.org\/{rel}","templated":true}]}}