{"id":5850,"date":"2022-05-18T10:29:31","date_gmt":"2022-05-18T10:29:31","guid":{"rendered":"https:\/\/hhassoc-dev.sbx.world\/company\/"},"modified":"2023-11-22T16:03:29","modified_gmt":"2023-11-22T16:03:29","slug":"company","status":"publish","type":"page","link":"https:\/\/www.hhglobal.com\/cs\/who-we-are\/company\/","title":{"rendered":"Na\u0161e spole\u010dnost"},"content":{"rendered":"","protected":false},"excerpt":{"rendered":"","protected":false},"author":41,"featured_media":0,"parent":0,"menu_order":0,"comment_status":"closed","ping_status":"closed","template":"","meta":{"_acf_changed":"","_yoast_wpseo_focuskw":"","_yoast_wpseo_metadesc":"","_yoast_wpseo_linkdex":"","_yoast_wpseo_content_score":"","_yoast_wpseo_meta-robots-noindex":"","_yoast_wpseo_meta-robots-nofollow":"","inline_featured_image":[],"_genesis_block_theme_hide_title":false,"_cms_nav_minihome":"","_icl_lang_duplicate_of":"","_menu_item_classes":[],"_menu_item_menu_item_parent":"","_menu_item_object":"","_menu_item_object_id":"","_menu_item_orphaned":"","_menu_item_target":"","_menu_item_type":"","_menu_item_url":"","_menu_item_xfn":"","_seedprod_page":"","_seedprod_page_template_type":"","_seedprod_page_uuid":"","_top_nav_excluded":"","_wp_attachment_backup_sizes":[],"_wp_attachment_context":"","_wp_attachment_image_alt":"","_wp_old_date":"","_wpcode_auto_insert":"","_wpcode_auto_insert_number":"","_wpcode_library_id":"","_wpml_media_duplicate":"1","_wpml_media_featured":"1","_wpml_post_translation_editor_native":"","_wpml_word_count":"{\"total\":32,\"to_translate\":null}","_yoast_wpseo_estimated-reading-time-minutes":[],"_yoast_wpseo_primary_category":"","_yoast_wpseo_primary_industry":"","_yoast_wpseo_primary_solution":"","_yoast_wpseo_primary_the_author":"","_yoast_wpseo_wordproof_timestamp":"","acfml_non_translatable_locations":[],"career_externalLink":"","career_featuredImage":"","career_title":"","casestudy_featuredImage":"","casestudy_title":"","infocallout_excerpt":"","infocallout_featuredImage":"","infocallout_title":"","jobTitle":"","language":"","name":"","profilePicture":"","wp-smpro-smush-data":[],"wp-smush-animated":"","wp-smush-ignore-bulk":"","wp-smush-lossy":"","wpml_media_processed":"","_wpcode_conditional_logic_enabled":"","_wpcode_location_extra":"","_wpcode_note":"","_wpcode_priority":"","_wpcode_shortcode_attributes":[],"footnotes":""},"class_list":["post-5850","page","type-page","status-publish","hentry","post","without-featured-image"],"acf":{"page_title":"Jedni\u010dka v oboru kreativn\u00ed v\u00fdroby a n\u00e1kupu | HH Global ","page_description":"Zjist\u011bte, pro\u010d je HH Global \u2013 t\u00fdm expert\u016f na kreativn\u00ed v\u00fdrobu a n\u00e1kup pomoc\u00ed technologie \u2013 t\u00edm prav\u00fdm partnerem pro pomoc s udr\u017eiteln\u00fdm pos\u00edlen\u00edm glob\u00e1ln\u00edho marketingu","social_title":"","social_description":"","social_share_image":null,"modules":[{"acf_fc_layout":"hero","size":"small","theme":"light","choose_images":[{"image":null}],"show_eyebrow":false,"eyebrow":"Eyebrow title here","title":"Na\u0161e spole\u010dnost","show_cta":false,"cta_url":"","cta_title":""},{"acf_fc_layout":"video","container_background_color":"bg-white","layout_style":"waffle","video_show_title":true,"video_title":"Velk\u00fd vliv na va\u0161e velk\u00e9 ideje.","poster":3891,"vimeoid":"https:\/\/player.vimeo.com\/video\/827618206","ytid":""},{"acf_fc_layout":"text_with_media_carousel","scroll_to_link":"","theme":"light","container_background_color":"bg-grey","highlight_color":"purple","title":"V\u00e1\u0161 partner pro r\u016fst","content":"Jsme glob\u00e1ln\u00ed jedni\u010dkou v oboru kreativn\u00ed v\u00fdroby a n\u00e1kupu pomoc\u00ed technologie. Va\u0161e marketingov\u00e9 kampan\u011b zesilujeme d\u00edky bezkonkuren\u010dn\u00ed v\u00fdrob\u011b, veden\u00ed v oboru n\u00e1kupu a nejmodern\u011bj\u0161\u00edch dostupn\u00fdch schopnost\u00ed udr\u017eitelnosti. V\u0161e se zajist\u00ed ve velk\u00e9m m\u011b\u0159\u00edtku d\u00edky \u0161pi\u010dkov\u00e9 technologii a expertn\u00edm znalostem na\u0161ich nad\u0161en\u00fdch pracovn\u00edk\u016f.","additional_spacing":false,"features_title":"Jak vytv\u00e1\u0159\u00edme vliv","features":[{"navigation_label":"Technologie","show_title":true,"title":"Propriet\u00e1rn\u00ed technologie k \u0159\u00edzen\u00ed n\u00e1vratnosti investic a provozn\u00ed efektivity","show_subtitle":false,"subtitle":"","content":"Na\u0161e \u0161pi\u010dkov\u00e1 technologick\u00e1 platforma v\u00e1m umo\u017en\u00ed:\r\n<ul>\r\n \t<li>Porozum\u011bt tomu, co nakupujete, sledovat v\u00fddaje a m\u011b\u0159it v\u00fdkonnost pro zaji\u0161t\u011bn\u00ed neust\u00e1l\u00e9ho zlep\u0161ov\u00e1n\u00ed<\/li>\r\n \t<li>Zachyt\u00e1vat poznatky a efektivitu ve velk\u00e9m m\u011b\u0159\u00edtku b\u011bhem unifikace zna\u010dek v r\u00e1mci zem\u00ed a region\u016f<\/li>\r\n \t<li>Optimalizovat funkce, kter\u00e9 podporuj\u00ed va\u0161e \u017eivotn\u00ed cykly marketingu, redukuj\u00ed pl\u00fdtv\u00e1n\u00ed, \u0159\u00edd\u00ed r\u016fst a usnad\u0148uj\u00ed transformaci<\/li>\r\n<\/ul>","choose_media":[{"image":3633}],"vimeoid":"","ytid":""},{"navigation_label":"Kreativn\u00ed v\u00fdroba  ","show_title":true,"title":"Kreativn\u00ed v\u00fdroba \u0159\u00edzen\u00e1 daty pro podporu zna\u010dkov\u00e9 prezence","show_subtitle":false,"subtitle":"","content":"D\u00edky na\u0161\u00ed celosv\u011btov\u00e9 digit\u00e1ln\u00ed studiov\u00e9 s\u00edti a vskutku glob\u00e1ln\u00edmu t\u00fdmu, nad kter\u00fdm slunce nezapad\u00e1, m\u016f\u017eeme:\r\n<ul>\r\n \t<li>Zesilovat kreativn\u00ed kampan\u011b pro zna\u010dky v r\u00e1mci v\u0161ech m\u00e9di\u00ed, v\u0161ech kan\u00e1l\u016f a v\u0161ech trh\u016f<\/li>\r\n \t<li>Dodat promy\u0161len\u00fd a p\u016fsobiv\u00fd design, kter\u00fd \u0159\u00edd\u00ed zna\u010dkovou konzistenci a r\u016fst kategorie<\/li>\r\n \t<li>Poskytovat vyhrazen\u00e9 zdroje s optimalizovan\u00fdm objemem, transparentn\u00edmi sazbami a sledov\u00e1n\u00edm \u010dasu a zdroj\u016f<\/li>\r\n<\/ul>","choose_media":[{"image":2745}],"vimeoid":"","ytid":""},{"navigation_label":"Jedni\u010dka v n\u00e1kupu ","show_title":true,"title":"V\u00fdhoda bezkonkuren\u010dn\u00edho p\u00e1kov\u00e9ho efektu na n\u00e1kup","show_subtitle":false,"subtitle":"","content":"Jako jedni\u010dka v n\u00e1kupu s &gt;2 miliardami dolar\u016f v\u00fddaj\u016f pod spr\u00e1vou m\u016f\u017eeme:\r\n<ul>\r\n \t<li>Nasadit bezkonkuren\u010dn\u00ed odborn\u00e9 znalosti v oboru a kan\u00e1lech ve velk\u00e9m m\u011b\u0159\u00edtku<\/li>\r\n \t<li>Dodat p\u0159izp\u016fsoben\u00e9 programy n\u00e1kupu, kter\u00e9 sni\u017euj\u00ed rizika a optimalizuj\u00ed v\u00e1\u0161 dodavatelsk\u00fd \u0159et\u011bzec<\/li>\r\n \t<li>Strategicky zajistit sourcing od &gt;8 600 dodavatelsk\u00fdch partner\u016f v r\u00e1mci produktov\u00fdch kategori\u00ed na cel\u00e9m sv\u011bt\u011b<\/li>\r\n \t<li>Soustavn\u011b investovat do na\u0161eho udr\u017eiteln\u00e9ho dodavatelsk\u00e9ho \u0159et\u011bzce a podporovat rozmanitost a za\u010dlen\u011bn\u00ed<\/li>\r\n<\/ul>","choose_media":[{"image":2829}],"vimeoid":"","ytid":""},{"navigation_label":"Udr\u017eiteln\u00e9 nov\u00e1torstv\u00ed ","show_title":true,"title":"\u0160pi\u010dkov\u00e9 technologie a strategie v oblasti udr\u017eitelnosti","show_subtitle":false,"subtitle":"","content":"D\u00edky na\u0161emu hlubok\u00e9mu z\u00e1vazku ke glob\u00e1ln\u00ed udr\u017eitelnosti jsme vyvinuli \u0161pi\u010dkov\u00e9 schopnosti a m\u016f\u017eeme poskytovat:\r\n<ul>\r\n \t<li>P\u0159izp\u016fsoben\u00e1 integrovan\u00e1 \u0159e\u0161en\u00ed pro podporu va\u0161ich c\u00edl\u016f udr\u017eitelnosti<\/li>\r\n \t<li>Vysp\u011blou znalostn\u00ed inteligenci, kter\u00e1 v\u00e1m usnadn\u00ed p\u0159ij\u00edmat informovan\u00e1 udr\u017eiteln\u00e1 rozhodnut\u00ed<\/li>\r\n \t<li>\u0160pi\u010dkov\u00fd certifika\u010dn\u00ed framework pro dodavatele v souladu s SDG (c\u00edle udr\u017eiteln\u00e9ho rozvoje) OSN<\/li>\r\n<\/ul>","choose_media":[{"image":2559}],"vimeoid":"","ytid":""},{"navigation_label":"Inteligentn\u00ed partnerstv\u00ed ","show_title":true,"title":"Nejvlivn\u011bj\u0161\u00ed partner na sv\u011bt\u011b","show_subtitle":false,"subtitle":"","content":"Pracujeme s v\u00e1mi bok po boku a vytv\u00e1\u0159\u00edme velk\u00fd vliv na va\u0161e velk\u00e9 ideje prost\u0159ednictv\u00edm:\r\n<ul>\r\n \t<li>Nejlep\u0161\u00edch expertn\u00edch znalost\u00ed na\u0161ich pracovn\u00edk\u016f s integrac\u00ed do va\u0161eho byznysu, zna\u010dky a kultury<\/li>\r\n \t<li>Glob\u00e1ln\u00edch schopnost\u00ed nasazen\u00fdch s m\u00edstn\u00edm p\u0159\u00edstupem<\/li>\r\n \t<li>Hloubky a \u0161\u00ed\u0159ky na\u0161ich zku\u0161enost\u00ed ze slu\u017eeb pro &gt;150 \u0161pi\u010dkov\u00fdch zna\u010dek na sv\u011bt\u011b<\/li>\r\n \t<li>Technologicky \u0159\u00edzen\u00e9 viditelnosti a poznatky pro zlep\u0161en\u00e9 rozhodov\u00e1n\u00ed<\/li>\r\n<\/ul>\r\n&nbsp;","choose_media":[{"image":2565}],"vimeoid":"","ytid":""}]},{"acf_fc_layout":"content_block","container_background_color":"bg-grey","show_header":false,"header":"","contents":[{"show_header_icon":false,"header_icon":null,"show_header":true,"header":"+2.5\u202fmld","header_color":"secondary-blue","show_subheader":true,"subheader":"v\u00fddaj\u016f pod spr\u00e1vou","description":""},{"show_header_icon":false,"header_icon":null,"show_header":true,"header":"99%","header_color":"purple","show_subheader":true,"subheader":"retence klient\u016f","description":"V\u00edce ne\u017e 99 % na\u0161ich klient\u016f s n\u00e1mi pokra\u010duje na budouc\u00edch projektech"},{"show_header_icon":false,"header_icon":null,"show_header":true,"header":"+1000","header_color":"light-purple","show_subheader":true,"subheader":"zna\u010dek reprezentov\u00e1no","description":"Jsme partnerem v\u00edce ne\u017e t\u0159etiny z top 100 glob\u00e1ln\u00edch spole\u010dnost\u00ed reprezentuj\u00edc\u00edch &gt;1000 zna\u010dek"},{"show_header_icon":false,"header_icon":null,"show_header":true,"header":"4\u202f500","header_color":"light-purple","show_subheader":true,"subheader":"\u010dlen\u016f t\u00fdmu","description":"Glob\u00e1ln\u00ed t\u00fdm vyhrazen\u00fd pro \u00fasp\u011bch na\u0161ich klient\u016f"},{"show_header_icon":false,"header_icon":null,"show_header":true,"header":"90","header_color":"purple","show_subheader":true,"subheader":"zem\u00ed se slu\u017ebami","description":"<span class=\"EOP SCXW196467119 BCX0\" data-ccp-props=\"{&quot;201341983&quot;:0,&quot;335551550&quot;:1,&quot;335551620&quot;:1,&quot;335559740&quot;:276}\">Pomoc\u00ed \u010dlen\u016f t\u00fdmu v 64 zem\u00edch <\/span>"}]},{"acf_fc_layout":"clients_awards","title":"Na\u0161i klienti","logos":[{"logo":3699},{"logo":3705},{"logo":5193},{"logo":3717},{"logo":3723},{"logo":3729},{"logo":3735},{"logo":5229},{"logo":3747},{"logo":3921},{"logo":3897},{"logo":3915},{"logo":3765},{"logo":3903},{"logo":3783},{"logo":5199},{"logo":3795},{"logo":5421},{"logo":5157},{"logo":3813},{"logo":3825},{"logo":3831},{"logo":3837},{"logo":3843},{"logo":null}]},{"acf_fc_layout":"contact_form","scroll_to_link":"","title":"Napi\u0161te n\u00e1m"}]},"yoast_head":"<!-- This site is optimized with the Yoast SEO plugin v27.4 - https:\/\/yoast.com\/product\/yoast-seo-wordpress\/ -->\n<title>Na\u0161e spole\u010dnost - HH Global<\/title>\n<meta name=\"robots\" content=\"index, follow, max-snippet:-1, max-image-preview:large, max-video-preview:-1\" \/>\n<link rel=\"canonical\" href=\"https:\/\/www.hhglobal.com\/cs\/who-we-are\/company\/\" \/>\n<meta property=\"og:locale\" content=\"cs_CZ\" \/>\n<meta property=\"og:type\" content=\"article\" \/>\n<meta property=\"og:title\" content=\"Na\u0161e spole\u010dnost - HH Global\" \/>\n<meta property=\"og:url\" content=\"https:\/\/www.hhglobal.com\/cs\/who-we-are\/company\/\" \/>\n<meta property=\"og:site_name\" content=\"HH Global\" \/>\n<meta property=\"article:modified_time\" content=\"2023-11-22T16:03:29+00:00\" \/>\n<meta name=\"twitter:card\" content=\"summary_large_image\" \/>\n<script type=\"application\/ld+json\" class=\"yoast-schema-graph\">{\"@context\":\"https:\\\/\\\/schema.org\",\"@graph\":[{\"@type\":\"WebPage\",\"@id\":\"https:\\\/\\\/www.hhglobal.com\\\/cs\\\/who-we-are\\\/company\\\/\",\"url\":\"https:\\\/\\\/www.hhglobal.com\\\/cs\\\/who-we-are\\\/company\\\/\",\"name\":\"Na\u0161e spole\u010dnost - HH Global\",\"isPartOf\":{\"@id\":\"https:\\\/\\\/www.hhglobal.com\\\/cs\\\/#website\"},\"datePublished\":\"2022-05-18T10:29:31+00:00\",\"dateModified\":\"2023-11-22T16:03:29+00:00\",\"breadcrumb\":{\"@id\":\"https:\\\/\\\/www.hhglobal.com\\\/cs\\\/who-we-are\\\/company\\\/#breadcrumb\"},\"inLanguage\":\"cs\",\"potentialAction\":[{\"@type\":\"ReadAction\",\"target\":[\"https:\\\/\\\/www.hhglobal.com\\\/cs\\\/who-we-are\\\/company\\\/\"]}]},{\"@type\":\"BreadcrumbList\",\"@id\":\"https:\\\/\\\/www.hhglobal.com\\\/cs\\\/who-we-are\\\/company\\\/#breadcrumb\",\"itemListElement\":[{\"@type\":\"ListItem\",\"position\":1,\"name\":\"Home\",\"item\":\"https:\\\/\\\/www.hhglobal.com\\\/cs\\\/\"},{\"@type\":\"ListItem\",\"position\":2,\"name\":\"Na\u0161e spole\u010dnost\"}]},{\"@type\":\"WebSite\",\"@id\":\"https:\\\/\\\/www.hhglobal.com\\\/cs\\\/#website\",\"url\":\"https:\\\/\\\/www.hhglobal.com\\\/cs\\\/\",\"name\":\"HH Global\",\"description\":\"The global, tech-enabled creative production and procurement partner.\",\"publisher\":{\"@id\":\"https:\\\/\\\/www.hhglobal.com\\\/cs\\\/#organization\"},\"potentialAction\":[{\"@type\":\"SearchAction\",\"target\":{\"@type\":\"EntryPoint\",\"urlTemplate\":\"https:\\\/\\\/www.hhglobal.com\\\/cs\\\/?s={search_term_string}\"},\"query-input\":{\"@type\":\"PropertyValueSpecification\",\"valueRequired\":true,\"valueName\":\"search_term_string\"}}],\"inLanguage\":\"cs\"},{\"@type\":\"Organization\",\"@id\":\"https:\\\/\\\/www.hhglobal.com\\\/cs\\\/#organization\",\"name\":\"HH Global\",\"url\":\"https:\\\/\\\/www.hhglobal.com\\\/cs\\\/\",\"logo\":{\"@type\":\"ImageObject\",\"inLanguage\":\"cs\",\"@id\":\"https:\\\/\\\/www.hhglobal.com\\\/cs\\\/#\\\/schema\\\/logo\\\/image\\\/\",\"url\":\"https:\\\/\\\/www.hhglobal.com\\\/wp-content\\\/uploads\\\/2023\\\/12\\\/logo-white.svg\",\"contentUrl\":\"https:\\\/\\\/www.hhglobal.com\\\/wp-content\\\/uploads\\\/2023\\\/12\\\/logo-white.svg\",\"width\":77,\"height\":18,\"caption\":\"HH Global\"},\"image\":{\"@id\":\"https:\\\/\\\/www.hhglobal.com\\\/cs\\\/#\\\/schema\\\/logo\\\/image\\\/\"}}]}<\/script>\n<!-- \/ Yoast SEO plugin. -->","yoast_head_json":{"title":"Na\u0161e spole\u010dnost - HH Global","robots":{"index":"index","follow":"follow","max-snippet":"max-snippet:-1","max-image-preview":"max-image-preview:large","max-video-preview":"max-video-preview:-1"},"canonical":"https:\/\/www.hhglobal.com\/cs\/who-we-are\/company\/","og_locale":"cs_CZ","og_type":"article","og_title":"Na\u0161e spole\u010dnost - HH Global","og_url":"https:\/\/www.hhglobal.com\/cs\/who-we-are\/company\/","og_site_name":"HH Global","article_modified_time":"2023-11-22T16:03:29+00:00","twitter_card":"summary_large_image","schema":{"@context":"https:\/\/schema.org","@graph":[{"@type":"WebPage","@id":"https:\/\/www.hhglobal.com\/cs\/who-we-are\/company\/","url":"https:\/\/www.hhglobal.com\/cs\/who-we-are\/company\/","name":"Na\u0161e spole\u010dnost - HH Global","isPartOf":{"@id":"https:\/\/www.hhglobal.com\/cs\/#website"},"datePublished":"2022-05-18T10:29:31+00:00","dateModified":"2023-11-22T16:03:29+00:00","breadcrumb":{"@id":"https:\/\/www.hhglobal.com\/cs\/who-we-are\/company\/#breadcrumb"},"inLanguage":"cs","potentialAction":[{"@type":"ReadAction","target":["https:\/\/www.hhglobal.com\/cs\/who-we-are\/company\/"]}]},{"@type":"BreadcrumbList","@id":"https:\/\/www.hhglobal.com\/cs\/who-we-are\/company\/#breadcrumb","itemListElement":[{"@type":"ListItem","position":1,"name":"Home","item":"https:\/\/www.hhglobal.com\/cs\/"},{"@type":"ListItem","position":2,"name":"Na\u0161e spole\u010dnost"}]},{"@type":"WebSite","@id":"https:\/\/www.hhglobal.com\/cs\/#website","url":"https:\/\/www.hhglobal.com\/cs\/","name":"HH Global","description":"The global, tech-enabled creative production and procurement partner.","publisher":{"@id":"https:\/\/www.hhglobal.com\/cs\/#organization"},"potentialAction":[{"@type":"SearchAction","target":{"@type":"EntryPoint","urlTemplate":"https:\/\/www.hhglobal.com\/cs\/?s={search_term_string}"},"query-input":{"@type":"PropertyValueSpecification","valueRequired":true,"valueName":"search_term_string"}}],"inLanguage":"cs"},{"@type":"Organization","@id":"https:\/\/www.hhglobal.com\/cs\/#organization","name":"HH Global","url":"https:\/\/www.hhglobal.com\/cs\/","logo":{"@type":"ImageObject","inLanguage":"cs","@id":"https:\/\/www.hhglobal.com\/cs\/#\/schema\/logo\/image\/","url":"https:\/\/www.hhglobal.com\/wp-content\/uploads\/2023\/12\/logo-white.svg","contentUrl":"https:\/\/www.hhglobal.com\/wp-content\/uploads\/2023\/12\/logo-white.svg","width":77,"height":18,"caption":"HH Global"},"image":{"@id":"https:\/\/www.hhglobal.com\/cs\/#\/schema\/logo\/image\/"}}]}},"_links":{"self":[{"href":"https:\/\/www.hhglobal.com\/cs\/wp-json\/wp\/v2\/pages\/5850","targetHints":{"allow":["GET"]}}],"collection":[{"href":"https:\/\/www.hhglobal.com\/cs\/wp-json\/wp\/v2\/pages"}],"about":[{"href":"https:\/\/www.hhglobal.com\/cs\/wp-json\/wp\/v2\/types\/page"}],"author":[{"embeddable":true,"href":"https:\/\/www.hhglobal.com\/cs\/wp-json\/wp\/v2\/users\/41"}],"replies":[{"embeddable":true,"href":"https:\/\/www.hhglobal.com\/cs\/wp-json\/wp\/v2\/comments?post=5850"}],"version-history":[{"count":0,"href":"https:\/\/www.hhglobal.com\/cs\/wp-json\/wp\/v2\/pages\/5850\/revisions"}],"wp:attachment":[{"href":"https:\/\/www.hhglobal.com\/cs\/wp-json\/wp\/v2\/media?parent=5850"}],"curies":[{"name":"wp","href":"https:\/\/api.w.org\/{rel}","templated":true}]}}