{"id":5843,"date":"2022-05-18T10:29:54","date_gmt":"2022-05-18T10:29:54","guid":{"rendered":"https:\/\/hhassoc-dev.sbx.world\/creative-digital\/"},"modified":"2023-11-28T13:40:36","modified_gmt":"2023-11-28T13:40:36","slug":"creative-digital","status":"publish","type":"page","link":"https:\/\/www.hhglobal.com\/cs\/what-we-do\/creative-digital\/","title":{"rendered":"Kreativita + digit\u00e1l"},"content":{"rendered":"","protected":false},"excerpt":{"rendered":"","protected":false},"author":41,"featured_media":0,"parent":0,"menu_order":0,"comment_status":"closed","ping_status":"closed","template":"","meta":{"_acf_changed":"","_yoast_wpseo_focuskw":"","_yoast_wpseo_metadesc":"","_yoast_wpseo_linkdex":"","_yoast_wpseo_content_score":"","_yoast_wpseo_meta-robots-noindex":"","_yoast_wpseo_meta-robots-nofollow":"","inline_featured_image":[],"_genesis_block_theme_hide_title":false,"_cms_nav_minihome":"","_icl_lang_duplicate_of":"","_menu_item_classes":[],"_menu_item_menu_item_parent":"","_menu_item_object":"","_menu_item_object_id":"","_menu_item_orphaned":"","_menu_item_target":"","_menu_item_type":"","_menu_item_url":"","_menu_item_xfn":"","_seedprod_page":"","_seedprod_page_template_type":"","_seedprod_page_uuid":"","_top_nav_excluded":"","_wp_attachment_backup_sizes":[],"_wp_attachment_context":"","_wp_attachment_image_alt":"","_wp_old_date":"","_wpcode_auto_insert":"","_wpcode_auto_insert_number":"","_wpcode_library_id":"","_wpml_media_duplicate":"1","_wpml_media_featured":"1","_wpml_post_translation_editor_native":"","_wpml_word_count":"{\"total\":619,\"to_translate\":{\"zh-hans\":619,\"cs\":619,\"de\":619,\"ja\":619,\"pt-br\":619,\"es\":619}}","_yoast_wpseo_estimated-reading-time-minutes":[],"_yoast_wpseo_primary_category":"","_yoast_wpseo_primary_industry":"","_yoast_wpseo_primary_solution":"","_yoast_wpseo_primary_the_author":"","_yoast_wpseo_wordproof_timestamp":"","acfml_non_translatable_locations":[],"career_externalLink":"","career_featuredImage":"","career_title":"","casestudy_featuredImage":"","casestudy_title":"","infocallout_excerpt":"","infocallout_featuredImage":"","infocallout_title":"","jobTitle":"","language":"","name":"","profilePicture":"","wp-smpro-smush-data":[],"wp-smush-animated":"","wp-smush-ignore-bulk":"","wp-smush-lossy":"","wpml_media_processed":"","_wpcode_conditional_logic_enabled":"","_wpcode_location_extra":"","_wpcode_note":"","_wpcode_priority":"","_wpcode_shortcode_attributes":[],"footnotes":""},"class_list":["post-5843","page","type-page","status-publish","hentry","post","without-featured-image"],"acf":{"page_title":"Kreativn\u00ed v\u00fdroba \u0159\u00edzen\u00e1 daty pro glob\u00e1ln\u00ed marketing | HH Global","page_description":"Zjist\u011bte, jak skupina HH Global prom\u011b\u0148uje poznatky o datech v p\u016fsobivou kreativn\u00ed a digit\u00e1ln\u00ed v\u00fdrobu, kter\u00e1 poh\u00e1n\u00ed glob\u00e1ln\u00ed marketingov\u00e9 kampan\u011b pro celosv\u011btov\u00e9 zna\u010dky ","social_title":"","social_description":"","social_share_image":null,"modules":[{"acf_fc_layout":"hero","size":"medium2","theme":"dark","choose_images":[{"image":2397},{"image":2781},{"image":2607},{"image":3849}],"show_eyebrow":false,"eyebrow":"","title":"Kreativita + digit\u00e1l","show_cta":false,"cta_url":"","cta_title":""},{"acf_fc_layout":"intro_content_block","container_background_color":"bg-white","type":false,"show_image":false,"intro_image":null,"show_background":false,"background":null,"show_eyebrow":false,"eyebrow":"","show_designations":false,"designations":null,"show_title":true,"size":"large","title":"Kreativn\u00ed v\u00fdroba \u0159\u00edzen\u00e1 daty pro glob\u00e1ln\u00ed marketing","show_intro":false,"intro":"","show_body":false,"body":"","show_labels":false,"labels":{"show_social":false,"custom_categories":null}},{"acf_fc_layout":"text_with_media_carousel","theme":"light","container_background_color":"bg-primary-black","highlight_color":"purple","title":"Zesilov\u00e1n\u00ed vlivu zna\u010dky","content":"Pomoc\u00ed na\u0161\u00ed propriet\u00e1rn\u00ed technologie vytv\u00e1\u0159\u00edme strategick\u00e9 kampan\u011b \u0159\u00edzen\u00e9 daty, kter\u00e9 maj\u00ed velk\u00fd vliv na zna\u010dkovou v\u00fdkonnost. V r\u00e1mci v\u0161ech m\u00e9di\u00ed, v\u0161ech kan\u00e1l\u016f a v\u0161ech trh\u016f.\r\n\r\nNa\u0161e glob\u00e1ln\u00ed, kreativn\u00ed a digit\u00e1ln\u00ed zku\u0161enosti n\u00e1m umo\u017e\u0148uj\u00ed realizovat kampan\u011b s obsahovou optimalizac\u00ed pro mnoho nejv\u011bt\u0161\u00edch zna\u010dek na sv\u011bt\u011b. V\u00fdsledkem je velk\u00fd vliv na velk\u00e9 ideje na\u0161ich klient\u016f \u2013 \u00fasp\u011b\u0161n\u00e9 v\u00fdsledky a podivuhodn\u00e1 n\u00e1vratnost jejich marketingov\u00fdch investic.","additional_spacing":false,"features_title":"Oblasti slu\u017eeb","features":[{"navigation_label":"Strategicky kreativn\u00ed","show_title":true,"title":"Studia obsahu skupiny HH Global \u2013 na zna\u010dku, na \u010das a na rozpo\u010det","show_subtitle":false,"subtitle":"","content":"Budujeme zak\u00e1zkov\u00fd strategick\u00fd obsah, kter\u00fd je v souladu s va\u0161\u00edm byznysem a pln\u00ed va\u0161e c\u00edle \u2013 zlep\u0161ujeme kvalitu a rychlost uveden\u00ed na trh s ni\u017e\u0161\u00edmi n\u00e1klady ne\u017e tradi\u010dn\u00ed agenturn\u00ed model.\r\n<ul>\r\n \t<li data-leveltext=\"\uf0b7\" data-font=\"Symbol\" data-listid=\"19\" data-list-defn-props=\"{&quot;335552541&quot;:1,&quot;335559684&quot;:-2,&quot;335559685&quot;:720,&quot;335559991&quot;:360,&quot;469769226&quot;:&quot;Symbol&quot;,&quot;469769242&quot;:[8226],&quot;469777803&quot;:&quot;left&quot;,&quot;469777804&quot;:&quot;\uf0b7&quot;,&quot;469777815&quot;:&quot;hybridMultilevel&quot;}\" aria-setsize=\"-1\" data-aria-posinset=\"1\" data-aria-level=\"1\">Zesilujeme kreativn\u00ed kampan\u011b pro zna\u010dky v r\u00e1mci v\u0161ech m\u00e9di\u00ed, v\u0161ech kan\u00e1l\u016f a v\u0161ech trh\u016f<\/li>\r\n \t<li data-leveltext=\"\uf0b7\" data-font=\"Symbol\" data-listid=\"19\" data-list-defn-props=\"{&quot;335552541&quot;:1,&quot;335559684&quot;:-2,&quot;335559685&quot;:720,&quot;335559991&quot;:360,&quot;469769226&quot;:&quot;Symbol&quot;,&quot;469769242&quot;:[8226],&quot;469777803&quot;:&quot;left&quot;,&quot;469777804&quot;:&quot;\uf0b7&quot;,&quot;469777815&quot;:&quot;hybridMultilevel&quot;}\" aria-setsize=\"-1\" data-aria-posinset=\"1\" data-aria-level=\"1\">Promy\u0161len\u00fd a p\u016fsobiv\u00fd design, kter\u00fd \u0159\u00edd\u00ed zna\u010dkovou konzistenci a r\u016fst kategorie<\/li>\r\n \t<li data-leveltext=\"\uf0b7\" data-font=\"Symbol\" data-listid=\"19\" data-list-defn-props=\"{&quot;335552541&quot;:1,&quot;335559684&quot;:-2,&quot;335559685&quot;:720,&quot;335559991&quot;:360,&quot;469769226&quot;:&quot;Symbol&quot;,&quot;469769242&quot;:[8226],&quot;469777803&quot;:&quot;left&quot;,&quot;469777804&quot;:&quot;\uf0b7&quot;,&quot;469777815&quot;:&quot;hybridMultilevel&quot;}\" aria-setsize=\"-1\" data-aria-posinset=\"1\" data-aria-level=\"1\">Na\u0161e celosv\u011btov\u00e1 digit\u00e1ln\u00ed studiov\u00e1 s\u00ed\u0165 tvo\u0159\u00ed vskutku glob\u00e1ln\u00ed t\u00fdm, nad kter\u00fdm slunce nezapad\u00e1<\/li>\r\n \t<li data-leveltext=\"\uf0b7\" data-font=\"Symbol\" data-listid=\"19\" data-list-defn-props=\"{&quot;335552541&quot;:1,&quot;335559684&quot;:-2,&quot;335559685&quot;:720,&quot;335559991&quot;:360,&quot;469769226&quot;:&quot;Symbol&quot;,&quot;469769242&quot;:[8226],&quot;469777803&quot;:&quot;left&quot;,&quot;469777804&quot;:&quot;\uf0b7&quot;,&quot;469777815&quot;:&quot;hybridMultilevel&quot;}\" aria-setsize=\"-1\" data-aria-posinset=\"1\" data-aria-level=\"1\">To v\u0161e s vyhrazen\u00fdmi zdroji s optimalizovan\u00fdm objemem, transparentn\u00edmi sazbami a d\u016fsledn\u00fdm sledov\u00e1n\u00edm \u010dasu a zdroj\u016f<\/li>\r\n<\/ul>","choose_media":[{"image":2601}],"vimeoid":"https:\/\/player.vimeo.com\/video\/825205457","ytid":""},{"navigation_label":"Rozvoj obsahu","show_title":true,"title":"Rozvoj obsahu","show_subtitle":false,"subtitle":"","content":"Vyhrazen\u00e1 studia stav\u00edme in-house nebo on-site a pracujeme v\u00fdhradn\u011b pro v\u00e1s, abychom poskytli kreativitu s rychlost\u00ed, kter\u00e1 je na zna\u010dku a cenov\u011b efektivn\u00ed.\r\n\r\nTento partnersk\u00fd p\u0159\u00edstup umo\u017e\u0148uje klientovi i agentu\u0159e pracovat ve skute\u010dn\u00e9 spolupr\u00e1ci a generovat dynamick\u00fd t\u00fdm s fokusem na zna\u010dku. To n\u00e1m umo\u017e\u0148uje proniknout pod k\u016f\u017ei va\u0161\u00ed organizace, \u017e\u00edt a d\u00fdchat zna\u010dkou, pochopit va\u0161e komer\u010dn\u00ed a byznysov\u00e9 c\u00edle, pracovat efektivn\u011bji a zrychlovat uv\u00e1d\u011bn\u00ed na trh p\u0159i ni\u017e\u0161\u00edch n\u00e1kladech ne\u017e u tradi\u010dn\u00edho agenturn\u00edho modelu.\r\n<ul>\r\n \t<li data-leveltext=\"\uf0b7\" data-font=\"Symbol\" data-listid=\"20\" data-list-defn-props=\"{&quot;335552541&quot;:1,&quot;335559684&quot;:-2,&quot;335559685&quot;:720,&quot;335559991&quot;:360,&quot;469769226&quot;:&quot;Symbol&quot;,&quot;469769242&quot;:[8226],&quot;469777803&quot;:&quot;left&quot;,&quot;469777804&quot;:&quot;\uf0b7&quot;,&quot;469777815&quot;:&quot;hybridMultilevel&quot;}\" aria-setsize=\"-1\" data-aria-posinset=\"1\" data-aria-level=\"1\"><strong>Retailov\u00e1 expozice:<\/strong> POS ve 3D + retailov\u00e9 divadlo, struktur\u00e1ln\u00ed design, koncepce nov\u00fdch prodejen, mapov\u00e1n\u00ed cest z\u00e1kazn\u00edk\u016f, lokalizace retailov\u00fdch kampan\u00ed, p\u0159izp\u016fsoben\u00e9 zaji\u0161t\u011bn\u00ed v z\u00f3n\u011b uv\u00e1d\u011bn\u00ed na trh<\/li>\r\n \t<li data-leveltext=\"\uf0b7\" data-font=\"Symbol\" data-listid=\"20\" data-list-defn-props=\"{&quot;335552541&quot;:1,&quot;335559684&quot;:-2,&quot;335559685&quot;:720,&quot;335559991&quot;:360,&quot;469769226&quot;:&quot;Symbol&quot;,&quot;469769242&quot;:[8226],&quot;469777803&quot;:&quot;left&quot;,&quot;469777804&quot;:&quot;\uf0b7&quot;,&quot;469777815&quot;:&quot;hybridMultilevel&quot;}\" aria-setsize=\"-1\" data-aria-posinset=\"1\" data-aria-level=\"1\"><strong>Branding:<\/strong> rozvoj sm\u011brnic pro zna\u010dku, expozice na akc\u00edch a budov\u00e1n\u00ed zna\u010dky, v\u00fdvoj toolkitu pro kampan\u011b.<\/li>\r\n \t<li data-leveltext=\"\uf0b7\" data-font=\"Symbol\" data-listid=\"20\" data-list-defn-props=\"{&quot;335552541&quot;:1,&quot;335559684&quot;:-2,&quot;335559685&quot;:720,&quot;335559991&quot;:360,&quot;469769226&quot;:&quot;Symbol&quot;,&quot;469769242&quot;:[8226],&quot;469777803&quot;:&quot;left&quot;,&quot;469777804&quot;:&quot;\uf0b7&quot;,&quot;469777815&quot;:&quot;hybridMultilevel&quot;}\" aria-setsize=\"-1\" data-aria-posinset=\"1\" data-aria-level=\"1\"><strong>Digit\u00e1l:<\/strong> tvorba vide\u00ed a storyboarding, soci\u00e1ln\u00ed s\u00edt\u011b a expozice, interaktivn\u00ed e-knihy, design webov\u00fdch str\u00e1nek, e-mailov\u00fd marketing, obrazovkov\u00e1 m\u00e9dia, roz\u0161\u00ed\u0159en\u00e1 VR + imerzivn\u00ed digit\u00e1ln\u00ed sv\u011bty, pre- a postprodukce<\/li>\r\n \t<li data-leveltext=\"\uf0b7\" data-font=\"Symbol\" data-listid=\"20\" data-list-defn-props=\"{&quot;335552541&quot;:1,&quot;335559684&quot;:-2,&quot;335559685&quot;:720,&quot;335559991&quot;:360,&quot;469769226&quot;:&quot;Symbol&quot;,&quot;469769242&quot;:[8226],&quot;469777803&quot;:&quot;left&quot;,&quot;469777804&quot;:&quot;\uf0b7&quot;,&quot;469777815&quot;:&quot;hybridMultilevel&quot;}\" aria-setsize=\"-1\" data-aria-posinset=\"1\" data-aria-level=\"1\"><strong>Zaji\u0161t\u011bn\u00ed tisku a obal\u016f:<\/strong> Strategie a design DM, zaji\u0161t\u011bn\u00ed marketingu, koncepty a design obal\u016f, prodejn\u00ed n\u00e1stroje intern\u00edho marketingu, design obal\u016f a zbo\u017e\u00ed s p\u0159idanou hodnotou<\/li>\r\n<\/ul>","choose_media":[{"image":2817}],"vimeoid":"","ytid":""},{"navigation_label":"V\u00fdroba obsahu","show_title":true,"title":"V\u00fdroba obsahu","show_subtitle":false,"subtitle":"","content":"<ul>\r\n \t<li data-leveltext=\"\uf0b7\" data-font=\"Symbol\" data-listid=\"21\" data-list-defn-props=\"{&quot;335552541&quot;:1,&quot;335559684&quot;:-2,&quot;335559685&quot;:720,&quot;335559991&quot;:360,&quot;469769226&quot;:&quot;Symbol&quot;,&quot;469769242&quot;:[8226],&quot;469777803&quot;:&quot;left&quot;,&quot;469777804&quot;:&quot;\uf0b7&quot;,&quot;469777815&quot;:&quot;hybridMultilevel&quot;}\" aria-setsize=\"-1\" data-aria-posinset=\"1\" data-aria-level=\"1\"><strong>V\u00fdroba offshore:<\/strong> lokalizace kampa\u0148ov\u00e9ho toolkitu, adaptace a zm\u011bna velikosti aktiv, p\u0159eklad a transkreace, kl\u00ed\u010dov\u00e9 vizu\u00e1ln\u00ed adaptace a retu\u0161ov\u00e1n\u00ed<\/li>\r\n \t<li data-leveltext=\"\uf0b7\" data-font=\"Symbol\" data-listid=\"21\" data-list-defn-props=\"{&quot;335552541&quot;:1,&quot;335559684&quot;:-2,&quot;335559685&quot;:720,&quot;335559991&quot;:360,&quot;469769226&quot;:&quot;Symbol&quot;,&quot;469769242&quot;:[8226],&quot;469777803&quot;:&quot;left&quot;,&quot;469777804&quot;:&quot;\uf0b7&quot;,&quot;469777815&quot;:&quot;hybridMultilevel&quot;}\" aria-setsize=\"-1\" data-aria-posinset=\"1\" data-aria-level=\"1\"><strong>Adaptace artworku:<\/strong> sazba, upraviteln\u00e9 formul\u00e1\u0159e, alternativn\u00ed form\u00e1ty a dokumentace p\u0159\u00edstupn\u00e1 na webu a adaptace dokument\u016f<\/li>\r\n \t<li data-leveltext=\"\uf0b7\" data-font=\"Symbol\" data-listid=\"21\" data-list-defn-props=\"{&quot;335552541&quot;:1,&quot;335559684&quot;:-2,&quot;335559685&quot;:720,&quot;335559991&quot;:360,&quot;469769226&quot;:&quot;Symbol&quot;,&quot;469769242&quot;:[8226],&quot;469777803&quot;:&quot;left&quot;,&quot;469777804&quot;:&quot;\uf0b7&quot;,&quot;469777815&quot;:&quot;hybridMultilevel&quot;}\" aria-setsize=\"-1\" data-aria-posinset=\"1\" data-aria-level=\"1\"><strong>Digit\u00e1l:<\/strong> st\u0159ih vide\u00ed, videov\u00e9 sest\u0159ihy a kr\u00e1tk\u00e1 propaga\u010dn\u00ed videa, p\u0159eklady a transkreace vide\u00ed, verzov\u00e1n\u00ed zdroj\u016f soci\u00e1ln\u00edch m\u00e9di\u00ed<\/li>\r\n \t<li data-leveltext=\"\uf0b7\" data-font=\"Symbol\" data-listid=\"21\" data-list-defn-props=\"{&quot;335552541&quot;:1,&quot;335559684&quot;:-2,&quot;335559685&quot;:720,&quot;335559991&quot;:360,&quot;469769226&quot;:&quot;Symbol&quot;,&quot;469769242&quot;:[8226],&quot;469777803&quot;:&quot;left&quot;,&quot;469777804&quot;:&quot;\uf0b7&quot;,&quot;469777815&quot;:&quot;hybridMultilevel&quot;}\" aria-setsize=\"-1\" data-aria-posinset=\"1\" data-aria-level=\"1\"><strong>Spr\u00e1va aktiv:<\/strong> slu\u017eby spr\u00e1vy metadat a knihovnictv\u00ed aktiv, kontrola kvality a korektury, editace text\u016f, p\u0159edtiskov\u00e1 p\u0159\u00edprava a spr\u00e1va p\u0159ed tiskem<\/li>\r\n<\/ul>","choose_media":[{"image":4737}],"vimeoid":"","ytid":""},{"navigation_label":"Data + poznatky","show_title":true,"title":"Data + poznatky","show_subtitle":false,"subtitle":"","content":"Vyu\u017e\u00edv\u00e1me data, poznatky a technologie k v\u00fdvoji strategi\u00ed a program\u016f komunikace, kter\u00e9 zaji\u0161\u0165uj\u00ed integrovan\u00e9, personalizovan\u00e9 z\u00e1kaznick\u00e9 zku\u0161enosti s kampan\u011bmi optimalizovan\u00fdmi na obsah v r\u00e1mci v\u00edce kan\u00e1l\u016f, je\u017e p\u0159in\u00e1\u0161ej\u00ed komer\u010dn\u00ed \u00fasp\u011bch a n\u00e1vratnost marketingov\u00fdch investic.\r\n<ul>\r\n \t<li data-leveltext=\"\uf0b7\" data-font=\"Symbol\" data-listid=\"22\" data-list-defn-props=\"{&quot;335552541&quot;:1,&quot;335559684&quot;:-2,&quot;335559685&quot;:720,&quot;335559991&quot;:360,&quot;469769226&quot;:&quot;Symbol&quot;,&quot;469769242&quot;:[8226],&quot;469777803&quot;:&quot;left&quot;,&quot;469777804&quot;:&quot;\uf0b7&quot;,&quot;469777815&quot;:&quot;hybridMultilevel&quot;}\" aria-setsize=\"-1\" data-aria-posinset=\"1\" data-aria-level=\"1\"><strong>Kreativita \u0159\u00edzen\u00e1 daty:<\/strong> Obrazov\u00fd materi\u00e1l a t\u00f3n skupiny HH Global pracuj\u00ed na co nejefektivn\u011bji zaujmut\u00ed c\u00edlov\u00fdch z\u00e1kazn\u00edk\u016f na\u0161ich klient\u016f pomoc\u00ed personalizovan\u00fdch marketingov\u00fdch sd\u011blen\u00ed<\/li>\r\n \t<li data-leveltext=\"\uf0b7\" data-font=\"Symbol\" data-listid=\"22\" data-list-defn-props=\"{&quot;335552541&quot;:1,&quot;335559684&quot;:-2,&quot;335559685&quot;:720,&quot;335559991&quot;:360,&quot;469769226&quot;:&quot;Symbol&quot;,&quot;469769242&quot;:[8226],&quot;469777803&quot;:&quot;left&quot;,&quot;469777804&quot;:&quot;\uf0b7&quot;,&quot;469777815&quot;:&quot;hybridMultilevel&quot;}\" aria-setsize=\"-1\" data-aria-posinset=\"1\" data-aria-level=\"1\"><strong>Optimalizovan\u00e9 kan\u00e1ly komunikace:<\/strong> Na\u0161e t\u00fdmy datov\u00fdch v\u011bd mohou d\u00edky prediktivn\u00ed anal\u00fdze dat ur\u010dovat, kde va\u0161e marketingov\u00e9 v\u00fddaje p\u0159inesou nejv\u011bt\u0161\u00ed v\u00fdnosy, a eliminovat zbyte\u010dnou v\u00fdrobu<\/li>\r\n \t<li data-leveltext=\"\uf0b7\" data-font=\"Symbol\" data-listid=\"22\" data-list-defn-props=\"{&quot;335552541&quot;:1,&quot;335559684&quot;:-2,&quot;335559685&quot;:720,&quot;335559991&quot;:360,&quot;469769226&quot;:&quot;Symbol&quot;,&quot;469769242&quot;:[8226],&quot;469777803&quot;:&quot;left&quot;,&quot;469777804&quot;:&quot;\uf0b7&quot;,&quot;469777815&quot;:&quot;hybridMultilevel&quot;}\" aria-setsize=\"-1\" data-aria-posinset=\"1\" data-aria-level=\"1\"><strong>Zlep\u0161en\u00e1 marketingov\u00e1 investice:<\/strong> Na\u0161e t\u00fdmy pracuj\u00ed na zaji\u0161t\u011bn\u00ed, aby va\u0161e marketingov\u00e1 technologie a datov\u00e1 aktiva p\u0159in\u00e1\u0161ely maxim\u00e1ln\u00ed v\u00fdsledky a podpo\u0159ily va\u0161i investici<\/li>\r\n \t<li data-leveltext=\"\uf0b7\" data-font=\"Symbol\" data-listid=\"22\" data-list-defn-props=\"{&quot;335552541&quot;:1,&quot;335559684&quot;:-2,&quot;335559685&quot;:720,&quot;335559991&quot;:360,&quot;469769226&quot;:&quot;Symbol&quot;,&quot;469769242&quot;:[8226],&quot;469777803&quot;:&quot;left&quot;,&quot;469777804&quot;:&quot;\uf0b7&quot;,&quot;469777815&quot;:&quot;hybridMultilevel&quot;}\" aria-setsize=\"-1\" data-aria-posinset=\"1\" data-aria-level=\"1\"><strong>Byznysov\u00e9 poznatky s velk\u00fdm vlivem:<\/strong> O\u017eivujeme data \u2013 va\u0161e nejv\u011bt\u0161\u00ed obchodn\u00ed aktivum \u2013 a generujeme hmatatelnou, u\u017eite\u010dnou a ak\u010dn\u00ed inteligenci pro \u0159e\u0161en\u00ed va\u0161ich nejv\u011bt\u0161\u00edch marketingov\u00fdch v\u00fdzev<\/li>\r\n<\/ul>","choose_media":[{"image":2751}],"vimeoid":"","ytid":""}]},{"acf_fc_layout":"content_block","container_background_color":"bg-grey","show_header":false,"header":"","contents":[{"show_header_icon":false,"header_icon":null,"show_header":true,"header":"26","header_color":"secondary-blue","show_subheader":true,"subheader":"kreativn\u00edch studi\u00ed","description":""},{"show_header_icon":false,"header_icon":null,"show_header":true,"header":"72\u202f015","header_color":"purple","show_subheader":true,"subheader":"digit\u00e1ln\u00edch aktiv spravov\u00e1no","description":""},{"show_header_icon":false,"header_icon":null,"show_header":true,"header":"612\u202fTB","header_color":"light-purple","show_subheader":true,"subheader":"aktiv ulo\u017eeno","description":""}]},{"acf_fc_layout":"video","container_background_color":"bg-white","layout_style":"default","video_show_title":false,"video_title":"","poster":3885,"vimeoid":"https:\/\/player.vimeo.com\/video\/887584787","ytid":""},{"acf_fc_layout":"cards","container_background_color":"bg-pure-black","show_heading":true,"heading":"Prozkoumat v\u00edce","content":"","cards":{"layout":"case-studies-layout","sub_layout":"simple","cards_display_mode":"bg-white","solution_term":null,"industry_term":null,"author_term":null,"region_term":null,"choose_cards":null,"choose_case_studies":[5719,5735,5726],"choose_featured_case_studies":null,"choose_staff_members":null,"choose_careers":null,"choose_info_callouts":null,"show_titles":true,"show_description":true,"show_date":false,"show_sector":false}},{"acf_fc_layout":"contact_form","title":"Napi\u0161te n\u00e1m"}]},"yoast_head":"<!-- This site is optimized with the Yoast SEO plugin v27.4 - https:\/\/yoast.com\/product\/yoast-seo-wordpress\/ -->\n<title>Kreativita + digit\u00e1l - HH Global<\/title>\n<meta name=\"robots\" content=\"index, follow, max-snippet:-1, max-image-preview:large, max-video-preview:-1\" \/>\n<link rel=\"canonical\" href=\"https:\/\/www.hhglobal.com\/cs\/what-we-do\/creative-digital\/\" \/>\n<meta property=\"og:locale\" content=\"cs_CZ\" \/>\n<meta property=\"og:type\" content=\"article\" \/>\n<meta property=\"og:title\" content=\"Kreativita + digit\u00e1l - HH Global\" \/>\n<meta property=\"og:url\" content=\"https:\/\/www.hhglobal.com\/cs\/what-we-do\/creative-digital\/\" \/>\n<meta property=\"og:site_name\" content=\"HH Global\" \/>\n<meta property=\"article:modified_time\" content=\"2023-11-28T13:40:36+00:00\" \/>\n<meta name=\"twitter:card\" content=\"summary_large_image\" \/>\n<script type=\"application\/ld+json\" class=\"yoast-schema-graph\">{\"@context\":\"https:\\\/\\\/schema.org\",\"@graph\":[{\"@type\":\"WebPage\",\"@id\":\"https:\\\/\\\/www.hhglobal.com\\\/cs\\\/what-we-do\\\/creative-digital\\\/\",\"url\":\"https:\\\/\\\/www.hhglobal.com\\\/cs\\\/what-we-do\\\/creative-digital\\\/\",\"name\":\"Kreativita + digit\u00e1l - HH Global\",\"isPartOf\":{\"@id\":\"https:\\\/\\\/www.hhglobal.com\\\/cs\\\/#website\"},\"datePublished\":\"2022-05-18T10:29:54+00:00\",\"dateModified\":\"2023-11-28T13:40:36+00:00\",\"breadcrumb\":{\"@id\":\"https:\\\/\\\/www.hhglobal.com\\\/cs\\\/what-we-do\\\/creative-digital\\\/#breadcrumb\"},\"inLanguage\":\"cs\",\"potentialAction\":[{\"@type\":\"ReadAction\",\"target\":[\"https:\\\/\\\/www.hhglobal.com\\\/cs\\\/what-we-do\\\/creative-digital\\\/\"]}]},{\"@type\":\"BreadcrumbList\",\"@id\":\"https:\\\/\\\/www.hhglobal.com\\\/cs\\\/what-we-do\\\/creative-digital\\\/#breadcrumb\",\"itemListElement\":[{\"@type\":\"ListItem\",\"position\":1,\"name\":\"Home\",\"item\":\"https:\\\/\\\/www.hhglobal.com\\\/cs\\\/\"},{\"@type\":\"ListItem\",\"position\":2,\"name\":\"Kreativita + digit\u00e1l\"}]},{\"@type\":\"WebSite\",\"@id\":\"https:\\\/\\\/www.hhglobal.com\\\/cs\\\/#website\",\"url\":\"https:\\\/\\\/www.hhglobal.com\\\/cs\\\/\",\"name\":\"HH Global\",\"description\":\"The global, tech-enabled creative production and procurement partner.\",\"publisher\":{\"@id\":\"https:\\\/\\\/www.hhglobal.com\\\/cs\\\/#organization\"},\"potentialAction\":[{\"@type\":\"SearchAction\",\"target\":{\"@type\":\"EntryPoint\",\"urlTemplate\":\"https:\\\/\\\/www.hhglobal.com\\\/cs\\\/?s={search_term_string}\"},\"query-input\":{\"@type\":\"PropertyValueSpecification\",\"valueRequired\":true,\"valueName\":\"search_term_string\"}}],\"inLanguage\":\"cs\"},{\"@type\":\"Organization\",\"@id\":\"https:\\\/\\\/www.hhglobal.com\\\/cs\\\/#organization\",\"name\":\"HH Global\",\"url\":\"https:\\\/\\\/www.hhglobal.com\\\/cs\\\/\",\"logo\":{\"@type\":\"ImageObject\",\"inLanguage\":\"cs\",\"@id\":\"https:\\\/\\\/www.hhglobal.com\\\/cs\\\/#\\\/schema\\\/logo\\\/image\\\/\",\"url\":\"https:\\\/\\\/www.hhglobal.com\\\/wp-content\\\/uploads\\\/2023\\\/12\\\/logo-white.svg\",\"contentUrl\":\"https:\\\/\\\/www.hhglobal.com\\\/wp-content\\\/uploads\\\/2023\\\/12\\\/logo-white.svg\",\"width\":77,\"height\":18,\"caption\":\"HH Global\"},\"image\":{\"@id\":\"https:\\\/\\\/www.hhglobal.com\\\/cs\\\/#\\\/schema\\\/logo\\\/image\\\/\"}}]}<\/script>\n<!-- \/ Yoast SEO plugin. -->","yoast_head_json":{"title":"Kreativita + digit\u00e1l - HH Global","robots":{"index":"index","follow":"follow","max-snippet":"max-snippet:-1","max-image-preview":"max-image-preview:large","max-video-preview":"max-video-preview:-1"},"canonical":"https:\/\/www.hhglobal.com\/cs\/what-we-do\/creative-digital\/","og_locale":"cs_CZ","og_type":"article","og_title":"Kreativita + digit\u00e1l - HH Global","og_url":"https:\/\/www.hhglobal.com\/cs\/what-we-do\/creative-digital\/","og_site_name":"HH Global","article_modified_time":"2023-11-28T13:40:36+00:00","twitter_card":"summary_large_image","schema":{"@context":"https:\/\/schema.org","@graph":[{"@type":"WebPage","@id":"https:\/\/www.hhglobal.com\/cs\/what-we-do\/creative-digital\/","url":"https:\/\/www.hhglobal.com\/cs\/what-we-do\/creative-digital\/","name":"Kreativita + digit\u00e1l - HH Global","isPartOf":{"@id":"https:\/\/www.hhglobal.com\/cs\/#website"},"datePublished":"2022-05-18T10:29:54+00:00","dateModified":"2023-11-28T13:40:36+00:00","breadcrumb":{"@id":"https:\/\/www.hhglobal.com\/cs\/what-we-do\/creative-digital\/#breadcrumb"},"inLanguage":"cs","potentialAction":[{"@type":"ReadAction","target":["https:\/\/www.hhglobal.com\/cs\/what-we-do\/creative-digital\/"]}]},{"@type":"BreadcrumbList","@id":"https:\/\/www.hhglobal.com\/cs\/what-we-do\/creative-digital\/#breadcrumb","itemListElement":[{"@type":"ListItem","position":1,"name":"Home","item":"https:\/\/www.hhglobal.com\/cs\/"},{"@type":"ListItem","position":2,"name":"Kreativita + digit\u00e1l"}]},{"@type":"WebSite","@id":"https:\/\/www.hhglobal.com\/cs\/#website","url":"https:\/\/www.hhglobal.com\/cs\/","name":"HH Global","description":"The global, tech-enabled creative production and procurement partner.","publisher":{"@id":"https:\/\/www.hhglobal.com\/cs\/#organization"},"potentialAction":[{"@type":"SearchAction","target":{"@type":"EntryPoint","urlTemplate":"https:\/\/www.hhglobal.com\/cs\/?s={search_term_string}"},"query-input":{"@type":"PropertyValueSpecification","valueRequired":true,"valueName":"search_term_string"}}],"inLanguage":"cs"},{"@type":"Organization","@id":"https:\/\/www.hhglobal.com\/cs\/#organization","name":"HH Global","url":"https:\/\/www.hhglobal.com\/cs\/","logo":{"@type":"ImageObject","inLanguage":"cs","@id":"https:\/\/www.hhglobal.com\/cs\/#\/schema\/logo\/image\/","url":"https:\/\/www.hhglobal.com\/wp-content\/uploads\/2023\/12\/logo-white.svg","contentUrl":"https:\/\/www.hhglobal.com\/wp-content\/uploads\/2023\/12\/logo-white.svg","width":77,"height":18,"caption":"HH Global"},"image":{"@id":"https:\/\/www.hhglobal.com\/cs\/#\/schema\/logo\/image\/"}}]}},"_links":{"self":[{"href":"https:\/\/www.hhglobal.com\/cs\/wp-json\/wp\/v2\/pages\/5843","targetHints":{"allow":["GET"]}}],"collection":[{"href":"https:\/\/www.hhglobal.com\/cs\/wp-json\/wp\/v2\/pages"}],"about":[{"href":"https:\/\/www.hhglobal.com\/cs\/wp-json\/wp\/v2\/types\/page"}],"author":[{"embeddable":true,"href":"https:\/\/www.hhglobal.com\/cs\/wp-json\/wp\/v2\/users\/41"}],"replies":[{"embeddable":true,"href":"https:\/\/www.hhglobal.com\/cs\/wp-json\/wp\/v2\/comments?post=5843"}],"version-history":[{"count":0,"href":"https:\/\/www.hhglobal.com\/cs\/wp-json\/wp\/v2\/pages\/5843\/revisions"}],"wp:attachment":[{"href":"https:\/\/www.hhglobal.com\/cs\/wp-json\/wp\/v2\/media?parent=5843"}],"curies":[{"name":"wp","href":"https:\/\/api.w.org\/{rel}","templated":true}]}}