{"id":5840,"date":"2022-05-18T22:12:21","date_gmt":"2022-05-18T22:12:21","guid":{"rendered":"https:\/\/hhassoc-dev.sbx.world\/careers\/"},"modified":"2025-07-16T19:32:44","modified_gmt":"2025-07-16T19:32:44","slug":"careers","status":"publish","type":"page","link":"https:\/\/www.hhglobal.com\/cs\/careers\/","title":{"rendered":"Nastupte k n\u00e1m"},"content":{"rendered":"","protected":false},"excerpt":{"rendered":"","protected":false},"author":41,"featured_media":0,"parent":0,"menu_order":0,"comment_status":"closed","ping_status":"closed","template":"","meta":{"_acf_changed":"","_yoast_wpseo_focuskw":"","_yoast_wpseo_metadesc":"","_yoast_wpseo_linkdex":"","_yoast_wpseo_content_score":"","_yoast_wpseo_meta-robots-noindex":"","_yoast_wpseo_meta-robots-nofollow":"","inline_featured_image":[],"_genesis_block_theme_hide_title":false,"_cms_nav_minihome":"","_icl_lang_duplicate_of":"","_menu_item_classes":[],"_menu_item_menu_item_parent":"","_menu_item_object":"","_menu_item_object_id":"","_menu_item_orphaned":"","_menu_item_target":"","_menu_item_type":"","_menu_item_url":"","_menu_item_xfn":"","_seedprod_page":"","_seedprod_page_template_type":"","_seedprod_page_uuid":"","_top_nav_excluded":"","_wp_attachment_backup_sizes":[],"_wp_attachment_context":"","_wp_attachment_image_alt":"","_wp_old_date":"","_wpcode_auto_insert":"","_wpcode_auto_insert_number":"","_wpcode_library_id":"","_wpml_media_duplicate":"1","_wpml_media_featured":"1","_wpml_post_translation_editor_native":"","_wpml_word_count":"{\"total\":56,\"to_translate\":null}","_yoast_wpseo_estimated-reading-time-minutes":["0"],"_yoast_wpseo_primary_category":"","_yoast_wpseo_primary_industry":"","_yoast_wpseo_primary_solution":"","_yoast_wpseo_primary_the_author":"","_yoast_wpseo_wordproof_timestamp":"","acfml_non_translatable_locations":[],"career_externalLink":"","career_featuredImage":"","career_title":"","casestudy_featuredImage":"","casestudy_title":"","infocallout_excerpt":"","infocallout_featuredImage":"","infocallout_title":"","jobTitle":"","language":"","name":"","profilePicture":"","wp-smpro-smush-data":[],"wp-smush-animated":"","wp-smush-ignore-bulk":"","wp-smush-lossy":"","wpml_media_processed":"","_wpcode_conditional_logic_enabled":"","_wpcode_location_extra":"","_wpcode_note":"","_wpcode_priority":"","_wpcode_shortcode_attributes":[],"footnotes":""},"class_list":["post-5840","page","type-page","status-publish","hentry","post","without-featured-image"],"acf":{"page_title":"Kultura spole\u010dnosti, rozmanitost a kari\u00e9rn\u00ed p\u0159\u00edle\u017eitosti | HH Global ","page_description":"P\u0159idejte se ke skupin\u011b HH Global a z\u00edskejte mezin\u00e1rodn\u00ed p\u0159\u00edle\u017eitosti a podp\u016frnou glob\u00e1ln\u00ed kulturu, kter\u00e1 posiluje osobnosti, oce\u0148uje rozmanitost a podporuje kari\u00e9rn\u00ed r\u016fst","social_title":"","social_description":"","social_share_image":null,"modules":[{"acf_fc_layout":"hero","size":"medium2","theme":"dark","choose_images":[{"image":21579},{"image":21590},{"image":21601},{"image":21623}],"show_eyebrow":true,"eyebrow":"","title":"Kultura a kari\u00e9ra","show_cta":false,"cta_url":"","cta_title":""},{"acf_fc_layout":"intro_content_block","container_background_color":"bg-white","type":"standard","show_image":false,"intro_image":null,"show_background":false,"background":null,"show_eyebrow":false,"eyebrow":"Open Roles By Region","show_designations":false,"designations":null,"show_title":true,"size":"small","title":"M\u011bjte glob\u00e1ln\u00ed vliv","show_intro":true,"intro":"Ve skupin\u011b HH Global pom\u00e1h\u00e1me nejv\u011bt\u0161\u00edm zna\u010dk\u00e1m prom\u011bnit velk\u00e9 ideje na velk\u00fd vliv \u2013 zaji\u0161\u0165ujeme technologi\u00ed \u0159\u00edzenou kreativn\u00ed v\u00fdrobu a n\u00e1kup, kter\u00e9 jsou vid\u011bt, sly\u0161et a c\u00edtit na cel\u00e9m sv\u011bt\u011b. Jsme tak\u00e9 glob\u00e1ln\u00edm l\u00eddrem v tom, \u017ee um\u00edme marketing u\u010dinit udr\u017eiteln\u011bj\u0161\u00edm.","show_body":true,"body":"Kdy\u017e se k n\u00e1m p\u0159id\u00e1te, stanete se sou\u010d\u00e1st\u00ed t\u00fdmu nejlep\u0161\u00edch odborn\u00edk\u016f ve sv\u00e9 t\u0159\u00edd\u011b, kte\u0159\u00ed s nad\u0161en\u00edm spolupracuj\u00ed s na\u0161imi klienty a pom\u00e1haj\u00ed jim v r\u016fstu. Nav\u00edc budete pracovat s vysp\u011blou technologi\u00ed, kter\u00e1 nem\u00e1 v na\u0161em oboru obdoby.\r\n\r\nJsme hluboce zav\u00e1z\u00e1ni k ekologick\u00e9 a soci\u00e1ln\u00ed odpov\u011bdnosti a vyv\u00edj\u00edme nov\u00e1torsk\u00e1 \u0159e\u0161en\u00ed pro zv\u00fd\u0161en\u00ed udr\u017eitelnosti a zefektivn\u011bn\u00ed dodavatelsk\u00e9ho \u0159et\u011bzce. Na\u0161e jedine\u010dn\u00e9 schopnosti a \u0161k\u00e1lovatelnost n\u00e1m umo\u017e\u0148uj\u00ed celosv\u011btov\u011b spolupracovat na podpo\u0159e udr\u017eiteln\u00e9ho r\u016fstu.","show_labels":true,"labels":{"show_social":false,"custom_categories":[{"category_label":"Otev\u0159en\u00e9 pozice podle regionu","labels":[{"link_label":"Pozice Severn\u00ed Amerika","link_href":"https:\/\/globaleur251.dayforcehcm.com\/CandidatePortal\/en-US\/hhglobal","link_internal_pages":"","link_file":null,"link_type":"external"},{"link_label":"Pozice LATAM ","link_href":"https:\/\/globaleur251.dayforcehcm.com\/CandidatePortal\/en-US\/hhglobal","link_internal_pages":"","link_file":null,"link_type":"external"},{"link_label":"Asijsko-pacifick\u00e9 pozice ","link_href":"https:\/\/globaleur251.dayforcehcm.com\/CandidatePortal\/en-GB\/hhglobal","link_internal_pages":"","link_file":null,"link_type":"external"},{"link_label":"Pozice EMEA","link_href":"https:\/\/globaleur251.dayforcehcm.com\/CandidatePortal\/en-GB\/hhglobal","link_internal_pages":null,"link_file":null,"link_type":"external"}]}]}},{"acf_fc_layout":"text_with_media","scroll_to_link":"","theme":"light","container_background_color":"bg-grey","show_eyebrow":false,"eyebrow":"","show_title":false,"title":"","show_sub_title":true,"sub_title":"Jsme odhodl\u00e1ni b\u00fdt skv\u011bl\u00fdm m\u00edstem pro pr\u00e1ci. Pro ka\u017ed\u00e9ho.","content":"Ve skupin\u011b HH Global ch\u00e1peme, \u017ee na\u0161i pracovn\u00edci jsou na\u0161\u00ed nejv\u011bt\u0161\u00ed silou. Jejich rozmanit\u00e9 pohledy a zku\u0161enosti obohacuj\u00ed na\u0161i schopnost budovat vynikaj\u00edc\u00ed partnerstv\u00ed s na\u0161imi klienty. Proto jsme se zav\u00e1zali k diverzit\u011b a inkluzi nap\u0159\u00ed\u010d cel\u00fdm na\u0161\u00edm byznysem.\r\n\r\nD\u00edky podp\u016frn\u00e9 glob\u00e1ln\u00ed kultu\u0159e, kter\u00e1 posiluje v\u0161echny jednotlivce, zaji\u0161\u0165ujeme, aby m\u011bl ka\u017ed\u00fd rovn\u00e1 pr\u00e1va a p\u0159\u00edle\u017eitost svobodn\u011b r\u016fst a rozv\u00edjet se.\r\n\r\nProto\u017ee rosteme, hled\u00e1me do na\u0161eho t\u00fdmu ty nejlep\u0161\u00ed talenty. D\u00edky mezin\u00e1rodn\u00edm p\u0159\u00edle\u017eitostem a oce\u0148uj\u00edc\u00edm kari\u00e9r\u00e1m m\u00e1 skupina HH Global m\u00edsto pro ka\u017ed\u00e9ho.\r\n\r\nObjevte na\u0161e voln\u00e9 pozice podle regionu.","cta_url":"","cta_text":"","open_in_new_window":false,"choose_media":[{"image":21645},{"image":21667},{"image":21680}],"image_alignment":"left","image_fit":"cover","image_size":"half-width","vimeoid":"","ytid":""},{"acf_fc_layout":"content_block","container_background_color":"bg-white","show_header":false,"header":"","contents":[{"show_header_icon":true,"header_icon":21700,"show_header":false,"header":"","header_color":"primary-green-2","show_subheader":true,"subheader":"Glob\u00e1ln\u00ed p\u0159\u00edle\u017eitosti","description":"D\u00edky etablovan\u00e9 glob\u00e1ln\u00ed prezenci nab\u00edz\u00edme kari\u00e9rn\u00ed p\u0159\u00edle\u017eitosti na cel\u00e9m sv\u011bt\u011b. V roz\u0161i\u0159ov\u00e1n\u00ed na\u0161eho t\u00fdmu pokra\u010dujeme denn\u011b, proto\u017ee spolupracujeme s nov\u00fdmi klienty, kte\u0159\u00ed usiluj\u00ed o siln\u011bj\u0161\u00ed a udr\u017eiteln\u011bj\u0161\u00ed r\u016fst, a zaji\u0161\u0165ujeme v\u00fdhody, je\u017e p\u0159in\u00e1\u0161\u00ed postaven\u00ed l\u00eddra v oboru."},{"show_header_icon":true,"header_icon":21711,"show_header":false,"header":"","header_color":"primary-green-2","show_subheader":true,"subheader":"Investice do na\u0161ich pracovn\u00edk\u016f","description":"Na\u0161e inkluzivn\u00ed a kulturn\u011b p\u0159izp\u016fsoben\u00e1 \u0161kolen\u00ed jsou p\u0159ekl\u00e1d\u00e1na do v\u00edce jazyk\u016f a vyu\u017e\u00edvaj\u00ed chytr\u00e9 technologie, kter\u00e9 u\u017eivatele prov\u00e1d\u011bj\u00ed jejich v\u00fdvojem. Zav\u00e1zali jsme se, \u017ee do roku 2025 za\u010dlen\u00edme z\u00e1sady rozmanitosti, rovnosti a inkluze do v\u0161ech na\u0161ich v\u00fdvojov\u00fdch a \u0161kolic\u00edch program\u016f."},{"show_header_icon":true,"header_icon":21733,"show_header":false,"header":"","header_color":"primary-green-2","show_subheader":true,"subheader":"Na\u0161e komunita","description":"M\u00e1me rozmanitou a \u017eivouc\u00ed komunitu zam\u011bstnanc\u016f slo\u017eenou z nad\u0161enc\u016f, kte\u0159\u00ed se sch\u00e1zej\u00ed pro vz\u00e1jemnou podporu a oslavu. Na\u0161\u00edm \u00fa\u010delem je n\u011bco zm\u011bnit v r\u00e1mci na\u0161\u00ed spole\u010dnosti, pro na\u0161e klienty i cel\u00fd sv\u011bt. Na\u0161\u00ed ambic\u00ed je poskytovat v\u0161em platformu pro osobn\u00ed i profesn\u00ed r\u016fst, a u\u010dit se jakou sou\u010d\u00e1st t\u00fdmu."}]},{"acf_fc_layout":"text_with_media","scroll_to_link":"","theme":"light","container_background_color":"bg-grey","show_eyebrow":false,"eyebrow":"","show_title":false,"title":"Siln\u00e1 kultura udr\u017eitelnosti","show_sub_title":true,"sub_title":"Siln\u00e1 kultura udr\u017eitelnosti","content":"Zav\u00e1zali jsme se k udr\u017eitelnosti v r\u00e1mci na\u0161eho byznysu i k udr\u017eiteln\u00e9mu r\u016fstu pro na\u0161e partnery. Na\u0161i zam\u011bstnanci maj\u00ed mzdu Living Wage, a od 100 % na\u0161ich strategick\u00fdch dodavatelsk\u00fdch partner\u016f po\u017eadujeme do r. 2025 potvrzen\u00ed o dodr\u017eov\u00e1n\u00ed politiky Living Wage. Nav\u00edc se 100 % na\u0161ich strategick\u00fdch dodavatel\u016f p\u0159izp\u016fsob\u00ed na\u0161im jasn\u011b definovan\u00fdm ekologick\u00fdm a soci\u00e1ln\u00edm norm\u00e1m \u2013 nebo budou m\u00edt v \u00fa\u010dinnosti p\u0159\u00edslu\u0161n\u00e9 pl\u00e1ny n\u00e1pravn\u00fdch opat\u0159en\u00ed \u2013 do r. 2025.","cta_url":"https:\/\/ebooks.decoupledhhstg.wpengine.com\/view\/465383337\/","cta_text":"St\u00e1hnout n\u00e1\u0161 v\u00fdkaz o udr\u017eitelnosti","open_in_new_window":false,"choose_media":[{"image":21744}],"image_alignment":"right","image_fit":"cover","image_size":"half-width","vimeoid":"","ytid":""},{"acf_fc_layout":"cards","container_background_color":"bg-pure-black","show_heading":true,"heading":"Zobrazit pozice podle regionu","content":"","cards":{"layout":"careers-layout","sub_layout":"simple","cards_display_mode":"bg-white","solution_term":null,"industry_term":null,"author_term":null,"region_term":null,"choose_cards":0,"choose_case_studies":0,"choose_featured_case_studies":0,"choose_staff_members":0,"choose_careers":[6250,6251,6252],"choose_info_callouts":0,"show_titles":true,"show_description":true,"show_date":true,"show_sector":true}}]},"yoast_head":"<!-- This site is optimized with the Yoast SEO plugin v27.3 - https:\/\/yoast.com\/product\/yoast-seo-wordpress\/ -->\n<title>Nastupte k n\u00e1m - HH Global<\/title>\n<meta name=\"robots\" content=\"index, follow, max-snippet:-1, max-image-preview:large, max-video-preview:-1\" \/>\n<link rel=\"canonical\" href=\"https:\/\/www.hhglobal.com\/cs\/careers\/\" \/>\n<meta property=\"og:locale\" content=\"cs_CZ\" \/>\n<meta property=\"og:type\" content=\"article\" \/>\n<meta property=\"og:title\" content=\"Nastupte k n\u00e1m - HH Global\" \/>\n<meta property=\"og:url\" content=\"https:\/\/www.hhglobal.com\/cs\/careers\/\" \/>\n<meta property=\"og:site_name\" content=\"HH Global\" \/>\n<meta property=\"article:modified_time\" content=\"2025-07-16T19:32:44+00:00\" \/>\n<meta name=\"twitter:card\" content=\"summary_large_image\" \/>\n<script type=\"application\/ld+json\" class=\"yoast-schema-graph\">{\"@context\":\"https:\\\/\\\/schema.org\",\"@graph\":[{\"@type\":\"WebPage\",\"@id\":\"https:\\\/\\\/www.hhglobal.com\\\/cs\\\/careers\\\/\",\"url\":\"https:\\\/\\\/www.hhglobal.com\\\/cs\\\/careers\\\/\",\"name\":\"Nastupte k n\u00e1m - HH Global\",\"isPartOf\":{\"@id\":\"https:\\\/\\\/www.hhglobal.com\\\/cs\\\/#website\"},\"datePublished\":\"2022-05-18T22:12:21+00:00\",\"dateModified\":\"2025-07-16T19:32:44+00:00\",\"breadcrumb\":{\"@id\":\"https:\\\/\\\/www.hhglobal.com\\\/cs\\\/careers\\\/#breadcrumb\"},\"inLanguage\":\"cs\",\"potentialAction\":[{\"@type\":\"ReadAction\",\"target\":[\"https:\\\/\\\/www.hhglobal.com\\\/cs\\\/careers\\\/\"]}]},{\"@type\":\"BreadcrumbList\",\"@id\":\"https:\\\/\\\/www.hhglobal.com\\\/cs\\\/careers\\\/#breadcrumb\",\"itemListElement\":[{\"@type\":\"ListItem\",\"position\":1,\"name\":\"Home\",\"item\":\"https:\\\/\\\/www.hhglobal.com\\\/cs\\\/\"},{\"@type\":\"ListItem\",\"position\":2,\"name\":\"Nastupte k n\u00e1m\"}]},{\"@type\":\"WebSite\",\"@id\":\"https:\\\/\\\/www.hhglobal.com\\\/cs\\\/#website\",\"url\":\"https:\\\/\\\/www.hhglobal.com\\\/cs\\\/\",\"name\":\"HH Global\",\"description\":\"The global, tech-enabled creative production and procurement partner.\",\"publisher\":{\"@id\":\"https:\\\/\\\/www.hhglobal.com\\\/cs\\\/#organization\"},\"potentialAction\":[{\"@type\":\"SearchAction\",\"target\":{\"@type\":\"EntryPoint\",\"urlTemplate\":\"https:\\\/\\\/www.hhglobal.com\\\/cs\\\/?s={search_term_string}\"},\"query-input\":{\"@type\":\"PropertyValueSpecification\",\"valueRequired\":true,\"valueName\":\"search_term_string\"}}],\"inLanguage\":\"cs\"},{\"@type\":\"Organization\",\"@id\":\"https:\\\/\\\/www.hhglobal.com\\\/cs\\\/#organization\",\"name\":\"HH Global\",\"url\":\"https:\\\/\\\/www.hhglobal.com\\\/cs\\\/\",\"logo\":{\"@type\":\"ImageObject\",\"inLanguage\":\"cs\",\"@id\":\"https:\\\/\\\/www.hhglobal.com\\\/cs\\\/#\\\/schema\\\/logo\\\/image\\\/\",\"url\":\"https:\\\/\\\/www.hhglobal.com\\\/wp-content\\\/uploads\\\/2023\\\/12\\\/logo-white.svg\",\"contentUrl\":\"https:\\\/\\\/www.hhglobal.com\\\/wp-content\\\/uploads\\\/2023\\\/12\\\/logo-white.svg\",\"width\":77,\"height\":18,\"caption\":\"HH Global\"},\"image\":{\"@id\":\"https:\\\/\\\/www.hhglobal.com\\\/cs\\\/#\\\/schema\\\/logo\\\/image\\\/\"}}]}<\/script>\n<!-- \/ Yoast SEO plugin. -->","yoast_head_json":{"title":"Nastupte k n\u00e1m - HH Global","robots":{"index":"index","follow":"follow","max-snippet":"max-snippet:-1","max-image-preview":"max-image-preview:large","max-video-preview":"max-video-preview:-1"},"canonical":"https:\/\/www.hhglobal.com\/cs\/careers\/","og_locale":"cs_CZ","og_type":"article","og_title":"Nastupte k n\u00e1m - HH Global","og_url":"https:\/\/www.hhglobal.com\/cs\/careers\/","og_site_name":"HH Global","article_modified_time":"2025-07-16T19:32:44+00:00","twitter_card":"summary_large_image","schema":{"@context":"https:\/\/schema.org","@graph":[{"@type":"WebPage","@id":"https:\/\/www.hhglobal.com\/cs\/careers\/","url":"https:\/\/www.hhglobal.com\/cs\/careers\/","name":"Nastupte k n\u00e1m - HH Global","isPartOf":{"@id":"https:\/\/www.hhglobal.com\/cs\/#website"},"datePublished":"2022-05-18T22:12:21+00:00","dateModified":"2025-07-16T19:32:44+00:00","breadcrumb":{"@id":"https:\/\/www.hhglobal.com\/cs\/careers\/#breadcrumb"},"inLanguage":"cs","potentialAction":[{"@type":"ReadAction","target":["https:\/\/www.hhglobal.com\/cs\/careers\/"]}]},{"@type":"BreadcrumbList","@id":"https:\/\/www.hhglobal.com\/cs\/careers\/#breadcrumb","itemListElement":[{"@type":"ListItem","position":1,"name":"Home","item":"https:\/\/www.hhglobal.com\/cs\/"},{"@type":"ListItem","position":2,"name":"Nastupte k n\u00e1m"}]},{"@type":"WebSite","@id":"https:\/\/www.hhglobal.com\/cs\/#website","url":"https:\/\/www.hhglobal.com\/cs\/","name":"HH Global","description":"The global, tech-enabled creative production and procurement partner.","publisher":{"@id":"https:\/\/www.hhglobal.com\/cs\/#organization"},"potentialAction":[{"@type":"SearchAction","target":{"@type":"EntryPoint","urlTemplate":"https:\/\/www.hhglobal.com\/cs\/?s={search_term_string}"},"query-input":{"@type":"PropertyValueSpecification","valueRequired":true,"valueName":"search_term_string"}}],"inLanguage":"cs"},{"@type":"Organization","@id":"https:\/\/www.hhglobal.com\/cs\/#organization","name":"HH Global","url":"https:\/\/www.hhglobal.com\/cs\/","logo":{"@type":"ImageObject","inLanguage":"cs","@id":"https:\/\/www.hhglobal.com\/cs\/#\/schema\/logo\/image\/","url":"https:\/\/www.hhglobal.com\/wp-content\/uploads\/2023\/12\/logo-white.svg","contentUrl":"https:\/\/www.hhglobal.com\/wp-content\/uploads\/2023\/12\/logo-white.svg","width":77,"height":18,"caption":"HH Global"},"image":{"@id":"https:\/\/www.hhglobal.com\/cs\/#\/schema\/logo\/image\/"}}]}},"_links":{"self":[{"href":"https:\/\/www.hhglobal.com\/cs\/wp-json\/wp\/v2\/pages\/5840","targetHints":{"allow":["GET"]}}],"collection":[{"href":"https:\/\/www.hhglobal.com\/cs\/wp-json\/wp\/v2\/pages"}],"about":[{"href":"https:\/\/www.hhglobal.com\/cs\/wp-json\/wp\/v2\/types\/page"}],"author":[{"embeddable":true,"href":"https:\/\/www.hhglobal.com\/cs\/wp-json\/wp\/v2\/users\/41"}],"replies":[{"embeddable":true,"href":"https:\/\/www.hhglobal.com\/cs\/wp-json\/wp\/v2\/comments?post=5840"}],"version-history":[{"count":0,"href":"https:\/\/www.hhglobal.com\/cs\/wp-json\/wp\/v2\/pages\/5840\/revisions"}],"wp:attachment":[{"href":"https:\/\/www.hhglobal.com\/cs\/wp-json\/wp\/v2\/media?parent=5840"}],"curies":[{"name":"wp","href":"https:\/\/api.w.org\/{rel}","templated":true}]}}