{"id":5826,"date":"2022-05-19T12:38:49","date_gmt":"2022-05-19T12:38:49","guid":{"rendered":"https:\/\/hhassoc-dev.sbx.world\/strategic-partners\/"},"modified":"2023-12-05T08:39:50","modified_gmt":"2023-12-05T08:39:50","slug":"strategic-partners","status":"publish","type":"page","link":"https:\/\/www.hhglobal.com\/cs\/who-we-are\/strategic-partners\/","title":{"rendered":"Strategi\u010dt\u00ed partne\u0159i"},"content":{"rendered":"","protected":false},"excerpt":{"rendered":"","protected":false},"author":41,"featured_media":0,"parent":0,"menu_order":0,"comment_status":"closed","ping_status":"closed","template":"","meta":{"_acf_changed":"","_yoast_wpseo_focuskw":"","_yoast_wpseo_metadesc":"","_yoast_wpseo_linkdex":"","_yoast_wpseo_content_score":"","_yoast_wpseo_meta-robots-noindex":"","_yoast_wpseo_meta-robots-nofollow":"","inline_featured_image":[],"_genesis_block_theme_hide_title":false,"_cms_nav_minihome":"","_icl_lang_duplicate_of":"","_menu_item_classes":[],"_menu_item_menu_item_parent":"","_menu_item_object":"","_menu_item_object_id":"","_menu_item_orphaned":"","_menu_item_target":"","_menu_item_type":"","_menu_item_url":"","_menu_item_xfn":"","_seedprod_page":"","_seedprod_page_template_type":"","_seedprod_page_uuid":"","_top_nav_excluded":"","_wp_attachment_backup_sizes":[],"_wp_attachment_context":"","_wp_attachment_image_alt":"","_wp_old_date":"","_wpcode_auto_insert":"","_wpcode_auto_insert_number":"","_wpcode_library_id":"","_wpml_media_duplicate":"1","_wpml_media_featured":"1","_wpml_post_translation_editor_native":"","_wpml_word_count":"{\"total\":586,\"to_translate\":{\"zh-hans\":586,\"cs\":586,\"de\":586,\"ja\":586,\"pt-br\":586,\"es\":586}}","_yoast_wpseo_estimated-reading-time-minutes":[],"_yoast_wpseo_primary_category":"","_yoast_wpseo_primary_industry":"","_yoast_wpseo_primary_solution":"","_yoast_wpseo_primary_the_author":"","_yoast_wpseo_wordproof_timestamp":"","acfml_non_translatable_locations":[],"career_externalLink":"","career_featuredImage":"","career_title":"","casestudy_featuredImage":"","casestudy_title":"","infocallout_excerpt":"","infocallout_featuredImage":"","infocallout_title":"","jobTitle":"","language":"","name":"","profilePicture":"","wp-smpro-smush-data":[],"wp-smush-animated":"","wp-smush-ignore-bulk":"","wp-smush-lossy":"","wpml_media_processed":"","_wpcode_conditional_logic_enabled":"","_wpcode_location_extra":"","_wpcode_note":"","_wpcode_priority":"","_wpcode_shortcode_attributes":[],"footnotes":""},"class_list":["post-5826","page","type-page","status-publish","hentry","post","without-featured-image"],"acf":{"page_title":"Kl\u00ed\u010dov\u00e9 v\u00fdhody a slu\u017eby strategick\u00fdch dodavatelsk\u00fdch partner\u016f | HH Global","page_description":"Sta\u0148te se strategick\u00fdm partnerem skupiny HH Global \u2013 sv\u011btov\u00e9 jedni\u010dky v kreativn\u00ed v\u00fdrob\u011b a n\u00e1kupu \u2013 a vyu\u017eijte v\u00fdhod udr\u017eiteln\u011bj\u0161\u00edho rozvoje sv\u00e9ho byznysu","social_title":"","social_description":"","social_share_image":null,"modules":[{"acf_fc_layout":"hero","size":"medium2","theme":"dark","choose_images":[{"image":2721}],"show_eyebrow":false,"eyebrow":"","title":"Strategi\u010dt\u00ed partne\u0159i","show_cta":false,"cta_url":"","cta_title":""},{"acf_fc_layout":"intro_content_block","container_background_color":"bg-white","type":false,"show_image":false,"intro_image":null,"show_background":false,"background":null,"show_eyebrow":false,"eyebrow":"Strategic partners ","show_designations":false,"designations":null,"show_title":true,"size":"large","title":"Partner pro r\u016fst","show_intro":true,"intro":"Partnerstv\u00edm se strategick\u00fdmi dodavateli, jako jste vy, vytv\u00e1\u0159\u00edme vz\u00e1jemn\u011b v\u00fdhodn\u00e9 vztahy.\r\n\r\nNa\u0161imi klienty jsou nejv\u011bt\u0161\u00ed zna\u010dky na sv\u011bt\u011b. Spol\u00e9haj\u00ed na to, \u017ee spole\u010dnost HH Global zajist\u00ed nejsiln\u011bj\u0161\u00ed a nejefektivn\u011bj\u0161\u00ed dodavatelsk\u00fd \u0159et\u011bzec. Na\u0161\u00edm posl\u00e1n\u00edm je poskytovat t\u011bmto klient\u016fm na cel\u00e9m sv\u011bt\u011b mimo\u0159\u00e1dn\u00fd vliv a z\u00e1rove\u0148 podporovat r\u016fstov\u00e9 c\u00edle va\u0161eho byznysu.\r\n\r\n<a href=\"mailto:HHGSupplierInquiry@www.hhglobal.com\"><strong>Sta\u0148te se strategick\u00fdm partnerem<\/strong><\/a>","show_body":false,"body":"Our clients are the biggest brands in the world, and there is a reason they count on HH Global to provide the strongest, most efficient supply chain in the business. We actively partner with strategic suppliers like you to create a mutually productive relationship that ensures we can deliver extraordinary impact for our clients across the globe while enabling you to grow your business.\r\n\r\n<a href=\"mailto:HHGSupplierInquiry@www.hhglobal.com\">Become a strategic partner<\/a>","show_labels":false,"labels":{"show_social":false,"custom_categories":null}},{"acf_fc_layout":"text_with_media","scroll_to_link":"","theme":"light","container_background_color":"bg-grey","show_eyebrow":false,"eyebrow":"","show_title":false,"title":"","show_sub_title":true,"sub_title":"V\u00fdhody a slu\u017eby","content":"<h4>Pr\u00e1ce s nejv\u011bt\u0161\u00edmi zna\u010dkami a nejlep\u0161\u00ed technologi\u00ed ve sv\u00e9 t\u0159\u00edd\u011b<\/h4>\r\n\r\nSpole\u010dnost HH Global nab\u00edz\u00ed sv\u00fdm strategick\u00fdm dodavatelsk\u00fdm partner\u016fm v\u00fdhody a slu\u017eby, kter\u00e9 nemaj\u00ed v oboru obdoby:\r\n\r\n<ul>\r\n \t<li>\u00dakolov\u00fd r\u016fst s nejv\u011bt\u0161\u00edmi zna\u010dkami na sv\u011bt\u011b<\/li>\r\n \t<li>Na\u0161e region\u00e1ln\u00ed t\u00fdmy k \u0159\u00edzen\u00ed kategorie Strategic Sourcing p\u0159izp\u016fsobuj\u00ed po\u017eadavky na\u0161ich klient\u016f va\u0161im schopnostem a umo\u017e\u0148uj\u00ed v\u00e1m d\u011blat v\u00edce toho, v \u010dem jste dob\u0159\u00ed<\/li>\r\n \t<li>Zaji\u0161\u0165ujeme osv\u011bd\u010den\u00e9 postupy v dodavatelsk\u00e9m \u0159et\u011bzci i optimaliza\u010dn\u00ed a procesn\u00ed poradenstv\u00ed pro strategick\u00e9 dodavatelsk\u00e9 partnery ke zv\u00fd\u0161en\u00ed va\u0161\u00ed v\u00fdkonnosti<\/li>\r\n<\/ul>","cta_url":"","cta_text":"","open_in_new_window":false,"choose_media":[{"image":5133}],"image_alignment":"left","image_fit":"cover","image_size":"half-width","vimeoid":"","ytid":""},{"acf_fc_layout":"text_with_media","scroll_to_link":"","theme":"light","container_background_color":"bg-grey","show_eyebrow":false,"eyebrow":"","show_title":false,"title":"Learn more about Sustainable Procurement Framework  ","show_sub_title":false,"sub_title":"Benefits and services","content":"<h4>Zlep\u0161ete svou efektivitu pomoc\u00ed na\u0161\u00ed sady Hub e-n\u00e1kupu<\/h4>\r\n\r\nPreferovan\u00fd status jako strategick\u00fd dodavatelsk\u00fd partner skupiny HH Global v\u00e1m v r\u00e1mci v\u0161ech na\u0161ich syst\u00e9m\u016f e-commerce d\u00e1v\u00e1:\r\n<ul>\r\n \t<li>Optimalizovan\u00fd syst\u00e9m elektronick\u00e9 fakturace pro minimalizaci administrativn\u00edch n\u00e1klad\u016f a zkr\u00e1cen\u00ed platebn\u00edho cyklu<\/li>\r\n \t<li>P\u0159\u00edstup k p\u0159izp\u016fsoben\u00e9mu panelu v\u00fdkonnosti pro podporu va\u0161eho rozhodov\u00e1n\u00ed a \u010dinnosti<\/li>\r\n<\/ul>\r\n<h4>Z\u00edskejte v\u011bt\u0161\u00ed viditelnost pro sv\u016fj byznys a zvy\u0161te svou v\u00fdkonnost<\/h4>\r\n<ul>\r\n \t<li>Zahrnut\u00ed do na\u0161eho propriet\u00e1rn\u00edho syst\u00e9mu pro Supplier Relationship Management<\/li>\r\n \t<li>Zahrnut\u00ed do programu Supplier Insight Program skupiny HH Global<\/li>\r\n \t<li>Hodnocen\u00ed dodavatelsk\u00e9 v\u00fdkonnosti<\/li>\r\n \t<li>Inova\u010dn\u00ed benchmarking na z\u00e1klad\u011b osv\u011bd\u010den\u00fdch postup\u016f v odv\u011btv\u00ed a kategorii<\/li>\r\n \t<li>Audity provozn\u00edch a informa\u010dn\u011b bezpe\u010dnostn\u00edch rizik<\/li>\r\n<\/ul>\r\n&nbsp;","cta_url":"","cta_text":"","open_in_new_window":false,"choose_media":[{"image":5043}],"image_alignment":"right","image_fit":"cover","image_size":"half-width","vimeoid":"","ytid":""},{"acf_fc_layout":"text_with_media","scroll_to_link":"","theme":"light","container_background_color":"bg-grey","show_eyebrow":false,"eyebrow":"","show_title":false,"title":"","show_sub_title":true,"sub_title":"Zlep\u0161ete sv\u016fj profil ESG pomoc\u00ed na\u0161eho programu SPF","content":"<h4>Spl\u0148te rostouc\u00ed po\u017eadavky na udr\u017eitelnou v\u00fdkonnost\r\n<\/h4>\r\nSkupina HH Global je odhodl\u00e1na pom\u00e1hat na\u0161im strategick\u00fdm dodavatelsk\u00fdm partner\u016fm udr\u017eiteln\u011b rozv\u00edjet jejich byznys.\r\n\r\nSt\u00e1le v\u00edce na\u0161ich klient\u016f vy\u017eaduje, aby dodavatel\u00e9 plnili \u00fakoly udr\u017eitelnosti. Pro pomoc s pokrokem na cest\u011b k udr\u017eitelnosti a pro z\u00edsk\u00e1n\u00ed v\u00edce byznysu od nejv\u011bt\u0161\u00edch zna\u010dek na sv\u011bt\u011b nab\u00edz\u00edme program SPF (Sustainable Procurement Framework) skupiny HH Global.\r\n\r\nProgram SPF \u2013 exkluzivn\u011b pro na\u0161e strategick\u00e9 dodavatelsk\u00e9 partnery \u2013 je inovativn\u00ed, technologi\u00ed \u0159\u00edzen\u00fd program dodavatelsk\u00e9ho \u0159et\u011bzce, kter\u00fd je v souladu s c\u00edli udr\u017eiteln\u00e9ho rozvoje OSN. Ten v\u00e1m pom\u016f\u017ee snadno sd\u00edlet va\u0161e pov\u011b\u0159en\u00ed a pokro\u010dit vp\u0159ed k obchodn\u00edm postup\u016fm, kter\u00e9 jsou v\u00edce v souladu s p\u0159edpisy.","cta_url":"","cta_text":"","open_in_new_window":false,"choose_media":[{"image":2553}],"image_alignment":"right","image_fit":"cover","image_size":"half-width","vimeoid":"","ytid":""},{"acf_fc_layout":"quotes","container_background_color":"bg-grey","quote":[{"attribution_name":"Carolyn Pickney","attribution_title":"President, Billboard Agency International, Severn\u00ed Amerika","content":"Spolupr\u00e1ce se skupinou HH Global je v\u00e1nek sv\u011b\u017e\u00edho vzduchu ve velmi n\u00e1ro\u010dn\u00e9m oboru. Respekt, kter\u00fd skupina HH Global chov\u00e1 ke sv\u00fdm dodavatel\u016fm, d\u016fv\u011bryhodn\u00e9 partnerstv\u00ed a komunikace jsou zdaleka nejlep\u0161\u00ed v oboru. Spolupr\u00e1ce se v\u0161emi ve skupin\u011b HH Global n\u00e1s bav\u00ed a v\u00e1\u017e\u00edme si na\u0161eho vztahu.","prevent_graphic":false},{"attribution_name":"Laura Soto","attribution_title":"Director, Grupo Imaginaci\u00f3n y Movimiento, Mexiko","content":"Spolupr\u00e1ce se skupinou HH Global n\u00e1s dr\u017e\u00ed na \u00farovni vysok\u00e9 kvality a podporuje neust\u00e1l\u00e9 zlep\u0161ov\u00e1n\u00ed. Ka\u017ed\u00fd projekt je jin\u00fd a p\u0159edstavuje novou v\u00fdzvu; st\u00e1le vyv\u00edj\u00edme inovace a pracujeme v t\u00fdmov\u00e9m duchu a se z\u00e1kaznick\u00fdm zam\u011b\u0159en\u00edm, kter\u00e9 charakterizuje na\u0161eho obchodn\u00edho partnera, a to v\u0161e zaji\u0161\u0165uje p\u0159idanou hodnotu k na\u0161\u00ed \u010dinnosti. Jsme strategick\u00fdm dodavatelem skupiny HH Global ji\u017e v\u00edce ne\u017e p\u011bt let, a b\u011bhem t\u00e9 doby registrujeme neust\u00e1l\u00fd r\u016fst, proto\u017ee se k n\u00e1m p\u0159id\u00e1vaj\u00ed nov\u00ed klienti.","prevent_graphic":false},{"attribution_name":"Bachar Aintaoui","attribution_title":"Chairman, MBA Group, Velk\u00e1 Brit\u00e1nie","content":"Ve spol. MBA v\u011b\u0159\u00edme, \u017ee inovace a spolupr\u00e1ce mohou zm\u011bnit n\u00e1\u0161 byznys k lep\u0161\u00edmu. Stejn\u00fd p\u0159\u00edstup vyhled\u00e1v\u00e1me i u firem, se kter\u00fdmi spolupracujeme, abychom na\u0161im z\u00e1kazn\u00edk\u016fm mohli poskytovat lep\u0161\u00ed a efektivn\u011bj\u0161\u00ed slu\u017eby. Jde o kl\u00ed\u010d k na\u0161emu \u00fasp\u011b\u0161n\u00e9mu 10let\u00e9mu vztahu se skupinou HH Global \u2013 proaktivn\u00ed pr\u00e1ce pomoc\u00ed partnersk\u00e9ho sourcingu, kter\u00fd se zam\u011b\u0159uje na neust\u00e1l\u00e9 zlep\u0161ov\u00e1n\u00ed a p\u0159in\u00e1\u0161\u00ed hodnotu za pen\u00edze, osv\u011bd\u010den\u00e9 postupy a inovace.","prevent_graphic":false}],"reduce_spacing":false},{"acf_fc_layout":"contact_form","title":"Napi\u0161te n\u00e1m"}]},"yoast_head":"<!-- This site is optimized with the Yoast SEO plugin v27.3 - https:\/\/yoast.com\/product\/yoast-seo-wordpress\/ -->\n<title>Strategi\u010dt\u00ed partne\u0159i - HH Global<\/title>\n<meta name=\"robots\" content=\"index, follow, max-snippet:-1, max-image-preview:large, max-video-preview:-1\" \/>\n<link rel=\"canonical\" href=\"https:\/\/www.hhglobal.com\/cs\/who-we-are\/strategic-partners\/\" \/>\n<meta property=\"og:locale\" content=\"cs_CZ\" \/>\n<meta property=\"og:type\" content=\"article\" \/>\n<meta property=\"og:title\" content=\"Strategi\u010dt\u00ed partne\u0159i - HH Global\" \/>\n<meta property=\"og:url\" content=\"https:\/\/www.hhglobal.com\/cs\/who-we-are\/strategic-partners\/\" \/>\n<meta property=\"og:site_name\" content=\"HH Global\" \/>\n<meta property=\"article:modified_time\" content=\"2023-12-05T08:39:50+00:00\" \/>\n<meta name=\"twitter:card\" content=\"summary_large_image\" \/>\n<script type=\"application\/ld+json\" class=\"yoast-schema-graph\">{\"@context\":\"https:\\\/\\\/schema.org\",\"@graph\":[{\"@type\":\"WebPage\",\"@id\":\"https:\\\/\\\/www.hhglobal.com\\\/cs\\\/who-we-are\\\/strategic-partners\\\/\",\"url\":\"https:\\\/\\\/www.hhglobal.com\\\/cs\\\/who-we-are\\\/strategic-partners\\\/\",\"name\":\"Strategi\u010dt\u00ed partne\u0159i - HH Global\",\"isPartOf\":{\"@id\":\"https:\\\/\\\/www.hhglobal.com\\\/cs\\\/#website\"},\"datePublished\":\"2022-05-19T12:38:49+00:00\",\"dateModified\":\"2023-12-05T08:39:50+00:00\",\"breadcrumb\":{\"@id\":\"https:\\\/\\\/www.hhglobal.com\\\/cs\\\/who-we-are\\\/strategic-partners\\\/#breadcrumb\"},\"inLanguage\":\"cs\",\"potentialAction\":[{\"@type\":\"ReadAction\",\"target\":[\"https:\\\/\\\/www.hhglobal.com\\\/cs\\\/who-we-are\\\/strategic-partners\\\/\"]}]},{\"@type\":\"BreadcrumbList\",\"@id\":\"https:\\\/\\\/www.hhglobal.com\\\/cs\\\/who-we-are\\\/strategic-partners\\\/#breadcrumb\",\"itemListElement\":[{\"@type\":\"ListItem\",\"position\":1,\"name\":\"Home\",\"item\":\"https:\\\/\\\/www.hhglobal.com\\\/cs\\\/\"},{\"@type\":\"ListItem\",\"position\":2,\"name\":\"Strategi\u010dt\u00ed partne\u0159i\"}]},{\"@type\":\"WebSite\",\"@id\":\"https:\\\/\\\/www.hhglobal.com\\\/cs\\\/#website\",\"url\":\"https:\\\/\\\/www.hhglobal.com\\\/cs\\\/\",\"name\":\"HH Global\",\"description\":\"The global, tech-enabled creative production and procurement partner.\",\"publisher\":{\"@id\":\"https:\\\/\\\/www.hhglobal.com\\\/cs\\\/#organization\"},\"potentialAction\":[{\"@type\":\"SearchAction\",\"target\":{\"@type\":\"EntryPoint\",\"urlTemplate\":\"https:\\\/\\\/www.hhglobal.com\\\/cs\\\/?s={search_term_string}\"},\"query-input\":{\"@type\":\"PropertyValueSpecification\",\"valueRequired\":true,\"valueName\":\"search_term_string\"}}],\"inLanguage\":\"cs\"},{\"@type\":\"Organization\",\"@id\":\"https:\\\/\\\/www.hhglobal.com\\\/cs\\\/#organization\",\"name\":\"HH Global\",\"url\":\"https:\\\/\\\/www.hhglobal.com\\\/cs\\\/\",\"logo\":{\"@type\":\"ImageObject\",\"inLanguage\":\"cs\",\"@id\":\"https:\\\/\\\/www.hhglobal.com\\\/cs\\\/#\\\/schema\\\/logo\\\/image\\\/\",\"url\":\"https:\\\/\\\/www.hhglobal.com\\\/wp-content\\\/uploads\\\/2023\\\/12\\\/logo-white.svg\",\"contentUrl\":\"https:\\\/\\\/www.hhglobal.com\\\/wp-content\\\/uploads\\\/2023\\\/12\\\/logo-white.svg\",\"width\":77,\"height\":18,\"caption\":\"HH Global\"},\"image\":{\"@id\":\"https:\\\/\\\/www.hhglobal.com\\\/cs\\\/#\\\/schema\\\/logo\\\/image\\\/\"}}]}<\/script>\n<!-- \/ Yoast SEO plugin. -->","yoast_head_json":{"title":"Strategi\u010dt\u00ed partne\u0159i - HH Global","robots":{"index":"index","follow":"follow","max-snippet":"max-snippet:-1","max-image-preview":"max-image-preview:large","max-video-preview":"max-video-preview:-1"},"canonical":"https:\/\/www.hhglobal.com\/cs\/who-we-are\/strategic-partners\/","og_locale":"cs_CZ","og_type":"article","og_title":"Strategi\u010dt\u00ed partne\u0159i - HH Global","og_url":"https:\/\/www.hhglobal.com\/cs\/who-we-are\/strategic-partners\/","og_site_name":"HH Global","article_modified_time":"2023-12-05T08:39:50+00:00","twitter_card":"summary_large_image","schema":{"@context":"https:\/\/schema.org","@graph":[{"@type":"WebPage","@id":"https:\/\/www.hhglobal.com\/cs\/who-we-are\/strategic-partners\/","url":"https:\/\/www.hhglobal.com\/cs\/who-we-are\/strategic-partners\/","name":"Strategi\u010dt\u00ed partne\u0159i - HH Global","isPartOf":{"@id":"https:\/\/www.hhglobal.com\/cs\/#website"},"datePublished":"2022-05-19T12:38:49+00:00","dateModified":"2023-12-05T08:39:50+00:00","breadcrumb":{"@id":"https:\/\/www.hhglobal.com\/cs\/who-we-are\/strategic-partners\/#breadcrumb"},"inLanguage":"cs","potentialAction":[{"@type":"ReadAction","target":["https:\/\/www.hhglobal.com\/cs\/who-we-are\/strategic-partners\/"]}]},{"@type":"BreadcrumbList","@id":"https:\/\/www.hhglobal.com\/cs\/who-we-are\/strategic-partners\/#breadcrumb","itemListElement":[{"@type":"ListItem","position":1,"name":"Home","item":"https:\/\/www.hhglobal.com\/cs\/"},{"@type":"ListItem","position":2,"name":"Strategi\u010dt\u00ed partne\u0159i"}]},{"@type":"WebSite","@id":"https:\/\/www.hhglobal.com\/cs\/#website","url":"https:\/\/www.hhglobal.com\/cs\/","name":"HH Global","description":"The global, tech-enabled creative production and procurement partner.","publisher":{"@id":"https:\/\/www.hhglobal.com\/cs\/#organization"},"potentialAction":[{"@type":"SearchAction","target":{"@type":"EntryPoint","urlTemplate":"https:\/\/www.hhglobal.com\/cs\/?s={search_term_string}"},"query-input":{"@type":"PropertyValueSpecification","valueRequired":true,"valueName":"search_term_string"}}],"inLanguage":"cs"},{"@type":"Organization","@id":"https:\/\/www.hhglobal.com\/cs\/#organization","name":"HH Global","url":"https:\/\/www.hhglobal.com\/cs\/","logo":{"@type":"ImageObject","inLanguage":"cs","@id":"https:\/\/www.hhglobal.com\/cs\/#\/schema\/logo\/image\/","url":"https:\/\/www.hhglobal.com\/wp-content\/uploads\/2023\/12\/logo-white.svg","contentUrl":"https:\/\/www.hhglobal.com\/wp-content\/uploads\/2023\/12\/logo-white.svg","width":77,"height":18,"caption":"HH Global"},"image":{"@id":"https:\/\/www.hhglobal.com\/cs\/#\/schema\/logo\/image\/"}}]}},"_links":{"self":[{"href":"https:\/\/www.hhglobal.com\/cs\/wp-json\/wp\/v2\/pages\/5826","targetHints":{"allow":["GET"]}}],"collection":[{"href":"https:\/\/www.hhglobal.com\/cs\/wp-json\/wp\/v2\/pages"}],"about":[{"href":"https:\/\/www.hhglobal.com\/cs\/wp-json\/wp\/v2\/types\/page"}],"author":[{"embeddable":true,"href":"https:\/\/www.hhglobal.com\/cs\/wp-json\/wp\/v2\/users\/41"}],"replies":[{"embeddable":true,"href":"https:\/\/www.hhglobal.com\/cs\/wp-json\/wp\/v2\/comments?post=5826"}],"version-history":[{"count":0,"href":"https:\/\/www.hhglobal.com\/cs\/wp-json\/wp\/v2\/pages\/5826\/revisions"}],"wp:attachment":[{"href":"https:\/\/www.hhglobal.com\/cs\/wp-json\/wp\/v2\/media?parent=5826"}],"curies":[{"name":"wp","href":"https:\/\/api.w.org\/{rel}","templated":true}]}}