{"id":5801,"date":"2022-05-19T12:46:27","date_gmt":"2022-05-19T12:46:27","guid":{"rendered":"https:\/\/hhassoc-dev.sbx.world\/technology\/"},"modified":"2023-11-24T13:58:35","modified_gmt":"2023-11-24T13:58:35","slug":"technology","status":"publish","type":"page","link":"https:\/\/www.hhglobal.com\/cs\/what-we-do\/technology\/","title":{"rendered":"Technologie"},"content":{"rendered":"","protected":false},"excerpt":{"rendered":"","protected":false},"author":41,"featured_media":0,"parent":0,"menu_order":0,"comment_status":"closed","ping_status":"closed","template":"","meta":{"_acf_changed":"","_yoast_wpseo_focuskw":"","_yoast_wpseo_metadesc":"","_yoast_wpseo_linkdex":"","_yoast_wpseo_content_score":"","_yoast_wpseo_meta-robots-noindex":"","_yoast_wpseo_meta-robots-nofollow":"","inline_featured_image":[],"_genesis_block_theme_hide_title":false,"_cms_nav_minihome":"","_icl_lang_duplicate_of":"","_menu_item_classes":[],"_menu_item_menu_item_parent":"","_menu_item_object":"","_menu_item_object_id":"","_menu_item_orphaned":"","_menu_item_target":"","_menu_item_type":"","_menu_item_url":"","_menu_item_xfn":"","_seedprod_page":"","_seedprod_page_template_type":"","_seedprod_page_uuid":"","_top_nav_excluded":"","_wp_attachment_backup_sizes":[],"_wp_attachment_context":"","_wp_attachment_image_alt":"","_wp_old_date":"","_wpcode_auto_insert":"","_wpcode_auto_insert_number":"","_wpcode_library_id":"","_wpml_media_duplicate":"1","_wpml_media_featured":"1","_wpml_post_translation_editor_native":"","_wpml_word_count":"{\"total\":593,\"to_translate\":{\"zh-hans\":593,\"cs\":593,\"de\":593,\"ja\":593,\"pt-br\":593,\"es\":593}}","_yoast_wpseo_estimated-reading-time-minutes":[],"_yoast_wpseo_primary_category":"","_yoast_wpseo_primary_industry":"","_yoast_wpseo_primary_solution":"","_yoast_wpseo_primary_the_author":"","_yoast_wpseo_wordproof_timestamp":"","acfml_non_translatable_locations":[],"career_externalLink":"","career_featuredImage":"","career_title":"","casestudy_featuredImage":"","casestudy_title":"","infocallout_excerpt":"","infocallout_featuredImage":"","infocallout_title":"","jobTitle":"","language":"","name":"","profilePicture":"","wp-smpro-smush-data":[],"wp-smush-animated":"","wp-smush-ignore-bulk":"","wp-smush-lossy":"","wpml_media_processed":"","_wpcode_conditional_logic_enabled":"","_wpcode_location_extra":"","_wpcode_note":"","_wpcode_priority":"","_wpcode_shortcode_attributes":[],"footnotes":""},"class_list":["post-5801","page","type-page","status-publish","hentry","post","without-featured-image"],"acf":{"page_title":"Propriet\u00e1rn\u00ed technologie pro vynikaj\u00edc\u00ed efektivn\u00ed a marketingovou n\u00e1vratnost investic","page_description":"Na\u0161e nejlep\u0161\u00ed propriet\u00e1rn\u00ed technologie ve sv\u00e9 t\u0159\u00edd\u011b \u0159\u00edd\u00ed provozn\u00ed efektivitu, viditelnost v\u00fdkonnosti a n\u00e1vratnost investic pro na\u0161e klienty","social_title":"","social_description":"","social_share_image":null,"modules":[{"acf_fc_layout":"hero","size":"medium2","theme":"dark","choose_images":[{"image":4857},{"image":3429},{"image":3609},{"image":2511}],"show_eyebrow":false,"eyebrow":"","title":"Technologie","show_cta":false,"cta_url":"","cta_title":""},{"acf_fc_layout":"intro_content_block","scroll_to_link":"","container_background_color":"bg-white","type":false,"show_image":false,"intro_image":null,"show_background":false,"background":null,"show_eyebrow":false,"eyebrow":"","show_designations":false,"designations":null,"show_title":true,"size":"large","title":"Platformov\u00e1 inovace + efektivn\u00ed marketingov\u00e1 aktivace","show_intro":false,"intro":"","show_body":false,"body":"","show_labels":false,"labels":{"show_social":false,"custom_categories":null}},{"acf_fc_layout":"text_with_media_carousel","scroll_to_link":"","theme":"light","container_background_color":"bg-grey","highlight_color":"purple","title":"Propriet\u00e1rn\u00ed technologie k \u0159\u00edzen\u00ed n\u00e1vratnosti investic","content":"Na\u0161e nejlep\u0161\u00ed technologie ve sv\u00e9 t\u0159\u00edd\u011b \u0159\u00edd\u00ed jedine\u010dn\u00fd marketingov\u00fd vliv. Sjedno\u0165te zna\u010dky, zem\u011b a regiony pro dosa\u017een\u00ed \u0161k\u00e1lov\u00e1n\u00ed s rychlost\u00ed poznatk\u016f \u0159\u00edzen\u00fdch daty. Sledujte v\u00fddaje a m\u011b\u0159te v\u00fdkonnost pro neust\u00e1l\u00e9 zlep\u0161ov\u00e1n\u00ed. Optimalizujte funk\u010dnost ka\u017ed\u00e9ho kroku cesty pro redukci pl\u00fdtv\u00e1n\u00ed, podporu r\u016fstu a aktivaci transformace.\r\n\r\nNa\u0161e strategick\u00e9 n\u00e1stroje, vytvo\u0159en\u00e9 pro glob\u00e1ln\u00ed podniky, lze integrovat do st\u00e1vaj\u00edc\u00edch syst\u00e9m\u016f a t\u00edm zefektivnit ka\u017ed\u00fd aspekt va\u0161eho marketingu. Pat\u0159\u00ed k nim moduly, kter\u00e9 pom\u00e1haj\u00ed pl\u00e1novat, vytv\u00e1\u0159et, kupovat i realizovat kampan\u011b a z\u00e1rove\u0148 poskytuj\u00ed poznatky o v\u00fdsledc\u00edch.","additional_spacing":false,"features_title":"Oblasti slu\u017eeb","features":[{"navigation_label":"E-store","show_title":true,"title":"E-store","show_subtitle":false,"subtitle":"","content":"<ul>\r\n \t<li data-leveltext=\"\uf0b7\" data-font=\"Symbol\" data-listid=\"23\" data-list-defn-props=\"{&quot;335552541&quot;:1,&quot;335559684&quot;:-2,&quot;335559685&quot;:720,&quot;335559991&quot;:360,&quot;469769226&quot;:&quot;Symbol&quot;,&quot;469769242&quot;:[8226],&quot;469777803&quot;:&quot;left&quot;,&quot;469777804&quot;:&quot;\uf0b7&quot;,&quot;469777815&quot;:&quot;hybridMultilevel&quot;}\" aria-setsize=\"-1\" data-aria-posinset=\"1\" data-aria-level=\"1\">P\u0159izp\u016fsoben\u00e9 webov\u00e9 prodejny pro v\u0161echny va\u0161e marketingov\u00e9 materi\u00e1ly \u2013 fyzick\u00e9 nebo digit\u00e1ln\u00ed \u2013 p\u0159es syst\u00e9m e-commerce na b\u00e1zi n\u00e1kupn\u00edho ko\u0161\u00edku<\/li>\r\n \t<li data-leveltext=\"\uf0b7\" data-font=\"Symbol\" data-listid=\"23\" data-list-defn-props=\"{&quot;335552541&quot;:1,&quot;335559684&quot;:-2,&quot;335559685&quot;:720,&quot;335559991&quot;:360,&quot;469769226&quot;:&quot;Symbol&quot;,&quot;469769242&quot;:[8226],&quot;469777803&quot;:&quot;left&quot;,&quot;469777804&quot;:&quot;\uf0b7&quot;,&quot;469777815&quot;:&quot;hybridMultilevel&quot;}\" aria-setsize=\"-1\" data-aria-posinset=\"1\" data-aria-level=\"1\">Snadn\u00e9 pou\u017eit\u00ed v 18 jazyc\u00edch a 38 m\u011bn\u00e1ch umo\u017e\u0148uje podnikov\u00fdm u\u017eivatel\u016fm naj\u00edt, vybrat, objednat a sledovat v\u0161e, co pot\u0159ebuj\u00ed, z jedin\u00e9ho zdroje<\/li>\r\n \t<li data-leveltext=\"\uf0b7\" data-font=\"Symbol\" data-listid=\"23\" data-list-defn-props=\"{&quot;335552541&quot;:1,&quot;335559684&quot;:-2,&quot;335559685&quot;:720,&quot;335559991&quot;:360,&quot;469769226&quot;:&quot;Symbol&quot;,&quot;469769242&quot;:[8226],&quot;469777803&quot;:&quot;left&quot;,&quot;469777804&quot;:&quot;\uf0b7&quot;,&quot;469777815&quot;:&quot;hybridMultilevel&quot;}\" aria-setsize=\"-1\" data-aria-posinset=\"1\" data-aria-level=\"1\">Klienti \u0159\u00edd\u00ed p\u0159\u00edstup pomoc\u00ed podnikov\u00fdch syst\u00e9m\u016f, jako jsou Ariba a Coupa, pro spr\u00e1vu u\u017eivatelsk\u00fdch identit a zaji\u0161t\u011bn\u00ed prezentov\u00e1n\u00ed spr\u00e1vn\u00e9ho obsahu<\/li>\r\n<\/ul>","choose_media":[{"image":5367}],"vimeoid":"","ytid":""},{"navigation_label":"Spr\u00e1va digit\u00e1ln\u00edch aktiv","show_title":true,"title":"Spr\u00e1va digit\u00e1ln\u00edch aktiv","show_subtitle":false,"subtitle":"","content":"<ul style=\"font-weight: 400;\">\r\n \t<li data-leveltext=\"\uf0b7\" data-font=\"Symbol\" data-listid=\"24\" data-list-defn-props=\"{&quot;335552541&quot;:1,&quot;335559684&quot;:-2,&quot;335559685&quot;:720,&quot;335559991&quot;:360,&quot;469769226&quot;:&quot;Symbol&quot;,&quot;469769242&quot;:[8226],&quot;469777803&quot;:&quot;left&quot;,&quot;469777804&quot;:&quot;\uf0b7&quot;,&quot;469777815&quot;:&quot;hybridMultilevel&quot;}\" aria-setsize=\"-1\" data-aria-posinset=\"1\" data-aria-level=\"1\">P\u0159evezm\u011bte kontrolu nad aktivy a soubory v\u00fdroby od agentur a dodavatelsk\u00e9ho \u0159et\u011bzce pomoc\u00ed on-line \u00falo\u017ei\u0161t\u011b digit\u00e1ln\u00edch soubor\u016f Hub Digital Asset Manager<\/li>\r\n \t<li data-leveltext=\"\uf0b7\" data-font=\"Symbol\" data-listid=\"24\" data-list-defn-props=\"{&quot;335552541&quot;:1,&quot;335559684&quot;:-2,&quot;335559685&quot;:720,&quot;335559991&quot;:360,&quot;469769226&quot;:&quot;Symbol&quot;,&quot;469769242&quot;:[8226],&quot;469777803&quot;:&quot;left&quot;,&quot;469777804&quot;:&quot;\uf0b7&quot;,&quot;469777815&quot;:&quot;hybridMultilevel&quot;}\" aria-setsize=\"-1\" data-aria-posinset=\"1\" data-aria-level=\"1\">Automatizujte workflows poskytnut\u00edm integrovan\u00e9ho, zabezpe\u010den\u00e9ho rozhran\u00ed pro p\u0159\u00edjem soubor\u016f a robustn\u00edho procesu uvol\u0148ov\u00e1n\u00ed pro zaji\u0161t\u011bn\u00ed, \u017ee dodavatel\u00e9 v\u00fdroby obdr\u017e\u00ed spr\u00e1vn\u00fd soubor ve spr\u00e1vn\u00fd \u010das<\/li>\r\n \t<li data-leveltext=\"\uf0b7\" data-font=\"Symbol\" data-listid=\"24\" data-list-defn-props=\"{&quot;335552541&quot;:1,&quot;335559684&quot;:-2,&quot;335559685&quot;:720,&quot;335559991&quot;:360,&quot;469769226&quot;:&quot;Symbol&quot;,&quot;469769242&quot;:[8226],&quot;469777803&quot;:&quot;left&quot;,&quot;469777804&quot;:&quot;\uf0b7&quot;,&quot;469777815&quot;:&quot;hybridMultilevel&quot;}\" aria-setsize=\"-1\" data-aria-posinset=\"1\" data-aria-level=\"1\">Nasa\u010fte, adaptujte a znovu pou\u017eijte obsah v r\u00e1mci v\u0161ech kan\u00e1l\u016f \u2013 fyzick\u00fdch i digit\u00e1ln\u00edch \u2013 pomoc\u00ed chytr\u00fdch a dob\u0159e strukturovan\u00fdch metadat<\/li>\r\n<\/ul>","choose_media":[{"image":4863}],"vimeoid":"","ytid":""},{"navigation_label":"Profilov\u00e1n\u00ed prodejen","show_title":true,"title":"Profilov\u00e1n\u00ed prodejen","show_subtitle":false,"subtitle":"","content":"<ul>\r\n \t<li data-leveltext=\"\uf0b7\" data-font=\"Symbol\" data-listid=\"25\" data-list-defn-props=\"{&quot;335552541&quot;:1,&quot;335559684&quot;:-2,&quot;335559685&quot;:720,&quot;335559991&quot;:360,&quot;469769226&quot;:&quot;Symbol&quot;,&quot;469769242&quot;:[8226],&quot;469777803&quot;:&quot;left&quot;,&quot;469777804&quot;:&quot;\uf0b7&quot;,&quot;469777815&quot;:&quot;hybridMultilevel&quot;}\" aria-setsize=\"-1\" data-aria-posinset=\"1\" data-aria-level=\"1\">Eliminujte ru\u010dn\u00ed v\u00fdpo\u010dty p\u0159i ur\u010dov\u00e1n\u00ed po\u017eadavk\u016f v\u00fdroby pro ka\u017edou prodejnu v s\u00edti retailov\u00e9ho prodejce.<\/li>\r\n \t<li data-leveltext=\"\uf0b7\" data-font=\"Symbol\" data-listid=\"25\" data-list-defn-props=\"{&quot;335552541&quot;:1,&quot;335559684&quot;:-2,&quot;335559685&quot;:720,&quot;335559991&quot;:360,&quot;469769226&quot;:&quot;Symbol&quot;,&quot;469769242&quot;:[8226],&quot;469777803&quot;:&quot;left&quot;,&quot;469777804&quot;:&quot;\uf0b7&quot;,&quot;469777815&quot;:&quot;hybridMultilevel&quot;}\" aria-setsize=\"-1\" data-aria-posinset=\"1\" data-aria-level=\"1\">Retail Store Profiler udr\u017euje atributy prodejen a informace o m\u00edstech expozice, automaticky generuje zna\u010den\u00ed a seznamy souprav pro redukci pl\u00fdtv\u00e1n\u00ed zaji\u0161t\u011bn\u00edm v\u00fdroby pouze toho, co je t\u0159eba<\/li>\r\n \t<li data-leveltext=\"\uf0b7\" data-font=\"Symbol\" data-listid=\"25\" data-list-defn-props=\"{&quot;335552541&quot;:1,&quot;335559684&quot;:-2,&quot;335559685&quot;:720,&quot;335559991&quot;:360,&quot;469769226&quot;:&quot;Symbol&quot;,&quot;469769242&quot;:[8226],&quot;469777803&quot;:&quot;left&quot;,&quot;469777804&quot;:&quot;\uf0b7&quot;,&quot;469777815&quot;:&quot;hybridMultilevel&quot;}\" aria-setsize=\"-1\" data-aria-posinset=\"1\" data-aria-level=\"1\">Snadno udr\u017eovateln\u00fd a aktualizovateln\u00fd Retail Store Profiler umo\u017e\u0148uje rozm\u00edstit spr\u00e1vn\u00e9 zna\u010den\u00ed na optim\u00e1ln\u00ed m\u00edsto pro vyv\u00edjen\u00ed vlivu<\/li>\r\n<\/ul>","choose_media":[{"image":3519}],"vimeoid":"","ytid":""},{"navigation_label":"V\u00fdkaznictv\u00ed + analytika","show_title":true,"title":"V\u00fdkaznictv\u00ed + analytika","show_subtitle":false,"subtitle":"","content":"<ul style=\"font-weight: 400;\">\r\n \t<li data-leveltext=\"\uf0b7\" data-font=\"Symbol\" data-listid=\"26\" data-list-defn-props=\"{&quot;335552541&quot;:1,&quot;335559684&quot;:-2,&quot;335559685&quot;:720,&quot;335559991&quot;:360,&quot;469769226&quot;:&quot;Symbol&quot;,&quot;469769242&quot;:[8226],&quot;469777803&quot;:&quot;left&quot;,&quot;469777804&quot;:&quot;\uf0b7&quot;,&quot;469777815&quot;:&quot;hybridMultilevel&quot;}\" aria-setsize=\"-1\" data-aria-posinset=\"1\" data-aria-level=\"1\">P\u0159izp\u016fsoben\u00e9 dashboardy se zna\u010dkou klienta pro v\u00fdkaznictv\u00ed, anal\u00fdzu trend\u016f a mezer, i analytiku v\u00fddaj\u016f a udr\u017eitelnosti<\/li>\r\n \t<li data-leveltext=\"\uf0b7\" data-font=\"Symbol\" data-listid=\"26\" data-list-defn-props=\"{&quot;335552541&quot;:1,&quot;335559684&quot;:-2,&quot;335559685&quot;:720,&quot;335559991&quot;:360,&quot;469769226&quot;:&quot;Symbol&quot;,&quot;469769242&quot;:[8226],&quot;469777803&quot;:&quot;left&quot;,&quot;469777804&quot;:&quot;\uf0b7&quot;,&quot;469777815&quot;:&quot;hybridMultilevel&quot;}\" aria-setsize=\"-1\" data-aria-posinset=\"1\" data-aria-level=\"1\">Snadn\u00fd p\u0159\u00edstup k dat\u016fm p\u0159es zkonfigurovan\u00e9 v\u00fdkaznictv\u00ed a dashboardy poskytuj\u00edc\u00ed relevantn\u00ed, ak\u010dn\u011b orientovan\u00e9 poznatky pro podporu rozhodov\u00e1n\u00ed a investic<\/li>\r\n \t<li data-leveltext=\"\uf0b7\" data-font=\"Symbol\" data-listid=\"26\" data-list-defn-props=\"{&quot;335552541&quot;:1,&quot;335559684&quot;:-2,&quot;335559685&quot;:720,&quot;335559991&quot;:360,&quot;469769226&quot;:&quot;Symbol&quot;,&quot;469769242&quot;:[8226],&quot;469777803&quot;:&quot;left&quot;,&quot;469777804&quot;:&quot;\uf0b7&quot;,&quot;469777815&quot;:&quot;hybridMultilevel&quot;}\" aria-setsize=\"-1\" data-aria-posinset=\"1\" data-aria-level=\"1\">Nevy\u017eaduje t\u00e9m\u011b\u0159 \u017e\u00e1dn\u00e9 \u0161kolen\u00ed a umo\u017e\u0148uje na\u0161im klient\u016fm pracovat na platform\u00e1ch, kter\u00e9 cht\u011bj\u00ed pou\u017e\u00edvat, kde sdru\u017euje v\u00edce zdroj\u016f dat do jednoho m\u00edsta<\/li>\r\n \t<li data-leveltext=\"\uf0b7\" data-font=\"Symbol\" data-listid=\"26\" data-list-defn-props=\"{&quot;335552541&quot;:1,&quot;335559684&quot;:-2,&quot;335559685&quot;:720,&quot;335559991&quot;:360,&quot;469769226&quot;:&quot;Symbol&quot;,&quot;469769242&quot;:[8226],&quot;469777803&quot;:&quot;left&quot;,&quot;469777804&quot;:&quot;\uf0b7&quot;,&quot;469777815&quot;:&quot;hybridMultilevel&quot;}\" aria-setsize=\"-1\" data-aria-posinset=\"1\" data-aria-level=\"1\">Aktivuje rychl\u00fd p\u0159ehled o v\u00fdkonnosti oproti dohodnut\u00fdm kl\u00ed\u010dov\u00fdm ukazatel\u016fm v\u00fdkonnosti, a pom\u00e1h\u00e1 se soust\u0159ed\u011bn\u00edm na nejd\u016fle\u017eit\u011bj\u0161\u00ed v\u011bci<\/li>\r\n<\/ul>","choose_media":[{"image":4479}],"vimeoid":"","ytid":""},{"navigation_label":"Samoobslu\u017en\u00e1 v\u00fdroba + n\u00e1kup","show_title":true,"title":"Samoobslu\u017en\u00e1 v\u00fdroba + n\u00e1kup","show_subtitle":false,"subtitle":"","content":"<ul style=\"font-weight: 400;\">\r\n \t<li data-leveltext=\"\uf0b7\" data-font=\"Symbol\" data-listid=\"27\" data-list-defn-props=\"{&quot;335552541&quot;:1,&quot;335559684&quot;:-2,&quot;335559685&quot;:720,&quot;335559991&quot;:360,&quot;469769226&quot;:&quot;Symbol&quot;,&quot;469769242&quot;:[8226],&quot;469777803&quot;:&quot;left&quot;,&quot;469777804&quot;:&quot;\uf0b7&quot;,&quot;469777815&quot;:&quot;hybridMultilevel&quot;}\" aria-setsize=\"-1\" data-aria-posinset=\"1\" data-aria-level=\"1\">Software pro realizaci marketingu s kompletn\u00ed viditelnost\u00ed a optim\u00e1ln\u00edm \u0159\u00edzen\u00edm n\u00e1klad\u016f, kvality, \u010dasu a faktor\u016f udr\u017eitelnosti b\u011bhem v\u00fdroby a realizace kampan\u00ed<\/li>\r\n \t<li data-leveltext=\"\uf0b7\" data-font=\"Symbol\" data-listid=\"27\" data-list-defn-props=\"{&quot;335552541&quot;:1,&quot;335559684&quot;:-2,&quot;335559685&quot;:720,&quot;335559991&quot;:360,&quot;469769226&quot;:&quot;Symbol&quot;,&quot;469769242&quot;:[8226],&quot;469777803&quot;:&quot;left&quot;,&quot;469777804&quot;:&quot;\uf0b7&quot;,&quot;469777815&quot;:&quot;hybridMultilevel&quot;}\" aria-setsize=\"-1\" data-aria-posinset=\"1\" data-aria-level=\"1\">D\u00edky rozhran\u00ed API a p\u0159ipravenosti na integraci lze zlep\u0161it spolupr\u00e1ci p\u0159es centr\u00e1ln\u00ed marketingov\u00fd workflow pro intern\u00ed t\u00fdmy a extern\u00ed agentury a dodavatele<\/li>\r\n \t<li data-leveltext=\"\uf0b7\" data-font=\"Symbol\" data-listid=\"27\" data-list-defn-props=\"{&quot;335552541&quot;:1,&quot;335559684&quot;:-2,&quot;335559685&quot;:720,&quot;335559991&quot;:360,&quot;469769226&quot;:&quot;Symbol&quot;,&quot;469769242&quot;:[8226],&quot;469777803&quot;:&quot;left&quot;,&quot;469777804&quot;:&quot;\uf0b7&quot;,&quot;469777815&quot;:&quot;hybridMultilevel&quot;}\" aria-setsize=\"-1\" data-aria-posinset=\"1\" data-aria-level=\"1\">Flexibiln\u00ed, vysoce konfigurovateln\u00e1 \u0159e\u0161en\u00ed SaaS od kreativn\u00edho briefu p\u0159es n\u00e1kup a v\u00fdrobu a\u017e po odsouhlasen\u00ed faktur<\/li>\r\n<\/ul>","choose_media":[{"image":4707}],"vimeoid":"","ytid":""}]},{"acf_fc_layout":"content_block","container_background_color":"bg-grey","show_header":false,"header":"","contents":[{"show_header_icon":false,"header_icon":null,"show_header":true,"header":"1,3 m","header_color":"secondary-blue","show_subheader":true,"subheader":"transakc\u00ed zpracov\u00e1no","description":"P\u0159es na\u0161\u00ed technologie jsme za posledn\u00edch dvan\u00e1ct m\u011bs\u00edc\u016f zpracovali 1,3 m transakc\u00ed, z toho 692 k \u0159\u00e1dkov\u00fdch polo\u017eek"},{"show_header_icon":false,"header_icon":null,"show_header":true,"header":"625 k","header_color":"purple","show_subheader":true,"subheader":"transakc\u00ed e-store","description":"Za posledn\u00edch dvan\u00e1ct m\u011bs\u00edc\u016f bylo zpracov\u00e1no v\u00edce ne\u017e 625 k transakc\u00ed e-store"},{"show_header_icon":false,"header_icon":null,"show_header":true,"header":"89 485  ","header_color":"light-purple","show_subheader":true,"subheader":"aktivn\u00edch u\u017eivatel\u016f","description":"Od kv\u011btna 2022 m\u00e1me t\u00e9m\u011b\u0159 100 tis\u00edc aktivn\u00edch u\u017eivatel\u016f na\u0161\u00ed technologie"},{"show_header_icon":false,"header_icon":null,"show_header":true,"header":"526 k","header_color":"light-purple","show_subheader":true,"subheader":"projekt\u016f pod spr\u00e1vou","description":"Za posledn\u00edch dvan\u00e1ct m\u011bs\u00edc\u016f jsme \u00fasp\u011b\u0161n\u011b spravovali &gt;500 k projekt\u016f"},{"show_header_icon":false,"header_icon":null,"show_header":true,"header":"1,2 m","header_color":"purple","show_subheader":true,"subheader":"konkuren\u010dn\u00edch odhad\u016f","description":"Za posledn\u00edch dvan\u00e1ct m\u011bs\u00edc\u016f jsme obdr\u017eeli 1,2 m cenov\u00fdch nab\u00eddek dodavatel\u016f"}]},{"acf_fc_layout":"cards","scroll_to_link":"","container_background_color":"bg-pure-black","show_heading":true,"heading":"Prozkoumat v\u00edce","content":"","cards":{"layout":"case-studies-layout","sub_layout":"simple","cards_display_mode":"bg-white","solution_term":null,"industry_term":null,"author_term":null,"region_term":null,"choose_cards":null,"choose_case_studies":[5719,5735,5698],"choose_featured_case_studies":null,"choose_staff_members":null,"choose_careers":null,"choose_info_callouts":null,"show_titles":true,"show_description":true,"show_date":false,"show_sector":false}},{"acf_fc_layout":"contact_form","scroll_to_link":"","title":"Napi\u0161te n\u00e1m"}]},"yoast_head":"<!-- This site is optimized with the Yoast SEO plugin v27.4 - https:\/\/yoast.com\/product\/yoast-seo-wordpress\/ -->\n<title>Technologie - HH Global<\/title>\n<meta name=\"robots\" content=\"index, follow, max-snippet:-1, max-image-preview:large, max-video-preview:-1\" \/>\n<link rel=\"canonical\" href=\"https:\/\/www.hhglobal.com\/cs\/what-we-do\/technology\/\" \/>\n<meta property=\"og:locale\" content=\"cs_CZ\" \/>\n<meta property=\"og:type\" content=\"article\" \/>\n<meta property=\"og:title\" content=\"Technologie - HH Global\" \/>\n<meta property=\"og:url\" content=\"https:\/\/www.hhglobal.com\/cs\/what-we-do\/technology\/\" \/>\n<meta property=\"og:site_name\" content=\"HH Global\" \/>\n<meta property=\"article:modified_time\" content=\"2023-11-24T13:58:35+00:00\" \/>\n<meta name=\"twitter:card\" content=\"summary_large_image\" \/>\n<script type=\"application\/ld+json\" class=\"yoast-schema-graph\">{\"@context\":\"https:\\\/\\\/schema.org\",\"@graph\":[{\"@type\":\"WebPage\",\"@id\":\"https:\\\/\\\/www.hhglobal.com\\\/cs\\\/what-we-do\\\/technology\\\/\",\"url\":\"https:\\\/\\\/www.hhglobal.com\\\/cs\\\/what-we-do\\\/technology\\\/\",\"name\":\"Technologie - HH Global\",\"isPartOf\":{\"@id\":\"https:\\\/\\\/www.hhglobal.com\\\/cs\\\/#website\"},\"datePublished\":\"2022-05-19T12:46:27+00:00\",\"dateModified\":\"2023-11-24T13:58:35+00:00\",\"breadcrumb\":{\"@id\":\"https:\\\/\\\/www.hhglobal.com\\\/cs\\\/what-we-do\\\/technology\\\/#breadcrumb\"},\"inLanguage\":\"cs\",\"potentialAction\":[{\"@type\":\"ReadAction\",\"target\":[\"https:\\\/\\\/www.hhglobal.com\\\/cs\\\/what-we-do\\\/technology\\\/\"]}]},{\"@type\":\"BreadcrumbList\",\"@id\":\"https:\\\/\\\/www.hhglobal.com\\\/cs\\\/what-we-do\\\/technology\\\/#breadcrumb\",\"itemListElement\":[{\"@type\":\"ListItem\",\"position\":1,\"name\":\"Home\",\"item\":\"https:\\\/\\\/www.hhglobal.com\\\/cs\\\/\"},{\"@type\":\"ListItem\",\"position\":2,\"name\":\"Technologie\"}]},{\"@type\":\"WebSite\",\"@id\":\"https:\\\/\\\/www.hhglobal.com\\\/cs\\\/#website\",\"url\":\"https:\\\/\\\/www.hhglobal.com\\\/cs\\\/\",\"name\":\"HH Global\",\"description\":\"The global, tech-enabled creative production and procurement partner.\",\"publisher\":{\"@id\":\"https:\\\/\\\/www.hhglobal.com\\\/cs\\\/#organization\"},\"potentialAction\":[{\"@type\":\"SearchAction\",\"target\":{\"@type\":\"EntryPoint\",\"urlTemplate\":\"https:\\\/\\\/www.hhglobal.com\\\/cs\\\/?s={search_term_string}\"},\"query-input\":{\"@type\":\"PropertyValueSpecification\",\"valueRequired\":true,\"valueName\":\"search_term_string\"}}],\"inLanguage\":\"cs\"},{\"@type\":\"Organization\",\"@id\":\"https:\\\/\\\/www.hhglobal.com\\\/cs\\\/#organization\",\"name\":\"HH Global\",\"url\":\"https:\\\/\\\/www.hhglobal.com\\\/cs\\\/\",\"logo\":{\"@type\":\"ImageObject\",\"inLanguage\":\"cs\",\"@id\":\"https:\\\/\\\/www.hhglobal.com\\\/cs\\\/#\\\/schema\\\/logo\\\/image\\\/\",\"url\":\"https:\\\/\\\/www.hhglobal.com\\\/wp-content\\\/uploads\\\/2023\\\/12\\\/logo-white.svg\",\"contentUrl\":\"https:\\\/\\\/www.hhglobal.com\\\/wp-content\\\/uploads\\\/2023\\\/12\\\/logo-white.svg\",\"width\":77,\"height\":18,\"caption\":\"HH Global\"},\"image\":{\"@id\":\"https:\\\/\\\/www.hhglobal.com\\\/cs\\\/#\\\/schema\\\/logo\\\/image\\\/\"}}]}<\/script>\n<!-- \/ Yoast SEO plugin. -->","yoast_head_json":{"title":"Technologie - HH Global","robots":{"index":"index","follow":"follow","max-snippet":"max-snippet:-1","max-image-preview":"max-image-preview:large","max-video-preview":"max-video-preview:-1"},"canonical":"https:\/\/www.hhglobal.com\/cs\/what-we-do\/technology\/","og_locale":"cs_CZ","og_type":"article","og_title":"Technologie - HH Global","og_url":"https:\/\/www.hhglobal.com\/cs\/what-we-do\/technology\/","og_site_name":"HH Global","article_modified_time":"2023-11-24T13:58:35+00:00","twitter_card":"summary_large_image","schema":{"@context":"https:\/\/schema.org","@graph":[{"@type":"WebPage","@id":"https:\/\/www.hhglobal.com\/cs\/what-we-do\/technology\/","url":"https:\/\/www.hhglobal.com\/cs\/what-we-do\/technology\/","name":"Technologie - HH Global","isPartOf":{"@id":"https:\/\/www.hhglobal.com\/cs\/#website"},"datePublished":"2022-05-19T12:46:27+00:00","dateModified":"2023-11-24T13:58:35+00:00","breadcrumb":{"@id":"https:\/\/www.hhglobal.com\/cs\/what-we-do\/technology\/#breadcrumb"},"inLanguage":"cs","potentialAction":[{"@type":"ReadAction","target":["https:\/\/www.hhglobal.com\/cs\/what-we-do\/technology\/"]}]},{"@type":"BreadcrumbList","@id":"https:\/\/www.hhglobal.com\/cs\/what-we-do\/technology\/#breadcrumb","itemListElement":[{"@type":"ListItem","position":1,"name":"Home","item":"https:\/\/www.hhglobal.com\/cs\/"},{"@type":"ListItem","position":2,"name":"Technologie"}]},{"@type":"WebSite","@id":"https:\/\/www.hhglobal.com\/cs\/#website","url":"https:\/\/www.hhglobal.com\/cs\/","name":"HH Global","description":"The global, tech-enabled creative production and procurement partner.","publisher":{"@id":"https:\/\/www.hhglobal.com\/cs\/#organization"},"potentialAction":[{"@type":"SearchAction","target":{"@type":"EntryPoint","urlTemplate":"https:\/\/www.hhglobal.com\/cs\/?s={search_term_string}"},"query-input":{"@type":"PropertyValueSpecification","valueRequired":true,"valueName":"search_term_string"}}],"inLanguage":"cs"},{"@type":"Organization","@id":"https:\/\/www.hhglobal.com\/cs\/#organization","name":"HH Global","url":"https:\/\/www.hhglobal.com\/cs\/","logo":{"@type":"ImageObject","inLanguage":"cs","@id":"https:\/\/www.hhglobal.com\/cs\/#\/schema\/logo\/image\/","url":"https:\/\/www.hhglobal.com\/wp-content\/uploads\/2023\/12\/logo-white.svg","contentUrl":"https:\/\/www.hhglobal.com\/wp-content\/uploads\/2023\/12\/logo-white.svg","width":77,"height":18,"caption":"HH Global"},"image":{"@id":"https:\/\/www.hhglobal.com\/cs\/#\/schema\/logo\/image\/"}}]}},"_links":{"self":[{"href":"https:\/\/www.hhglobal.com\/cs\/wp-json\/wp\/v2\/pages\/5801","targetHints":{"allow":["GET"]}}],"collection":[{"href":"https:\/\/www.hhglobal.com\/cs\/wp-json\/wp\/v2\/pages"}],"about":[{"href":"https:\/\/www.hhglobal.com\/cs\/wp-json\/wp\/v2\/types\/page"}],"author":[{"embeddable":true,"href":"https:\/\/www.hhglobal.com\/cs\/wp-json\/wp\/v2\/users\/41"}],"replies":[{"embeddable":true,"href":"https:\/\/www.hhglobal.com\/cs\/wp-json\/wp\/v2\/comments?post=5801"}],"version-history":[{"count":0,"href":"https:\/\/www.hhglobal.com\/cs\/wp-json\/wp\/v2\/pages\/5801\/revisions"}],"wp:attachment":[{"href":"https:\/\/www.hhglobal.com\/cs\/wp-json\/wp\/v2\/media?parent=5801"}],"curies":[{"name":"wp","href":"https:\/\/api.w.org\/{rel}","templated":true}]}}