{"id":5797,"date":"2022-05-19T12:46:43","date_gmt":"2022-05-19T12:46:43","guid":{"rendered":"https:\/\/hhassoc-dev.sbx.world\/procurement\/"},"modified":"2023-11-24T14:06:55","modified_gmt":"2023-11-24T14:06:55","slug":"procurement","status":"publish","type":"page","link":"https:\/\/www.hhglobal.com\/cs\/what-we-do\/procurement\/","title":{"rendered":"N\u00e1kup"},"content":{"rendered":"","protected":false},"excerpt":{"rendered":"","protected":false},"author":41,"featured_media":0,"parent":0,"menu_order":0,"comment_status":"closed","ping_status":"closed","template":"","meta":{"_acf_changed":"","_yoast_wpseo_focuskw":"","_yoast_wpseo_metadesc":"","_yoast_wpseo_linkdex":"","_yoast_wpseo_content_score":"","_yoast_wpseo_meta-robots-noindex":"","_yoast_wpseo_meta-robots-nofollow":"","inline_featured_image":[],"_genesis_block_theme_hide_title":false,"_cms_nav_minihome":"","_icl_lang_duplicate_of":"","_menu_item_classes":[],"_menu_item_menu_item_parent":"","_menu_item_object":"","_menu_item_object_id":"","_menu_item_orphaned":"","_menu_item_target":"","_menu_item_type":"","_menu_item_url":"","_menu_item_xfn":"","_seedprod_page":"","_seedprod_page_template_type":"","_seedprod_page_uuid":"","_top_nav_excluded":"","_wp_attachment_backup_sizes":[],"_wp_attachment_context":"","_wp_attachment_image_alt":"","_wp_old_date":"","_wpcode_auto_insert":"","_wpcode_auto_insert_number":"","_wpcode_library_id":"","_wpml_media_duplicate":"1","_wpml_media_featured":"1","_wpml_post_translation_editor_native":"","_wpml_word_count":"{\"total\":35,\"to_translate\":null}","_yoast_wpseo_estimated-reading-time-minutes":[],"_yoast_wpseo_primary_category":"","_yoast_wpseo_primary_industry":"","_yoast_wpseo_primary_solution":"","_yoast_wpseo_primary_the_author":"","_yoast_wpseo_wordproof_timestamp":"","acfml_non_translatable_locations":[],"career_externalLink":"","career_featuredImage":"","career_title":"","casestudy_featuredImage":"","casestudy_title":"","infocallout_excerpt":"","infocallout_featuredImage":"","infocallout_title":"","jobTitle":"","language":"","name":"","profilePicture":"","wp-smpro-smush-data":[],"wp-smush-animated":"","wp-smush-ignore-bulk":"","wp-smush-lossy":"","wpml_media_processed":"","_wpcode_conditional_logic_enabled":"","_wpcode_location_extra":"","_wpcode_note":"","_wpcode_priority":"","_wpcode_shortcode_attributes":[],"footnotes":""},"class_list":["post-5797","page","type-page","status-publish","hentry","post","without-featured-image"],"acf":{"page_title":"Odborn\u00e9 znalosti n\u00e1kupu pro glob\u00e1ln\u00ed marketingov\u00fd \u00fasp\u011bch | HH Global","page_description":"Obra\u0165te se na HH Global, specialisty na kreativn\u00ed n\u00e1kup, pro sourcing dodavatelsk\u00e9ho \u0159et\u011bzce z rozs\u00e1hl\u00e9 s\u00edt\u011b celosv\u011btov\u00fdch dodavatel\u016f, kte\u0159\u00ed budou odpov\u00eddat pot\u0159eb\u00e1m va\u0161ich projekt\u016f","social_title":"","social_description":"","social_share_image":null,"modules":[{"acf_fc_layout":"hero","size":"medium2","theme":"dark","choose_images":[{"image":5109},{"image":2577},{"image":4845},{"image":4833}],"show_eyebrow":false,"eyebrow":"","title":"N\u00e1kup","show_cta":false,"cta_url":"","cta_title":""},{"acf_fc_layout":"intro_content_block","scroll_to_link":"","container_background_color":"bg-white","type":false,"show_image":false,"intro_image":null,"show_background":false,"background":null,"show_eyebrow":false,"eyebrow":"","show_designations":false,"designations":null,"show_title":true,"size":"large","title":"Odborn\u00e9 znalosti n\u00e1kupu pro glob\u00e1ln\u00ed marketingov\u00fd \u00fasp\u011bch","show_intro":false,"intro":"","show_body":false,"body":"","show_labels":false,"labels":{"show_social":false,"custom_categories":null}},{"acf_fc_layout":"text_with_media_carousel","scroll_to_link":"","theme":"light","container_background_color":"bg-grey","highlight_color":"purple","title":"Z\u00edskejte p\u0159\u00edstup k jedine\u010dn\u00fdm odborn\u00fdm znalostem n\u00e1kupu, p\u00e1kov\u00e9","content":"Odborn\u00e9 znalosti a celosv\u011btov\u00e9 zdroje skupiny HH Global poskytuj\u00ed p\u0159izp\u016fsoben\u00e9 programy, kter\u00e9 optimalizuj\u00ed v\u00e1\u0161 dodavatelsk\u00fd \u0159et\u011bzec a z\u00e1rove\u0148 sni\u017euj\u00ed rizika. Jako l\u00eddr v oblasti n\u00e1kupu m\u00e1me pod spr\u00e1vou v\u00edce v\u00fddaj\u016f ne\u017e kter\u00fdkoli jin\u00fd konkurent. Glob\u00e1ln\u011b m\u00e1me p\u0159\u00edstup k v\u00edce ne\u017e 15 tis\u00edc\u016fm dodavatel\u016f v r\u00e1mci v\u0161ech kategori\u00ed. To v\u00e1m d\u00e1v\u00e1 mimo\u0159\u00e1dn\u00fd p\u00e1kov\u00fd efekt k dosa\u017een\u00ed kvality za ni\u017e\u0161\u00ed cenu.\r\n\r\nSoustavn\u011b investujeme do na\u0161eho \u010d\u00edm d\u00e1l v\u00edce udr\u017eiteln\u00e9ho dodavatelsk\u00e9ho \u0159et\u011bzce, kter\u00fd podporuje rozmanitost a za\u010dlen\u011bn\u00ed. To znamen\u00e1, \u017ee zat\u00edmco sni\u017eujete n\u00e1klady a zrychlujete uv\u00e1d\u011bn\u00ed na trh, m\u016f\u017eete tak\u00e9 splnit a p\u0159ekro\u010dit podnikov\u00e9 c\u00edle v ESG (Environmental, Social and Governance).","additional_spacing":false,"features_title":"Oblasti slu\u017eeb","features":[{"navigation_label":"Optimalizace dodavatelsk\u00e9ho \u0159et\u011bzce","show_title":true,"title":"Optimalizace dodavatelsk\u00e9ho \u0159et\u011bzce","show_subtitle":false,"subtitle":"","content":"<ul style=\"font-weight: 400;\">\r\n \t<li data-leveltext=\"\uf0b7\" data-font=\"Symbol\" data-listid=\"28\" data-list-defn-props=\"{&quot;335552541&quot;:1,&quot;335559684&quot;:-2,&quot;335559685&quot;:720,&quot;335559991&quot;:360,&quot;469769226&quot;:&quot;Symbol&quot;,&quot;469769242&quot;:[8226],&quot;469777803&quot;:&quot;left&quot;,&quot;469777804&quot;:&quot;\uf0b7&quot;,&quot;469777815&quot;:&quot;hybridMultilevel&quot;}\" aria-setsize=\"-1\" data-aria-posinset=\"1\" data-aria-level=\"1\">Na po\u017eadavky klienta vyhled\u00e1me nejlep\u0161\u00ed dodavatele pro dan\u00fd job, \u010d\u00edm\u017e minimalizujeme celkov\u00e9 n\u00e1klady na vlastnictv\u00ed<\/li>\r\n \t<li data-leveltext=\"\uf0b7\" data-font=\"Symbol\" data-listid=\"28\" data-list-defn-props=\"{&quot;335552541&quot;:1,&quot;335559684&quot;:-2,&quot;335559685&quot;:720,&quot;335559991&quot;:360,&quot;469769226&quot;:&quot;Symbol&quot;,&quot;469769242&quot;:[8226],&quot;469777803&quot;:&quot;left&quot;,&quot;469777804&quot;:&quot;\uf0b7&quot;,&quot;469777815&quot;:&quot;hybridMultilevel&quot;}\" aria-setsize=\"-1\" data-aria-posinset=\"1\" data-aria-level=\"1\">V\u00fdb\u011br dodavatel\u016f je na b\u00e1zi hloubkov\u00e9 anal\u00fdzy v\u0161ech strategick\u00fdch dodavatelsk\u00fdch partner\u016f, od onboardingu a\u017e po fin\u00e1ln\u00ed realizaci projektu<\/li>\r\n \t<li data-leveltext=\"\uf0b7\" data-font=\"Symbol\" data-listid=\"28\" data-list-defn-props=\"{&quot;335552541&quot;:1,&quot;335559684&quot;:-2,&quot;335559685&quot;:720,&quot;335559991&quot;:360,&quot;469769226&quot;:&quot;Symbol&quot;,&quot;469769242&quot;:[8226],&quot;469777803&quot;:&quot;left&quot;,&quot;469777804&quot;:&quot;\uf0b7&quot;,&quot;469777815&quot;:&quot;hybridMultilevel&quot;}\" aria-setsize=\"-1\" data-aria-posinset=\"1\" data-aria-level=\"1\">Hodnot\u00edme v\u00edce ne\u017e 20 krit\u00e9ri\u00ed v r\u00e1mci kategori\u00ed geografie, schopnost\u00ed, stability a v\u00fdkonnosti<\/li>\r\n<\/ul>","choose_media":[{"image":4755}],"vimeoid":"","ytid":""},{"navigation_label":"N\u00e1kup udr\u017eiteln\u00e9ho marketingu","show_title":true,"title":"N\u00e1kup udr\u017eiteln\u00e9ho marketingu","show_subtitle":false,"subtitle":"","content":"<ul>\r\n \t<li>Skupina HH Global ur\u010duje normy pro soci\u00e1ln\u011b a ekologicky odpov\u011bdn\u00fd byznys, a \u0159\u00e1dnou etiku pro d\u016fsledn\u00e9 dodr\u017eov\u00e1n\u00ed platn\u00fdch z\u00e1kon\u016f a p\u0159edpis\u016f<\/li>\r\n \t<li>Zaji\u0161\u0165ujeme bezpe\u010dn\u00e9 pracovn\u00ed podm\u00ednky v r\u00e1mci cel\u00e9ho dodavatelsk\u00e9ho \u0159et\u011bzce, \u00factu a d\u016fstojnost pro v\u0161echny pracovn\u00edky i ekologicky a soci\u00e1ln\u011b odpov\u011bdn\u00e9 procesy v\u00fdroby<\/li>\r\n \t<li>Na\u0161i strategi\u010dt\u00ed dodavatel\u0161t\u00ed partne\u0159i musej\u00ed dodr\u017eovat v\u0161echny platn\u00e9 ekologick\u00e9 z\u00e1kony a p\u0159edpisy a \u0159\u00e1dn\u00e9 oborov\u00e9 postupy \u2013 v\u010detn\u011b nakl\u00e1d\u00e1n\u00ed s chemick\u00fdmi l\u00e1tkami a odpady i jejich likvidace, recyklace, \u010di\u0161t\u011bn\u00ed a vypou\u0161t\u011bn\u00ed pr\u016fmyslov\u00fdch odpadn\u00edch vod, \u0159\u00edzen\u00ed emis\u00ed do ovzdu\u0161\u00ed, ekologick\u00fdch povolen\u00ed a ekologick\u00e9ho v\u00fdkaznictv\u00ed<\/li>\r\n<\/ul>","choose_media":[{"image":4959}],"vimeoid":"","ytid":""},{"navigation_label":"Spr\u00e1va koncov\u00fdch v\u00fddaj\u016f","show_title":true,"title":"Spr\u00e1va koncov\u00fdch v\u00fddaj\u016f","show_subtitle":false,"subtitle":"","content":"<ul style=\"font-weight: 400;\">\r\n \t<li data-leveltext=\"\uf0b7\" data-font=\"Symbol\" data-listid=\"30\" data-list-defn-props=\"{&quot;335552541&quot;:1,&quot;335559684&quot;:-2,&quot;335559685&quot;:720,&quot;335559991&quot;:360,&quot;469769226&quot;:&quot;Symbol&quot;,&quot;469769242&quot;:[8226],&quot;469777803&quot;:&quot;left&quot;,&quot;469777804&quot;:&quot;\uf0b7&quot;,&quot;469777815&quot;:&quot;hybridMultilevel&quot;}\" aria-setsize=\"-1\" data-aria-posinset=\"1\" data-aria-level=\"1\">Spr\u00e1va koncov\u00fdch v\u00fddaj\u016f je z\u00e1vazkem v\u016f\u010di na\u0161im strategick\u00fdm dodavatelsk\u00fdm partner\u016fm a kl\u00ed\u010dem na\u0161\u00ed strategie sourcingu<\/li>\r\n \t<li data-leveltext=\"\uf0b7\" data-font=\"Symbol\" data-listid=\"30\" data-list-defn-props=\"{&quot;335552541&quot;:1,&quot;335559684&quot;:-2,&quot;335559685&quot;:720,&quot;335559991&quot;:360,&quot;469769226&quot;:&quot;Symbol&quot;,&quot;469769242&quot;:[8226],&quot;469777803&quot;:&quot;left&quot;,&quot;469777804&quot;:&quot;\uf0b7&quot;,&quot;469777815&quot;:&quot;hybridMultilevel&quot;}\" aria-setsize=\"-1\" data-aria-posinset=\"1\" data-aria-level=\"1\">Dohled nad koncov\u00fdmi v\u00fddaji je z\u00e1kladem na\u0161eho procesu pr\u016fb\u011b\u017en\u00e9ho hodnocen\u00ed dodavatel\u016f a pravideln\u00e9ho v\u00fdkaznictv\u00ed<\/li>\r\n<\/ul>","choose_media":[{"image":5355}],"vimeoid":"","ytid":""}]},{"acf_fc_layout":"content_block","container_background_color":"bg-grey","show_header":false,"header":"","contents":[{"show_header_icon":false,"header_icon":null,"show_header":true,"header":"+8 600 ","header_color":"secondary-blue","show_subheader":true,"subheader":"strategick\u00fdch dodavatelsk\u00fdch partner\u016f","description":"D\u00edky na\u0161\u00ed glob\u00e1ln\u00ed s\u00edti pokr\u00fdv\u00e1me 19 kl\u00ed\u010dov\u00fdch kategori\u00ed marketingov\u00fdch v\u00fddaj\u016f"},{"show_header_icon":false,"header_icon":null,"show_header":true,"header":"25 %","header_color":"purple","show_subheader":true,"subheader":"klientsk\u00fdch \u00faspor","description":"P\u0159in\u00e1\u0161\u00edme velk\u00e9 \u00faspory na\u0161im klient\u016fm d\u00edky p\u00e1kov\u00e9mu efektu na\u0161eho \u0161k\u00e1lov\u00e1n\u00ed n\u00e1kupu"},{"show_header_icon":false,"header_icon":null,"show_header":true,"header":"+300","header_color":"light-purple","show_subheader":true,"subheader":"odborn\u00edk\u016f na strategick\u00fd sourcing","description":"N\u00e1\u0161 glob\u00e1ln\u00ed sourcingov\u00fd t\u00fdm tvo\u0159\u00ed odborn\u00edci na \u0161irokou \u0161k\u00e1lu produktov\u00fdch kategori\u00ed"},{"show_header_icon":false,"header_icon":null,"show_header":true,"header":"+7\u202fm","header_color":"light-purple","show_subheader":true,"subheader":"\u010dtvere\u010dn\u00edch stop celosv\u011btov\u011b","description":"Udr\u017eujeme masivn\u00ed skladov\u00e9 kapacity strategicky rozm\u00edst\u011bn\u00e9 v ka\u017ed\u00e9m glob\u00e1ln\u00edm regionu"},{"show_header_icon":false,"header_icon":null,"show_header":true,"header":"+2\u202fm","header_color":"purple","show_subheader":true,"subheader":"z\u00e1silek a bal\u00edk\u016f","description":"Prost\u0159ednictv\u00edm na\u0161\u00ed rozs\u00e1hl\u00e9 glob\u00e1ln\u00ed s\u00edt\u011b \u00fasp\u011b\u0161n\u011b dod\u00e1v\u00e1me miliony kus\u016f ro\u010dn\u011b"}]},{"acf_fc_layout":"cards","scroll_to_link":"","container_background_color":"bg-pure-black","show_heading":true,"heading":"Prozkoumat v\u00edce","content":"","cards":{"layout":"case-studies-layout","sub_layout":"simple","cards_display_mode":"bg-white","solution_term":null,"industry_term":null,"author_term":null,"region_term":null,"choose_cards":null,"choose_case_studies":[5735,5726,5698],"choose_featured_case_studies":null,"choose_staff_members":null,"choose_careers":null,"choose_info_callouts":null,"show_titles":true,"show_description":true,"show_date":false,"show_sector":false}},{"acf_fc_layout":"contact_form","scroll_to_link":"","title":"Chcete zv\u00fd\u0161it hodnotu ze sv\u00e9ho marketingov\u00e9ho dodavatelsk\u00e9ho \u0159et\u011bzce? Jsme tu, abychom v\u00e1m pomohli.\u202f "}]},"yoast_head":"<!-- This site is optimized with the Yoast SEO plugin v27.4 - https:\/\/yoast.com\/product\/yoast-seo-wordpress\/ -->\n<title>N\u00e1kup - HH Global<\/title>\n<meta name=\"robots\" content=\"index, follow, max-snippet:-1, max-image-preview:large, max-video-preview:-1\" \/>\n<link rel=\"canonical\" href=\"https:\/\/www.hhglobal.com\/cs\/what-we-do\/procurement\/\" \/>\n<meta property=\"og:locale\" content=\"cs_CZ\" \/>\n<meta property=\"og:type\" content=\"article\" \/>\n<meta property=\"og:title\" content=\"N\u00e1kup - HH Global\" \/>\n<meta property=\"og:url\" content=\"https:\/\/www.hhglobal.com\/cs\/what-we-do\/procurement\/\" \/>\n<meta property=\"og:site_name\" content=\"HH Global\" \/>\n<meta property=\"article:modified_time\" content=\"2023-11-24T14:06:55+00:00\" \/>\n<meta name=\"twitter:card\" content=\"summary_large_image\" \/>\n<script type=\"application\/ld+json\" class=\"yoast-schema-graph\">{\"@context\":\"https:\\\/\\\/schema.org\",\"@graph\":[{\"@type\":\"WebPage\",\"@id\":\"https:\\\/\\\/www.hhglobal.com\\\/cs\\\/what-we-do\\\/procurement\\\/\",\"url\":\"https:\\\/\\\/www.hhglobal.com\\\/cs\\\/what-we-do\\\/procurement\\\/\",\"name\":\"N\u00e1kup - HH Global\",\"isPartOf\":{\"@id\":\"https:\\\/\\\/www.hhglobal.com\\\/cs\\\/#website\"},\"datePublished\":\"2022-05-19T12:46:43+00:00\",\"dateModified\":\"2023-11-24T14:06:55+00:00\",\"breadcrumb\":{\"@id\":\"https:\\\/\\\/www.hhglobal.com\\\/cs\\\/what-we-do\\\/procurement\\\/#breadcrumb\"},\"inLanguage\":\"cs\",\"potentialAction\":[{\"@type\":\"ReadAction\",\"target\":[\"https:\\\/\\\/www.hhglobal.com\\\/cs\\\/what-we-do\\\/procurement\\\/\"]}]},{\"@type\":\"BreadcrumbList\",\"@id\":\"https:\\\/\\\/www.hhglobal.com\\\/cs\\\/what-we-do\\\/procurement\\\/#breadcrumb\",\"itemListElement\":[{\"@type\":\"ListItem\",\"position\":1,\"name\":\"Home\",\"item\":\"https:\\\/\\\/www.hhglobal.com\\\/cs\\\/\"},{\"@type\":\"ListItem\",\"position\":2,\"name\":\"N\u00e1kup\"}]},{\"@type\":\"WebSite\",\"@id\":\"https:\\\/\\\/www.hhglobal.com\\\/cs\\\/#website\",\"url\":\"https:\\\/\\\/www.hhglobal.com\\\/cs\\\/\",\"name\":\"HH Global\",\"description\":\"The global, tech-enabled creative production and procurement partner.\",\"publisher\":{\"@id\":\"https:\\\/\\\/www.hhglobal.com\\\/cs\\\/#organization\"},\"potentialAction\":[{\"@type\":\"SearchAction\",\"target\":{\"@type\":\"EntryPoint\",\"urlTemplate\":\"https:\\\/\\\/www.hhglobal.com\\\/cs\\\/?s={search_term_string}\"},\"query-input\":{\"@type\":\"PropertyValueSpecification\",\"valueRequired\":true,\"valueName\":\"search_term_string\"}}],\"inLanguage\":\"cs\"},{\"@type\":\"Organization\",\"@id\":\"https:\\\/\\\/www.hhglobal.com\\\/cs\\\/#organization\",\"name\":\"HH Global\",\"url\":\"https:\\\/\\\/www.hhglobal.com\\\/cs\\\/\",\"logo\":{\"@type\":\"ImageObject\",\"inLanguage\":\"cs\",\"@id\":\"https:\\\/\\\/www.hhglobal.com\\\/cs\\\/#\\\/schema\\\/logo\\\/image\\\/\",\"url\":\"https:\\\/\\\/www.hhglobal.com\\\/wp-content\\\/uploads\\\/2023\\\/12\\\/logo-white.svg\",\"contentUrl\":\"https:\\\/\\\/www.hhglobal.com\\\/wp-content\\\/uploads\\\/2023\\\/12\\\/logo-white.svg\",\"width\":77,\"height\":18,\"caption\":\"HH Global\"},\"image\":{\"@id\":\"https:\\\/\\\/www.hhglobal.com\\\/cs\\\/#\\\/schema\\\/logo\\\/image\\\/\"}}]}<\/script>\n<!-- \/ Yoast SEO plugin. -->","yoast_head_json":{"title":"N\u00e1kup - HH Global","robots":{"index":"index","follow":"follow","max-snippet":"max-snippet:-1","max-image-preview":"max-image-preview:large","max-video-preview":"max-video-preview:-1"},"canonical":"https:\/\/www.hhglobal.com\/cs\/what-we-do\/procurement\/","og_locale":"cs_CZ","og_type":"article","og_title":"N\u00e1kup - HH Global","og_url":"https:\/\/www.hhglobal.com\/cs\/what-we-do\/procurement\/","og_site_name":"HH Global","article_modified_time":"2023-11-24T14:06:55+00:00","twitter_card":"summary_large_image","schema":{"@context":"https:\/\/schema.org","@graph":[{"@type":"WebPage","@id":"https:\/\/www.hhglobal.com\/cs\/what-we-do\/procurement\/","url":"https:\/\/www.hhglobal.com\/cs\/what-we-do\/procurement\/","name":"N\u00e1kup - HH Global","isPartOf":{"@id":"https:\/\/www.hhglobal.com\/cs\/#website"},"datePublished":"2022-05-19T12:46:43+00:00","dateModified":"2023-11-24T14:06:55+00:00","breadcrumb":{"@id":"https:\/\/www.hhglobal.com\/cs\/what-we-do\/procurement\/#breadcrumb"},"inLanguage":"cs","potentialAction":[{"@type":"ReadAction","target":["https:\/\/www.hhglobal.com\/cs\/what-we-do\/procurement\/"]}]},{"@type":"BreadcrumbList","@id":"https:\/\/www.hhglobal.com\/cs\/what-we-do\/procurement\/#breadcrumb","itemListElement":[{"@type":"ListItem","position":1,"name":"Home","item":"https:\/\/www.hhglobal.com\/cs\/"},{"@type":"ListItem","position":2,"name":"N\u00e1kup"}]},{"@type":"WebSite","@id":"https:\/\/www.hhglobal.com\/cs\/#website","url":"https:\/\/www.hhglobal.com\/cs\/","name":"HH Global","description":"The global, tech-enabled creative production and procurement partner.","publisher":{"@id":"https:\/\/www.hhglobal.com\/cs\/#organization"},"potentialAction":[{"@type":"SearchAction","target":{"@type":"EntryPoint","urlTemplate":"https:\/\/www.hhglobal.com\/cs\/?s={search_term_string}"},"query-input":{"@type":"PropertyValueSpecification","valueRequired":true,"valueName":"search_term_string"}}],"inLanguage":"cs"},{"@type":"Organization","@id":"https:\/\/www.hhglobal.com\/cs\/#organization","name":"HH Global","url":"https:\/\/www.hhglobal.com\/cs\/","logo":{"@type":"ImageObject","inLanguage":"cs","@id":"https:\/\/www.hhglobal.com\/cs\/#\/schema\/logo\/image\/","url":"https:\/\/www.hhglobal.com\/wp-content\/uploads\/2023\/12\/logo-white.svg","contentUrl":"https:\/\/www.hhglobal.com\/wp-content\/uploads\/2023\/12\/logo-white.svg","width":77,"height":18,"caption":"HH Global"},"image":{"@id":"https:\/\/www.hhglobal.com\/cs\/#\/schema\/logo\/image\/"}}]}},"_links":{"self":[{"href":"https:\/\/www.hhglobal.com\/cs\/wp-json\/wp\/v2\/pages\/5797","targetHints":{"allow":["GET"]}}],"collection":[{"href":"https:\/\/www.hhglobal.com\/cs\/wp-json\/wp\/v2\/pages"}],"about":[{"href":"https:\/\/www.hhglobal.com\/cs\/wp-json\/wp\/v2\/types\/page"}],"author":[{"embeddable":true,"href":"https:\/\/www.hhglobal.com\/cs\/wp-json\/wp\/v2\/users\/41"}],"replies":[{"embeddable":true,"href":"https:\/\/www.hhglobal.com\/cs\/wp-json\/wp\/v2\/comments?post=5797"}],"version-history":[{"count":0,"href":"https:\/\/www.hhglobal.com\/cs\/wp-json\/wp\/v2\/pages\/5797\/revisions"}],"wp:attachment":[{"href":"https:\/\/www.hhglobal.com\/cs\/wp-json\/wp\/v2\/media?parent=5797"}],"curies":[{"name":"wp","href":"https:\/\/api.w.org\/{rel}","templated":true}]}}