{"id":5790,"date":"2022-05-19T12:47:26","date_gmt":"2022-05-19T12:47:26","guid":{"rendered":"https:\/\/hhassoc-dev.sbx.world\/logistics\/"},"modified":"2023-11-24T14:14:54","modified_gmt":"2023-11-24T14:14:54","slug":"logistics","status":"publish","type":"page","link":"https:\/\/www.hhglobal.com\/cs\/what-we-do\/logistics\/","title":{"rendered":"Logistika"},"content":{"rendered":"","protected":false},"excerpt":{"rendered":"","protected":false},"author":41,"featured_media":0,"parent":0,"menu_order":0,"comment_status":"closed","ping_status":"closed","template":"","meta":{"_acf_changed":"","_yoast_wpseo_focuskw":"","_yoast_wpseo_metadesc":"","_yoast_wpseo_linkdex":"","_yoast_wpseo_content_score":"","_yoast_wpseo_meta-robots-noindex":"","_yoast_wpseo_meta-robots-nofollow":"","inline_featured_image":[],"_genesis_block_theme_hide_title":false,"_cms_nav_minihome":"","_icl_lang_duplicate_of":"","_menu_item_classes":[],"_menu_item_menu_item_parent":"","_menu_item_object":"","_menu_item_object_id":"","_menu_item_orphaned":"","_menu_item_target":"","_menu_item_type":"","_menu_item_url":"","_menu_item_xfn":"","_seedprod_page":"","_seedprod_page_template_type":"","_seedprod_page_uuid":"","_top_nav_excluded":"","_wp_attachment_backup_sizes":[],"_wp_attachment_context":"","_wp_attachment_image_alt":"","_wp_old_date":"","_wpcode_auto_insert":"","_wpcode_auto_insert_number":"","_wpcode_library_id":"","_wpml_media_duplicate":"1","_wpml_media_featured":"1","_wpml_post_translation_editor_native":"","_wpml_word_count":"{\"total\":464,\"to_translate\":{\"zh-hans\":464,\"cs\":464,\"de\":464,\"ja\":464,\"pt-br\":464,\"es\":464}}","_yoast_wpseo_estimated-reading-time-minutes":[],"_yoast_wpseo_primary_category":"","_yoast_wpseo_primary_industry":"","_yoast_wpseo_primary_solution":"","_yoast_wpseo_primary_the_author":"","_yoast_wpseo_wordproof_timestamp":"","acfml_non_translatable_locations":[],"career_externalLink":"","career_featuredImage":"","career_title":"","casestudy_featuredImage":"","casestudy_title":"","infocallout_excerpt":"","infocallout_featuredImage":"","infocallout_title":"","jobTitle":"","language":"","name":"","profilePicture":"","wp-smpro-smush-data":[],"wp-smush-animated":"","wp-smush-ignore-bulk":"","wp-smush-lossy":"","wpml_media_processed":"","_wpcode_conditional_logic_enabled":"","_wpcode_location_extra":"","_wpcode_note":"","_wpcode_priority":"","_wpcode_shortcode_attributes":[],"footnotes":""},"class_list":["post-5790","page","type-page","status-publish","hentry","post","without-featured-image"],"acf":{"page_title":"Logistick\u00e1 \u0159e\u0161en\u00ed pro strategick\u00fd glob\u00e1ln\u00ed marketing | HH Global ","page_description":"Dovolte, aby logistick\u00e9 zku\u0161enosti skupiny HH Global, pln\u011b integrovan\u00e9 s \u0159e\u0161en\u00edmi kreativn\u00ed v\u00fdroby a n\u00e1kupu, p\u0159inesly va\u0161\u00ed zna\u010dce glob\u00e1ln\u00ed marketingov\u00fd \u00fasp\u011bch","social_title":"","social_description":"","social_share_image":null,"modules":[{"acf_fc_layout":"hero","size":"medium2","theme":"dark","choose_images":[{"image":2715},{"image":2493},{"image":4773},{"image":4755}],"show_eyebrow":false,"eyebrow":"","title":"Logistika","show_cta":false,"cta_url":"","cta_title":""},{"acf_fc_layout":"intro_content_block","scroll_to_link":"","container_background_color":"bg-white","type":false,"show_image":false,"intro_image":null,"show_background":false,"background":null,"show_eyebrow":false,"eyebrow":"","show_designations":false,"designations":null,"show_title":true,"size":"large","title":"Logistick\u00e1 \u0159e\u0161en\u00ed pro strategick\u00fd glob\u00e1ln\u00ed marketing","show_intro":false,"intro":"","show_body":false,"body":"","show_labels":false,"labels":{"show_social":false,"custom_categories":null}},{"acf_fc_layout":"text_with_media_carousel","scroll_to_link":"","theme":"light","container_background_color":"bg-grey","highlight_color":"purple","title":"Zajist\u011bte vliv va\u0161ich velk\u00fdch idej\u00ed p\u0159\u00edpravou","content":"M\u00e1te velk\u00e9 my\u0161lenky pro sv\u016fj marketing. Ale aby m\u011bly va\u0161e marketingov\u00e9 materi\u00e1ly velk\u00fd vliv, musej\u00ed b\u00fdt ve spr\u00e1vn\u00fd \u010das na spr\u00e1vn\u00e9m m\u00edst\u011b. Na\u0161e chytr\u00e9 sklady \u0159\u00edzen\u00e9 technologi\u00ed spolu se strategick\u00fdmi lokacemi na cel\u00e9m sv\u011bt\u011b v\u00e1m zajist\u00ed v\u00fdhody viditelnosti a rychlosti uv\u00e1d\u011bn\u00ed na trh, je\u017e pot\u0159ebujete k \u00fasp\u011bchu.\r\n\r\nVe skupin\u011b HH Global je pro n\u00e1s prioritou porozum\u011bt va\u0161emu byznysu od kreativn\u00edho konceptu a\u017e po ulo\u017een\u00ed a dod\u00e1n\u00ed detail\u016f va\u0161ich marketingov\u00fdch aktiv. Pln\u011b se integrujeme s va\u0161imi st\u00e1vaj\u00edc\u00edmi syst\u00e9my, abychom v\u00e1m poskytli viditelnost sledov\u00e1n\u00ed a z\u00e1sob pro v\u00fdjime\u010dnou spr\u00e1vu. Nav\u00edc v\u00e1m na\u0161e strategie udr\u017eitelnosti, m\u011b\u0159en\u00ed a v\u00fdkaznictv\u00ed pomohou splnit a p\u0159ekro\u010dit va\u0161e podnikov\u00e9 c\u00edle.","additional_spacing":true,"features_title":"Oblasti slu\u017eeb","features":[{"navigation_label":"Skladov\u00e1n\u00ed + distribuce","show_title":true,"title":"Skladov\u00e1n\u00ed + distribuce","show_subtitle":false,"subtitle":"","content":"Poskytujeme flexibiln\u00ed \u0159e\u0161en\u00ed skladov\u00e1n\u00ed a distribuce ve velk\u00e9m m\u011b\u0159\u00edtku, kter\u00e1 zahrnuj\u00ed n\u00e1sleduj\u00edc\u00ed:\r\n<ul>\r\n \t<li data-leveltext=\"\uf0b7\" data-font=\"Symbol\" data-listid=\"31\" data-list-defn-props=\"{&quot;335552541&quot;:1,&quot;335559684&quot;:-2,&quot;335559685&quot;:720,&quot;335559991&quot;:360,&quot;469769226&quot;:&quot;Symbol&quot;,&quot;469769242&quot;:[8226],&quot;469777803&quot;:&quot;left&quot;,&quot;469777804&quot;:&quot;\uf0b7&quot;,&quot;469777815&quot;:&quot;hybridMultilevel&quot;}\" aria-setsize=\"-1\" data-aria-posinset=\"1\" data-aria-level=\"1\">Taktickou flexibilitu pro rychl\u00e9 zav\u00e1d\u011bn\u00ed operac\u00ed, kter\u00e9 spl\u0148uj\u00ed jedine\u010dn\u00e9 c\u00edle va\u0161eho byznysu<\/li>\r\n \t<li data-leveltext=\"\uf0b7\" data-font=\"Symbol\" data-listid=\"31\" data-list-defn-props=\"{&quot;335552541&quot;:1,&quot;335559684&quot;:-2,&quot;335559685&quot;:720,&quot;335559991&quot;:360,&quot;469769226&quot;:&quot;Symbol&quot;,&quot;469769242&quot;:[8226],&quot;469777803&quot;:&quot;left&quot;,&quot;469777804&quot;:&quot;\uf0b7&quot;,&quot;469777815&quot;:&quot;hybridMultilevel&quot;}\" aria-setsize=\"-1\" data-aria-posinset=\"1\" data-aria-level=\"1\">V\u00edce sklad\u016f v r\u016fzn\u00fdch lokalit\u00e1ch pro co nejlep\u0161\u00ed vyhov\u011bn\u00ed p\u0159epravn\u00edm pot\u0159eb\u00e1m z\u00e1kazn\u00edk\u016f<\/li>\r\n \t<li data-leveltext=\"\uf0b7\" data-font=\"Symbol\" data-listid=\"31\" data-list-defn-props=\"{&quot;335552541&quot;:1,&quot;335559684&quot;:-2,&quot;335559685&quot;:720,&quot;335559991&quot;:360,&quot;469769226&quot;:&quot;Symbol&quot;,&quot;469769242&quot;:[8226],&quot;469777803&quot;:&quot;left&quot;,&quot;469777804&quot;:&quot;\uf0b7&quot;,&quot;469777815&quot;:&quot;hybridMultilevel&quot;}\" aria-setsize=\"-1\" data-aria-posinset=\"1\" data-aria-level=\"1\">Rozmanitou s\u00ed\u0165 certifikovan\u00fdch poskytovatel\u016f sklad\u016f zaji\u0161\u0165uj\u00edc\u00ed \u0161k\u00e1lovatelnost v r\u00e1mci sektor\u016f pr\u016fmyslu<\/li>\r\n \t<li data-leveltext=\"\uf0b7\" data-font=\"Symbol\" data-listid=\"31\" data-list-defn-props=\"{&quot;335552541&quot;:1,&quot;335559684&quot;:-2,&quot;335559685&quot;:720,&quot;335559991&quot;:360,&quot;469769226&quot;:&quot;Symbol&quot;,&quot;469769242&quot;:[8226],&quot;469777803&quot;:&quot;left&quot;,&quot;469777804&quot;:&quot;\uf0b7&quot;,&quot;469777815&quot;:&quot;hybridMultilevel&quot;}\" aria-setsize=\"-1\" data-aria-posinset=\"1\" data-aria-level=\"1\">Centralizovan\u00e9 a decentralizovan\u00e9 mo\u017enosti pro spln\u011bn\u00ed v\u0161ech po\u017eadavk\u016f na distribuci<\/li>\r\n \t<li data-leveltext=\"\uf0b7\" data-font=\"Symbol\" data-listid=\"31\" data-list-defn-props=\"{&quot;335552541&quot;:1,&quot;335559684&quot;:-2,&quot;335559685&quot;:720,&quot;335559991&quot;:360,&quot;469769226&quot;:&quot;Symbol&quot;,&quot;469769242&quot;:[8226],&quot;469777803&quot;:&quot;left&quot;,&quot;469777804&quot;:&quot;\uf0b7&quot;,&quot;469777815&quot;:&quot;hybridMultilevel&quot;}\" aria-setsize=\"-1\" data-aria-posinset=\"1\" data-aria-level=\"1\">Neust\u00e1le se roz\u0161i\u0159uj\u00edc\u00ed z\u00e1kladna dodavatel\u016f pro zlep\u0161en\u00ed slu\u017eeb v r\u00e1mci v\u0161ech tras<\/li>\r\n \t<li data-leveltext=\"\uf0b7\" data-font=\"Symbol\" data-listid=\"31\" data-list-defn-props=\"{&quot;335552541&quot;:1,&quot;335559684&quot;:-2,&quot;335559685&quot;:720,&quot;335559991&quot;:360,&quot;469769226&quot;:&quot;Symbol&quot;,&quot;469769242&quot;:[8226],&quot;469777803&quot;:&quot;left&quot;,&quot;469777804&quot;:&quot;\uf0b7&quot;,&quot;469777815&quot;:&quot;hybridMultilevel&quot;}\" aria-setsize=\"-1\" data-aria-posinset=\"1\" data-aria-level=\"1\">Ekonomick\u00e9 v\u00fdhody \u0161k\u00e1lov\u00e1n\u00ed a \u00faspory d\u00edky agregaci aktivit klient\u016f v r\u00e1mci na\u0161eho portfolia<\/li>\r\n<\/ul>","choose_media":[{"image":4767}],"vimeoid":"","ytid":""},{"navigation_label":"Optimalizace dopravy","show_title":true,"title":"Optimalizace dopravy","show_subtitle":false,"subtitle":"","content":"Robustn\u00ed spr\u00e1va dopravy zefektiv\u0148uje va\u0161e marketingov\u00e9, skladov\u00e9 a realiza\u010dn\u00ed procesy v\u010detn\u011b:\r\n<ul>\r\n \t<li data-leveltext=\"\uf0b7\" data-font=\"Symbol\" data-listid=\"32\" data-list-defn-props=\"{&quot;335552541&quot;:1,&quot;335559684&quot;:-2,&quot;335559685&quot;:720,&quot;335559991&quot;:360,&quot;469769226&quot;:&quot;Symbol&quot;,&quot;469769242&quot;:[8226],&quot;469777803&quot;:&quot;left&quot;,&quot;469777804&quot;:&quot;\uf0b7&quot;,&quot;469777815&quot;:&quot;hybridMultilevel&quot;}\" aria-setsize=\"-1\" data-aria-posinset=\"1\" data-aria-level=\"1\">Propriet\u00e1rn\u00ed technologie katalogu a dashboardu zjednodu\u0161uj\u00ed objedn\u00e1vky a poskytuj\u00ed znalosti v re\u00e1ln\u00e9m \u010dase<\/li>\r\n \t<li data-leveltext=\"\uf0b7\" data-font=\"Symbol\" data-listid=\"32\" data-list-defn-props=\"{&quot;335552541&quot;:1,&quot;335559684&quot;:-2,&quot;335559685&quot;:720,&quot;335559991&quot;:360,&quot;469769226&quot;:&quot;Symbol&quot;,&quot;469769242&quot;:[8226],&quot;469777803&quot;:&quot;left&quot;,&quot;469777804&quot;:&quot;\uf0b7&quot;,&quot;469777815&quot;:&quot;hybridMultilevel&quot;}\" aria-setsize=\"-1\" data-aria-posinset=\"1\" data-aria-level=\"1\">Ve\u0161ker\u00e1 p\u0159eprava je spravov\u00e1na on-line p\u0159es TMS (Transportation Management Software)<\/li>\r\n \t<li data-leveltext=\"\uf0b7\" data-font=\"Symbol\" data-listid=\"32\" data-list-defn-props=\"{&quot;335552541&quot;:1,&quot;335559684&quot;:-2,&quot;335559685&quot;:720,&quot;335559991&quot;:360,&quot;469769226&quot;:&quot;Symbol&quot;,&quot;469769242&quot;:[8226],&quot;469777803&quot;:&quot;left&quot;,&quot;469777804&quot;:&quot;\uf0b7&quot;,&quot;469777815&quot;:&quot;hybridMultilevel&quot;}\" aria-setsize=\"-1\" data-aria-posinset=\"1\" data-aria-level=\"1\">&gt;31 milion\u016f liber ro\u010dn\u011b pod spr\u00e1vou<\/li>\r\n \t<li data-leveltext=\"\uf0b7\" data-font=\"Symbol\" data-listid=\"32\" data-list-defn-props=\"{&quot;335552541&quot;:1,&quot;335559684&quot;:-2,&quot;335559685&quot;:720,&quot;335559991&quot;:360,&quot;469769226&quot;:&quot;Symbol&quot;,&quot;469769242&quot;:[8226],&quot;469777803&quot;:&quot;left&quot;,&quot;469777804&quot;:&quot;\uf0b7&quot;,&quot;469777815&quot;:&quot;hybridMultilevel&quot;}\" aria-setsize=\"-1\" data-aria-posinset=\"1\" data-aria-level=\"1\">99,5 % v\u010dasn\u00fdch dod\u00e1vek<\/li>\r\n \t<li data-leveltext=\"\uf0b7\" data-font=\"Symbol\" data-listid=\"32\" data-list-defn-props=\"{&quot;335552541&quot;:1,&quot;335559684&quot;:-2,&quot;335559685&quot;:720,&quot;335559991&quot;:360,&quot;469769226&quot;:&quot;Symbol&quot;,&quot;469769242&quot;:[8226],&quot;469777803&quot;:&quot;left&quot;,&quot;469777804&quot;:&quot;\uf0b7&quot;,&quot;469777815&quot;:&quot;hybridMultilevel&quot;}\" aria-setsize=\"-1\" data-aria-posinset=\"1\" data-aria-level=\"1\">Import a export do v\u00edce ne\u017e 60 zem\u00ed<\/li>\r\n<\/ul>","choose_media":[{"image":4803}],"vimeoid":"","ytid":""},{"navigation_label":"Mont\u00e1\u017e + instalace","show_title":true,"title":"Mont\u00e1\u017e + instalace","show_subtitle":false,"subtitle":"","content":"Specializujeme se na koordinaci a spr\u00e1vu strategick\u00fdch instala\u010dn\u00edch program\u016f pro va\u0161e nejd\u016fle\u017eit\u011bj\u0161\u00ed marketingov\u00e1 aktiva, v\u010detn\u011b:\r\n<ul>\r\n \t<li data-leveltext=\"\uf0b7\" data-font=\"Symbol\" data-listid=\"33\" data-list-defn-props=\"{&quot;335552541&quot;:1,&quot;335559684&quot;:-2,&quot;335559685&quot;:720,&quot;335559991&quot;:360,&quot;469769226&quot;:&quot;Symbol&quot;,&quot;469769242&quot;:[8226],&quot;469777803&quot;:&quot;left&quot;,&quot;469777804&quot;:&quot;\uf0b7&quot;,&quot;469777815&quot;:&quot;hybridMultilevel&quot;}\" aria-setsize=\"-1\" data-aria-posinset=\"1\" data-aria-level=\"1\">Tradi\u010dn\u00ed a digit\u00e1ln\u00ed zna\u010den\u00ed, sv\u00edtidla i expozice a p\u0159izp\u016fsoben\u00e1 jednor\u00e1zov\u00e1 \u0159e\u0161en\u00ed v\u0161ech \u00farovn\u00ed slo\u017eitosti<\/li>\r\n \t<li data-leveltext=\"\uf0b7\" data-font=\"Symbol\" data-listid=\"33\" data-list-defn-props=\"{&quot;335552541&quot;:1,&quot;335559684&quot;:-2,&quot;335559685&quot;:720,&quot;335559991&quot;:360,&quot;469769226&quot;:&quot;Symbol&quot;,&quot;469769242&quot;:[8226],&quot;469777803&quot;:&quot;left&quot;,&quot;469777804&quot;:&quot;\uf0b7&quot;,&quot;469777815&quot;:&quot;hybridMultilevel&quot;}\" aria-setsize=\"-1\" data-aria-posinset=\"1\" data-aria-level=\"1\">In-house t\u00fdm zku\u0161en\u00fdch specialist\u016f na mont\u00e1\u017e a instalaci\r\nOdborn\u00e9 a rychl\u00e9 instala\u010dn\u00ed slu\u017eby v r\u00e1mci v\u0161ech odv\u011btv\u00ed<\/li>\r\n \t<li data-leveltext=\"\uf0b7\" data-font=\"Symbol\" data-listid=\"33\" data-list-defn-props=\"{&quot;335552541&quot;:1,&quot;335559684&quot;:-2,&quot;335559685&quot;:720,&quot;335559991&quot;:360,&quot;469769226&quot;:&quot;Symbol&quot;,&quot;469769242&quot;:[8226],&quot;469777803&quot;:&quot;left&quot;,&quot;469777804&quot;:&quot;\uf0b7&quot;,&quot;469777815&quot;:&quot;hybridMultilevel&quot;}\" aria-setsize=\"-1\" data-aria-posinset=\"1\" data-aria-level=\"1\">Slu\u017eby \u0159\u00edzen\u00ed projekt\u016f 24\/7\/365<\/li>\r\n \t<li data-leveltext=\"\uf0b7\" data-font=\"Symbol\" data-listid=\"33\" data-list-defn-props=\"{&quot;335552541&quot;:1,&quot;335559684&quot;:-2,&quot;335559685&quot;:720,&quot;335559991&quot;:360,&quot;469769226&quot;:&quot;Symbol&quot;,&quot;469769242&quot;:[8226],&quot;469777803&quot;:&quot;left&quot;,&quot;469777804&quot;:&quot;\uf0b7&quot;,&quot;469777815&quot;:&quot;hybridMultilevel&quot;}\" aria-setsize=\"-1\" data-aria-posinset=\"1\" data-aria-level=\"1\">St\u00e1l\u00e1 komunikace s klienty od specializovan\u00fdch projektov\u00fdch mana\u017eer\u016f<\/li>\r\n \t<li data-leveltext=\"\uf0b7\" data-font=\"Symbol\" data-listid=\"33\" data-list-defn-props=\"{&quot;335552541&quot;:1,&quot;335559684&quot;:-2,&quot;335559685&quot;:720,&quot;335559991&quot;:360,&quot;469769226&quot;:&quot;Symbol&quot;,&quot;469769242&quot;:[8226],&quot;469777803&quot;:&quot;left&quot;,&quot;469777804&quot;:&quot;\uf0b7&quot;,&quot;469777815&quot;:&quot;hybridMultilevel&quot;}\" aria-setsize=\"-1\" data-aria-posinset=\"1\" data-aria-level=\"1\">Konzistentn\u011b spolehliv\u00e9 v\u00fdsledky pro ka\u017ed\u00fd projekt<\/li>\r\n<\/ul>","choose_media":[{"image":2439}],"vimeoid":"","ytid":""},{"navigation_label":"Co-packing","show_title":true,"title":"Co-packing","show_subtitle":false,"subtitle":"","content":"Vyu\u017e\u00edv\u00e1me rozs\u00e1hl\u00e9 specializovan\u00e9 za\u0159\u00edzen\u00ed s provozn\u00edmi a in\u017een\u00fdrsk\u00fdmi t\u00fdmy pro usnadn\u011bn\u00ed co-packingu expozi\u010dn\u00edch slu\u017eeb, v\u010detn\u011b:\r\n<ul style=\"font-weight: 400;\">\r\n \t<li data-leveltext=\"\uf0b7\" data-font=\"Symbol\" data-listid=\"34\" data-list-defn-props=\"{&quot;335552541&quot;:1,&quot;335559684&quot;:-2,&quot;335559685&quot;:720,&quot;335559991&quot;:360,&quot;469769226&quot;:&quot;Symbol&quot;,&quot;469769242&quot;:[8226],&quot;469777803&quot;:&quot;left&quot;,&quot;469777804&quot;:&quot;\uf0b7&quot;,&quot;469777815&quot;:&quot;hybridMultilevel&quot;}\" aria-setsize=\"-1\" data-aria-posinset=\"1\" data-aria-level=\"1\">Za\u0159\u00edzen\u00ed s certifikac\u00ed AIB a registrac\u00ed FDA o rozloze 350 tis\u00edc stop \u010dtvere\u010dn\u00edch.<\/li>\r\n \t<li data-leveltext=\"\uf0b7\" data-font=\"Symbol\" data-listid=\"34\" data-list-defn-props=\"{&quot;335552541&quot;:1,&quot;335559684&quot;:-2,&quot;335559685&quot;:720,&quot;335559991&quot;:360,&quot;469769226&quot;:&quot;Symbol&quot;,&quot;469769242&quot;:[8226],&quot;469777803&quot;:&quot;left&quot;,&quot;469777804&quot;:&quot;\uf0b7&quot;,&quot;469777815&quot;:&quot;hybridMultilevel&quot;}\" aria-setsize=\"-1\" data-aria-posinset=\"1\" data-aria-level=\"1\">Dv\u011b sm\u011bny zam\u011bstnanc\u016f pro mont\u00e1\u017e expozic, co-packing a balen\u00ed souprav zaji\u0161\u0165uj\u00ed flexibilitu a \u0161k\u00e1lov\u00e1n\u00ed podle pot\u0159eby<\/li>\r\n \t<li data-leveltext=\"\uf0b7\" data-font=\"Symbol\" data-listid=\"34\" data-list-defn-props=\"{&quot;335552541&quot;:1,&quot;335559684&quot;:-2,&quot;335559685&quot;:720,&quot;335559991&quot;:360,&quot;469769226&quot;:&quot;Symbol&quot;,&quot;469769242&quot;:[8226],&quot;469777803&quot;:&quot;left&quot;,&quot;469777804&quot;:&quot;\uf0b7&quot;,&quot;469777815&quot;:&quot;hybridMultilevel&quot;}\" aria-setsize=\"-1\" data-aria-posinset=\"1\" data-aria-level=\"1\">In-house vibra\u010dn\u00ed st\u016fl pro simulaci p\u0159epravy a dopravn\u00ed testov\u00e1n\u00ed<\/li>\r\n \t<li data-leveltext=\"\uf0b7\" data-font=\"Symbol\" data-listid=\"34\" data-list-defn-props=\"{&quot;335552541&quot;:1,&quot;335559684&quot;:-2,&quot;335559685&quot;:720,&quot;335559991&quot;:360,&quot;469769226&quot;:&quot;Symbol&quot;,&quot;469769242&quot;:[8226],&quot;469777803&quot;:&quot;left&quot;,&quot;469777804&quot;:&quot;\uf0b7&quot;,&quot;469777815&quot;:&quot;hybridMultilevel&quot;}\" aria-setsize=\"-1\" data-aria-posinset=\"1\" data-aria-level=\"1\">Ro\u010dn\u011b odesl\u00e1ny v\u00fdrobky zabalen\u00e9ho spot\u0159ebn\u00edho zbo\u017e\u00ed za 175 milion\u016f dolar\u016f<\/li>\r\n<\/ul>","choose_media":[{"image":5211}],"vimeoid":"","ytid":""}]},{"acf_fc_layout":"content_block","container_background_color":"bg-white","show_header":false,"header":"","contents":[{"show_header_icon":false,"header_icon":null,"show_header":true,"header":"+7\u202fk","header_color":"secondary-blue","show_subheader":true,"subheader":"p\u0159epravc\u016f","description":"v s\u00edti"},{"show_header_icon":false,"header_icon":null,"show_header":true,"header":"+250","header_color":"purple","show_subheader":true,"subheader":"uveden\u00ed v\u00fdrobk\u016f na trh","description":"pod spr\u00e1vou ro\u010dn\u011b"},{"show_header_icon":false,"header_icon":null,"show_header":true,"header":"+150","header_color":"light-purple","show_subheader":true,"subheader":"spole\u010dnost\u00ed FMCG","description":"podporov\u00e1no ro\u010dn\u011b"}]},{"acf_fc_layout":"cards","scroll_to_link":"","container_background_color":"bg-pure-black","show_heading":true,"heading":"Prozkoumat v\u00edce","content":"","cards":{"layout":"case-studies-layout","sub_layout":"simple","cards_display_mode":"bg-white","solution_term":null,"industry_term":null,"author_term":null,"region_term":null,"choose_cards":null,"choose_case_studies":[5742,5735,5728],"choose_featured_case_studies":null,"choose_staff_members":null,"choose_careers":null,"choose_info_callouts":null,"show_titles":true,"show_description":true,"show_date":false,"show_sector":false}},{"acf_fc_layout":"contact_form","scroll_to_link":"","title":"Napi\u0161te n\u00e1m"}]},"yoast_head":"<!-- This site is optimized with the Yoast SEO plugin v27.4 - https:\/\/yoast.com\/product\/yoast-seo-wordpress\/ -->\n<title>Logistika - HH Global<\/title>\n<meta name=\"robots\" content=\"index, follow, max-snippet:-1, max-image-preview:large, max-video-preview:-1\" \/>\n<link rel=\"canonical\" href=\"https:\/\/www.hhglobal.com\/cs\/what-we-do\/logistics\/\" \/>\n<meta property=\"og:locale\" content=\"cs_CZ\" \/>\n<meta property=\"og:type\" content=\"article\" \/>\n<meta property=\"og:title\" content=\"Logistika - HH Global\" \/>\n<meta property=\"og:url\" content=\"https:\/\/www.hhglobal.com\/cs\/what-we-do\/logistics\/\" \/>\n<meta property=\"og:site_name\" content=\"HH Global\" \/>\n<meta property=\"article:modified_time\" content=\"2023-11-24T14:14:54+00:00\" \/>\n<meta name=\"twitter:card\" content=\"summary_large_image\" \/>\n<script type=\"application\/ld+json\" class=\"yoast-schema-graph\">{\"@context\":\"https:\\\/\\\/schema.org\",\"@graph\":[{\"@type\":\"WebPage\",\"@id\":\"https:\\\/\\\/www.hhglobal.com\\\/cs\\\/what-we-do\\\/logistics\\\/\",\"url\":\"https:\\\/\\\/www.hhglobal.com\\\/cs\\\/what-we-do\\\/logistics\\\/\",\"name\":\"Logistika - HH Global\",\"isPartOf\":{\"@id\":\"https:\\\/\\\/www.hhglobal.com\\\/cs\\\/#website\"},\"datePublished\":\"2022-05-19T12:47:26+00:00\",\"dateModified\":\"2023-11-24T14:14:54+00:00\",\"breadcrumb\":{\"@id\":\"https:\\\/\\\/www.hhglobal.com\\\/cs\\\/what-we-do\\\/logistics\\\/#breadcrumb\"},\"inLanguage\":\"cs\",\"potentialAction\":[{\"@type\":\"ReadAction\",\"target\":[\"https:\\\/\\\/www.hhglobal.com\\\/cs\\\/what-we-do\\\/logistics\\\/\"]}]},{\"@type\":\"BreadcrumbList\",\"@id\":\"https:\\\/\\\/www.hhglobal.com\\\/cs\\\/what-we-do\\\/logistics\\\/#breadcrumb\",\"itemListElement\":[{\"@type\":\"ListItem\",\"position\":1,\"name\":\"Home\",\"item\":\"https:\\\/\\\/www.hhglobal.com\\\/cs\\\/\"},{\"@type\":\"ListItem\",\"position\":2,\"name\":\"Logistika\"}]},{\"@type\":\"WebSite\",\"@id\":\"https:\\\/\\\/www.hhglobal.com\\\/cs\\\/#website\",\"url\":\"https:\\\/\\\/www.hhglobal.com\\\/cs\\\/\",\"name\":\"HH Global\",\"description\":\"The global, tech-enabled creative production and procurement partner.\",\"publisher\":{\"@id\":\"https:\\\/\\\/www.hhglobal.com\\\/cs\\\/#organization\"},\"potentialAction\":[{\"@type\":\"SearchAction\",\"target\":{\"@type\":\"EntryPoint\",\"urlTemplate\":\"https:\\\/\\\/www.hhglobal.com\\\/cs\\\/?s={search_term_string}\"},\"query-input\":{\"@type\":\"PropertyValueSpecification\",\"valueRequired\":true,\"valueName\":\"search_term_string\"}}],\"inLanguage\":\"cs\"},{\"@type\":\"Organization\",\"@id\":\"https:\\\/\\\/www.hhglobal.com\\\/cs\\\/#organization\",\"name\":\"HH Global\",\"url\":\"https:\\\/\\\/www.hhglobal.com\\\/cs\\\/\",\"logo\":{\"@type\":\"ImageObject\",\"inLanguage\":\"cs\",\"@id\":\"https:\\\/\\\/www.hhglobal.com\\\/cs\\\/#\\\/schema\\\/logo\\\/image\\\/\",\"url\":\"https:\\\/\\\/www.hhglobal.com\\\/wp-content\\\/uploads\\\/2023\\\/12\\\/logo-white.svg\",\"contentUrl\":\"https:\\\/\\\/www.hhglobal.com\\\/wp-content\\\/uploads\\\/2023\\\/12\\\/logo-white.svg\",\"width\":77,\"height\":18,\"caption\":\"HH Global\"},\"image\":{\"@id\":\"https:\\\/\\\/www.hhglobal.com\\\/cs\\\/#\\\/schema\\\/logo\\\/image\\\/\"}}]}<\/script>\n<!-- \/ Yoast SEO plugin. -->","yoast_head_json":{"title":"Logistika - HH Global","robots":{"index":"index","follow":"follow","max-snippet":"max-snippet:-1","max-image-preview":"max-image-preview:large","max-video-preview":"max-video-preview:-1"},"canonical":"https:\/\/www.hhglobal.com\/cs\/what-we-do\/logistics\/","og_locale":"cs_CZ","og_type":"article","og_title":"Logistika - HH Global","og_url":"https:\/\/www.hhglobal.com\/cs\/what-we-do\/logistics\/","og_site_name":"HH Global","article_modified_time":"2023-11-24T14:14:54+00:00","twitter_card":"summary_large_image","schema":{"@context":"https:\/\/schema.org","@graph":[{"@type":"WebPage","@id":"https:\/\/www.hhglobal.com\/cs\/what-we-do\/logistics\/","url":"https:\/\/www.hhglobal.com\/cs\/what-we-do\/logistics\/","name":"Logistika - HH Global","isPartOf":{"@id":"https:\/\/www.hhglobal.com\/cs\/#website"},"datePublished":"2022-05-19T12:47:26+00:00","dateModified":"2023-11-24T14:14:54+00:00","breadcrumb":{"@id":"https:\/\/www.hhglobal.com\/cs\/what-we-do\/logistics\/#breadcrumb"},"inLanguage":"cs","potentialAction":[{"@type":"ReadAction","target":["https:\/\/www.hhglobal.com\/cs\/what-we-do\/logistics\/"]}]},{"@type":"BreadcrumbList","@id":"https:\/\/www.hhglobal.com\/cs\/what-we-do\/logistics\/#breadcrumb","itemListElement":[{"@type":"ListItem","position":1,"name":"Home","item":"https:\/\/www.hhglobal.com\/cs\/"},{"@type":"ListItem","position":2,"name":"Logistika"}]},{"@type":"WebSite","@id":"https:\/\/www.hhglobal.com\/cs\/#website","url":"https:\/\/www.hhglobal.com\/cs\/","name":"HH Global","description":"The global, tech-enabled creative production and procurement partner.","publisher":{"@id":"https:\/\/www.hhglobal.com\/cs\/#organization"},"potentialAction":[{"@type":"SearchAction","target":{"@type":"EntryPoint","urlTemplate":"https:\/\/www.hhglobal.com\/cs\/?s={search_term_string}"},"query-input":{"@type":"PropertyValueSpecification","valueRequired":true,"valueName":"search_term_string"}}],"inLanguage":"cs"},{"@type":"Organization","@id":"https:\/\/www.hhglobal.com\/cs\/#organization","name":"HH Global","url":"https:\/\/www.hhglobal.com\/cs\/","logo":{"@type":"ImageObject","inLanguage":"cs","@id":"https:\/\/www.hhglobal.com\/cs\/#\/schema\/logo\/image\/","url":"https:\/\/www.hhglobal.com\/wp-content\/uploads\/2023\/12\/logo-white.svg","contentUrl":"https:\/\/www.hhglobal.com\/wp-content\/uploads\/2023\/12\/logo-white.svg","width":77,"height":18,"caption":"HH Global"},"image":{"@id":"https:\/\/www.hhglobal.com\/cs\/#\/schema\/logo\/image\/"}}]}},"_links":{"self":[{"href":"https:\/\/www.hhglobal.com\/cs\/wp-json\/wp\/v2\/pages\/5790","targetHints":{"allow":["GET"]}}],"collection":[{"href":"https:\/\/www.hhglobal.com\/cs\/wp-json\/wp\/v2\/pages"}],"about":[{"href":"https:\/\/www.hhglobal.com\/cs\/wp-json\/wp\/v2\/types\/page"}],"author":[{"embeddable":true,"href":"https:\/\/www.hhglobal.com\/cs\/wp-json\/wp\/v2\/users\/41"}],"replies":[{"embeddable":true,"href":"https:\/\/www.hhglobal.com\/cs\/wp-json\/wp\/v2\/comments?post=5790"}],"version-history":[{"count":0,"href":"https:\/\/www.hhglobal.com\/cs\/wp-json\/wp\/v2\/pages\/5790\/revisions"}],"wp:attachment":[{"href":"https:\/\/www.hhglobal.com\/cs\/wp-json\/wp\/v2\/media?parent=5790"}],"curies":[{"name":"wp","href":"https:\/\/api.w.org\/{rel}","templated":true}]}}