{"id":5754,"date":"2022-06-18T02:41:24","date_gmt":"2022-06-18T02:41:24","guid":{"rendered":"https:\/\/hhassoc-dev.sbx.world\/group-tax-strategy\/"},"modified":"2023-02-09T18:30:10","modified_gmt":"2023-02-09T18:30:10","slug":"group-tax-strategy","status":"publish","type":"page","link":"https:\/\/www.hhglobal.com\/cs\/group-tax-strategy\/","title":{"rendered":"Da\u0148ov\u00e1 strategie skupiny HH Global"},"content":{"rendered":"","protected":false},"excerpt":{"rendered":"","protected":false},"author":10,"featured_media":0,"parent":0,"menu_order":0,"comment_status":"closed","ping_status":"closed","template":"","meta":{"_acf_changed":"","_yoast_wpseo_focuskw":"","_yoast_wpseo_metadesc":"","_yoast_wpseo_linkdex":"","_yoast_wpseo_content_score":"","_yoast_wpseo_meta-robots-noindex":"","_yoast_wpseo_meta-robots-nofollow":"","inline_featured_image":[],"_genesis_block_theme_hide_title":false,"_cms_nav_minihome":"","_icl_lang_duplicate_of":"","_menu_item_classes":[],"_menu_item_menu_item_parent":"","_menu_item_object":"","_menu_item_object_id":"","_menu_item_orphaned":"","_menu_item_target":"","_menu_item_type":"","_menu_item_url":"","_menu_item_xfn":"","_seedprod_page":"","_seedprod_page_template_type":"","_seedprod_page_uuid":"","_top_nav_excluded":"","_wp_attachment_backup_sizes":[],"_wp_attachment_context":"","_wp_attachment_image_alt":"","_wp_old_date":"","_wpcode_auto_insert":"","_wpcode_auto_insert_number":"","_wpcode_library_id":"","_wpml_media_duplicate":"1","_wpml_media_featured":"1","_wpml_post_translation_editor_native":"","_wpml_word_count":"{\"total\":904,\"to_translate\":{\"zh-hans\":904,\"cs\":904,\"de\":904,\"ja\":904,\"pt-br\":904,\"es\":904}}","_yoast_wpseo_estimated-reading-time-minutes":[],"_yoast_wpseo_primary_category":"","_yoast_wpseo_primary_industry":"","_yoast_wpseo_primary_solution":"","_yoast_wpseo_primary_the_author":"","_yoast_wpseo_wordproof_timestamp":"","acfml_non_translatable_locations":[],"career_externalLink":"","career_featuredImage":"","career_title":"","casestudy_featuredImage":"","casestudy_title":"","infocallout_excerpt":"","infocallout_featuredImage":"","infocallout_title":"","jobTitle":"","language":"","name":"","profilePicture":"","wp-smpro-smush-data":[],"wp-smush-animated":"","wp-smush-ignore-bulk":"","wp-smush-lossy":"","wpml_media_processed":"","_wpcode_conditional_logic_enabled":"","_wpcode_location_extra":"","_wpcode_note":"","_wpcode_priority":"","_wpcode_shortcode_attributes":[],"footnotes":""},"class_list":["post-5754","page","type-page","status-publish","hentry","post","without-featured-image"],"acf":{"page_title":"Da\u0148ov\u00e1 strategie skupiny HH Global","page_description":"","social_title":"","social_description":"","social_share_image":null,"modules":[{"acf_fc_layout":"simple_content_block","scroll_to_link":"","container_background_color":"bg-white","columns":"1","title_one":"Da\u0148ov\u00e1 strategie skupiny HH Global","content_one":"<strong>Oblast p\u016fsobnosti<\/strong>\r\nTato da\u0148ov\u00e1 strategie se t\u00fdk\u00e1 spol. HH Global Enterprise Network Limited a na v\u0161echny spole\u010dnosti ve Velk\u00e9 Brit\u00e1nii i mimo n\u00ed v r\u00e1mci skupiny HH Global Group (spole\u010dn\u011b ozna\u010dovan\u00e9 jako \u201eHH Global\u201c), pro obdob\u00ed od 1. dubna 2022 do 31. b\u0159ezna 2023.\r\nZve\u0159ejn\u011bn\u00ed na\u0161\u00ed da\u0148ov\u00e9 strategie se pova\u017euje za spln\u011bn\u00ed na\u0161\u00ed povinnosti podle odstavce 16(2) p\u0159\u00edlohy Schedule 19 britsk\u00e9ho z\u00e1kona Finance Act 2016.\r\n\r\n<strong>\u00davod<\/strong>\r\nSkupina HH Global je technologi\u00ed \u0159\u00edzen\u00fd kreativn\u00ed partner v oblasti v\u00fdroby a n\u00e1kupu, kter\u00fd zaji\u0161\u0165uje velk\u00fd vliv pro velk\u00e9 ideje na cel\u00e9m sv\u011bt\u011b. Spolu s &gt;4 500 odborn\u00edky na v\u0161ech trz\u00edch a t\u0159icetiletou histori\u00ed \u00fasp\u011bch\u016f pom\u00e1h\u00e1me nejv\u011bt\u0161\u00edm zna\u010dk\u00e1m na sv\u011bt\u011b dos\u00e1hnout siln\u011bj\u0161\u00edho a udr\u017eiteln\u011bj\u0161\u00edho r\u016fstu. Nap\u0159\u00ed\u010d v\u0161emi kan\u00e1ly. S rychlost\u00ed modern\u00edho byznysu. D\u00edky jedine\u010dn\u00e9mu dodavatelsk\u00e9mu \u0159et\u011bzci, rostouc\u00ed sad\u011b technologick\u00fdch n\u00e1stroj\u016f a datov\u00fdm poznatk\u016fm zaji\u0161\u0165ujeme, aby skv\u011bl\u00e9 ideje na\u0161ich klient\u016f byly nep\u0159ehl\u00e9dnuteln\u00e9 v\u0161ude.\r\n\r\n<strong>Opat\u0159en\u00ed v oblasti governance a \u0159\u00edzen\u00ed rizik<\/strong>\r\nKone\u010dnou odpov\u011bdnost za stanoven\u00ed a implementaci na\u0161eho p\u0159\u00edstupu k opat\u0159en\u00ed v oblasti governance a \u0159\u00edzen\u00ed rizik ve vztahu ke zdan\u011bn\u00ed ve Velk\u00e9 Brit\u00e1nii nese Board of Directors skupiny HH Global. Odpov\u011bdnost za jeho prov\u00e1d\u011bn\u00ed nese n\u00e1\u0161 Group Tax Director, kter\u00fd je pod\u0159\u00edzen Group Chief Financial Officer. Group Chief Financial Officer o t\u011bchto z\u00e1le\u017eitostech pravideln\u011b, nebo v p\u0159\u00edpad\u011b pot\u0159eby ad hoc, informuje Board a Audit Committee. Da\u0148ov\u00e1 strategie skupiny je aplikov\u00e1na konzistentn\u011b v r\u00e1mci v\u0161ech spole\u010dnost\u00ed skupiny HH Global.\r\n\r\nSkupina HH Global udr\u017euje robustn\u00ed intern\u00ed z\u00e1sady, postupy, \u0161kolen\u00ed a komplianci na podporu sv\u00e9ho r\u00e1mce da\u0148ov\u00e9 kontroly a \u0159\u00edzen\u00ed rizik, na kter\u00e9 dohl\u00ed\u017e\u00ed n\u00e1\u0161 Director of Internal Audit. Na\u0161e struktura governance zaji\u0161\u0165uje, \u017ee da\u0148ov\u00e1 rozhodnut\u00ed p\u0159ij\u00edm\u00e1 n\u00e1\u0161 in-house da\u0148ov\u00fd t\u00fdm skupiny pro zaji\u0161t\u011bn\u00ed konzistentn\u00ed profesion\u00e1ln\u00ed normy v r\u00e1mci cel\u00e9ho na\u0161eho byznysu.\r\n\r\nIn-house da\u0148ov\u00fd t\u00fdm je odpov\u011bdn\u00fd za sledov\u00e1n\u00ed a \u0159\u00edzen\u00ed p\u0159\u00edslu\u0161n\u00fdch kontroln\u00edch postup\u016f za \u00fa\u010delem zaji\u0161t\u011bn\u00ed, aby procesy kompliance byly robustn\u00ed a dodr\u017eovaly intern\u00ed a extern\u00ed po\u017eadavky. Pro podporu na\u0161ich proces\u016f da\u0148ov\u00e9 kompliance, v\u010detn\u011b p\u0159\u00edpravy da\u0148ov\u00fdch v\u00fdpo\u010dt\u016f a p\u0159izn\u00e1n\u00ed, vyu\u017e\u00edv\u00e1me extern\u00ed poradce. Da\u0148ov\u011b citliv\u00e9 posudky budou prov\u00e1d\u011bny na z\u00e1klad\u011b p\u0159im\u011b\u0159en\u00e9 interpretace relevantn\u00edch informac\u00ed, s plnou znalost\u00ed p\u0159\u00edslu\u0161n\u00fdch da\u0148ov\u00fdch z\u00e1kon\u016f a p\u0159\u00edpadn\u011b s p\u0159ihl\u00e9dnut\u00edm k extern\u00edmu da\u0148ov\u00e9mu poradenstv\u00ed.\r\n\r\n<strong>Postoj k da\u0148ov\u00e9mu pl\u00e1nov\u00e1n\u00ed<\/strong>\r\nSkupina HH Global se zavazuje k dodr\u017eov\u00e1n\u00ed vysok\u00fdch standard\u016f osobn\u00edho chov\u00e1n\u00ed a integrity byznysu na cel\u00e9m sv\u011bt\u011b a sama se \u0159\u00edd\u00ed stejn\u011b vysok\u00fdmi standardy, p\u0159i\u010dem\u017e uplat\u0148uje Code of Business Ethics skupiny HH Global a z\u00e1sady korpor\u00e1tn\u00ed odpov\u011bdnosti, kter\u00e9 zvy\u0161uj\u00ed hodnotu na\u0161eho podniku.\r\n\r\nPevn\u011b v\u011b\u0159\u00edme, \u017ee placen\u00ed spr\u00e1vn\u00e9 v\u00fd\u0161e dan\u00ed je sou\u010d\u00e1st\u00ed budov\u00e1n\u00ed udr\u017eiteln\u00e9ho r\u016fstu pro n\u00e1s i \u0161ir\u0161\u00ed lidskou spole\u010dnost. Jsme pln\u011b odhodl\u00e1ni dodr\u017eovat platn\u00e9 pr\u00e1vn\u00ed a regula\u010dn\u00ed po\u017eadavky v oblastech, ve kter\u00fdch p\u016fsob\u00edme.\r\n\r\nTransakce mezi spole\u010dnostmi ve skupin\u011b prov\u00e1d\u00edme na principu tr\u017en\u00edho odstupu v souladu se z\u00e1sadami OECD. V kontextu st\u00e1le slo\u017eit\u011bj\u0161\u00edho mezin\u00e1rodn\u00edho da\u0148ov\u00e9ho prost\u0159ed\u00ed se na\u0161e da\u0148ov\u00e9 pl\u00e1nov\u00e1n\u00ed zam\u011b\u0159uje na eliminaci dvoj\u00edho zdan\u011bn\u00ed a na zaji\u0161t\u011bn\u00ed toho, aby byl management p\u0159ed p\u0159ijet\u00edm rozhodnut\u00ed n\u00e1le\u017eit\u011b informov\u00e1n o da\u0148ov\u00fdch d\u016fsledc\u00edch jak\u00e9hokoli strukturov\u00e1n\u00ed nebo uspo\u0159\u00e1d\u00e1n\u00ed byznysu.\r\n\r\nA\u010dkoli m\u016f\u017eeme \u017e\u00e1dat o da\u0148ov\u00e9 \u00falevy v souladu s platn\u00fdmi da\u0148ov\u00fdmi p\u0159edpisy, na\u0161e da\u0148ov\u00e9 z\u00e1le\u017eitosti jsou strukturov\u00e1ny tak, aby nikdy nedo\u0161lo k um\u011bl\u00fdm transakc\u00edm \u010di transakc\u00edm, kter\u00e9 postr\u00e1daj\u00ed komer\u010dn\u00ed podstatu. V\u017edy pln\u011b zva\u017eujeme, jak\u00fd vliv mohou m\u00edt na\u0161e kroky na na\u0161i zna\u010dku, na\u0161e vztahy s kl\u00ed\u010dov\u00fdmi stakeholdery, jako jsou da\u0148ov\u00e9 \u00fa\u0159ady, a na \u0161ir\u0161\u00ed komunitu.\r\n\r\n<strong>M\u00edra rizika ve vztahu ke zdan\u011bn\u00ed, kter\u00e9 je skupina p\u0159ipravena akceptovat<\/strong>\r\nSkupina HH Global se v\u017edy sna\u017e\u00ed minimalizovat m\u00edru rizika ve vztahu ke zdan\u011bn\u00ed ve Velk\u00e9 Brit\u00e1nii i mimo n\u00ed. Nejsme p\u0159ipraveni p\u0159ijmout takovou m\u00edru rizika, kter\u00e1 by n\u00e1s vystavila po\u0161kozen\u00ed pov\u011bsti nebo kter\u00e1 by mohla negativn\u011b ovlivnit na\u0161e vztahy s britsk\u00fdm HMRC \u010di jin\u00fdmi da\u0148ov\u00fdmi \u00fa\u0159ady. Vzhledem k rozsahu na\u0161eho byznysu a slo\u017eitosti da\u0148ov\u00e9 legislativy je v\u0161ak nevyhnuteln\u00e9, \u017ee se da\u0148ov\u00e1 rizika objev\u00ed. Aby se zajistila co nejni\u017e\u0161\u00ed \u00farove\u0148 rizika, jsou zavedeny z\u00e1sady \u0159\u00edzen\u00ed rizik a opat\u0159en\u00ed governance, v\u010detn\u011b z\u00e1sad t\u00fdkaj\u00edc\u00edch se konkr\u00e9tn\u011b dan\u00ed, kter\u00e9 musej\u00ed b\u00fdt dodr\u017eov\u00e1ny pro v\u0161echny da\u0148ov\u00e9 typy.\r\n\r\n<strong>Vztah s britsk\u00fdm HM Revenue + Customs<\/strong>\r\nSkupina HH Global v\u011b\u0159\u00ed v otev\u0159en\u00fd, profesion\u00e1ln\u00ed a konstruktivn\u00ed pracovn\u00ed vztah s britsk\u00fdm HMRC a jin\u00fdmi da\u0148ov\u00fdmi \u00fa\u0159ady, a bude spolupracovat na budov\u00e1n\u00ed pozice vz\u00e1jemn\u00e9 d\u016fv\u011bry.\r\n\r\nSna\u017e\u00edme se v\u017edy spolupracovat s britsk\u00fdm HMRC a \u0159e\u0161it probl\u00e9my v\u010das a ve vz\u00e1jemn\u00e9 spolupr\u00e1ci. Dojde-li ke st\u0159etu n\u00e1zor\u016f s britsk\u00fdm HMRC ohledn\u011b aplikace z\u00e1kona, je hlavn\u00edm c\u00edlem skupiny HH Global vy\u0159e\u0161it tyto pot\u00ed\u017ee efektivn\u00edm zp\u016fsobem pomoc\u00ed otev\u0159en\u00e9ho a \u010destn\u00e9ho profesion\u00e1ln\u00edho dialogu zalo\u017een\u00e9ho na faktech s odkazem na p\u0159\u00edslu\u0161n\u00e9 pr\u00e1vn\u00ed p\u0159edpisy a judikaturu.\r\n\r\nTento p\u0159\u00edstup je stejn\u00fd pro v\u0161echny da\u0148ov\u00e9 \u00fa\u0159ady v jurisdikc\u00edch, ve kter\u00fdch p\u016fsob\u00edme.\r\n\r\n<strong>Britsk\u00fd z\u00e1kon Criminal Finance Act 2017 \u2013 Nezabr\u00e1n\u011bn\u00ed usnadn\u011bn\u00ed da\u0148ov\u00fdch \u00fanik\u016f<\/strong>\r\nSkupina HH Global zajist\u00ed, aby byly zavedeny vhodn\u00e9 postupy, kter\u00e9 zabr\u00e1n\u00ed \u010di minimalizuj\u00ed riziko, \u017ee jej\u00ed zam\u011bstnanci, z\u00e1stupci, dodavatel\u00e9 nebo jin\u00e9 t\u0159et\u00ed strany spojen\u00e9 se skupinou HH Global usnadn\u00ed da\u0148ov\u00e9 \u00faniky, jak je uvedeno v britsk\u00e9m z\u00e1kon\u011b Criminal Finance Act 2017. Skupina HH Global bude prov\u00e1d\u011bt a pravideln\u011b obnovovat hodnocen\u00ed sv\u00fdch obchodn\u00edch \u010dinnost\u00ed zalo\u017een\u00e9 na rizic\u00edch, aby tato rizika identifikovala a zajistila, \u017ee zaveden\u00e9 postupy jsou a budou dostate\u010dn\u00e9.\r\n\r\nSchv\u00e1leno p\u0159edstavenstvem dne: 24. kv\u011btna 2022","title_two":"","content_two":""}]},"yoast_head":"<!-- This site is optimized with the Yoast SEO plugin v27.5 - https:\/\/yoast.com\/product\/yoast-seo-wordpress\/ -->\n<title>Da\u0148ov\u00e1 strategie skupiny HH Global - HH Global<\/title>\n<meta name=\"robots\" content=\"index, follow, max-snippet:-1, max-image-preview:large, max-video-preview:-1\" \/>\n<link rel=\"canonical\" href=\"https:\/\/www.hhglobal.com\/cs\/group-tax-strategy\/\" \/>\n<meta property=\"og:locale\" content=\"cs_CZ\" \/>\n<meta property=\"og:type\" content=\"article\" \/>\n<meta property=\"og:title\" content=\"Da\u0148ov\u00e1 strategie skupiny HH Global - HH Global\" \/>\n<meta property=\"og:url\" content=\"https:\/\/www.hhglobal.com\/cs\/group-tax-strategy\/\" \/>\n<meta property=\"og:site_name\" content=\"HH Global\" \/>\n<meta property=\"article:modified_time\" content=\"2023-02-09T18:30:10+00:00\" \/>\n<meta name=\"twitter:card\" content=\"summary_large_image\" \/>\n<script type=\"application\/ld+json\" class=\"yoast-schema-graph\">{\"@context\":\"https:\\\/\\\/schema.org\",\"@graph\":[{\"@type\":\"WebPage\",\"@id\":\"https:\\\/\\\/www.hhglobal.com\\\/cs\\\/group-tax-strategy\\\/\",\"url\":\"https:\\\/\\\/www.hhglobal.com\\\/cs\\\/group-tax-strategy\\\/\",\"name\":\"Da\u0148ov\u00e1 strategie skupiny HH Global - HH Global\",\"isPartOf\":{\"@id\":\"https:\\\/\\\/www.hhglobal.com\\\/cs\\\/#website\"},\"datePublished\":\"2022-06-18T02:41:24+00:00\",\"dateModified\":\"2023-02-09T18:30:10+00:00\",\"breadcrumb\":{\"@id\":\"https:\\\/\\\/www.hhglobal.com\\\/cs\\\/group-tax-strategy\\\/#breadcrumb\"},\"inLanguage\":\"cs\",\"potentialAction\":[{\"@type\":\"ReadAction\",\"target\":[\"https:\\\/\\\/www.hhglobal.com\\\/cs\\\/group-tax-strategy\\\/\"]}]},{\"@type\":\"BreadcrumbList\",\"@id\":\"https:\\\/\\\/www.hhglobal.com\\\/cs\\\/group-tax-strategy\\\/#breadcrumb\",\"itemListElement\":[{\"@type\":\"ListItem\",\"position\":1,\"name\":\"Home\",\"item\":\"https:\\\/\\\/www.hhglobal.com\\\/cs\\\/\"},{\"@type\":\"ListItem\",\"position\":2,\"name\":\"Da\u0148ov\u00e1 strategie skupiny HH Global\"}]},{\"@type\":\"WebSite\",\"@id\":\"https:\\\/\\\/www.hhglobal.com\\\/cs\\\/#website\",\"url\":\"https:\\\/\\\/www.hhglobal.com\\\/cs\\\/\",\"name\":\"HH Global\",\"description\":\"The global, tech-enabled creative production and procurement partner.\",\"publisher\":{\"@id\":\"https:\\\/\\\/www.hhglobal.com\\\/cs\\\/#organization\"},\"potentialAction\":[{\"@type\":\"SearchAction\",\"target\":{\"@type\":\"EntryPoint\",\"urlTemplate\":\"https:\\\/\\\/www.hhglobal.com\\\/cs\\\/?s={search_term_string}\"},\"query-input\":{\"@type\":\"PropertyValueSpecification\",\"valueRequired\":true,\"valueName\":\"search_term_string\"}}],\"inLanguage\":\"cs\"},{\"@type\":\"Organization\",\"@id\":\"https:\\\/\\\/www.hhglobal.com\\\/cs\\\/#organization\",\"name\":\"HH Global\",\"url\":\"https:\\\/\\\/www.hhglobal.com\\\/cs\\\/\",\"logo\":{\"@type\":\"ImageObject\",\"inLanguage\":\"cs\",\"@id\":\"https:\\\/\\\/www.hhglobal.com\\\/cs\\\/#\\\/schema\\\/logo\\\/image\\\/\",\"url\":\"https:\\\/\\\/www.hhglobal.com\\\/wp-content\\\/uploads\\\/2023\\\/12\\\/logo-white.svg\",\"contentUrl\":\"https:\\\/\\\/www.hhglobal.com\\\/wp-content\\\/uploads\\\/2023\\\/12\\\/logo-white.svg\",\"width\":77,\"height\":18,\"caption\":\"HH Global\"},\"image\":{\"@id\":\"https:\\\/\\\/www.hhglobal.com\\\/cs\\\/#\\\/schema\\\/logo\\\/image\\\/\"}}]}<\/script>\n<!-- \/ Yoast SEO plugin. -->","yoast_head_json":{"title":"Da\u0148ov\u00e1 strategie skupiny HH Global - HH Global","robots":{"index":"index","follow":"follow","max-snippet":"max-snippet:-1","max-image-preview":"max-image-preview:large","max-video-preview":"max-video-preview:-1"},"canonical":"https:\/\/www.hhglobal.com\/cs\/group-tax-strategy\/","og_locale":"cs_CZ","og_type":"article","og_title":"Da\u0148ov\u00e1 strategie skupiny HH Global - HH Global","og_url":"https:\/\/www.hhglobal.com\/cs\/group-tax-strategy\/","og_site_name":"HH Global","article_modified_time":"2023-02-09T18:30:10+00:00","twitter_card":"summary_large_image","schema":{"@context":"https:\/\/schema.org","@graph":[{"@type":"WebPage","@id":"https:\/\/www.hhglobal.com\/cs\/group-tax-strategy\/","url":"https:\/\/www.hhglobal.com\/cs\/group-tax-strategy\/","name":"Da\u0148ov\u00e1 strategie skupiny HH Global - HH Global","isPartOf":{"@id":"https:\/\/www.hhglobal.com\/cs\/#website"},"datePublished":"2022-06-18T02:41:24+00:00","dateModified":"2023-02-09T18:30:10+00:00","breadcrumb":{"@id":"https:\/\/www.hhglobal.com\/cs\/group-tax-strategy\/#breadcrumb"},"inLanguage":"cs","potentialAction":[{"@type":"ReadAction","target":["https:\/\/www.hhglobal.com\/cs\/group-tax-strategy\/"]}]},{"@type":"BreadcrumbList","@id":"https:\/\/www.hhglobal.com\/cs\/group-tax-strategy\/#breadcrumb","itemListElement":[{"@type":"ListItem","position":1,"name":"Home","item":"https:\/\/www.hhglobal.com\/cs\/"},{"@type":"ListItem","position":2,"name":"Da\u0148ov\u00e1 strategie skupiny HH Global"}]},{"@type":"WebSite","@id":"https:\/\/www.hhglobal.com\/cs\/#website","url":"https:\/\/www.hhglobal.com\/cs\/","name":"HH Global","description":"The global, tech-enabled creative production and procurement partner.","publisher":{"@id":"https:\/\/www.hhglobal.com\/cs\/#organization"},"potentialAction":[{"@type":"SearchAction","target":{"@type":"EntryPoint","urlTemplate":"https:\/\/www.hhglobal.com\/cs\/?s={search_term_string}"},"query-input":{"@type":"PropertyValueSpecification","valueRequired":true,"valueName":"search_term_string"}}],"inLanguage":"cs"},{"@type":"Organization","@id":"https:\/\/www.hhglobal.com\/cs\/#organization","name":"HH Global","url":"https:\/\/www.hhglobal.com\/cs\/","logo":{"@type":"ImageObject","inLanguage":"cs","@id":"https:\/\/www.hhglobal.com\/cs\/#\/schema\/logo\/image\/","url":"https:\/\/www.hhglobal.com\/wp-content\/uploads\/2023\/12\/logo-white.svg","contentUrl":"https:\/\/www.hhglobal.com\/wp-content\/uploads\/2023\/12\/logo-white.svg","width":77,"height":18,"caption":"HH Global"},"image":{"@id":"https:\/\/www.hhglobal.com\/cs\/#\/schema\/logo\/image\/"}}]}},"_links":{"self":[{"href":"https:\/\/www.hhglobal.com\/cs\/wp-json\/wp\/v2\/pages\/5754","targetHints":{"allow":["GET"]}}],"collection":[{"href":"https:\/\/www.hhglobal.com\/cs\/wp-json\/wp\/v2\/pages"}],"about":[{"href":"https:\/\/www.hhglobal.com\/cs\/wp-json\/wp\/v2\/types\/page"}],"author":[{"embeddable":true,"href":"https:\/\/www.hhglobal.com\/cs\/wp-json\/wp\/v2\/users\/10"}],"replies":[{"embeddable":true,"href":"https:\/\/www.hhglobal.com\/cs\/wp-json\/wp\/v2\/comments?post=5754"}],"version-history":[{"count":0,"href":"https:\/\/www.hhglobal.com\/cs\/wp-json\/wp\/v2\/pages\/5754\/revisions"}],"wp:attachment":[{"href":"https:\/\/www.hhglobal.com\/cs\/wp-json\/wp\/v2\/media?parent=5754"}],"curies":[{"name":"wp","href":"https:\/\/api.w.org\/{rel}","templated":true}]}}