{"id":12096,"date":"2023-10-04T15:12:24","date_gmt":"2023-10-04T15:12:24","guid":{"rendered":"https:\/\/decoupledhhg.wpengine.com\/inspiring-solutions\/"},"modified":"2023-12-01T10:45:06","modified_gmt":"2023-12-01T10:45:06","slug":"inspiring-solutions","status":"publish","type":"page","link":"https:\/\/www.hhglobal.com\/cs\/who-we-are\/inspiring-solutions\/","title":{"rendered":"Inspirativn\u00ed \u0159e\u0161en\u00ed"},"content":{"rendered":"","protected":false},"excerpt":{"rendered":"","protected":false},"author":31,"featured_media":23140,"parent":0,"menu_order":0,"comment_status":"closed","ping_status":"closed","template":"","meta":{"_acf_changed":"","_yoast_wpseo_focuskw":"","_yoast_wpseo_metadesc":"","_yoast_wpseo_linkdex":"","_yoast_wpseo_content_score":"","_yoast_wpseo_meta-robots-noindex":"","_yoast_wpseo_meta-robots-nofollow":"","inline_featured_image":[],"_genesis_block_theme_hide_title":false,"_cms_nav_minihome":"","_icl_lang_duplicate_of":"","_menu_item_classes":[],"_menu_item_menu_item_parent":"","_menu_item_object":"","_menu_item_object_id":"","_menu_item_orphaned":"","_menu_item_target":"","_menu_item_type":"","_menu_item_url":"","_menu_item_xfn":"","_seedprod_page":"","_seedprod_page_template_type":"","_seedprod_page_uuid":"","_top_nav_excluded":"","_wp_attachment_backup_sizes":[],"_wp_attachment_context":"","_wp_attachment_image_alt":"","_wp_old_date":"","_wpcode_auto_insert":"","_wpcode_auto_insert_number":"","_wpcode_library_id":"","_wpml_media_duplicate":"1","_wpml_media_featured":"1","_wpml_post_translation_editor_native":"","_wpml_word_count":"{\"total\":358,\"to_translate\":{\"zh\":358,\"zh-hans\":358,\"cs\":358,\"nl\":358,\"fr\":358,\"de\":358,\"it\":358,\"ja\":358,\"ko\":358,\"pt\":358,\"pt-br\":358,\"es\":358}}","_yoast_wpseo_estimated-reading-time-minutes":[],"_yoast_wpseo_primary_category":"","_yoast_wpseo_primary_industry":"","_yoast_wpseo_primary_solution":"","_yoast_wpseo_primary_the_author":"","_yoast_wpseo_wordproof_timestamp":"","acfml_non_translatable_locations":[],"career_externalLink":"","career_featuredImage":"","career_title":"","casestudy_featuredImage":"","casestudy_title":"","infocallout_excerpt":"","infocallout_featuredImage":"","infocallout_title":"","jobTitle":"","language":"","name":"","profilePicture":"","wp-smpro-smush-data":[],"wp-smush-animated":"","wp-smush-ignore-bulk":"","wp-smush-lossy":"","wpml_media_processed":"","_wpcode_conditional_logic_enabled":"","_wpcode_location_extra":"","_wpcode_note":"","_wpcode_priority":"","_wpcode_shortcode_attributes":[],"footnotes":""},"class_list":["post-12096","page","type-page","status-publish","has-post-thumbnail","hentry","post","with-featured-image"],"acf":{"page_title":"Inspiring Solutions | HH Global","page_description":"","social_title":"","social_description":"","social_share_image":null,"modules":[{"acf_fc_layout":"hero","size":"medium2","theme":"dark","choose_images":[{"image":9745}],"show_eyebrow":false,"eyebrow":"","title":"Inspirativn\u00ed \u0159e\u0161en\u00ed","show_cta":false,"cta_url":"","cta_title":""},{"acf_fc_layout":"intro_content_block","scroll_to_link":"","container_background_color":"bg-white","type":false,"show_image":false,"intro_image":null,"show_background":false,"background":null,"show_eyebrow":false,"eyebrow":"","show_designations":false,"designations":null,"show_title":true,"size":"large","title":"Prosazov\u00e1n\u00ed zm\u011bn v oblasti udr\u017eiteln\u00e9ho marketingu","show_intro":true,"intro":"Spole\u010dnost HH Global zaji\u0161\u0165uje \u0159ad\u011b nejvlivn\u011bj\u0161\u00edch sv\u011btov\u00fdch zna\u010dek slu\u017eby a schopnosti, kter\u00e9 m\u011bn\u00ed chov\u00e1n\u00ed sm\u011brem k udr\u017eiteln\u011bj\u0161\u00ed budoucnosti.\r\n\r\nD\u00edky tomu, \u017ee stav\u00edme udr\u017eiteln\u00fd marketing do centra procesu kreativn\u00edho designu, kr\u00e1\u010d\u00edme v \u010dele t\u00e9to zm\u011bny.","show_body":false,"body":"","show_labels":false,"labels":{"show_social":false,"custom_categories":null}},{"acf_fc_layout":"text_with_media","scroll_to_link":"","theme":"light","container_background_color":"bg-white","show_eyebrow":false,"eyebrow":"","show_title":false,"title":"","show_sub_title":true,"sub_title":"Nov\u00e1 \u00e9ra udr\u017eiteln\u00e9ho marketingu","content":"Na\u0161\u00ed viz\u00ed je b\u00fdt glob\u00e1ln\u011b nejvlivn\u011bj\u0161\u00edm spojencem spole\u010dnost\u00ed, kter\u00e9 usiluj\u00ed o siln\u011bj\u0161\u00ed a udr\u017eiteln\u011bj\u0161\u00ed r\u016fst.\r\n\r\nNa\u0161e neochv\u011bjn\u00e9 p\u0159edsevzet\u00ed prosazovat udr\u017eitelnost znamen\u00e1, \u017ee progresivn\u00ed \u0159e\u0161en\u00ed \u0161it\u00e1 na m\u00edru jsou pro n\u00e1s ka\u017edodenn\u00ed z\u00e1le\u017eitost\u00ed \u2013 p\u0159i\u010dem\u017e podporujeme dosahov\u00e1n\u00ed environment\u00e1ln\u00edch a spole\u010densk\u00fdch c\u00edl\u016f.","cta_url":"","cta_text":"","open_in_new_window":false,"choose_media":[{"image":9756}],"image_alignment":"left","image_fit":"cover","image_size":"half-width","vimeoid":"","ytid":""},{"acf_fc_layout":"text_with_media_carousel","scroll_to_link":"","theme":"light","container_background_color":"bg-grey","highlight_color":"purple","title":" Vyu\u017e\u00edv\u00e1n\u00ed technologi\u00ed k maximalizaci udr\u017eitelnosti","content":"K nejlep\u0161\u00edm v\u00fdsledk\u016fm v oblasti udr\u017eitelnosti vedou zm\u011bny vych\u00e1zej\u00edc\u00ed z dat a detailn\u00edch poznatk\u016f. Na\u0161e vlastn\u00ed sada technologi\u00ed, produkt\u016f a slu\u017eeb bohat\u00fdch na data podporuje na\u0161e klienty, organizace a partnery v dosahov\u00e1n\u00ed c\u00edl\u016f udr\u017eitelnosti, a to prost\u0159ednictv\u00edm t\u011bchto n\u00e1stroj\u016f:","additional_spacing":true,"features_title":"","features":[{"navigation_label":"Centr\u00e1ln\u00ed bod","show_title":true,"title":"Centr\u00e1ln\u00ed bod","show_subtitle":false,"subtitle":"","content":"Spole\u010dnost HH Global je prvn\u00edm partnerem v oblasti kreativn\u00ed v\u00fdroby a po\u0159izov\u00e1n\u00ed vstup\u016f na sv\u011bt\u011b, kter\u00fd vytvo\u0159il platformu generuj\u00edc\u00ed \u00fadaje o dopadu CO<sub>2<\/sub> pro ka\u017ed\u00fd projekt. Na\u0161e environment\u00e1ln\u00ed kalkula\u010dka, kter\u00e1 je sou\u010d\u00e1st\u00ed na\u0161eho standardn\u00edho provozn\u00edho modelu, umo\u017e\u0148uje klient\u016fm p\u0159ij\u00edmat informovan\u011bj\u0161\u00ed rozhodnut\u00ed o taktice kampan\u00ed a v\u00fdb\u011bru kan\u00e1l\u016f. Na\u0161\u00edm c\u00edlem je poskytovat st\u00e1le dokonalej\u0161\u00ed datov\u00e9 v\u00fdstupy umo\u017e\u0148uj\u00edc\u00ed prediktivn\u00ed modelov\u00e1n\u00ed dopadu CO<sub>2<\/sub>, kter\u00e9 podporuje klienty a p\u0159in\u00e1\u0161\u00ed jim dlouhodob\u00e9 detailn\u00ed poznatky a v\u00fdhody.","choose_media":[{"image":9767}],"vimeoid":"","ytid":""},{"navigation_label":"Soubor dat vyu\u017e\u00edvaj\u00edc\u00ed um\u011blou inteligenci","show_title":true,"title":"Soubor dat vyu\u017e\u00edvaj\u00edc\u00ed um\u011blou inteligenci","show_subtitle":false,"subtitle":"","content":"Poskytov\u00e1n\u00ed st\u00e1le dokonalej\u0161\u00edch datov\u00fdch v\u00fdstup\u016f umo\u017e\u0148uj\u00edc\u00edch prediktivn\u00ed modelov\u00e1n\u00ed dopadu CO<sub>2<\/sub>, kter\u00e9 podporuje klienty a p\u0159in\u00e1\u0161\u00ed jim dlouhodob\u00e9 detailn\u00ed poznatky a v\u00fdhody.","choose_media":[{"image":9778}],"vimeoid":"","ytid":""},{"navigation_label":"R\u00e1mec pro udr\u017eiteln\u00e9 po\u0159izov\u00e1n\u00ed vstup\u016f (SPF)","show_title":true,"title":"R\u00e1mec pro udr\u017eiteln\u00e9 po\u0159izov\u00e1n\u00ed vstup\u016f (SPF)","show_subtitle":false,"subtitle":"","content":"Dal\u0161\u00ed prvenstv\u00ed na trhu, kter\u00e9 vyu\u017e\u00edv\u00e1 technologie a data k roz\u0161\u00ed\u0159en\u00ed osv\u011bd\u010den\u00fdch postup\u016f v na\u0161em glob\u00e1ln\u00edm dodavatelsk\u00e9m \u0159et\u011bzci. Spojen\u00edm \u00fadaj\u016f o dodavatel\u00edch s v\u00fdzkumem a detailn\u00edmi poznatky z\u00edskan\u00fdmi od partner\u016f jsme vytvo\u0159ili v\u016fbec prvn\u00ed r\u00e1mec udr\u017eiteln\u00e9ho \u0159\u00edzen\u00ed dodavatelsk\u00e9ho \u0159et\u011bzce sv\u00e9ho druhu. SPF pom\u00e1h\u00e1 partner\u016fm v dodavatelsk\u00e9m \u0159et\u011bzci vyhodnocovat sou\u010dasnou vysp\u011blost v oblasti udr\u017eitelnosti, uplat\u0148ovat osv\u011bd\u010den\u00e9 postupy a sd\u00edlet zku\u0161enosti.","choose_media":[{"image":9789}],"vimeoid":"","ytid":""}]},{"acf_fc_layout":"text_with_media_carousel","scroll_to_link":"","theme":"light","container_background_color":"bg-white","highlight_color":"purple","title":" Odborn\u00edci na strategii udr\u017eitelnosti","content":"<strong>Poradensk\u00e9 slu\u017eby v oblasti udr\u017eitelnosti<\/strong>\r\n\r\nSpole\u010dnost HH Global poskytuje komplexn\u00ed poradensk\u00e9 slu\u017eby v oblasti udr\u017eitelnosti, p\u0159i\u010dem\u017e vyu\u017e\u00edv\u00e1 sv\u00e9 odborn\u00e9 znalosti k vytv\u00e1\u0159en\u00ed nebo rozv\u00edjen\u00ed iniciativ klient\u016f v oblasti ESG.","additional_spacing":true,"features_title":"","features":[{"navigation_label":"Strategie udr\u017eitelnosti","show_title":true,"title":"Strategie udr\u017eitelnosti","show_subtitle":false,"subtitle":"","content":"<ul>\r\n \t<li>Workshop k ur\u010den\u00ed zp\u016fsobu dosa\u017een\u00ed c\u00edl\u016f udr\u017eiteln\u00e9ho rozvoje OSN<\/li>\r\n \t<li>Sestavov\u00e1n\u00ed v\u00fdkaz\u016f<\/li>\r\n \t<li>Pl\u00e1n ESG a udr\u017eitelnosti<\/li>\r\n<\/ul>","choose_media":[{"image":9800}],"vimeoid":"","ytid":""},{"navigation_label":"Pl\u00e1n cesty k udr\u017eitelnosti","show_title":true,"title":"Pl\u00e1n cesty k udr\u017eitelnosti","show_subtitle":false,"subtitle":"","content":"<ul>\r\n \t<li>\u00a0Pl\u00e1nov\u00e1n\u00ed sni\u017eov\u00e1n\u00ed emis\u00ed CO<sub>2<\/sub><\/li>\r\n \t<li>M\u011b\u0159en\u00ed dopadu na \u017eivotn\u00ed prost\u0159ed\u00ed + \u00faspor<\/li>\r\n \t<li>Posouzen\u00ed \u017eivotn\u00edho cyklu \u2013 v\u00fdrobky, obaly a slu\u017eby<\/li>\r\n \t<li>Zm\u00edr\u0148ov\u00e1n\u00ed dopadu emis\u00ed uhl\u00edku<\/li>\r\n<\/ul>","choose_media":[{"image":9811}],"vimeoid":"","ytid":""},{"navigation_label":"Nakl\u00e1d\u00e1n\u00ed s odpady","show_title":true,"title":"Nakl\u00e1d\u00e1n\u00ed s odpady","show_subtitle":false,"subtitle":"","content":"<ul>\r\n \t<li>Transformace ekonomiky pl\u00fdtv\u00e1n\u00ed na ob\u011bhov\u00e9 hospod\u00e1\u0159stv\u00ed<\/li>\r\n \t<li>Odpadov\u00e9 audity \u2013 kancel\u00e1\u0159e, sklady a maloobchodn\u00ed prodejny<\/li>\r\n \t<li>Z\u00e1v\u011bre\u010dn\u00e9 zpr\u00e1vy o v\u00fdsledc\u00edch v\u00fdzkumu<\/li>\r\n \t<li>Doporu\u010den\u00ed, c\u00edle a \u00fakoly<\/li>\r\n \t<li>Sn\u00ed\u017een\u00ed n\u00e1klad\u016f na skl\u00e1dkov\u00e1n\u00ed a likvidaci odpad\u016f<\/li>\r\n \t<li>Vytvo\u0159en\u00ed nov\u00fdch zdroj\u016f p\u0159\u00edjm\u016f z odpad\u016f<\/li>\r\n \t<li>Zintenzivn\u011bn\u00ed odklonu od odpad\u016f a roz\u0161i\u0159ov\u00e1n\u00ed mo\u017enost\u00ed recyklace v uzav\u0159en\u00e9m cyklu<\/li>\r\n<\/ul>","choose_media":[{"image":9822}],"vimeoid":"","ytid":""}]},{"acf_fc_layout":"text_with_media_carousel","scroll_to_link":"","theme":"light","container_background_color":"bg-grey","highlight_color":"purple","title":"Zvy\u0161ov\u00e1n\u00ed standard\u016f udr\u017eiteln\u00e9ho marketingu","content":"Abychom pozvedli \u00farove\u0148 udr\u017eiteln\u00e9ho designu a podpo\u0159ili kreativn\u00ed inovace \u0161etrn\u00e9 k planet\u011b, zavedli jsme koncept Conscious Creative. Ji\u017e ve st\u00e1diu designu prosazujeme udr\u017eitelnost marketingu od sam\u00e9ho po\u010d\u00e1tku a\u017e do konce.","additional_spacing":true,"features_title":"","features":[{"navigation_label":"Hodnocen\u00ed + posouzen\u00ed","show_title":true,"title":"Hodnocen\u00ed + posouzen\u00ed","show_subtitle":false,"subtitle":"","content":"Hodnocen\u00ed kreativity p\u0159\u00edmo na m\u00edst\u011b, platforma ESG a udr\u017eitelnosti.","choose_media":[{"image":9833}],"vimeoid":"","ytid":""},{"navigation_label":"Vzd\u011bl\u00e1v\u00e1n\u00ed + inspirace","show_title":true,"title":"Vzd\u011bl\u00e1v\u00e1n\u00ed + inspirace","show_subtitle":false,"subtitle":"","content":"Certifikovan\u00e1 \u0161kolen\u00ed a e-learningov\u00e9 moduly, vzd\u011bl\u00e1vac\u00ed p\u0159\u00edru\u010dky osv\u011bd\u010den\u00fdch postup\u016f, knihovna materi\u00e1l\u016f.","choose_media":[{"image":9844}],"vimeoid":"","ytid":""},{"navigation_label":"Posilov\u00e1n\u00ed postaven\u00ed + m\u011b\u0159en\u00ed","show_title":true,"title":"Posilov\u00e1n\u00ed postaven\u00ed + m\u011b\u0159en\u00ed","show_subtitle":false,"subtitle":"","content":"\u0160t\u00edtky ozna\u010duj\u00edc\u00ed udr\u017eitelnost tv\u016fr\u010d\u00edho procesu, hodnotic\u00ed karta udr\u017eitelnosti, vytv\u00e1\u0159en\u00ed virtu\u00e1ln\u00edch koncepc\u00ed.","choose_media":[{"image":9855}],"vimeoid":"","ytid":""}]},{"acf_fc_layout":"clients_awards","title":"Kr\u00e1\u010d\u00edme vp\u0159ed d\u00edky \u00fasp\u011b\u0161n\u00fdm partnerstv\u00edm","logos":[{"logo":5049},{"logo":5055},{"logo":5061},{"logo":5067},{"logo":5073},{"logo":9590},{"logo":9601},{"logo":9667},{"logo":9656},{"logo":9645},{"logo":9634},{"logo":9623},{"logo":9612},{"logo":9711},{"logo":9700},{"logo":9689},{"logo":9678},{"logo":4275},{"logo":9722},{"logo":5433},{"logo":4203},{"logo":9733}]},{"acf_fc_layout":"contact_form","scroll_to_link":"","title":"Napi\u0161te n\u00e1m"}]},"yoast_head":"<!-- This site is optimized with the Yoast SEO plugin v27.4 - https:\/\/yoast.com\/product\/yoast-seo-wordpress\/ -->\n<title>Inspirativn\u00ed \u0159e\u0161en\u00ed - HH Global<\/title>\n<meta name=\"robots\" content=\"index, follow, max-snippet:-1, max-image-preview:large, max-video-preview:-1\" \/>\n<link rel=\"canonical\" href=\"https:\/\/www.hhglobal.com\/cs\/who-we-are\/inspiring-solutions\/\" \/>\n<meta property=\"og:locale\" content=\"cs_CZ\" \/>\n<meta property=\"og:type\" content=\"article\" \/>\n<meta property=\"og:title\" content=\"Inspirativn\u00ed \u0159e\u0161en\u00ed - HH Global\" \/>\n<meta property=\"og:url\" content=\"https:\/\/www.hhglobal.com\/cs\/who-we-are\/inspiring-solutions\/\" \/>\n<meta property=\"og:site_name\" content=\"HH Global\" \/>\n<meta property=\"article:modified_time\" content=\"2023-12-01T10:45:06+00:00\" \/>\n<meta name=\"twitter:card\" content=\"summary_large_image\" \/>\n<script type=\"application\/ld+json\" class=\"yoast-schema-graph\">{\"@context\":\"https:\\\/\\\/schema.org\",\"@graph\":[{\"@type\":\"WebPage\",\"@id\":\"https:\\\/\\\/www.hhglobal.com\\\/cs\\\/who-we-are\\\/inspiring-solutions\\\/\",\"url\":\"https:\\\/\\\/www.hhglobal.com\\\/cs\\\/who-we-are\\\/inspiring-solutions\\\/\",\"name\":\"Inspirativn\u00ed \u0159e\u0161en\u00ed - HH Global\",\"isPartOf\":{\"@id\":\"https:\\\/\\\/www.hhglobal.com\\\/cs\\\/#website\"},\"primaryImageOfPage\":{\"@id\":\"https:\\\/\\\/www.hhglobal.com\\\/cs\\\/who-we-are\\\/inspiring-solutions\\\/#primaryimage\"},\"image\":{\"@id\":\"https:\\\/\\\/www.hhglobal.com\\\/cs\\\/who-we-are\\\/inspiring-solutions\\\/#primaryimage\"},\"thumbnailUrl\":\"https:\\\/\\\/www.hhglobal.com\\\/wp-content\\\/uploads\\\/2024\\\/09\\\/Inspiring-solutions-social-image-1.png\",\"datePublished\":\"2023-10-04T15:12:24+00:00\",\"dateModified\":\"2023-12-01T10:45:06+00:00\",\"breadcrumb\":{\"@id\":\"https:\\\/\\\/www.hhglobal.com\\\/cs\\\/who-we-are\\\/inspiring-solutions\\\/#breadcrumb\"},\"inLanguage\":\"cs\",\"potentialAction\":[{\"@type\":\"ReadAction\",\"target\":[\"https:\\\/\\\/www.hhglobal.com\\\/cs\\\/who-we-are\\\/inspiring-solutions\\\/\"]}]},{\"@type\":\"ImageObject\",\"inLanguage\":\"cs\",\"@id\":\"https:\\\/\\\/www.hhglobal.com\\\/cs\\\/who-we-are\\\/inspiring-solutions\\\/#primaryimage\",\"url\":\"https:\\\/\\\/www.hhglobal.com\\\/wp-content\\\/uploads\\\/2024\\\/09\\\/Inspiring-solutions-social-image-1.png\",\"contentUrl\":\"https:\\\/\\\/www.hhglobal.com\\\/wp-content\\\/uploads\\\/2024\\\/09\\\/Inspiring-solutions-social-image-1.png\",\"width\":10667,\"height\":7113},{\"@type\":\"BreadcrumbList\",\"@id\":\"https:\\\/\\\/www.hhglobal.com\\\/cs\\\/who-we-are\\\/inspiring-solutions\\\/#breadcrumb\",\"itemListElement\":[{\"@type\":\"ListItem\",\"position\":1,\"name\":\"Home\",\"item\":\"https:\\\/\\\/www.hhglobal.com\\\/cs\\\/\"},{\"@type\":\"ListItem\",\"position\":2,\"name\":\"Inspirativn\u00ed \u0159e\u0161en\u00ed\"}]},{\"@type\":\"WebSite\",\"@id\":\"https:\\\/\\\/www.hhglobal.com\\\/cs\\\/#website\",\"url\":\"https:\\\/\\\/www.hhglobal.com\\\/cs\\\/\",\"name\":\"HH Global\",\"description\":\"The global, tech-enabled creative production and procurement partner.\",\"publisher\":{\"@id\":\"https:\\\/\\\/www.hhglobal.com\\\/cs\\\/#organization\"},\"potentialAction\":[{\"@type\":\"SearchAction\",\"target\":{\"@type\":\"EntryPoint\",\"urlTemplate\":\"https:\\\/\\\/www.hhglobal.com\\\/cs\\\/?s={search_term_string}\"},\"query-input\":{\"@type\":\"PropertyValueSpecification\",\"valueRequired\":true,\"valueName\":\"search_term_string\"}}],\"inLanguage\":\"cs\"},{\"@type\":\"Organization\",\"@id\":\"https:\\\/\\\/www.hhglobal.com\\\/cs\\\/#organization\",\"name\":\"HH Global\",\"url\":\"https:\\\/\\\/www.hhglobal.com\\\/cs\\\/\",\"logo\":{\"@type\":\"ImageObject\",\"inLanguage\":\"cs\",\"@id\":\"https:\\\/\\\/www.hhglobal.com\\\/cs\\\/#\\\/schema\\\/logo\\\/image\\\/\",\"url\":\"https:\\\/\\\/www.hhglobal.com\\\/wp-content\\\/uploads\\\/2023\\\/12\\\/logo-white.svg\",\"contentUrl\":\"https:\\\/\\\/www.hhglobal.com\\\/wp-content\\\/uploads\\\/2023\\\/12\\\/logo-white.svg\",\"width\":77,\"height\":18,\"caption\":\"HH Global\"},\"image\":{\"@id\":\"https:\\\/\\\/www.hhglobal.com\\\/cs\\\/#\\\/schema\\\/logo\\\/image\\\/\"}}]}<\/script>\n<!-- \/ Yoast SEO plugin. -->","yoast_head_json":{"title":"Inspirativn\u00ed \u0159e\u0161en\u00ed - HH Global","robots":{"index":"index","follow":"follow","max-snippet":"max-snippet:-1","max-image-preview":"max-image-preview:large","max-video-preview":"max-video-preview:-1"},"canonical":"https:\/\/www.hhglobal.com\/cs\/who-we-are\/inspiring-solutions\/","og_locale":"cs_CZ","og_type":"article","og_title":"Inspirativn\u00ed \u0159e\u0161en\u00ed - HH Global","og_url":"https:\/\/www.hhglobal.com\/cs\/who-we-are\/inspiring-solutions\/","og_site_name":"HH Global","article_modified_time":"2023-12-01T10:45:06+00:00","twitter_card":"summary_large_image","schema":{"@context":"https:\/\/schema.org","@graph":[{"@type":"WebPage","@id":"https:\/\/www.hhglobal.com\/cs\/who-we-are\/inspiring-solutions\/","url":"https:\/\/www.hhglobal.com\/cs\/who-we-are\/inspiring-solutions\/","name":"Inspirativn\u00ed \u0159e\u0161en\u00ed - HH Global","isPartOf":{"@id":"https:\/\/www.hhglobal.com\/cs\/#website"},"primaryImageOfPage":{"@id":"https:\/\/www.hhglobal.com\/cs\/who-we-are\/inspiring-solutions\/#primaryimage"},"image":{"@id":"https:\/\/www.hhglobal.com\/cs\/who-we-are\/inspiring-solutions\/#primaryimage"},"thumbnailUrl":"https:\/\/www.hhglobal.com\/wp-content\/uploads\/2024\/09\/Inspiring-solutions-social-image-1.png","datePublished":"2023-10-04T15:12:24+00:00","dateModified":"2023-12-01T10:45:06+00:00","breadcrumb":{"@id":"https:\/\/www.hhglobal.com\/cs\/who-we-are\/inspiring-solutions\/#breadcrumb"},"inLanguage":"cs","potentialAction":[{"@type":"ReadAction","target":["https:\/\/www.hhglobal.com\/cs\/who-we-are\/inspiring-solutions\/"]}]},{"@type":"ImageObject","inLanguage":"cs","@id":"https:\/\/www.hhglobal.com\/cs\/who-we-are\/inspiring-solutions\/#primaryimage","url":"https:\/\/www.hhglobal.com\/wp-content\/uploads\/2024\/09\/Inspiring-solutions-social-image-1.png","contentUrl":"https:\/\/www.hhglobal.com\/wp-content\/uploads\/2024\/09\/Inspiring-solutions-social-image-1.png","width":10667,"height":7113},{"@type":"BreadcrumbList","@id":"https:\/\/www.hhglobal.com\/cs\/who-we-are\/inspiring-solutions\/#breadcrumb","itemListElement":[{"@type":"ListItem","position":1,"name":"Home","item":"https:\/\/www.hhglobal.com\/cs\/"},{"@type":"ListItem","position":2,"name":"Inspirativn\u00ed \u0159e\u0161en\u00ed"}]},{"@type":"WebSite","@id":"https:\/\/www.hhglobal.com\/cs\/#website","url":"https:\/\/www.hhglobal.com\/cs\/","name":"HH Global","description":"The global, tech-enabled creative production and procurement partner.","publisher":{"@id":"https:\/\/www.hhglobal.com\/cs\/#organization"},"potentialAction":[{"@type":"SearchAction","target":{"@type":"EntryPoint","urlTemplate":"https:\/\/www.hhglobal.com\/cs\/?s={search_term_string}"},"query-input":{"@type":"PropertyValueSpecification","valueRequired":true,"valueName":"search_term_string"}}],"inLanguage":"cs"},{"@type":"Organization","@id":"https:\/\/www.hhglobal.com\/cs\/#organization","name":"HH Global","url":"https:\/\/www.hhglobal.com\/cs\/","logo":{"@type":"ImageObject","inLanguage":"cs","@id":"https:\/\/www.hhglobal.com\/cs\/#\/schema\/logo\/image\/","url":"https:\/\/www.hhglobal.com\/wp-content\/uploads\/2023\/12\/logo-white.svg","contentUrl":"https:\/\/www.hhglobal.com\/wp-content\/uploads\/2023\/12\/logo-white.svg","width":77,"height":18,"caption":"HH Global"},"image":{"@id":"https:\/\/www.hhglobal.com\/cs\/#\/schema\/logo\/image\/"}}]}},"_links":{"self":[{"href":"https:\/\/www.hhglobal.com\/cs\/wp-json\/wp\/v2\/pages\/12096","targetHints":{"allow":["GET"]}}],"collection":[{"href":"https:\/\/www.hhglobal.com\/cs\/wp-json\/wp\/v2\/pages"}],"about":[{"href":"https:\/\/www.hhglobal.com\/cs\/wp-json\/wp\/v2\/types\/page"}],"author":[{"embeddable":true,"href":"https:\/\/www.hhglobal.com\/cs\/wp-json\/wp\/v2\/users\/31"}],"replies":[{"embeddable":true,"href":"https:\/\/www.hhglobal.com\/cs\/wp-json\/wp\/v2\/comments?post=12096"}],"version-history":[{"count":0,"href":"https:\/\/www.hhglobal.com\/cs\/wp-json\/wp\/v2\/pages\/12096\/revisions"}],"wp:featuredmedia":[{"embeddable":true,"href":"https:\/\/www.hhglobal.com\/cs\/wp-json\/wp\/v2\/media\/23140"}],"wp:attachment":[{"href":"https:\/\/www.hhglobal.com\/cs\/wp-json\/wp\/v2\/media?parent=12096"}],"curies":[{"name":"wp","href":"https:\/\/api.w.org\/{rel}","templated":true}]}}